{"id":197383,"date":"2021-04-27T21:08:05","date_gmt":"2021-04-27T20:08:05","guid":{"rendered":"https:\/\/www.moskito.cz\/produkt\/extrema-ratio-nimbus-ordinanza\/"},"modified":"2025-07-11T07:54:49","modified_gmt":"2025-07-11T06:54:49","slug":"extrema-ratio-nimbus-ordinanza","status":"publish","type":"product","link":"https:\/\/www.moskito.cz\/sk\/produkt\/extrema-ratio-nimbus-ordinanza\/","title":{"rendered":"Pevn\u00fd N\u00f4\u017e Extrema Ratio NIMBUS ORDINANZA"},"content":{"rendered":"<p>Pevn\u00fd N\u00f4\u017e <strong>Extrema Ratio<\/strong> NIMBUS ORDINANZA.<\/p>\n<p>NIMBUS bol objednan\u00fd a prijat\u00fd renomovan\u00fdm 183. plukom Nembo (Airborne) presk\u00faman\u00edm dobre zn\u00e1meho modelu 39-09.<\/p>\n<p>Tento n\u00f4\u017e oslavuje bitku pri Case Grizzano, ktor\u00e1 sa konala 19. apr\u00edla 1945 medzi v\u00fdsadk\u00e1rmi Nembo a nemeckou 1 ^ Division Fallschirmj\u00e4ger \u201eGreen Devils\u201c, \u010do je 12-hodinov\u00e1 extr\u00e9mne krut\u00e1 a krvav\u00e1 pot\u00fd\u010dka s \u010depe\u013eou z ruky.<\/p>\n<p>Bez oh\u013eadu na to, \u017ee druh\u00e1 svetov\u00e1 vojna skon\u010dila za p\u00e1r dn\u00ed a na bojisku padla jedna tretina v\u00fdsadk\u00e1rov, Nembo t\u00fato divok\u00fa bitku vyhral. NIMBUS je ove\u013ea viac ne\u017e len model oslavuj\u00faci udalos\u0165, n\u00f4\u017e bol vyvinut\u00fd z technick\u00e9ho h\u013eadiska, aby bol skuto\u010dne pou\u017e\u00edvan\u00fd na \u00fa\u010dely modern\u00e9ho boja.<\/p>\n<p>Osobitn\u00e1 pozornos\u0165 bola venovan\u00e1 technick\u00fdm vlastnostiam, ako s\u00fa rozmery, tvar a obal Kydex, ktor\u00e9 maj\u00fa by\u0165 prepravovan\u00e9 tak odli\u0161n\u00fdmi taktick\u00fdmi sp\u00f4sobmi.<\/p>\n<p>TECHNICK\u00dd LIST<br \/>\nHmotnos\u0165 g.:203<br \/>\nHmotnos\u0165 oz.: 7,16<br \/>\nD\u013a\u017eka \u010depele (mm): 141<br \/>\nD\u013a\u017eka \u010depele (palca): 5,55<br \/>\nCelkov\u00e1 d\u013a\u017eka (mm): 263<br \/>\nCelkov\u00e1 d\u013a\u017eka (v palcoch): 10,35<br \/>\nHr\u00fabka \u010depele (mm): 5<br \/>\nHr\u00fabka \u010depele (v palcoch): 0,20<br \/>\nMateri\u00e1l \u010depele: B\u00f6HLER N690 STEEL (58HRC)<br \/>\nPovrchov\u00e1 \u00faprava \u010depele: VYHRIEVANIE MIL-C-13924<br \/>\nHlavn\u00e1 mrie\u017eka: FLAT<br \/>\nMateri\u00e1l rukov\u00e4te: FORPREN<\/p>\n","protected":false},"excerpt":{"rendered":"<p>Spolo\u010dnos\u0165 <strong>Extrema Ratio<\/strong> so s\u00eddlom v talianskom Prate navrhuje a vyr\u00e1ba vysoko v\u00fdkonn\u00e9 bojov\u00e9, vojensk\u00e9, kuchynsk\u00e9, loveck\u00e9 a taktick\u00e9 no\u017ee od roku 1997 a m\u00e1 poves\u0165 vynikaj\u00facej kvality, ktor\u00e1 je v odbore vojensk\u00fdch a taktick\u00fdch no\u017eov neprekonate\u013en\u00e1. <strong>Doprava zadarmo.<\/strong><\/p>\n","protected":false},"featured_media":402345,"comment_status":"open","ping_status":"closed","template":"","meta":[],"pwb-brand":[3198],"product_brand":[],"product_cat":[3186,3187],"product_tag":[],"class_list":{"0":"post-197383","1":"product","2":"type-product","3":"status-publish","4":"has-post-thumbnail","6":"pwb-brand-extrema-ratio-sk","7":"product_cat-noze-sk","8":"product_cat-pevne-noze-sk","10":"first","11":"instock","12":"taxable","13":"shipping-taxable","14":"purchasable","15":"product-type-simple"},"brands":[{"id":3198,"name":"Extrema Ratio","slug":"extrema-ratio-sk"}],"_links":{"self":[{"href":"https:\/\/www.moskito.cz\/sk\/wp-json\/wp\/v2\/product\/197383","targetHints":{"allow":["GET"]}}],"collection":[{"href":"https:\/\/www.moskito.cz\/sk\/wp-json\/wp\/v2\/product"}],"about":[{"href":"https:\/\/www.moskito.cz\/sk\/wp-json\/wp\/v2\/types\/product"}],"replies":[{"embeddable":true,"href":"https:\/\/www.moskito.cz\/sk\/wp-json\/wp\/v2\/comments?post=197383"}],"wp:featuredmedia":[{"embeddable":true,"href":"https:\/\/www.moskito.cz\/sk\/wp-json\/wp\/v2\/media\/402345"}],"wp:attachment":[{"href":"https:\/\/www.moskito.cz\/sk\/wp-json\/wp\/v2\/media?parent=197383"}],"wp:term":[{"taxonomy":"pwb-brand","embeddable":true,"href":"https:\/\/www.moskito.cz\/sk\/wp-json\/wp\/v2\/pwb-brand?post=197383"},{"taxonomy":"product_brand","embeddable":true,"href":"https:\/\/www.moskito.cz\/sk\/wp-json\/wp\/v2\/product_brand?post=197383"},{"taxonomy":"product_cat","embeddable":true,"href":"https:\/\/www.moskito.cz\/sk\/wp-json\/wp\/v2\/product_cat?post=197383"},{"taxonomy":"product_tag","embeddable":true,"href":"https:\/\/www.moskito.cz\/sk\/wp-json\/wp\/v2\/product_tag?post=197383"}],"curies":[{"name":"wp","href":"https:\/\/api.w.org\/{rel}","templated":true}]}}