{"id":197451,"date":"2021-04-28T21:17:03","date_gmt":"2021-04-28T20:17:03","guid":{"rendered":"https:\/\/www.moskito.cz\/produkt\/extrema-ratio-39-09-ordinanza-cofs\/"},"modified":"2025-05-07T10:34:08","modified_gmt":"2025-05-07T09:34:08","slug":"extrema-ratio-39-09-ordinanza-cofs","status":"publish","type":"product","link":"https:\/\/www.moskito.cz\/sk\/produkt\/extrema-ratio-39-09-ordinanza-cofs\/","title":{"rendered":"Pevn\u00fd N\u00f4\u017e Extrema Ratio 39-09 ORDINANZA COFS"},"content":{"rendered":"<p>Pevn\u00fd N\u00f4\u017e <strong>Extrema Ratio<\/strong> 39-09 ORDINANZA COFS. V\u00fdsledkom projektu sponzorovan\u00e9ho COFS (velenie oper\u00e1ci\u00ed medzi silami talianskych \u0161peci\u00e1lnych s\u00edl) a jeho b\u00fdval\u00e9ho vrchn\u00e9ho velite\u013ea, gener\u00e1la Bertoliniho &#8211; nehovoriac o presadzovan\u00ed zberate\u013emi no\u017eov po celom svete &#8211; tento bojov\u00fd n\u00f4\u017e 39-09 je restyling no\u017ea typu &#8222;paracadutista assaltatore&#8220; (\u00dato\u010dn\u00fd v\u00fdsad roku 1939, oslavovan\u00e9ho kusu talianskej vojenskej hist\u00f3rie. Pri zachovan\u00ed p\u00f4vodn\u00e9ho tvaru, \u0161trukt\u00fary a proporci\u00ed sa n\u00e1m podarilo posilni\u0165, prida\u0165 vy\u0161\u0161iu funk\u010dnos\u0165 a vyrobi\u0165 tento bojov\u00fd n\u00f4\u017e s\u00fa\u010dasn\u00fdm vojensk\u00fdm \u0161pecifik\u00e1ci\u00e1m z najmodernej\u0161\u00edch materi\u00e1lov. Mal\u00e9 zmeny, v\u010faka ktor\u00fdm je vysoko \u00fa\u010dinn\u00e1 a spo\u013eahliv\u00e1 d\u00fdka. Prilo\u017een\u00e9 tvrd\u00e9 puzdro je navrhnut\u00e9 na nosenie pri \u010dlenku, charakteristick\u00fdm sp\u00f4sobom talianskych para\u0161utistov. Verzia 39-09 ORDINANZA je potiahnut\u00e1 \u010diernym oxidom s logom a heslom COFS. Dod\u00e1va sa v puzdre s grav\u00edrovan\u00fdm ABS s puzdrom na \u010dlenok a puzdrom na prehliadkov\u00fd p\u00e1s. TECHNICK\u00dd LIST Hmotnos\u0165 g.:338 Hmotnos\u0165 oz.: 11,9 D\u013a\u017eka \u010depele (mm): 195 D\u013a\u017eka \u010depele (v palcoch): 7,7 Celkov\u00e1 d\u013a\u017eka (mm): 319 Celkov\u00e1 d\u013a\u017eka (v palcoch): 12,6 Hr\u00fabka \u010depele (mm): 6,3 Hr\u00fabka \u010depele (v palcoch): 0,25 Materi\u00e1l \u010depele: B\u00f6HLER N690 STEEL (58HRC) Povrchov\u00e1 \u00faprava \u010depele: VYHRIEVANIE MIL-C-13924 Hlavn\u00e1 mrie\u017eka: FLAT Materi\u00e1l rukov\u00e4te: FOR <\/p>\n","protected":false},"excerpt":{"rendered":"<p>Spolo\u010dnos\u0165 <strong>Extrema Ratio<\/strong> so s\u00eddlom v talianskom Prate navrhuje a vyr\u00e1ba vysoko v\u00fdkonn\u00e9 bojov\u00e9, vojensk\u00e9, kuchynsk\u00e9, loveck\u00e9 a taktick\u00e9 no\u017ee od roku 1997 a m\u00e1 poves\u0165 vynikaj\u00facej kvality, ktor\u00e1 je v odbore vojensk\u00fdch a taktick\u00fdch no\u017eov neprekonate\u013en\u00e1. <strong>Doprava zadarmo.<\/strong><\/p>\n","protected":false},"featured_media":197446,"comment_status":"open","ping_status":"closed","template":"","meta":[],"pwb-brand":[3198],"product_brand":[],"product_cat":[3186,3187],"product_tag":[3668],"class_list":{"0":"post-197451","1":"product","2":"type-product","3":"status-publish","4":"has-post-thumbnail","6":"pwb-brand-extrema-ratio-sk","7":"product_cat-noze-sk","8":"product_cat-pevne-noze-sk","9":"product_tag-b2b-sk","11":"first","12":"instock","13":"taxable","14":"shipping-taxable","15":"purchasable","16":"product-type-simple"},"brands":[{"id":3198,"name":"Extrema Ratio","slug":"extrema-ratio-sk"}],"_links":{"self":[{"href":"https:\/\/www.moskito.cz\/sk\/wp-json\/wp\/v2\/product\/197451","targetHints":{"allow":["GET"]}}],"collection":[{"href":"https:\/\/www.moskito.cz\/sk\/wp-json\/wp\/v2\/product"}],"about":[{"href":"https:\/\/www.moskito.cz\/sk\/wp-json\/wp\/v2\/types\/product"}],"replies":[{"embeddable":true,"href":"https:\/\/www.moskito.cz\/sk\/wp-json\/wp\/v2\/comments?post=197451"}],"wp:featuredmedia":[{"embeddable":true,"href":"https:\/\/www.moskito.cz\/sk\/wp-json\/wp\/v2\/media\/197446"}],"wp:attachment":[{"href":"https:\/\/www.moskito.cz\/sk\/wp-json\/wp\/v2\/media?parent=197451"}],"wp:term":[{"taxonomy":"pwb-brand","embeddable":true,"href":"https:\/\/www.moskito.cz\/sk\/wp-json\/wp\/v2\/pwb-brand?post=197451"},{"taxonomy":"product_brand","embeddable":true,"href":"https:\/\/www.moskito.cz\/sk\/wp-json\/wp\/v2\/product_brand?post=197451"},{"taxonomy":"product_cat","embeddable":true,"href":"https:\/\/www.moskito.cz\/sk\/wp-json\/wp\/v2\/product_cat?post=197451"},{"taxonomy":"product_tag","embeddable":true,"href":"https:\/\/www.moskito.cz\/sk\/wp-json\/wp\/v2\/product_tag?post=197451"}],"curies":[{"name":"wp","href":"https:\/\/api.w.org\/{rel}","templated":true}]}}