{"id":197475,"date":"2021-04-28T21:59:43","date_gmt":"2021-04-28T20:59:43","guid":{"rendered":"https:\/\/www.moskito.cz\/produkt\/extrema-ratio-c-n-1-ordinanza\/"},"modified":"2025-05-07T10:34:10","modified_gmt":"2025-05-07T09:34:10","slug":"extrema-ratio-c-n-1-ordinanza","status":"publish","type":"product","link":"https:\/\/www.moskito.cz\/sk\/produkt\/extrema-ratio-c-n-1-ordinanza\/","title":{"rendered":"Pevn\u00fd N\u00f4\u017e Extrema Ratio CN1 ORDINANZA"},"content":{"rendered":"<p>Pevn\u00fd N\u00f4\u017e <strong>Extrema Ratio<\/strong> CN1 ORDINANZA. CN1 je s\u00fa\u010dasn\u00e1 interpret\u00e1cia sl\u00e1vnej d\u00fdky, ktor\u00e1 sa datuje do ve\u013emi kontroverzn\u00e9ho obdobia talianskych dej\u00edn. D\u00fdku, ktor\u00fa sme nemohli prehliadnu\u0165, nie preto, \u017ee by sme chceli o\u017eivi\u0165 vtedaj\u0161iu ideol\u00f3giu, ale kv\u00f4li jej originalite, \u0161irok\u00e9mu pou\u017eitiu a historick\u00e9mu v\u00fdznamu ako design zbrane. Tento n\u00f4\u017e m\u00e1 obojstrann\u00fa \u010depe\u013e. Dod\u00e1va sa tak, ako bolo p\u00f4vodne koncipovan\u00e9, krat\u0161ia falo\u0161n\u00e1 hrana smeruje dole, ale t\u00e1to konfigur\u00e1cia \u010depele m\u00f4\u017ee by\u0165 obr\u00e1ten\u00e1 kv\u00f4li \u00fa\u010dinnosti pri skuto\u010dnom pou\u017eit\u00ed. Dod\u00e1va sa s pl\u00e1\u0161\u0165om \u010dlenku tretej gener\u00e1cie Cordura, tradi\u010dn\u00fdm puzdrom z \u010diernej ko\u017eenej prehliadky so sponou na opasok orientovan\u00fa na 45\u00b0 a \u0161peci\u00e1lnym puzdrom z ABS. TECHNICK\u00dd LIST Hmotnos\u0165 g.:296 Hmotnos\u0165 oz.: 10,4 Povrchov\u00e1 \u00faprava: MIL-C-13924 VYHRIEVANIE D\u013a\u017eka \u010depele (mm): 193 D\u013a\u017eka \u010depele (v palcoch): 7,6 Celkov\u00e1 d\u013a\u017eka (mm): 311 Celkov\u00e1 d\u013a\u017eka v palcoch): 12,2 Hr\u00fabka \u010depele (mm): 6,3 Hr\u00fabka \u010depele (v palcoch): 0,25 Materi\u00e1l \u010depele: B\u00f6HLER N690 STEEL (58HRC) Dokon\u010denie \u010depele: VYHRIEVANIE MIL-C-13924 Hlavn\u00fd m : FORPRENE <\/p>\n","protected":false},"excerpt":{"rendered":"<p>Spolo\u010dnos\u0165 <strong>Extrema Ratio<\/strong> so s\u00eddlom v talianskom Prate navrhuje a vyr\u00e1ba vysoko v\u00fdkonn\u00e9 bojov\u00e9, vojensk\u00e9, kuchynsk\u00e9, loveck\u00e9 a taktick\u00e9 no\u017ee od roku 1997 a m\u00e1 poves\u0165 vynikaj\u00facej kvality, ktor\u00e1 je v odbore vojensk\u00fdch a taktick\u00fdch no\u017eov neprekonate\u013en\u00e1. <strong>Doprava zadarmo.<\/strong><\/p>\n","protected":false},"featured_media":197470,"comment_status":"open","ping_status":"closed","template":"","meta":[],"pwb-brand":[3198],"product_brand":[],"product_cat":[3186,3187],"product_tag":[3668],"class_list":{"0":"post-197475","1":"product","2":"type-product","3":"status-publish","4":"has-post-thumbnail","6":"pwb-brand-extrema-ratio-sk","7":"product_cat-noze-sk","8":"product_cat-pevne-noze-sk","9":"product_tag-b2b-sk","11":"first","12":"outofstock","13":"taxable","14":"shipping-taxable","15":"purchasable","16":"product-type-simple"},"brands":[{"id":3198,"name":"Extrema Ratio","slug":"extrema-ratio-sk"}],"_links":{"self":[{"href":"https:\/\/www.moskito.cz\/sk\/wp-json\/wp\/v2\/product\/197475","targetHints":{"allow":["GET"]}}],"collection":[{"href":"https:\/\/www.moskito.cz\/sk\/wp-json\/wp\/v2\/product"}],"about":[{"href":"https:\/\/www.moskito.cz\/sk\/wp-json\/wp\/v2\/types\/product"}],"replies":[{"embeddable":true,"href":"https:\/\/www.moskito.cz\/sk\/wp-json\/wp\/v2\/comments?post=197475"}],"wp:featuredmedia":[{"embeddable":true,"href":"https:\/\/www.moskito.cz\/sk\/wp-json\/wp\/v2\/media\/197470"}],"wp:attachment":[{"href":"https:\/\/www.moskito.cz\/sk\/wp-json\/wp\/v2\/media?parent=197475"}],"wp:term":[{"taxonomy":"pwb-brand","embeddable":true,"href":"https:\/\/www.moskito.cz\/sk\/wp-json\/wp\/v2\/pwb-brand?post=197475"},{"taxonomy":"product_brand","embeddable":true,"href":"https:\/\/www.moskito.cz\/sk\/wp-json\/wp\/v2\/product_brand?post=197475"},{"taxonomy":"product_cat","embeddable":true,"href":"https:\/\/www.moskito.cz\/sk\/wp-json\/wp\/v2\/product_cat?post=197475"},{"taxonomy":"product_tag","embeddable":true,"href":"https:\/\/www.moskito.cz\/sk\/wp-json\/wp\/v2\/product_tag?post=197475"}],"curies":[{"name":"wp","href":"https:\/\/api.w.org\/{rel}","templated":true}]}}