{"id":197649,"date":"2021-05-03T20:18:36","date_gmt":"2021-05-03T19:18:36","guid":{"rendered":"https:\/\/www.moskito.cz\/produkt\/microtech-marfione-blued-damascus-ultratech-320-mck\/"},"modified":"2025-05-07T10:34:14","modified_gmt":"2025-05-07T09:34:14","slug":"vystrelovaci-noz-microtech-marfione-blued-damascus-ultratech-320-mck","status":"publish","type":"product","link":"https:\/\/www.moskito.cz\/sk\/produkt\/vystrelovaci-noz-microtech-marfione-blued-damascus-ultratech-320-mck\/","title":{"rendered":"Vystre\u013eovac\u00ed N\u00f4\u017e Microtech Marfione Blued Damascus Ultratech 320-MCK"},"content":{"rendered":"<p>Vystre\u013eovacie N\u00f4\u017e<strong> Microtech Marfione<\/strong> Blued Damascus Ultratech 320-MCK.<\/p>\n<p>Ultratech nav\u017edy nastavil \u0161tandard pre v\u0161etky popredn\u00e9 alebo OTF no\u017ea. Ultratech bol p\u00f4vodn\u00fdm du\u00e1lnym OTF no\u017eom spolo\u010dnosti Microtech a teraz ho prisp\u00f4sobil t\u00edm otca a syna Tonyho a Seana Marfioneho. T\u00e1to verzia je vybaven\u00e1 modrou \u010depe\u013eou Vegas Forge Stainless Spirograph Damascus Warhound \u0161k\u00e1rovan\u00fa s \u010diernou eloxovan\u00fa hefovanou hlin\u00edkovou rukov\u00e4\u0165ou. T\u00e1to jedine\u010dn\u00e1 rukov\u00e4\u0165 je opatren\u00e1 povrchovou \u00fapravou, ktor\u00e1 skryje odtla\u010dky prstov ako \u017eiadna in\u00e1 a m\u00e1 na \u0148u robustn\u00e9 a napriek tomu vyv\u00e1\u017een\u00fd pocit. Pru\u017eina Ultratech zost\u00e1va po cel\u00fa dobu v pokojovej polohe, okrem pr\u00edpadov, ke\u010f je aktivovan\u00e1. T\u00fdm je zaisten\u00e9, \u017ee stla\u010den\u00e1 pru\u017eina nebude unaven\u00e1, \u010do u\u017e\u00edvate\u013eom zaist\u00ed, \u017ee ke\u010f bude n\u00f4\u017e vystrelen\u00fd, bude fungova\u0165 efekt\u00edvne. Ultratech je \u013eahk\u00fd, jednoru\u010dn\u00e9 otvoren\u00fd a zatvoren\u00fd, \u0161t\u00edhly tvar, a ostrie sa skalpelom z neho rob\u00ed jedine\u010dn\u00fd n\u00f4\u017e. Tento n\u00f4\u017e opakovane preuk\u00e1zal, \u017ee vydr\u017e\u00ed ak\u00fako\u013evek prek\u00e1\u017eku. Je to jedno z najr\u00fdchlej\u0161\u00edch a najlep\u0161ie zostaven\u00fdch OTF \u00e1ut v na\u0161ej budove a je dod\u00e1van\u00e9 s nylonov\u00fdm puzdrom Marfione na z\u00e1kazku a kovov\u00fdm certifik\u00e1tom pravosti.<\/p>\n<p>\u0161pecifik\u00e1cie<br \/>\nD\u013a\u017eka \u010depele: 8.2 cm<br \/>\nCelkov\u00e1 d\u013a\u017eka: 20 cm<br \/>\nMateri\u00e1l \u010depele: Vegas Forge Stainless Spirograph Damascus<\/p>\n<p>Blade Style: Warhound<br \/>\nBlade Grind: Dut\u00fd<br \/>\nPovrch \u010depele: Modr\u00e1<br \/>\nMateri\u00e1l rukov\u00e4te: Hefted Aluminium<br \/>\nHr\u00fabka rukov\u00e4te: 0,46 &#8220;<br \/>\nUzamykac\u00ed mechanizmus: Sklz<br \/>\nVreckov\u00e9 spona: nerezov\u00e1 oce\u013e (v\u00fdklopn\u00e9, prav\u00e1 \/ \u013eav\u00e1)<\/p>\n<p>N\u00e1vrh\u00e1ri: Tony a Sean Marfione<br \/>\nTit\u00e1nov\u00fd hardv\u00e9r s modr\u00fdm prstencom<br \/>\nRu\u010dne vyr\u00e1ban\u00e9 v USA<\/p>\n","protected":false},"excerpt":{"rendered":"<p>V priebehu rokov <strong>Microtech\u00ae Knives<\/strong> naplnil v\u00e1\u0161\u0148ou a zru\u010dnost\u00ed v\u00fdrobu no\u017eov, a\u017e z nich vytvoril takmer umeleck\u00e9 diela, ktor\u00e9 s\u00fa vrcholom funk\u010dnosti. V\u0161etky diely s\u00fa vyroben\u00e9 v USA.<br \/>\nNa v\u0161etky no\u017ee Microtech je do\u017eivotn\u00e1 z\u00e1ruka <strong>(min. 80 000 cyklov, otvorenie a zatvorenie)<\/strong><\/p>\n","protected":false},"featured_media":197644,"comment_status":"open","ping_status":"closed","template":"","meta":[],"pwb-brand":[3200],"product_brand":[],"product_cat":[3186,3197],"product_tag":[3668],"class_list":{"0":"post-197649","1":"product","2":"type-product","3":"status-publish","4":"has-post-thumbnail","6":"pwb-brand-microtech-sk","7":"product_cat-noze-sk","8":"product_cat-vystrelovacie-noze-sk","9":"product_tag-b2b-sk","11":"first","12":"outofstock","13":"taxable","14":"shipping-taxable","15":"purchasable","16":"product-type-simple"},"brands":[{"id":3200,"name":"Microtech","slug":"microtech-sk"}],"_links":{"self":[{"href":"https:\/\/www.moskito.cz\/sk\/wp-json\/wp\/v2\/product\/197649","targetHints":{"allow":["GET"]}}],"collection":[{"href":"https:\/\/www.moskito.cz\/sk\/wp-json\/wp\/v2\/product"}],"about":[{"href":"https:\/\/www.moskito.cz\/sk\/wp-json\/wp\/v2\/types\/product"}],"replies":[{"embeddable":true,"href":"https:\/\/www.moskito.cz\/sk\/wp-json\/wp\/v2\/comments?post=197649"}],"wp:featuredmedia":[{"embeddable":true,"href":"https:\/\/www.moskito.cz\/sk\/wp-json\/wp\/v2\/media\/197644"}],"wp:attachment":[{"href":"https:\/\/www.moskito.cz\/sk\/wp-json\/wp\/v2\/media?parent=197649"}],"wp:term":[{"taxonomy":"pwb-brand","embeddable":true,"href":"https:\/\/www.moskito.cz\/sk\/wp-json\/wp\/v2\/pwb-brand?post=197649"},{"taxonomy":"product_brand","embeddable":true,"href":"https:\/\/www.moskito.cz\/sk\/wp-json\/wp\/v2\/product_brand?post=197649"},{"taxonomy":"product_cat","embeddable":true,"href":"https:\/\/www.moskito.cz\/sk\/wp-json\/wp\/v2\/product_cat?post=197649"},{"taxonomy":"product_tag","embeddable":true,"href":"https:\/\/www.moskito.cz\/sk\/wp-json\/wp\/v2\/product_tag?post=197649"}],"curies":[{"name":"wp","href":"https:\/\/api.w.org\/{rel}","templated":true}]}}