{"id":197668,"date":"2021-05-03T21:34:08","date_gmt":"2021-05-03T20:34:08","guid":{"rendered":"https:\/\/www.moskito.cz\/produkt\/microtech-marfione-scarab-ii-378-mck\/"},"modified":"2025-05-07T10:34:18","modified_gmt":"2025-05-07T09:34:18","slug":"vystrelovaci-noz-microtech-marfione-scarab-ii-378-mck","status":"publish","type":"product","link":"https:\/\/www.moskito.cz\/sk\/produkt\/vystrelovaci-noz-microtech-marfione-scarab-ii-378-mck\/","title":{"rendered":"Vystre\u013eovac\u00ed N\u00f4\u017e Microtech Marfione Scarab II 378-MCK"},"content":{"rendered":"<div class=\"description\">\n<p>Vystre\u013eovacie N\u00f4\u017e <strong>Microtech Marfione<\/strong> Scarab II 378-MCK.<br \/>\nZ\u00e1kazkov\u00e9 no\u017ee Marfione<\/p>\n<p>Microtech QD (Quick Deployment) Scarab je vysoko kvalitn\u00fd taktick\u00fd n\u00f4\u017e, ktor\u00fd vych\u00e1dza z p\u00f4vodn\u00e9ho dizajnu Microtech Ultratech. Scarab, ktor\u00fd bol vyroben\u00fd tak, aby vydr\u017eal extr\u00e9m, vynik\u00e1 v tajn\u00fdch oper\u00e1ci\u00e1ch s vysokou intenzitou. Scarab je ur\u010den\u00fd pre \u0161irok\u00e9 spektrum u\u017eito\u010dn\u00fdch a bl\u00edzkych bojov\u00fdch aplik\u00e1ci\u00ed pre pou\u017eitie kvalifikovan\u00fdmi donucovac\u00edmi, vojensk\u00fdmi a vl\u00e1dnymi agentmi. Scarab je vyroben\u00fd pod\u013ea najvy\u0161\u0161\u00edch mo\u017en\u00fdch \u0161tandardov, aby zabezpe\u010dil spo\u013eahlivos\u0165 a bezpe\u010dnos\u0165 pri jeho pou\u017e\u00edvan\u00ed. Vyzna\u010duje sa otvorenou a zatvorenou r\u00fak, dizajnom OTF (dual-action out-the-front) a \u010depe\u013eou s dvojitou hranou.<\/p>\n<p>Marfione Custom Scarab II sa hod\u00ed do ruky a dokon\u010dili ho Tony a Sean Marfione, aby tomuto no\u017emi poskytli bezkonkuren\u010dn\u00e9 akciu. Rukov\u00e4\u0165 je hefkovan\u00fd leteck\u00fd hlin\u00edk s tit\u00e1nov\u00fdm hardv\u00e9rom s modr\u00fdmi kruhmi. \u010cepe\u013e je z nerezovej ocele CTS-204P sa st\u00e1le tak mierne naostren\u00fdm horn\u00fdm okrajom a rovnomern\u00fdm ru\u010dne t\u0159en\u00fdm sat\u00e9nov\u00fdm povrchom. Je vyroben\u00fd s bezchybne \u00fazkymi toleranciami, tak\u017ee viete, \u017ee zvl\u00e1dne v\u0161etko, \u010do na neho m\u00f4\u017eete hodi\u0165. N\u00f4\u017e obsahuje kovov\u00fd certifik\u00e1t pravosti a d\u00e1tum v\u00fdroby na oto\u010dnej spone na vrecku.<\/p>\n<p>\u0161pecifik\u00e1cie<br \/>\nD\u013a\u017eka \u010depele: 9.5 cm<br \/>\nCelkov\u00e1 d\u013a\u017eka: 23 cm<br \/>\nMateri\u00e1l \u010depele: CTS-204P nerezov\u00e1 oce\u013e<br \/>\n\u0160t\u00fdl \u010depele: Spike<br \/>\nBlade Grind: Dut\u00fd<br \/>\nPovrch \u010depele: Ru\u010dne tren\u00fd sat\u00e9n<br \/>\nMateri\u00e1l rukov\u00e4te: \u010cierny eloxovan\u00fd hefovan\u00fd hlin\u00edk<br \/>\nUzamykac\u00ed mechanizmus: Palec<br \/>\nVreckov\u00e9 spona: nerezov\u00e1 oce\u013e (sklopn\u00e1, prav\u00e1 \/ \u013eav\u00e1)<br \/>\nHmotnos\u0165: 5,64 oz.<br \/>\nN\u00e1vrh\u00e1ri: Tony a Sean Marfione<br \/>\nTit\u00e1nov\u00fd hardv\u00e9r s modr\u00fdm prstencom<br \/>\nRu\u010dne vyr\u00e1ban\u00e9 v USA<\/p>\n<\/div>\n","protected":false},"excerpt":{"rendered":"<pre id=\"tw-target-text\" class=\"tw-data-text tw-text-large tw-ta\" dir=\"ltr\" data-placeholder=\"P\u0159eklad\"><span class=\"Y2IQFc\" lang=\"sk\">V priebehu rokov Microtech\u00ae Knives naplnil v\u00e1\u0161\u0148ou a zru\u010dnos\u0165ou v\u00fdrobu no\u017eov, a\u017e z nich vytvoril takmer umeleck\u00e9 diela, ktor\u00e9 s\u00fa vrcholom funk\u010dnosti. V\u0161etky diely s\u00fa vyroden\u00e9 v USA.\r\n<strong>Na v\u0161etky no\u017ee Microtech je do\u017eivotn\u00e1 z\u00e1ruka (min. 80 000 cyklov, otvorenie a zatvorenie)<\/strong>\r\n\r\nDoprava zadarmo.<\/span><\/pre>\n","protected":false},"featured_media":197663,"comment_status":"open","ping_status":"closed","template":"","meta":[],"pwb-brand":[3200],"product_brand":[],"product_cat":[3186,3197],"product_tag":[3668],"class_list":{"0":"post-197668","1":"product","2":"type-product","3":"status-publish","4":"has-post-thumbnail","6":"pwb-brand-microtech-sk","7":"product_cat-noze-sk","8":"product_cat-vystrelovacie-noze-sk","9":"product_tag-b2b-sk","11":"first","12":"outofstock","13":"taxable","14":"shipping-taxable","15":"purchasable","16":"product-type-simple"},"brands":[{"id":3200,"name":"Microtech","slug":"microtech-sk"}],"_links":{"self":[{"href":"https:\/\/www.moskito.cz\/sk\/wp-json\/wp\/v2\/product\/197668","targetHints":{"allow":["GET"]}}],"collection":[{"href":"https:\/\/www.moskito.cz\/sk\/wp-json\/wp\/v2\/product"}],"about":[{"href":"https:\/\/www.moskito.cz\/sk\/wp-json\/wp\/v2\/types\/product"}],"replies":[{"embeddable":true,"href":"https:\/\/www.moskito.cz\/sk\/wp-json\/wp\/v2\/comments?post=197668"}],"wp:featuredmedia":[{"embeddable":true,"href":"https:\/\/www.moskito.cz\/sk\/wp-json\/wp\/v2\/media\/197663"}],"wp:attachment":[{"href":"https:\/\/www.moskito.cz\/sk\/wp-json\/wp\/v2\/media?parent=197668"}],"wp:term":[{"taxonomy":"pwb-brand","embeddable":true,"href":"https:\/\/www.moskito.cz\/sk\/wp-json\/wp\/v2\/pwb-brand?post=197668"},{"taxonomy":"product_brand","embeddable":true,"href":"https:\/\/www.moskito.cz\/sk\/wp-json\/wp\/v2\/product_brand?post=197668"},{"taxonomy":"product_cat","embeddable":true,"href":"https:\/\/www.moskito.cz\/sk\/wp-json\/wp\/v2\/product_cat?post=197668"},{"taxonomy":"product_tag","embeddable":true,"href":"https:\/\/www.moskito.cz\/sk\/wp-json\/wp\/v2\/product_tag?post=197668"}],"curies":[{"name":"wp","href":"https:\/\/api.w.org\/{rel}","templated":true}]}}