{"id":197696,"date":"2021-05-04T21:05:02","date_gmt":"2021-05-04T20:05:02","guid":{"rendered":"https:\/\/www.moskito.cz\/produkt\/microtech-stitch-borka-pattern-carbon-303-mck\/"},"modified":"2025-05-07T10:34:19","modified_gmt":"2025-05-07T09:34:19","slug":"vystrelovaci-noz-microtech-stitch-borka-pattern-carbon-303-mck","status":"publish","type":"product","link":"https:\/\/www.moskito.cz\/sk\/produkt\/vystrelovaci-noz-microtech-stitch-borka-pattern-carbon-303-mck\/","title":{"rendered":"Vystre\u013eovac\u00ed N\u00f4\u017e Microtech Stitch Borka Pattern Carbon 303-MCK"},"content":{"rendered":"<p>Vystre\u013eovacie N\u00f4\u017e <strong>Microtech<\/strong> Stitch Borka Pattern Carbon 303-MCK.<\/p>\n<p>Tento Stitch je v\u00fdsledkom hspolupr\u00e1ceTony Marfione s Sebastijan Beren, AKA Borka. Kde Sebastijan\u016fv \u00fa\u017easn\u00fd dizajn Stitch sa spoj\u00ed s \u00fa\u017easnou Tonyho sk\u00fasenost\u00ed s v\u00fdrobou no\u017eov, aby sa vytvorila jedna z najlep\u0161\u00edch spolupr\u00e1cou. \u010cepe\u013e z oce\u013eov\u00e9ho o\u0161tepu 3,625 &#8222;M390 bola ru\u010dne br\u00fasen\u00e1 Tonym a vyzna\u010duje sa ohromuj\u00faci povrchovou \u00fapravou. Rukov\u00e4\u0165 je tvarovan\u00e1 z uhl\u00edkov\u00fdch vl\u00e1kien s flambovan\u00fdm tit\u00e1nov\u00fdm Backspacer. Vyzer\u00e1 ako raketa a pevne sa uzamkne a m\u00e1te men\u00e1 oboch v\u00fdrobcov, d\u00e1tum v\u00fdroby a s\u00e9riov\u00e9 \u010d\u00edslo na klipe. ide o viac ako vysoko zberate\u013esk\u00fd k\u00fasok od Tonyho a Sebastijan, je to n\u00e1dhern\u00e1, ale taktick\u00e1 zbra\u0148, v ktorej m\u00f4\u017eete skuto\u010dne vidie\u0165 a c\u00edti\u0165 p\u00f4sobiv\u00fa kvalitu ru\u010dne vyroben\u00e9ho no\u017ea.<br \/>\nCelkov\u00e1 d\u013a\u017eka no\u017ea je 21cm, d\u013a\u017eka \u010depele je 8,5 cm.<\/p>\n","protected":false},"excerpt":{"rendered":"<pre id=\"tw-target-text\" class=\"tw-data-text tw-text-large tw-ta\" dir=\"ltr\" data-placeholder=\"P\u0159eklad\"><span class=\"Y2IQFc\" lang=\"sk\">V priebehu rokov Microtech\u00ae Knives naplnil v\u00e1\u0161\u0148ou a zru\u010dnos\u0165ou v\u00fdrobu no\u017eov, a\u017e z nich vytvoril takmer umeleck\u00e9 diela, ktor\u00e9 s\u00fa vrcholom funk\u010dnosti. V\u0161etky diely s\u00fa vyroden\u00e9 v USA.\r\n<strong>Na v\u0161etky no\u017ee Microtech je do\u017eivotn\u00e1 z\u00e1ruka (min. 80 000 cyklov, otvorenie a zatvorenie)<\/strong>\r\n\r\nDoprava zadarmo.<\/span><\/pre>\n","protected":false},"featured_media":197694,"comment_status":"open","ping_status":"closed","template":"","meta":[],"pwb-brand":[3200],"product_brand":[],"product_cat":[3186,3197],"product_tag":[3668],"class_list":{"0":"post-197696","1":"product","2":"type-product","3":"status-publish","4":"has-post-thumbnail","6":"pwb-brand-microtech-sk","7":"product_cat-noze-sk","8":"product_cat-vystrelovacie-noze-sk","9":"product_tag-b2b-sk","11":"first","12":"outofstock","13":"taxable","14":"shipping-taxable","15":"purchasable","16":"product-type-simple"},"brands":[{"id":3200,"name":"Microtech","slug":"microtech-sk"}],"_links":{"self":[{"href":"https:\/\/www.moskito.cz\/sk\/wp-json\/wp\/v2\/product\/197696","targetHints":{"allow":["GET"]}}],"collection":[{"href":"https:\/\/www.moskito.cz\/sk\/wp-json\/wp\/v2\/product"}],"about":[{"href":"https:\/\/www.moskito.cz\/sk\/wp-json\/wp\/v2\/types\/product"}],"replies":[{"embeddable":true,"href":"https:\/\/www.moskito.cz\/sk\/wp-json\/wp\/v2\/comments?post=197696"}],"wp:featuredmedia":[{"embeddable":true,"href":"https:\/\/www.moskito.cz\/sk\/wp-json\/wp\/v2\/media\/197694"}],"wp:attachment":[{"href":"https:\/\/www.moskito.cz\/sk\/wp-json\/wp\/v2\/media?parent=197696"}],"wp:term":[{"taxonomy":"pwb-brand","embeddable":true,"href":"https:\/\/www.moskito.cz\/sk\/wp-json\/wp\/v2\/pwb-brand?post=197696"},{"taxonomy":"product_brand","embeddable":true,"href":"https:\/\/www.moskito.cz\/sk\/wp-json\/wp\/v2\/product_brand?post=197696"},{"taxonomy":"product_cat","embeddable":true,"href":"https:\/\/www.moskito.cz\/sk\/wp-json\/wp\/v2\/product_cat?post=197696"},{"taxonomy":"product_tag","embeddable":true,"href":"https:\/\/www.moskito.cz\/sk\/wp-json\/wp\/v2\/product_tag?post=197696"}],"curies":[{"name":"wp","href":"https:\/\/api.w.org\/{rel}","templated":true}]}}