{"id":197702,"date":"2021-05-04T21:33:23","date_gmt":"2021-05-04T20:33:23","guid":{"rendered":"https:\/\/www.moskito.cz\/produkt\/microtech-marfione-ultratech-warhound-mirror-320-mck\/"},"modified":"2025-05-07T10:34:19","modified_gmt":"2025-05-07T09:34:19","slug":"vystrelovaci-noz-microtech-marfione-ultratech-warhound-mirror-320-mck","status":"publish","type":"product","link":"https:\/\/www.moskito.cz\/sk\/produkt\/vystrelovaci-noz-microtech-marfione-ultratech-warhound-mirror-320-mck\/","title":{"rendered":"Vystre\u013eovac\u00ed N\u00f4\u017e Microtech Marfione Ultratech Warhound Mirror 320-MCK"},"content":{"rendered":"<p>Vystre\u013eovacie N\u00f4\u017e M<strong>icrotech Marfione<\/strong> Ultratech Warhound Mirror 320-MCK.<\/p>\n<p>Marfione Custom Ultratech s ostr\u00edm Warhound, ru\u010dne br\u00fasen\u00e1 le\u0161ten\u00e1 \u010depe\u013e. Vysok\u00fd hlin\u00edkov\u00fd podvozok s modr\u00fdm prstencom. Sat\u00e9nov\u00fd le\u0161ten\u00fd klip. Dod\u00e1va sa s krabi\u010dkou Custom, puzdrom na zips a kovov\u00fdm certifik\u00e1tom.<\/p>\n<p>Pre t\u00fdch, ktor\u00ed nie s\u00fa obozn\u00e1men\u00ed s technol\u00f3giou Ultratech, je to plne automatick\u00fd n\u00f4\u017e s dvojit\u00fdm mechanizmom mimo predn\u00fa stranu, \u010do znamen\u00e1, \u017ee \u010depe\u013e sa pomocou palca sa sklop\u00ed a zasunie. N\u00f4\u017e Ultratech spolo\u010dnosti Microtech nastavil latku pre v\u0161etky no\u017ee OTF.<\/p>\n<p>Celkov\u00e1 d\u013a\u017eka: 22 cm<br \/>\nD\u013a\u017eka \u010depele: 8.6 cm<\/p>\n<p>Materi\u00e1l \u010depele: CTS-204P<\/p>\n","protected":false},"excerpt":{"rendered":"<pre id=\"tw-target-text\" class=\"tw-data-text tw-text-large tw-ta\" dir=\"ltr\" data-placeholder=\"P\u0159eklad\"><span class=\"Y2IQFc\" lang=\"sk\">V priebehu rokov Microtech\u00ae Knives naplnil v\u00e1\u0161\u0148ou a zru\u010dnos\u0165ou v\u00fdrobu no\u017eov, a\u017e z nich vytvoril takmer umeleck\u00e9 diela, ktor\u00e9 s\u00fa vrcholom funk\u010dnosti. V\u0161etky diely s\u00fa vyroden\u00e9 v USA.\r\n<strong>Na v\u0161etky no\u017ee Microtech je do\u017eivotn\u00e1 z\u00e1ruka (min. 80 000 cyklov, otvorenie a zatvorenie)<\/strong>\r\n\r\nDoprava zadarmo.<\/span><\/pre>\n","protected":false},"featured_media":197700,"comment_status":"open","ping_status":"closed","template":"","meta":[],"pwb-brand":[3200],"product_brand":[],"product_cat":[3186,3197],"product_tag":[3668],"class_list":{"0":"post-197702","1":"product","2":"type-product","3":"status-publish","4":"has-post-thumbnail","6":"pwb-brand-microtech-sk","7":"product_cat-noze-sk","8":"product_cat-vystrelovacie-noze-sk","9":"product_tag-b2b-sk","11":"first","12":"outofstock","13":"taxable","14":"shipping-taxable","15":"purchasable","16":"product-type-simple"},"brands":[{"id":3200,"name":"Microtech","slug":"microtech-sk"}],"_links":{"self":[{"href":"https:\/\/www.moskito.cz\/sk\/wp-json\/wp\/v2\/product\/197702","targetHints":{"allow":["GET"]}}],"collection":[{"href":"https:\/\/www.moskito.cz\/sk\/wp-json\/wp\/v2\/product"}],"about":[{"href":"https:\/\/www.moskito.cz\/sk\/wp-json\/wp\/v2\/types\/product"}],"replies":[{"embeddable":true,"href":"https:\/\/www.moskito.cz\/sk\/wp-json\/wp\/v2\/comments?post=197702"}],"wp:featuredmedia":[{"embeddable":true,"href":"https:\/\/www.moskito.cz\/sk\/wp-json\/wp\/v2\/media\/197700"}],"wp:attachment":[{"href":"https:\/\/www.moskito.cz\/sk\/wp-json\/wp\/v2\/media?parent=197702"}],"wp:term":[{"taxonomy":"pwb-brand","embeddable":true,"href":"https:\/\/www.moskito.cz\/sk\/wp-json\/wp\/v2\/pwb-brand?post=197702"},{"taxonomy":"product_brand","embeddable":true,"href":"https:\/\/www.moskito.cz\/sk\/wp-json\/wp\/v2\/product_brand?post=197702"},{"taxonomy":"product_cat","embeddable":true,"href":"https:\/\/www.moskito.cz\/sk\/wp-json\/wp\/v2\/product_cat?post=197702"},{"taxonomy":"product_tag","embeddable":true,"href":"https:\/\/www.moskito.cz\/sk\/wp-json\/wp\/v2\/product_tag?post=197702"}],"curies":[{"name":"wp","href":"https:\/\/api.w.org\/{rel}","templated":true}]}}