{"id":198167,"date":"2021-05-11T20:16:52","date_gmt":"2021-05-11T19:16:52","guid":{"rendered":"https:\/\/www.moskito.cz\/?post_type=product&#038;p=198167"},"modified":"2025-05-07T10:34:28","modified_gmt":"2025-05-07T09:34:28","slug":"vrhaci-nuz-pro-balance-sport-thrower","status":"publish","type":"product","link":"https:\/\/www.moskito.cz\/sk\/produkt\/vrhaci-nuz-pro-balance-sport-thrower\/","title":{"rendered":"Vrhac\u00ed N\u016f\u017e Cold Steel Pro Balance Sport Thrower"},"content":{"rendered":"<p>Vrhac\u00ed N\u016f\u017e <strong>Cold Steel<\/strong> Pro Balance Sport Thrower.<\/p>\n<p>Celkov\u011b\u00e1 d\u00e9lka no\u017ee je 32 cm. \u010cepel 1055 uhl\u00edkov\u00e1 ocel,\u010dern\u00fd povrch; Rukoje\u0165 je tak\u00e9 \u010dern\u00e1 vyroben\u00e1 z Polypropylenu. Jednod\u00edln\u00e1 konstrukce se zaost\u0159enou \u0161pi\u010dkou s dvojit\u00fdm okrajem.<\/p>\n","protected":false},"excerpt":{"rendered":"<p>Vrhac\u00ed tr\u00e9ninkov\u00fd n\u016f\u017e.<\/p>\n","protected":false},"featured_media":198168,"comment_status":"open","ping_status":"closed","template":"","meta":[],"pwb-brand":[211],"product_brand":[],"product_cat":[29,17],"product_tag":[],"class_list":{"0":"post-198167","1":"product","2":"type-product","3":"status-publish","4":"has-post-thumbnail","6":"pwb-brand-cold-steel","7":"product_cat-vrhaci-noze","8":"product_cat-noze","10":"first","11":"outofstock","12":"taxable","13":"shipping-taxable","14":"purchasable","15":"product-type-simple"},"brands":[{"id":211,"name":"Cold Steel","slug":"cold-steel"}],"_links":{"self":[{"href":"https:\/\/www.moskito.cz\/sk\/wp-json\/wp\/v2\/product\/198167","targetHints":{"allow":["GET"]}}],"collection":[{"href":"https:\/\/www.moskito.cz\/sk\/wp-json\/wp\/v2\/product"}],"about":[{"href":"https:\/\/www.moskito.cz\/sk\/wp-json\/wp\/v2\/types\/product"}],"replies":[{"embeddable":true,"href":"https:\/\/www.moskito.cz\/sk\/wp-json\/wp\/v2\/comments?post=198167"}],"wp:featuredmedia":[{"embeddable":true,"href":"https:\/\/www.moskito.cz\/sk\/wp-json\/wp\/v2\/media\/198168"}],"wp:attachment":[{"href":"https:\/\/www.moskito.cz\/sk\/wp-json\/wp\/v2\/media?parent=198167"}],"wp:term":[{"taxonomy":"pwb-brand","embeddable":true,"href":"https:\/\/www.moskito.cz\/sk\/wp-json\/wp\/v2\/pwb-brand?post=198167"},{"taxonomy":"product_brand","embeddable":true,"href":"https:\/\/www.moskito.cz\/sk\/wp-json\/wp\/v2\/product_brand?post=198167"},{"taxonomy":"product_cat","embeddable":true,"href":"https:\/\/www.moskito.cz\/sk\/wp-json\/wp\/v2\/product_cat?post=198167"},{"taxonomy":"product_tag","embeddable":true,"href":"https:\/\/www.moskito.cz\/sk\/wp-json\/wp\/v2\/product_tag?post=198167"}],"curies":[{"name":"wp","href":"https:\/\/api.w.org\/{rel}","templated":true}]}}