{"id":198892,"date":"2021-05-20T19:57:48","date_gmt":"2021-05-20T18:57:48","guid":{"rendered":"https:\/\/www.moskito.cz\/?post_type=product&#038;p=198892"},"modified":"2025-05-07T10:34:35","modified_gmt":"2025-05-07T09:34:35","slug":"vystrelovaci-nuz-boker-magnum-rubico-auto","status":"publish","type":"product","link":"https:\/\/www.moskito.cz\/sk\/produkt\/vystrelovaci-nuz-boker-magnum-rubico-auto\/","title":{"rendered":"Vyst\u0159elovac\u00ed N\u016f\u017e B\u00f6ker Magnum RUBICO AUTO 01SC054"},"content":{"rendered":"<p>Vyst\u0159elovac\u00ed N\u016f\u017e <strong>B\u00f6ker Magnum<\/strong> RUBICO AUTO 01SC054.<\/p>\n<p>Modern\u00ed Magnum Rubico Auto vyu\u017e\u00edv\u00e1 inovativn\u00ed materi\u00e1ly a siln\u00fd pru\u017einov\u00fd mechanismus. \u010cepel je vyrobena z oceli 440A a m\u00e1 sv\u011btl\u00e9 stonewash dokon\u010den\u00ed, co\u017e j\u00ed dod\u00e1v\u00e1 robustn\u00ed, ale elegantn\u00ed vzhled. \u010cepel se automaticky otev\u00edr\u00e1 stiskem tla\u010d\u00edtka. Pro zav\u0159en\u00ed \u010depele je pot\u0159eba tla\u010d\u00edtko stisknout znovu. Rukoje\u0165 je vyrobena z \u010derven\u00e9 \u0161imrov\u00e9 karbonov\u00e9 vrstvy, kter\u00e1 kapesn\u00edmu no\u017ei dod\u00e1v\u00e1 jedine\u010dn\u00fd a sofistikovan\u00fd vzhled. N\u016f\u017e je vybaven klipem (tip-up) pro snadn\u00e9 no\u0161en\u00ed.<\/p>\n<p>Tento n\u016f\u017e Magnum s \u010d\u00edslem produktu 01SC054 m\u00e1 n\u00e1sleduj\u00edc\u00ed vlastnosti:<\/p>\n<p>Zna\u010dka: Magnum<br \/>\nCelkov\u00e1 d\u00e9lka: 19,50 cm<br \/>\nD\u00e9lka \u010depele: 8,50 cm<br \/>\nTlou\u0161\u0165ka \u010depele: 3,00 mm<br \/>\nHmotnost: 135 g<br \/>\nMateri\u00e1l \u010depele: Ocel 440A<br \/>\nMateri\u00e1l rukojeti: Nerezov\u00e1 ocel a karbonov\u00e1 vl\u00e1kna<br \/>\nOtev\u0159en\u00ed: Manu\u00e1ln\u00ed<br \/>\nZ\u00e1mek: Button Lock (tla\u010d\u00edtkov\u00fd z\u00e1mek pro bezpe\u010dn\u00e9 uzav\u0159en\u00ed)<br \/>\nBarva: \u010cern\u00e1<br \/>\nV\u00fdroba: Asie<br \/>\nLaserov\u00e1 grav\u00edrov\u00e1n\u00ed: Ano, lze p\u0159izp\u016fsobit<\/p>\n<p>Tento n\u016f\u017e spojuje jednoduch\u00fd design a vysokou funk\u010dnost s robustn\u00ed konstrukc\u00ed z nerezov\u00e9 oceli a karbonov\u00fdch vl\u00e1ken. Manu\u00e1ln\u00ed mechanismus otev\u00edr\u00e1n\u00ed a tla\u010d\u00edtkov\u00fd z\u00e1mek zaji\u0161\u0165uj\u00ed snadnou manipulaci a bezpe\u010dn\u00e9 uchycen\u00ed \u010depele.<\/p>\n","protected":false},"excerpt":{"rendered":"<p><strong>Tento n\u016f\u017e spojuje jednoduch\u00fd design a vysokou funk\u010dnost s robustn\u00ed konstrukc\u00ed z nerezov\u00e9 oceli a karbonov\u00fdch vl\u00e1ken. Manu\u00e1ln\u00ed mechanismus otev\u00edr\u00e1n\u00ed a tla\u010d\u00edtkov\u00fd z\u00e1mek zaji\u0161\u0165uj\u00ed snadnou manipulaci a bezpe\u010dn\u00e9 uchycen\u00ed \u010depele.<\/strong><\/p>\n","protected":false},"featured_media":198896,"comment_status":"open","ping_status":"closed","template":"","meta":[],"pwb-brand":[140],"product_brand":[],"product_cat":[2019,17],"product_tag":[3667],"class_list":{"0":"post-198892","1":"product","2":"type-product","3":"status-publish","4":"has-post-thumbnail","6":"pwb-brand-boker","7":"product_cat-vystrelovaci-noze","8":"product_cat-noze","9":"product_tag-b2b","11":"first","12":"instock","13":"taxable","14":"shipping-taxable","15":"purchasable","16":"product-type-simple"},"brands":[{"id":140,"name":"Boker","slug":"boker"}],"_links":{"self":[{"href":"https:\/\/www.moskito.cz\/sk\/wp-json\/wp\/v2\/product\/198892","targetHints":{"allow":["GET"]}}],"collection":[{"href":"https:\/\/www.moskito.cz\/sk\/wp-json\/wp\/v2\/product"}],"about":[{"href":"https:\/\/www.moskito.cz\/sk\/wp-json\/wp\/v2\/types\/product"}],"replies":[{"embeddable":true,"href":"https:\/\/www.moskito.cz\/sk\/wp-json\/wp\/v2\/comments?post=198892"}],"wp:featuredmedia":[{"embeddable":true,"href":"https:\/\/www.moskito.cz\/sk\/wp-json\/wp\/v2\/media\/198896"}],"wp:attachment":[{"href":"https:\/\/www.moskito.cz\/sk\/wp-json\/wp\/v2\/media?parent=198892"}],"wp:term":[{"taxonomy":"pwb-brand","embeddable":true,"href":"https:\/\/www.moskito.cz\/sk\/wp-json\/wp\/v2\/pwb-brand?post=198892"},{"taxonomy":"product_brand","embeddable":true,"href":"https:\/\/www.moskito.cz\/sk\/wp-json\/wp\/v2\/product_brand?post=198892"},{"taxonomy":"product_cat","embeddable":true,"href":"https:\/\/www.moskito.cz\/sk\/wp-json\/wp\/v2\/product_cat?post=198892"},{"taxonomy":"product_tag","embeddable":true,"href":"https:\/\/www.moskito.cz\/sk\/wp-json\/wp\/v2\/product_tag?post=198892"}],"curies":[{"name":"wp","href":"https:\/\/api.w.org\/{rel}","templated":true}]}}