{"id":198899,"date":"2021-05-20T20:13:10","date_gmt":"2021-05-20T19:13:10","guid":{"rendered":"https:\/\/www.moskito.cz\/?post_type=product&#038;p=198899"},"modified":"2025-05-07T10:34:35","modified_gmt":"2025-05-07T09:34:35","slug":"pevny-nuz-boker-plus-m92","status":"publish","type":"product","link":"https:\/\/www.moskito.cz\/sk\/produkt\/pevny-nuz-boker-plus-m92\/","title":{"rendered":"Pevn\u00fd N\u016f\u017e B\u00f6ker Plus M92 02BO059"},"content":{"rendered":"<p>Pevn\u00fd N\u016f\u017e <strong>B\u00f6ker Plu<\/strong>s M92 02BO059.<\/p>\n<p>No\u017ee DJ Urbanovsk\u00e9ho maj\u00ed nyn\u00ed sv\u00e9 st\u00e1l\u00e9 m\u00edsto v na\u0161em sortimentu. Jeho n\u00e1vrhy jsou v\u017edy siln\u011b ovlivn\u011bny jeho v\u00fdsti\u017en\u00fdm stylem, ale v\u017edy jsou zcela p\u0159izp\u016fsobeny zam\u00fd\u0161len\u00e9mu pou\u017eit\u00ed. S B\u00f6ker Plus M92 p\u0159edstavuje no\u017e\u00ed\u0159 z Nebrasky prvn\u00ed \u010distokrevnou d\u00fdku. Charakteristick\u00fd design rukojeti ukazuje jeho podpis v ka\u017ed\u00e9m ohledu a v\u00e1hy G10 M92 se d\u00edky vyfr\u00e9zovan\u00e9mu logu velmi snadno uchopuj\u00ed. \u010c\u00e1ste\u010dn\u011b pota\u017een\u00e1 \u010depel z 440C m\u00e1 dv\u011b hrany a je tak\u00e9 extr\u00e9mn\u011b stabiln\u00ed d\u00edky velkorys\u00e9 tlou\u0161\u0165ce \u010depele. Dod\u00e1v\u00e1 se s variabiln\u00edm Kydexov\u00fdm pouzdrem.<\/p>\n<p>Zna\u010dka: Boker Plus<br \/>\nCelkov\u00e1 d\u00e9lka: 26,40 cm<br \/>\nD\u00e9lka \u010depele: 13,80 cm<br \/>\nTlou\u0161\u0165ka \u010depele: 6,40 mm<br \/>\nHmotnost: 261,00 g<br \/>\nN\u00e1vrh\u00e1\u0159: DJ Urbanovsk\u00fd<br \/>\nMateri\u00e1l \u010depele: 440C<br \/>\nMateri\u00e1l rukojeti: G10<br \/>\n\u010c\u00edslo polo\u017eky: 02BO059<\/p>\n<p>&nbsp;<\/p>\n<p>&nbsp;<\/p>\n","protected":false},"excerpt":{"rendered":"<p><strong>No\u017ee DJ Urbanovsk\u00e9ho maj\u00ed nyn\u00ed sv\u00e9 st\u00e1l\u00e9 m\u00edsto v na\u0161em sortimentu. Jeho n\u00e1vrhy jsou v\u017edy siln\u011b ovlivn\u011bny jeho v\u00fdsti\u017en\u00fdm stylem, ale v\u017edy jsou zcela p\u0159izp\u016fsobeny zam\u00fd\u0161len\u00e9mu pou\u017eit\u00ed.<\/strong><\/p>\n","protected":false},"featured_media":198901,"comment_status":"open","ping_status":"closed","template":"","meta":[],"pwb-brand":[140],"product_brand":[],"product_cat":[23,17],"product_tag":[3667],"class_list":{"0":"post-198899","1":"product","2":"type-product","3":"status-publish","4":"has-post-thumbnail","6":"pwb-brand-boker","7":"product_cat-pevne-noze","8":"product_cat-noze","9":"product_tag-b2b","11":"first","12":"outofstock","13":"taxable","14":"shipping-taxable","15":"purchasable","16":"product-type-simple"},"brands":[{"id":140,"name":"Boker","slug":"boker"}],"_links":{"self":[{"href":"https:\/\/www.moskito.cz\/sk\/wp-json\/wp\/v2\/product\/198899","targetHints":{"allow":["GET"]}}],"collection":[{"href":"https:\/\/www.moskito.cz\/sk\/wp-json\/wp\/v2\/product"}],"about":[{"href":"https:\/\/www.moskito.cz\/sk\/wp-json\/wp\/v2\/types\/product"}],"replies":[{"embeddable":true,"href":"https:\/\/www.moskito.cz\/sk\/wp-json\/wp\/v2\/comments?post=198899"}],"wp:featuredmedia":[{"embeddable":true,"href":"https:\/\/www.moskito.cz\/sk\/wp-json\/wp\/v2\/media\/198901"}],"wp:attachment":[{"href":"https:\/\/www.moskito.cz\/sk\/wp-json\/wp\/v2\/media?parent=198899"}],"wp:term":[{"taxonomy":"pwb-brand","embeddable":true,"href":"https:\/\/www.moskito.cz\/sk\/wp-json\/wp\/v2\/pwb-brand?post=198899"},{"taxonomy":"product_brand","embeddable":true,"href":"https:\/\/www.moskito.cz\/sk\/wp-json\/wp\/v2\/product_brand?post=198899"},{"taxonomy":"product_cat","embeddable":true,"href":"https:\/\/www.moskito.cz\/sk\/wp-json\/wp\/v2\/product_cat?post=198899"},{"taxonomy":"product_tag","embeddable":true,"href":"https:\/\/www.moskito.cz\/sk\/wp-json\/wp\/v2\/product_tag?post=198899"}],"curies":[{"name":"wp","href":"https:\/\/api.w.org\/{rel}","templated":true}]}}