{"id":198957,"date":"2021-05-23T08:38:59","date_gmt":"2021-05-23T07:38:59","guid":{"rendered":"https:\/\/www.moskito.cz\/?post_type=product&#038;p=198957"},"modified":"2025-05-07T10:34:36","modified_gmt":"2025-05-07T09:34:36","slug":"samurajsky-mec-magnum-red-samurai","status":"publish","type":"product","link":"https:\/\/www.moskito.cz\/sk\/produkt\/samurajsky-mec-magnum-red-samurai\/","title":{"rendered":"Samurajsk\u00fd Me\u010d Magnum Red Samurai"},"content":{"rendered":"<p>Samurajsk\u00fd Me\u010d Magnum Red Samurai.<\/p>\n<p>Tradi\u010dn\u00ed rukoje\u0165 m\u00e1 podklad z rejno\u010d\u00ed k\u016f\u017ee a je ozdobena \u010dervenou p\u00e1skou. Ru\u010dn\u011b kovan\u00fd n\u016f\u017e z uhl\u00edkov\u00e9 oceli (1045) m\u00e1 ostr\u00e9 hrany a je odd\u011blen od rukojeti ozdobnou z\u00e1\u0161titou, kter\u00e1 p\u0159edstavuje dva bojuj\u00edc\u00ed samuraje. Lehce staro\u017eitn\u011b vypadaj\u00edc\u00ed povrch dod\u00e1v\u00e1 me\u010di na autenticit\u011b. Kr\u00e1sn\u011b malovan\u00e1 d\u0159ev\u011bn\u00e1 pochva.<br \/>\nV\u010detn\u011b sady na \u00fapravu me\u010de<\/p>\n<p>Celkov\u00e1 d\u00e9lka: 103 cm<br \/>\nD\u00e9lka \u010depele: 71 cm<br \/>\nTlou\u0161\u0165a \u010deple: 7 mm<br \/>\nHmotnost: 1350 g<br \/>\nMateri\u00e1l \u010depele: 1045 &#8211; Uhl\u00edkov\u00e1 ocel<br \/>\nMateri\u00e1l rukojeti: K\u016f\u017ee<br \/>\nPouzdro.<\/p>\n","protected":false},"excerpt":{"rendered":"<p><strong>Pr\u00e9miov\u00fd me\u010d.<\/strong><\/p>\n","protected":false},"featured_media":198958,"comment_status":"open","ping_status":"closed","template":"","meta":[],"pwb-brand":[140],"product_brand":[],"product_cat":[24,1942],"product_tag":[],"class_list":{"0":"post-198957","1":"product","2":"type-product","3":"status-publish","4":"has-post-thumbnail","6":"pwb-brand-boker","7":"product_cat-katany-a-mece","8":"product_cat-mece-dyky-repliky","10":"first","11":"instock","12":"taxable","13":"shipping-taxable","14":"purchasable","15":"product-type-simple"},"brands":[{"id":140,"name":"Boker","slug":"boker"}],"_links":{"self":[{"href":"https:\/\/www.moskito.cz\/sk\/wp-json\/wp\/v2\/product\/198957","targetHints":{"allow":["GET"]}}],"collection":[{"href":"https:\/\/www.moskito.cz\/sk\/wp-json\/wp\/v2\/product"}],"about":[{"href":"https:\/\/www.moskito.cz\/sk\/wp-json\/wp\/v2\/types\/product"}],"replies":[{"embeddable":true,"href":"https:\/\/www.moskito.cz\/sk\/wp-json\/wp\/v2\/comments?post=198957"}],"wp:featuredmedia":[{"embeddable":true,"href":"https:\/\/www.moskito.cz\/sk\/wp-json\/wp\/v2\/media\/198958"}],"wp:attachment":[{"href":"https:\/\/www.moskito.cz\/sk\/wp-json\/wp\/v2\/media?parent=198957"}],"wp:term":[{"taxonomy":"pwb-brand","embeddable":true,"href":"https:\/\/www.moskito.cz\/sk\/wp-json\/wp\/v2\/pwb-brand?post=198957"},{"taxonomy":"product_brand","embeddable":true,"href":"https:\/\/www.moskito.cz\/sk\/wp-json\/wp\/v2\/product_brand?post=198957"},{"taxonomy":"product_cat","embeddable":true,"href":"https:\/\/www.moskito.cz\/sk\/wp-json\/wp\/v2\/product_cat?post=198957"},{"taxonomy":"product_tag","embeddable":true,"href":"https:\/\/www.moskito.cz\/sk\/wp-json\/wp\/v2\/product_tag?post=198957"}],"curies":[{"name":"wp","href":"https:\/\/api.w.org\/{rel}","templated":true}]}}