{"id":199155,"date":"2021-05-26T20:52:52","date_gmt":"2021-05-26T19:52:52","guid":{"rendered":"https:\/\/www.moskito.cz\/?post_type=product&#038;p=199155"},"modified":"2025-05-07T10:34:43","modified_gmt":"2025-05-07T09:34:43","slug":"zaviraci-nuz-magnum-erebos","status":"publish","type":"product","link":"https:\/\/www.moskito.cz\/sk\/produkt\/zaviraci-nuz-magnum-erebos\/","title":{"rendered":"Zav\u00edrac\u00ed N\u016f\u017e Magnum Erebos"},"content":{"rendered":"<p>Zav\u00edrac\u00ed N\u016f\u017e <strong>Magnum<\/strong> Erebos.<\/p>\n<p>Magnum Erebos, vybaven\u00fd modern\u00edm hrac\u00edm automatem, zaujme mnoha mimo\u0159\u00e1dn\u00fdmi detaily, jejich\u017e sou\u010det m\u00e1 za n\u00e1sledek \u00fa\u017easn\u011b soudr\u017en\u00fd celkov\u00fd obraz s ne\u010dekan\u011b dobrou pozic\u00ed ruky. \u0160ed\u011b pota\u017een\u00e1 \u010depel z nerezov\u00e9 oceli 440A je vybavena kr\u00e1tk\u00fdm plnic\u00edm a v\u00fdrazn\u00fdm ricassem a je spolehliv\u011b zaji\u0161t\u011bna robustn\u00edm vlo\u017ekov\u00fdm z\u00e1mkem. Na ozdobn\u00fdch tv\u00e1\u0159\u00edch je reli\u00e9fn\u00ed s\u00ed\u0165ovan\u00fd vzor ve dvoubarevn\u00e9m proveden\u00ed. Rukojeti ze sv\u011btl\u00e9ho zeb\u0159en\u00e9ho d\u0159eva jsou jemn\u011b strukturovan\u00e9 a d\u00edky p\u0159irozen\u00e9mu pocitu se v\u017edy pohodln\u011b dr\u017e\u00ed.<\/p>\n<p>Celkov\u00e1 d\u00e9lka: 19,5 cm<br \/>\nD\u00e9lka \u010depele: 7,6 cm<br \/>\nTlou\u0161\u0165ka \u010depele: 2,8 mm<br \/>\nHmotnost: 94 g<br \/>\nMateri\u00e1l \u010depele: 440A<br \/>\nMateri\u00e1l rukojeti: \u00a0d\u0159evo<\/p>\n","protected":false},"excerpt":{"rendered":"<p>Zav\u00edrac\u00ed n\u016f\u017e s pojistkou.<\/p>\n","protected":false},"featured_media":199156,"comment_status":"open","ping_status":"closed","template":"","meta":[],"pwb-brand":[140],"product_brand":[],"product_cat":[22,17],"product_tag":[],"class_list":{"0":"post-199155","1":"product","2":"type-product","3":"status-publish","4":"has-post-thumbnail","6":"pwb-brand-boker","7":"product_cat-zaviraci-noze","8":"product_cat-noze","10":"first","11":"instock","12":"taxable","13":"shipping-taxable","14":"purchasable","15":"product-type-simple"},"brands":[{"id":140,"name":"Boker","slug":"boker"}],"_links":{"self":[{"href":"https:\/\/www.moskito.cz\/sk\/wp-json\/wp\/v2\/product\/199155","targetHints":{"allow":["GET"]}}],"collection":[{"href":"https:\/\/www.moskito.cz\/sk\/wp-json\/wp\/v2\/product"}],"about":[{"href":"https:\/\/www.moskito.cz\/sk\/wp-json\/wp\/v2\/types\/product"}],"replies":[{"embeddable":true,"href":"https:\/\/www.moskito.cz\/sk\/wp-json\/wp\/v2\/comments?post=199155"}],"wp:featuredmedia":[{"embeddable":true,"href":"https:\/\/www.moskito.cz\/sk\/wp-json\/wp\/v2\/media\/199156"}],"wp:attachment":[{"href":"https:\/\/www.moskito.cz\/sk\/wp-json\/wp\/v2\/media?parent=199155"}],"wp:term":[{"taxonomy":"pwb-brand","embeddable":true,"href":"https:\/\/www.moskito.cz\/sk\/wp-json\/wp\/v2\/pwb-brand?post=199155"},{"taxonomy":"product_brand","embeddable":true,"href":"https:\/\/www.moskito.cz\/sk\/wp-json\/wp\/v2\/product_brand?post=199155"},{"taxonomy":"product_cat","embeddable":true,"href":"https:\/\/www.moskito.cz\/sk\/wp-json\/wp\/v2\/product_cat?post=199155"},{"taxonomy":"product_tag","embeddable":true,"href":"https:\/\/www.moskito.cz\/sk\/wp-json\/wp\/v2\/product_tag?post=199155"}],"curies":[{"name":"wp","href":"https:\/\/api.w.org\/{rel}","templated":true}]}}