{"id":199998,"date":"2019-11-01T20:26:08","date_gmt":"2019-11-01T19:26:08","guid":{"rendered":"https:\/\/www.moskito.cz\/produkt\/microtech-dirac-delta-227-10\/"},"modified":"2024-02-06T11:55:34","modified_gmt":"2024-02-06T10:55:34","slug":"microtech-dirac-delta-227-10","status":"publish","type":"product","link":"https:\/\/www.moskito.cz\/sk\/produkt\/microtech-dirac-delta-227-10\/","title":{"rendered":"Vystre\u013eovac\u00ed N\u00f4\u017e Microtech Dirac Delta Stonewashed 227-10"},"content":{"rendered":"<p>Vystre\u013eovac\u00ed N\u00f4\u017e <strong>Microtech<\/strong> Dirac Delta Stonewashed 227-10<\/p>\n<p>Nov\u00fd model nazvan\u00fd <strong>Delta Dirac<\/strong> (DER-ACK), o nie\u010do v\u00e4\u010d\u0161ia verzia ako je Dirac. Dirac a Dirac Delta s\u00fa \u00faplne prvou ponukou od Microtech Knives, ktor\u00e9 maj\u00fa na strane rukov\u00e4te namiesto boku posuvn\u00fd jazdec OTF. Delta Dirac je o ve\u013ekosti bojov\u00e9ho Troodonu a Dirac je podobn\u00fd ve\u013ekosti UTX-85.<\/p>\n<p>Dirac je prv\u00fd dvoj\u010dinn\u00fd n\u00f4\u017e Microtech s jazdcom na vystre\u013eovanie. Extr\u00e9mne ergonomick\u00e1 rukov\u00e4\u0165 sa vyzna\u010duje zakriven\u00fdmi l\u00edniami podobn\u00fdmi HALO pre trochu in\u00fd pocit v porovnan\u00ed s in\u00fdmi rukov\u00e4\u0165ami. Presk\u00famali tento konkr\u00e9tny dizajn OTF a pou\u017eili svoje typick\u00e9 mikrotechnologick\u00e9 funkcie s ultra vysokou toleranciou, ako je propriet\u00e1rny hardv\u00e9r, inovat\u00edvny vn\u00fatorn\u00fd mechanizmus a rozb\u00edja\u010d skla. S celkovou d\u013a\u017ekou 23.5 cm je Dirac tak akur\u00e1t pre ka\u017edodenn\u00fd alebo taktick\u00fd n\u00f4\u017e.<\/p>\n<p>\u0160pecifik\u00e1cia:<br \/>\nD\u013a\u017eka \u010depele: 9.5 cm<br \/>\nD\u013a\u017eka v zatvorenom stave: 14 cm<br \/>\nCelkov\u00e1 d\u013a\u017eka: 23.5 cm<br \/>\nOce\u013e: M390<br \/>\n\u0160t\u00fdl \u010depele: D\u00fdka s dvojitou hranou<br \/>\nBr\u00fasenie \u010depele: Ploch\u00e9<br \/>\nPovrchov\u00e1 \u00faprava \u010depele: Stonewash<br \/>\nMateri\u00e1l rukov\u00e4te: hlin\u00edk 6061-T6, \u010dierny eloxovan\u00fd tvrd\u00fd povlak Mil-Spec<br \/>\nUzamykac\u00ed mechanizmus: Krycie \u0161up\u00e1tko<br \/>\nVreckov\u00e1 spona: 301 Nerezov\u00e1 oce\u013e (sklopn\u00e1)<br \/>\nHmotnos\u0165: 4,1 oz.<br \/>\nDizajn\u00e9r: Tony Marfione<br \/>\nVyroben\u00e9 v USA<\/p>\n<div class=\"description\"><\/div>\n<div class=\"specifications\">\n<div class=\"specs\">\n<p><iframe title=\"Microtech Combat Troodon Torture Test\" width=\"800\" height=\"450\" src=\"https:\/\/www.youtube.com\/embed\/xE9TeOFYEjg?feature=oembed\" frameborder=\"0\" allow=\"accelerometer; autoplay; clipboard-write; encrypted-media; gyroscope; picture-in-picture; web-share\" allowfullscreen><\/iframe><\/p>\n<p>&nbsp;<\/p>\n<\/div>\n<\/div>\n","protected":false},"excerpt":{"rendered":"<p><strong>V priebehu rokov Microtech\u00ae Knives naplnil v\u00e1\u0161\u0148ou a zru\u010dnos\u0165ou v\u00fdrobu no\u017eov, a\u017e z nich vytvoril takmer umeleck\u00e9 diela, ktor\u00e9 s\u00fa vrcholom funk\u010dnosti. V\u0161etky diely s\u00fa vyroben\u00e9 v USA.<\/strong><br \/>\n<strong>Na v\u0161etky no\u017ee Microtech je do\u017eivotn\u00e1 z\u00e1ruka (min. 80 000 cyklov, otvorenie a zatvorenie)<\/strong><\/p>\n<p><strong>Doprava zadarmo.<\/strong><\/p>\n","protected":false},"featured_media":257593,"comment_status":"open","ping_status":"closed","template":"","meta":[],"pwb-brand":[3200],"product_brand":[],"product_cat":[3197,3186],"product_tag":[3668],"class_list":{"0":"post-199998","1":"product","2":"type-product","3":"status-publish","4":"has-post-thumbnail","6":"pwb-brand-microtech-sk","7":"product_cat-vystrelovacie-noze-sk","8":"product_cat-noze-sk","9":"product_tag-b2b-sk","11":"first","12":"instock","13":"taxable","14":"shipping-taxable","15":"purchasable","16":"product-type-simple"},"brands":[{"id":3200,"name":"Microtech","slug":"microtech-sk"}],"_links":{"self":[{"href":"https:\/\/www.moskito.cz\/sk\/wp-json\/wp\/v2\/product\/199998","targetHints":{"allow":["GET"]}}],"collection":[{"href":"https:\/\/www.moskito.cz\/sk\/wp-json\/wp\/v2\/product"}],"about":[{"href":"https:\/\/www.moskito.cz\/sk\/wp-json\/wp\/v2\/types\/product"}],"replies":[{"embeddable":true,"href":"https:\/\/www.moskito.cz\/sk\/wp-json\/wp\/v2\/comments?post=199998"}],"wp:featuredmedia":[{"embeddable":true,"href":"https:\/\/www.moskito.cz\/sk\/wp-json\/wp\/v2\/media\/257593"}],"wp:attachment":[{"href":"https:\/\/www.moskito.cz\/sk\/wp-json\/wp\/v2\/media?parent=199998"}],"wp:term":[{"taxonomy":"pwb-brand","embeddable":true,"href":"https:\/\/www.moskito.cz\/sk\/wp-json\/wp\/v2\/pwb-brand?post=199998"},{"taxonomy":"product_brand","embeddable":true,"href":"https:\/\/www.moskito.cz\/sk\/wp-json\/wp\/v2\/product_brand?post=199998"},{"taxonomy":"product_cat","embeddable":true,"href":"https:\/\/www.moskito.cz\/sk\/wp-json\/wp\/v2\/product_cat?post=199998"},{"taxonomy":"product_tag","embeddable":true,"href":"https:\/\/www.moskito.cz\/sk\/wp-json\/wp\/v2\/product_tag?post=199998"}],"curies":[{"name":"wp","href":"https:\/\/api.w.org\/{rel}","templated":true}]}}