{"id":200001,"date":"2020-08-05T20:28:48","date_gmt":"2020-08-05T19:28:48","guid":{"rendered":"https:\/\/www.moskito.cz\/produkt\/microtech-dirac-delta-227-1-t\/"},"modified":"2023-11-21T08:41:38","modified_gmt":"2023-11-21T07:41:38","slug":"vystrelovaci-noz-microtech-dirac-delta-227-1-t","status":"publish","type":"product","link":"https:\/\/www.moskito.cz\/sk\/produkt\/vystrelovaci-noz-microtech-dirac-delta-227-1-t\/","title":{"rendered":"Vystre\u013eovac\u00ed N\u00f4\u017e Microtech Dirac Delta 227-1 T"},"content":{"rendered":"<p>Vystre\u013eovacie N\u00f4\u017e <strong>Microtech<\/strong> Dirac Delta 227-1 T.<br \/>\nMicrotech Dirac Delta m\u00e1 kont\u00fary Halo, ve\u013ekos\u0165 Combat Troodon a dizajn horn\u00e9ho poistky a spoj\u00ed ich dohromady pre fantastick\u00fd nov\u00fd taktick\u00fd EDC auto od Microtech Knives! V\u010faka kombin\u00e1cii dvojit\u00e9ho okraja a horn\u00e9ho posuvn\u00e9ho r\u00e1mu je t\u00e1to Dirac Delta plne obojstrann\u00e1, ide\u00e1lne pre prav\u00e1kov aj \u013eav\u00e1kov. T\u00e1to taktick\u00e1 verzia je dod\u00e1van\u00e1 s \u010diernym hardv\u00e9rom a \u010dierno potiahnutou \u010depe\u013eou B\u00f6hler M390 Double Edge.<\/p>\n<p>\u00daplne nov\u00fd priamo od Microtech Knives, USA.<\/p>\n<p>\u010cepe\u013e: Je opatren\u00e1 \u010diernym povrchom potiahnut\u00fdm Cerakote, \u010depe\u013e s dvojitou hranou m\u00e1 dve ostr\u00e9 rezn\u00e9 ostria. \u010cepe\u013e podobn\u00e1 d\u00fdke je vyroben\u00e1 z vysoko v\u00fdkonnej nerezovej ocele B\u00f6hler M390. Robustn\u00fd n\u00f4\u017e s rozmermi 9,53 cm (9,53 cm) je vybaven\u00fd mechanizmom otv\u00e1rania a za\u0165ahovanie s dvojit\u00fdm \u00fa\u010dinkom. Jednoducho posu\u0148te posuvn\u00edk palca na hornej \u010dasti dr\u017eadla hore a dole. Poloha horn\u00e9ho posuvn\u00e9ho prvku takisto zni\u017euje potrebu op\u00e4tovn\u00e9ho nastavenia prev\u00e1dzky. Vn\u00fatorn\u00e1 pru\u017eina zost\u00e1va v pokoji v otvorenej aj uzavretej polohe, aby sa zn\u00ed\u017eilo opotrebovanie. Akcia je ve\u013emi plynul\u00e1 a r\u00fdchla.<\/p>\n<p>Rukov\u00e4\u0165: Ve\u013ekorys\u00e9 rukov\u00e4te pojm\u00fa najv\u00e4\u010d\u0161iu ruky aj v rukaviciach. Tvarovan\u00fd, \u010dierny potah\u017een\u00fd hlin\u00edk 6061-T6 poskytuje ergonomick\u00fd a pohodln\u00fd pocit v ruke i vizu\u00e1lne pr\u00ed\u0165a\u017eliv\u00fd tvar. Strategicky umiestnen\u00e9 strojovo ryhovan\u00e9 text\u00farovanie na oboch okrajoch zvy\u0161uje trakciu v ruke, zatia\u013e \u010do kon\u0161trukcia je dokon\u010den\u00e1 propriet\u00e1rnym hardv\u00e9rom spolo\u010dnosti Microtech, rozb\u00edjacie skla a sponou do vrecka a to v\u0161etko v zodpovedaj\u00facom \u010diernom taktickom preveden\u00ed. Klip je ozna\u010den\u00fd individu\u00e1lnym s\u00e9riov\u00fdm \u010d\u00edslom a d\u00e1tumom v\u00fdroby.<\/p>\n<p>B\u00f6hler M390: B\u00f6hler M390 sa stal extr\u00e9mne popul\u00e1rny vo\u013ebou pre vysoko kvalitn\u00e9 no\u017ee pre u\u017e\u00edvate\u013eov v\u010faka svojej extr\u00e9mnej retenciu hr\u00e1n. M390 m\u00e1 tie\u017e dobr\u00fa odolnos\u0165 proti kor\u00f3zii, \u010do znamen\u00e1, \u017ee v\u00e4\u010d\u0161ina u\u017e\u00edvate\u013eov sa m\u00f4\u017ee vyhn\u00fa\u0165 probl\u00e9mom jednoduch\u00fdm zotret\u00edm \u010depele po ka\u017edom pou\u017eit\u00ed. \u010eal\u0161\u00edm ve\u013ek\u00fdm rysom tejto ocele je jej schopnos\u0165 odol\u00e1va\u0165 tvorbe otrepov po\u010das ostrenia. Porovnate\u013en\u00e9 ocele s\u00fa CTS-204P a Duratech 20CV.<\/p>\n","protected":false},"excerpt":{"rendered":"<pre id=\"tw-target-text\" class=\"tw-data-text tw-text-large tw-ta\" dir=\"ltr\" data-placeholder=\"P\u0159eklad\"><span class=\"Y2IQFc\" lang=\"sk\">V priebehu rokov Microtech\u00ae Knives naplnil v\u00e1\u0161\u0148ou a zru\u010dnos\u0165ou v\u00fdrobu no\u017eov, a\u017e z nich vytvoril takmer umeleck\u00e9 diela, ktor\u00e9 s\u00fa vrcholom funk\u010dnosti. V\u0161etky diely s\u00fa vyroden\u00e9 v USA.\r\n<strong>Na v\u0161etky no\u017ee Microtech je do\u017eivotn\u00e1 z\u00e1ruka (min. 80 000 cyklov, otvorenie a zatvorenie)<\/strong>\r\n\r\nDoprava zadarmo.<\/span><\/pre>\n","protected":false},"featured_media":199992,"comment_status":"open","ping_status":"closed","template":"","meta":[],"pwb-brand":[3200],"product_brand":[],"product_cat":[3197,3186],"product_tag":[3668],"class_list":{"0":"post-200001","1":"product","2":"type-product","3":"status-publish","4":"has-post-thumbnail","6":"pwb-brand-microtech-sk","7":"product_cat-vystrelovacie-noze-sk","8":"product_cat-noze-sk","9":"product_tag-b2b-sk","11":"first","12":"instock","13":"taxable","14":"shipping-taxable","15":"purchasable","16":"product-type-simple"},"brands":[{"id":3200,"name":"Microtech","slug":"microtech-sk"}],"_links":{"self":[{"href":"https:\/\/www.moskito.cz\/sk\/wp-json\/wp\/v2\/product\/200001","targetHints":{"allow":["GET"]}}],"collection":[{"href":"https:\/\/www.moskito.cz\/sk\/wp-json\/wp\/v2\/product"}],"about":[{"href":"https:\/\/www.moskito.cz\/sk\/wp-json\/wp\/v2\/types\/product"}],"replies":[{"embeddable":true,"href":"https:\/\/www.moskito.cz\/sk\/wp-json\/wp\/v2\/comments?post=200001"}],"wp:featuredmedia":[{"embeddable":true,"href":"https:\/\/www.moskito.cz\/sk\/wp-json\/wp\/v2\/media\/199992"}],"wp:attachment":[{"href":"https:\/\/www.moskito.cz\/sk\/wp-json\/wp\/v2\/media?parent=200001"}],"wp:term":[{"taxonomy":"pwb-brand","embeddable":true,"href":"https:\/\/www.moskito.cz\/sk\/wp-json\/wp\/v2\/pwb-brand?post=200001"},{"taxonomy":"product_brand","embeddable":true,"href":"https:\/\/www.moskito.cz\/sk\/wp-json\/wp\/v2\/product_brand?post=200001"},{"taxonomy":"product_cat","embeddable":true,"href":"https:\/\/www.moskito.cz\/sk\/wp-json\/wp\/v2\/product_cat?post=200001"},{"taxonomy":"product_tag","embeddable":true,"href":"https:\/\/www.moskito.cz\/sk\/wp-json\/wp\/v2\/product_tag?post=200001"}],"curies":[{"name":"wp","href":"https:\/\/api.w.org\/{rel}","templated":true}]}}