{"id":200887,"date":"2021-07-21T12:46:51","date_gmt":"2021-07-21T11:46:51","guid":{"rendered":"https:\/\/www.moskito.cz\/?post_type=product&#038;p=200887"},"modified":"2026-02-02T13:37:38","modified_gmt":"2026-02-02T12:37:38","slug":"pevny-nuz-cold-steel-cold-steel-srk-sk-5","status":"publish","type":"product","link":"https:\/\/www.moskito.cz\/sk\/produkt\/pevny-nuz-cold-steel-cold-steel-srk-sk-5\/","title":{"rendered":"Pevn\u00fd N\u016f\u017e Cold Steel SRK SK-5 49LCK"},"content":{"rendered":"<h2 data-start=\"0\" data-end=\"42\"><strong data-start=\"3\" data-end=\"42\">Pevn\u00fd n\u016f\u017e Cold Steel SRK SK\u20115 49LCK<\/strong><\/h2>\n<p data-start=\"44\" data-end=\"456\">Jakmile uchop\u00ed\u0161 <strong data-start=\"60\" data-end=\"89\">Cold Steel SRK SK\u20115 49LCK<\/strong> do ruky, okam\u017eit\u011b poc\u00edt\u00ed\u0161, \u017ee dr\u017e\u00ed\u0161 n\u016f\u017e navr\u017een\u00fd nejen pro v\u00fdkon, ale i pro <strong data-start=\"166\" data-end=\"206\">spolehlivost v extr\u00e9mn\u00edch podm\u00ednk\u00e1ch<\/strong>. SRK je zkratka pro <em data-start=\"227\" data-end=\"250\">Survival Rescue Knife<\/em> \u2013 n\u016f\u017e, kter\u00fd v sob\u011b spojuje prvky <strong data-start=\"285\" data-end=\"332\">p\u0159e\u017eit\u00ed, taktiky a v\u0161estrann\u00e9 pou\u017eitelnosti<\/strong> do jednoho robustn\u00edho n\u00e1stroje. Tento pevn\u00fd n\u016f\u017e je p\u0159ipraven\u00fd \u010delit \u00fakol\u016fm, kter\u00e9 od b\u011b\u017en\u00fdch no\u017e\u016f o\u010dek\u00e1v\u00e1me jen s obt\u00ed\u017eemi.<\/p>\n<p data-start=\"458\" data-end=\"650\">Model SK\u20115 p\u0159in\u00e1\u0161\u00ed klasickou kombinaci <strong data-start=\"497\" data-end=\"556\">siln\u00e9 \u010depele, v\u00fdte\u010dn\u00e9 kontroly \u0159ezu a odoln\u00e9 konstrukce<\/strong>, co\u017e z n\u011bj \u010din\u00ed ide\u00e1ln\u00ed volbu pro outdoor, survival, z\u00e1chrann\u00e9 mise i n\u00e1ro\u010dnou ter\u00e9nn\u00ed pr\u00e1ci.<\/p>\n<hr data-start=\"652\" data-end=\"655\" \/>\n<h2 data-start=\"657\" data-end=\"685\"><strong data-start=\"660\" data-end=\"685\">Charakter a filozofie<\/strong><\/h2>\n<p data-start=\"687\" data-end=\"985\">Cold Steel SRK je postaven\u00fd tak, aby byl <strong data-start=\"728\" data-end=\"794\">d\u016fv\u011bryhodn\u00fdm partnerem v situac\u00edch, kde nez\u00e1le\u017e\u00ed na kompromisu<\/strong>. Jeho celkov\u00fd design je zam\u011b\u0159en na dlouhou \u010depel s symetrick\u00fdm profilem, kter\u00e1 pod\u00e1v\u00e1 <strong data-start=\"881\" data-end=\"927\">rovnom\u011brn\u00fd \u0159ezn\u00fd v\u00fdkon p\u0159i r\u016fzn\u00fdch \u00fakolech<\/strong> \u2013 od \u0161t\u00edp\u00e1n\u00ed a opracov\u00e1n\u00ed d\u0159eva a\u017e po p\u0159esn\u00e9 tahov\u00e9 \u0159ezy.<\/p>\n<p data-start=\"987\" data-end=\"1279\">\u010cepel je vyrobena z <strong data-start=\"1007\" data-end=\"1021\">oceli SK\u20115<\/strong>, co\u017e je uhl\u00edkov\u00e1 ocel zn\u00e1m\u00e1 pro <strong data-start=\"1054\" data-end=\"1140\">v\u00fdbornou hou\u017eevnatost, snadn\u00e9 p\u0159ebrou\u0161en\u00ed a odolnost v\u016f\u010di odol\u00e1v\u00e1n\u00ed silov\u00fdm \u00fakon\u016fm<\/strong>. A\u010dkoliv uhl\u00edkov\u00e1 ocel vy\u017eaduje pozornost p\u0159i p\u00e9\u010di (zejm\u00e9na v\u016f\u010di korozi), jej\u00ed schopnost udr\u017eet ost\u0159\u00ed v n\u00e1ro\u010dn\u00fdch podm\u00ednk\u00e1ch je v\u00fdjime\u010dn\u00e1.<\/p>\n<p data-start=\"1281\" data-end=\"1500\">Tvar \u010depele podporuje univerz\u00e1ln\u00ed pou\u017eit\u00ed \u2013 od \u0159ez\u00e1n\u00ed lan a materi\u00e1l\u016f, p\u0159es pr\u00e1ci s d\u0159evem a\u017e po \u00fakony p\u0159e\u017eit\u00ed. Tenhle n\u016f\u017e je navr\u017een tak, aby <strong data-start=\"1424\" data-end=\"1499\">spolehliv\u011b fungoval i v okam\u017eic\u00edch, kdy je v\u00fdkon tou nejvy\u0161\u0161\u00ed prioritou<\/strong>.<\/p>\n<p data-start=\"1502\" data-end=\"1776\">Ergonomick\u00e1 rukoje\u0165 je tvarovan\u00e1 tak, aby perfektn\u011b sed\u011bla v ruce \u2013 poskytuje jist\u00fd \u00fachop i p\u0159i mokr\u00fdch nebo kluzk\u00fdch podm\u00ednk\u00e1ch a umo\u017e\u0148uje bezpe\u010dnou manipulaci bez rizika sklouznut\u00ed prst\u016f na \u010depel. Tato komfortn\u00ed ergonomie rovn\u011b\u017e zvy\u0161uje kontrolu nad no\u017eem p\u0159i del\u0161\u00ed pr\u00e1ci.<\/p>\n<hr data-start=\"1778\" data-end=\"1781\" \/>\n<h2 data-start=\"1783\" data-end=\"1802\"><strong data-start=\"1786\" data-end=\"1802\">\ud83c\udfed O v\u00fdrobci<\/strong><\/h2>\n<p data-start=\"1804\" data-end=\"2229\">Cold Steel je zna\u010dka s dlouholetou tradic\u00ed v\u00fdroby no\u017e\u016f, zn\u00e1m\u00e1 sv\u00fdm d\u016frazem na <strong data-start=\"1882\" data-end=\"1938\">pevnost, spolehlivost a inovativn\u00ed mechanick\u00e1 \u0159e\u0161en\u00ed<\/strong>. No\u017ee Cold Steel \u010dasto p\u0159ekra\u010duj\u00ed standardn\u00ed o\u010dek\u00e1v\u00e1n\u00ed ve sv\u00e9 t\u0159\u00edd\u011b a jsou navr\u017eeny tak, aby fungovaly spolehliv\u011b v extr\u00e9mn\u00edch podm\u00ednk\u00e1ch. Modelov\u00e1 \u0159ada SRK je uzn\u00e1van\u00e1 mezi outdoorov\u00fdmi nad\u0161enci, z\u00e1chran\u00e1\u0159i i profesion\u00e1ly, kte\u0159\u00ed pot\u0159ebuj\u00ed <strong data-start=\"2179\" data-end=\"2228\">n\u00e1\u010din\u00ed, na kter\u00e9 se lze spolehnout bez v\u00fdhrad<\/strong>.<\/p>\n<hr data-start=\"2231\" data-end=\"2234\" \/>\n<h2 data-start=\"2236\" data-end=\"2267\"><strong data-start=\"2239\" data-end=\"2267\">\u2699\ufe0f Technick\u00e9 specifikace<\/strong><\/h2>\n<div class=\"TyagGW_tableContainer\">\n<div class=\"group TyagGW_tableWrapper flex flex-col-reverse w-fit\" tabindex=\"-1\">\n<table class=\"w-fit min-w-(--thread-content-width)\" data-start=\"2269\" data-end=\"2758\">\n<thead data-start=\"2269\" data-end=\"2291\">\n<tr data-start=\"2269\" data-end=\"2291\">\n<th data-start=\"2269\" data-end=\"2280\" data-col-size=\"sm\">Parametr<\/th>\n<th data-start=\"2280\" data-end=\"2291\" data-col-size=\"sm\">Hodnota<\/th>\n<\/tr>\n<\/thead>\n<tbody data-start=\"2315\" data-end=\"2758\">\n<tr data-start=\"2315\" data-end=\"2352\">\n<td data-start=\"2315\" data-end=\"2323\" data-col-size=\"sm\">Model<\/td>\n<td data-start=\"2323\" data-end=\"2352\" data-col-size=\"sm\">Cold Steel SRK SK\u20115 49LCK<\/td>\n<\/tr>\n<tr data-start=\"2353\" data-end=\"2372\">\n<td data-start=\"2353\" data-end=\"2359\" data-col-size=\"sm\">Typ<\/td>\n<td data-start=\"2359\" data-end=\"2372\" data-col-size=\"sm\">Pevn\u00fd n\u016f\u017e<\/td>\n<\/tr>\n<tr data-start=\"2373\" data-end=\"2404\">\n<td data-start=\"2373\" data-end=\"2389\" data-col-size=\"sm\">Celkov\u00e1 d\u00e9lka<\/td>\n<td data-start=\"2389\" data-end=\"2404\" data-col-size=\"sm\">cca 27,5 cm<\/td>\n<\/tr>\n<tr data-start=\"2405\" data-end=\"2435\">\n<td data-start=\"2405\" data-end=\"2420\" data-col-size=\"sm\">D\u00e9lka \u010depele<\/td>\n<td data-start=\"2420\" data-end=\"2435\" data-col-size=\"sm\">cca 15,5 cm<\/td>\n<\/tr>\n<tr data-start=\"2436\" data-end=\"2468\">\n<td data-start=\"2436\" data-end=\"2454\" data-col-size=\"sm\">Tlou\u0161\u0165ka \u010depele<\/td>\n<td data-start=\"2454\" data-end=\"2468\" data-col-size=\"sm\">cca 4,8 mm<\/td>\n<\/tr>\n<tr data-start=\"2469\" data-end=\"2509\">\n<td data-start=\"2469\" data-end=\"2487\" data-col-size=\"sm\">Materi\u00e1l \u010depele<\/td>\n<td data-start=\"2487\" data-end=\"2509\" data-col-size=\"sm\">uhl\u00edkov\u00e1 ocel SK\u20115<\/td>\n<\/tr>\n<tr data-start=\"2510\" data-end=\"2538\">\n<td data-start=\"2510\" data-end=\"2524\" data-col-size=\"sm\">Tvar \u010depele<\/td>\n<td data-start=\"2524\" data-end=\"2538\" data-col-size=\"sm\">Drop Point<\/td>\n<\/tr>\n<tr data-start=\"2539\" data-end=\"2570\">\n<td data-start=\"2539\" data-end=\"2548\" data-col-size=\"sm\">V\u00fdbrus<\/td>\n<td data-start=\"2548\" data-end=\"2570\" data-col-size=\"sm\">rovn\u00fd \/ standardn\u00ed<\/td>\n<\/tr>\n<tr data-start=\"2571\" data-end=\"2602\">\n<td data-start=\"2571\" data-end=\"2587\" data-col-size=\"sm\">Povrch \u010depele<\/td>\n<td data-start=\"2587\" data-end=\"2602\" data-col-size=\"sm\">\u010dern\u00fd matn\u00fd<\/td>\n<\/tr>\n<tr data-start=\"2603\" data-end=\"2621\">\n<td data-start=\"2603\" data-end=\"2611\" data-col-size=\"sm\">Hrana<\/td>\n<td data-start=\"2611\" data-end=\"2621\" data-col-size=\"sm\">hladk\u00e1<\/td>\n<\/tr>\n<tr data-start=\"2622\" data-end=\"2668\">\n<td data-start=\"2622\" data-end=\"2632\" data-col-size=\"sm\">Rukoje\u0165<\/td>\n<td data-start=\"2632\" data-end=\"2668\" data-col-size=\"sm\">ergonomick\u00e1, texturovan\u00e1 \u2013 \u010dern\u00e1<\/td>\n<\/tr>\n<tr data-start=\"2669\" data-end=\"2698\">\n<td data-start=\"2669\" data-end=\"2679\" data-col-size=\"sm\">Pouzdro<\/td>\n<td data-start=\"2679\" data-end=\"2698\" data-col-size=\"sm\">pevn\u00e9 Secure\u2011Ex<\/td>\n<\/tr>\n<tr data-start=\"2699\" data-end=\"2723\">\n<td data-start=\"2699\" data-end=\"2710\" data-col-size=\"sm\">Hmotnost<\/td>\n<td data-start=\"2710\" data-end=\"2723\" data-col-size=\"sm\">cca 265 g<\/td>\n<\/tr>\n<tr data-start=\"2724\" data-end=\"2758\">\n<td data-start=\"2724\" data-end=\"2736\" data-col-size=\"sm\">Kategorie<\/td>\n<td data-start=\"2736\" data-end=\"2758\" data-col-size=\"sm\">Survival \/ outdoor<\/td>\n<\/tr>\n<\/tbody>\n<\/table>\n<\/div>\n<\/div>\n<hr data-start=\"2760\" data-end=\"2763\" \/>\n<h2 data-start=\"2765\" data-end=\"2787\"><strong data-start=\"2768\" data-end=\"2787\">\u2705 Hlavn\u00ed v\u00fdhody<\/strong><\/h2>\n<ul data-start=\"2789\" data-end=\"3103\">\n<li data-start=\"2789\" data-end=\"2858\">\n<p data-start=\"2791\" data-end=\"2858\"><strong data-start=\"2791\" data-end=\"2820\">Siln\u00e1 a odoln\u00e1 \u010depel SK\u20115<\/strong> \u2013 exceluje v hou\u017eevnatosti a v\u00fdkonu<\/p>\n<\/li>\n<li data-start=\"2859\" data-end=\"2923\">\n<p data-start=\"2861\" data-end=\"2923\"><strong data-start=\"2861\" data-end=\"2888\">Univerz\u00e1ln\u00ed tvar \u010depele<\/strong> \u2013 vhodn\u00fd pro \u0161irokou \u0161k\u00e1lu \u00fakon\u016f<\/p>\n<\/li>\n<li data-start=\"2924\" data-end=\"2990\">\n<p data-start=\"2926\" data-end=\"2990\"><strong data-start=\"2926\" data-end=\"2949\">Ergonomick\u00e1 rukoje\u0165<\/strong> \u2013 jist\u00fd \u00fachop i v n\u00e1ro\u010dn\u00fdch podm\u00ednk\u00e1ch<\/p>\n<\/li>\n<li data-start=\"2991\" data-end=\"3050\">\n<p data-start=\"2993\" data-end=\"3050\"><strong data-start=\"2993\" data-end=\"3016\">Robustn\u00ed konstrukce<\/strong> \u2013 p\u0159ipraven\u00e1 i na n\u00e1ro\u010dn\u00e9 \u00fakoly<\/p>\n<\/li>\n<li data-start=\"3051\" data-end=\"3103\">\n<p data-start=\"3053\" data-end=\"3103\"><strong data-start=\"3053\" data-end=\"3074\">Secure\u2011Ex pouzdro<\/strong> \u2013 bezpe\u010dn\u00e9 a pohodln\u00e9 no\u0161en\u00ed<\/p>\n<\/li>\n<\/ul>\n<hr data-start=\"3105\" data-end=\"3108\" \/>\n<h2 data-start=\"3110\" data-end=\"3133\"><strong data-start=\"3113\" data-end=\"3133\">\u26a0\ufe0f Mo\u017en\u00e1 omezen\u00ed<\/strong><\/h2>\n<ul data-start=\"3135\" data-end=\"3337\">\n<li data-start=\"3135\" data-end=\"3199\">\n<p data-start=\"3137\" data-end=\"3199\">Uhl\u00edkov\u00e1 ocel SK\u20115 vy\u017eaduje <strong data-start=\"3165\" data-end=\"3197\">pe\u010dliv\u011bj\u0161\u00ed p\u00e9\u010di proti korozi<\/strong><\/p>\n<\/li>\n<li data-start=\"3200\" data-end=\"3286\">\n<p data-start=\"3202\" data-end=\"3286\">Pro n\u011bkter\u00e9 u\u017eivatele m\u016f\u017ee b\u00fdt n\u016f\u017e v\u011bt\u0161\u00ed nebo t\u011b\u017e\u0161\u00ed ne\u017e standardn\u00ed outdoorov\u00e9 no\u017ee<\/p>\n<\/li>\n<li data-start=\"3287\" data-end=\"3337\">\n<p data-start=\"3289\" data-end=\"3337\">Design je sp\u00ed\u0161e utilit\u00e1rn\u00ed ne\u017e esteticky zdoben\u00fd<\/p>\n<\/li>\n<\/ul>\n<hr data-start=\"3339\" data-end=\"3342\" \/>\n<h2 data-start=\"3344\" data-end=\"3368\"><strong data-start=\"3347\" data-end=\"3368\">\ud83d\udee0\ufe0f \u00dadr\u017eba a p\u00e9\u010de<\/strong><\/h2>\n<p data-start=\"3370\" data-end=\"3668\">Po pou\u017eit\u00ed \u010depel osu\u0161i a o\u010disti, zejm\u00e9na pokud p\u0159i\u0161la do kontaktu s vlhkost\u00ed nebo agresivn\u00edmi l\u00e1tkami.<br data-start=\"3472\" data-end=\"3475\" \/>Uhl\u00edkov\u00e1 ocel vy\u017eaduje pravidelnou p\u00e9\u010di \u2013 aplikuj ochrann\u00fd olej, aby se minimalizovalo riziko koroze.<br data-start=\"3576\" data-end=\"3579\" \/>Pravideln\u011b kontroluj ost\u0159\u00ed a dopl\u0148 jeho ostrost jemn\u00fdm brou\u0161en\u00edm podle aktu\u00e1ln\u00edch pot\u0159eb.<\/p>\n<hr data-start=\"3670\" data-end=\"3673\" \/>\n<h2 data-start=\"3675\" data-end=\"3715\"><strong data-start=\"3678\" data-end=\"3715\">\ud83d\udd2a Pro udr\u017een\u00ed ost\u0159\u00ed doporu\u010dujeme<\/strong><\/h2>\n<p data-start=\"3717\" data-end=\"3982\">Pro udr\u017een\u00ed optim\u00e1ln\u00ed ostrosti a spr\u00e1vn\u00e9 geometrie ost\u0159\u00ed doporu\u010dujeme <strong data-start=\"3787\" data-end=\"3853\">Spyderco Tri\u2011Angle Sharpmaker Complete Sharpening System 204MF<\/strong> \u2013 ide\u00e1ln\u00ed pro uhl\u00edkovou i modern\u00ed ocel a pro \u0161irok\u00e9 i siln\u00e9 \u010depele, jako m\u00e1 SRK.<br data-start=\"3934\" data-end=\"3937\" \/>\ud83d\uded2 Koup\u00ed\u0161 na na\u0161ich str\u00e1nk\u00e1ch <strong data-start=\"3967\" data-end=\"3981\">Moskito.cz<\/strong>.<\/p>\n<hr data-start=\"3984\" data-end=\"3987\" \/>\n<h2 data-start=\"3989\" data-end=\"4013\"><strong data-start=\"3992\" data-end=\"4013\">\ud83c\udfaf Doporu\u010deno pro<\/strong><\/h2>\n<ul data-start=\"4015\" data-end=\"4267\">\n<li data-start=\"4015\" data-end=\"4049\">\n<p data-start=\"4017\" data-end=\"4049\">outdoorov\u00e9 a survival aktivity<\/p>\n<\/li>\n<li data-start=\"4050\" data-end=\"4095\">\n<p data-start=\"4052\" data-end=\"4095\">p\u0159\u00edpravu d\u0159eva, lana a materi\u00e1l\u016f v ter\u00e9nu<\/p>\n<\/li>\n<li data-start=\"4096\" data-end=\"4151\">\n<p data-start=\"4098\" data-end=\"4151\">u\u017eivatele hledaj\u00edc\u00ed <strong data-start=\"4118\" data-end=\"4149\">odoln\u00fd a spolehliv\u00fd n\u00e1stroj<\/strong><\/p>\n<\/li>\n<li data-start=\"4152\" data-end=\"4202\">\n<p data-start=\"4154\" data-end=\"4202\">ty, kte\u0159\u00ed ocen\u00ed v\u00fdkon i v n\u00e1ro\u010dn\u00fdch podm\u00ednk\u00e1ch<\/p>\n<\/li>\n<li data-start=\"4203\" data-end=\"4267\">\n<p data-start=\"4205\" data-end=\"4267\">u\u017eivatele, kte\u0159\u00ed cht\u011bj\u00ed <strong data-start=\"4229\" data-end=\"4267\">no\u017en\u00ed n\u00e1stroj p\u0159ipraven\u00fd na cokoli<\/strong><\/p>\n<\/li>\n<\/ul>\n<hr data-start=\"4269\" data-end=\"4272\" \/>\n<h2 data-start=\"4274\" data-end=\"4302\"><strong data-start=\"4277\" data-end=\"4302\">\u2b50 Z\u00e1v\u011bre\u010dn\u00e9 hodnocen\u00ed<\/strong><\/h2>\n<p data-start=\"4304\" data-end=\"4613\"><strong data-start=\"4304\" data-end=\"4333\">Cold Steel SRK SK\u20115 49LCK<\/strong> je pevn\u00fd n\u016f\u017e, kter\u00fd kombinuje <strong data-start=\"4364\" data-end=\"4397\">s\u00edlu, odolnost a v\u0161estrannost<\/strong> do jednoho robustn\u00edho n\u00e1stroje. D\u00edky kvalitn\u00ed uhl\u00edkov\u00e9 oceli, ergonomic\u00e9 rukojeti a pevn\u00e9mu pouzdru nab\u00edz\u00ed spolehliv\u00fd v\u00fdkon nejen p\u0159i outdoorov\u00fdch dobrodru\u017estv\u00edch, ale i v <em data-start=\"4570\" data-end=\"4612\">n\u00e1ro\u010dn\u00fdch situac\u00edch, kde v\u00fdkon rozhoduje<\/em>.<\/p>\n<p data-start=\"4615\" data-end=\"4670\">SRK \u2013 <strong data-start=\"4621\" data-end=\"4665\">odolnost, v\u00fdkon a jistota v ka\u017ed\u00e9m \u0159ezu.<\/strong> \ud83d\udd2a\ud83d\udd25<\/p>\n","protected":false},"excerpt":{"rendered":"<p data-start=\"4304\" data-end=\"4613\"><strong>Cold Steel SRK SK\u20115 49LCK je pevn\u00fd n\u016f\u017e, kter\u00fd kombinuje s\u00edlu, odolnost a v\u0161estrannost do jednoho robustn\u00edho n\u00e1stroje. D\u00edky kvalitn\u00ed uhl\u00edkov\u00e9 oceli, ergonomic\u00e9 rukojeti a pevn\u00e9mu pouzdru nab\u00edz\u00ed spolehliv\u00fd v\u00fdkon nejen p\u0159i outdoorov\u00fdch dobrodru\u017estv\u00edch, ale i v <em data-start=\"4570\" data-end=\"4612\">n\u00e1ro\u010dn\u00fdch situac\u00edch, kde v\u00fdkon rozhoduje<\/em>.<\/strong><\/p>\n<p data-start=\"4615\" data-end=\"4670\"><strong>SRK \u2013 odolnost, v\u00fdkon a jistota v ka\u017ed\u00e9m \u0159ezu. \ud83d\udd2a\ud83d\udd25<\/strong><\/p>\n","protected":false},"featured_media":200891,"comment_status":"open","ping_status":"closed","template":"","meta":[],"pwb-brand":[211],"product_brand":[],"product_cat":[23,17],"product_tag":[],"class_list":{"0":"post-200887","1":"product","2":"type-product","3":"status-publish","4":"has-post-thumbnail","6":"pwb-brand-cold-steel","7":"product_cat-pevne-noze","8":"product_cat-noze","10":"first","11":"instock","12":"taxable","13":"shipping-taxable","14":"purchasable","15":"product-type-simple"},"brands":[{"id":211,"name":"Cold Steel","slug":"cold-steel"}],"_links":{"self":[{"href":"https:\/\/www.moskito.cz\/sk\/wp-json\/wp\/v2\/product\/200887","targetHints":{"allow":["GET"]}}],"collection":[{"href":"https:\/\/www.moskito.cz\/sk\/wp-json\/wp\/v2\/product"}],"about":[{"href":"https:\/\/www.moskito.cz\/sk\/wp-json\/wp\/v2\/types\/product"}],"replies":[{"embeddable":true,"href":"https:\/\/www.moskito.cz\/sk\/wp-json\/wp\/v2\/comments?post=200887"}],"wp:featuredmedia":[{"embeddable":true,"href":"https:\/\/www.moskito.cz\/sk\/wp-json\/wp\/v2\/media\/200891"}],"wp:attachment":[{"href":"https:\/\/www.moskito.cz\/sk\/wp-json\/wp\/v2\/media?parent=200887"}],"wp:term":[{"taxonomy":"pwb-brand","embeddable":true,"href":"https:\/\/www.moskito.cz\/sk\/wp-json\/wp\/v2\/pwb-brand?post=200887"},{"taxonomy":"product_brand","embeddable":true,"href":"https:\/\/www.moskito.cz\/sk\/wp-json\/wp\/v2\/product_brand?post=200887"},{"taxonomy":"product_cat","embeddable":true,"href":"https:\/\/www.moskito.cz\/sk\/wp-json\/wp\/v2\/product_cat?post=200887"},{"taxonomy":"product_tag","embeddable":true,"href":"https:\/\/www.moskito.cz\/sk\/wp-json\/wp\/v2\/product_tag?post=200887"}],"curies":[{"name":"wp","href":"https:\/\/api.w.org\/{rel}","templated":true}]}}