{"id":201286,"date":"2021-07-29T19:14:45","date_gmt":"2021-07-29T18:14:45","guid":{"rendered":"https:\/\/www.moskito.cz\/?post_type=product&#038;p=201286"},"modified":"2025-10-10T08:01:12","modified_gmt":"2025-10-10T07:01:12","slug":"zaviraci-nuz-crkt-m16-01kz","status":"publish","type":"product","link":"https:\/\/www.moskito.cz\/sk\/produkt\/zaviraci-nuz-crkt-m16-01kz\/","title":{"rendered":"Zav\u00edrac\u00ed N\u016f\u017e CRKT M16-01KZ"},"content":{"rendered":"<p><strong style=\"font-family: -apple-system, BlinkMacSystemFont, 'Segoe UI', Roboto, 'Helvetica Neue', Arial, 'Noto Sans', sans-serif, 'Apple Color Emoji', 'Segoe UI Emoji', 'Segoe UI Symbol', 'Noto Color Emoji';\">Zav\u00edrac\u00ed N\u016f\u017e CRKT M16-01KZ<\/strong><\/p>\n<div class=\"flex-1 overflow-hidden @container\/thread\">\n<div class=\"h-full\">\n<div class=\"react-scroll-to-bottom--css-vxybp-79elbk h-full\">\n<div class=\"react-scroll-to-bottom--css-vxybp-1n7m0yu\">\n<div class=\"flex flex-col text-sm md:pb-9\">\n<article class=\"w-full scroll-mb-[var(--thread-trailing-height,150px)] text-token-text-primary focus-visible:outline-2 focus-visible:outline-offset-[-4px]\" dir=\"auto\" data-testid=\"conversation-turn-485\" data-scroll-anchor=\"true\">\n<div class=\"m-auto text-base py-[18px] px-3 md:px-4 w-full md:px-5 lg:px-4 xl:px-5\">\n<div class=\"mx-auto flex flex-1 gap-4 text-base md:gap-5 lg:gap-6 md:max-w-3xl\">\n<div class=\"group\/conversation-turn relative flex w-full min-w-0 flex-col agent-turn\">\n<div class=\"flex-col gap-1 md:gap-3\">\n<div class=\"flex max-w-full flex-col flex-grow\">\n<div class=\"min-h-8 text-message flex w-full flex-col items-end gap-2 whitespace-normal break-words text-start [.text-message+&amp;]:mt-5\" dir=\"auto\" data-message-author-role=\"assistant\" data-message-id=\"37a6cd98-9c53-47a4-a510-384fc7066abb\" data-message-model-slug=\"gpt-4o-mini\">\n<div class=\"flex w-full flex-col gap-1 empty:hidden first:pt-[3px]\">\n<div class=\"markdown prose w-full break-words dark:prose-invert light\">\n<p><strong>Navrhl:<\/strong> Kit Carson, Vine Grove, Kentucky<br \/>\n<strong>Styl:<\/strong> Skl\u00e1dac\u00ed n\u016f\u017e s r\u00e1mov\u00fdm z\u00e1mkem (Framelock) a automatickou bezpe\u010dnost\u00ed vlo\u017eky<\/p>\n<p><strong>CRKT M16-01KZ<\/strong> je ide\u00e1ln\u00edm z\u00e1stupcem \u0159ady <strong>M16\u00ae<\/strong>, kter\u00e1 se stala obl\u00edbenou pro sv\u016fj <strong>jednoduch\u00fd, funk\u010dn\u00ed design<\/strong>, kter\u00fd je z\u00e1rove\u0148 <strong>odoln\u00fd<\/strong> a <strong>cenov\u011b dostupn\u00fd<\/strong>. Tento model je specifick\u00fd pro sv\u00e9 <strong>\u010dern\u00e9 proveden\u00ed<\/strong> a <strong>vylep\u0161en\u00fd bezpe\u010dnostn\u00ed mechanismus<\/strong>, d\u00edky \u010demu\u017e je ide\u00e1ln\u00ed volbou pro <strong>pracovn\u00ed pou\u017eit\u00ed<\/strong> i <strong>taktick\u00e9 \u00fa\u010dely<\/strong>.<\/p>\n<h3><strong>Hlavn\u00ed vlastnosti a v\u00fdhody:<\/strong><\/h3>\n<h4>1. <strong>Inovativn\u00ed design s \u010dern\u00fdm na \u010dern\u00e9m proveden\u00ed:<\/strong><\/h4>\n<ul>\n<li><strong>Sklo pln\u011bn\u00fd nylon<\/strong> ve <strong>vysok\u00e9 odolnosti<\/strong> d\u00e1v\u00e1 r\u00e1mu M16-01KZ nejen <strong>vysokou pevnost<\/strong>, ale i <strong>n\u00edzkou hmotnost<\/strong>. Tento design je ide\u00e1ln\u00ed pro v\u0161echny, kte\u0159\u00ed hledaj\u00ed <strong>taktick\u00fd n\u016f\u017e<\/strong>, kter\u00fd je z\u00e1rove\u0148 nen\u00e1padn\u00fd a vhodn\u00fd pro r\u016fzn\u00e9 pracovn\u00ed i outdoorov\u00e9 aktivity.<\/li>\n<\/ul>\n<h4>2. <strong>Automatizovan\u00fd z\u00e1mek vlo\u017eky:<\/strong><\/h4>\n<ul>\n<li>N\u016f\u017e je vybaven <strong>automatick\u00fdm z\u00e1mkem vlo\u017eky<\/strong>, kter\u00fd p\u0159id\u00e1v\u00e1 <strong>dal\u0161\u00ed \u00farove\u0148 bezpe\u010dnosti<\/strong>. Kol\u00edk mezi zaji\u0161\u0165ovac\u00ed vlo\u017ekou a r\u00e1mem zaji\u0161\u0165uje, \u017ee se vlo\u017eka nezamkne <strong>ne\u00famysln\u011b<\/strong> a \u010depel se bezpe\u010dn\u011b zaji\u0161\u0165uje b\u011bhem pou\u017e\u00edv\u00e1n\u00ed.<\/li>\n<\/ul>\n<h4>3. <strong>Carson Flipper pro rychl\u00e9 otev\u00edr\u00e1n\u00ed:<\/strong><\/h4>\n<ul>\n<li><strong>Carson Flipper<\/strong> poskytuje <strong>jednoduch\u00e9 a efektivn\u00ed otev\u0159en\u00ed<\/strong> \u010depele jednou rukou, co\u017e je obzvl\u00e1\u0161t\u011b praktick\u00e9 v situac\u00edch, kdy pot\u0159ebujete okam\u017eit\u00fd p\u0159\u00edstup k no\u017ei. Tento flipper tak\u00e9 <strong>slou\u017e\u00ed jako ochrana \u010depele<\/strong> proti n\u00e1hodn\u00e9mu uzav\u0159en\u00ed p\u0159i pou\u017eit\u00ed.<\/li>\n<\/ul>\n<h4>4. <strong>Vysoce kvalitn\u00ed ocel 8Cr13MoV pro v\u00fdkon a dlouhou \u017eivotnost:<\/strong><\/h4>\n<ul>\n<li><strong>\u010cepel je vyrobena z oceli 8Cr13MoV<\/strong>, kter\u00e1 je zn\u00e1m\u00e1 svou <strong>hou\u017eevnatost\u00ed<\/strong>, <strong>odolnost\u00ed proti opot\u0159eben\u00ed<\/strong> a <strong>dobrou schopnost\u00ed udr\u017eet ost\u0159\u00ed<\/strong>. Tento materi\u00e1l je ide\u00e1ln\u00ed pro <strong>pracovn\u00ed no\u017ee<\/strong>, kter\u00e9 je pot\u0159eba pravideln\u011b pou\u017e\u00edvat, a z\u00e1rove\u0148 je <strong>snadno brousiteln\u00fd<\/strong>.<\/li>\n<\/ul>\n<h4>5. <strong>Taktick\u00e9 \u010dern\u00e9 proveden\u00ed:<\/strong><\/h4>\n<ul>\n<li><strong>\u010cern\u00fd r\u00e1m<\/strong> a <strong>EDP \u010depel<\/strong> (povrchov\u00e1 \u00faprava \u010dern\u00fdm n\u00e1nosem) d\u00e1v\u00e1 no\u017ei nejen <strong>estetick\u00fd vzhled<\/strong>, ale tak\u00e9 p\u0159isp\u00edv\u00e1 k <strong>minimalizaci odlesk\u016f<\/strong> a <strong>n\u00edzk\u00e9 viditelnosti<\/strong> v ter\u00e9nu, co\u017e je v\u00fdhodn\u00e9 p\u0159i taktick\u00e9 pr\u00e1ci nebo outdoorov\u00fdch aktivit\u00e1ch.<\/li>\n<\/ul>\n<h4>6. <strong>Skv\u011bl\u00e1 ergonomie a komfortn\u00ed no\u0161en\u00ed:<\/strong><\/h4>\n<ul>\n<li>Rukoje\u0165 je vyrobena z <strong>texturovan\u00e9ho nylonu pln\u011bn\u00e9ho sklem<\/strong>, co\u017e j\u00ed dod\u00e1v\u00e1 v\u00fdbornou <strong>odolnost<\/strong> v\u016f\u010di po\u0161kozen\u00ed a <strong>dobrou p\u0159ilnavost<\/strong>, i kdy\u017e je ruka mokr\u00e1 nebo kluzk\u00e1. Tento materi\u00e1l tak\u00e9 zaji\u0161\u0165uje, \u017ee rukoje\u0165 je dostate\u010dn\u011b pevn\u00e1, ale z\u00e1rove\u0148 <strong>pohodln\u00e1 pro dlouhodob\u00e9 no\u0161en\u00ed<\/strong>.<\/li>\n<\/ul>\n<h4>7. <strong>Praktick\u00e9 p\u0159\u00edslu\u0161enstv\u00ed a z\u00e1ruka:<\/strong><\/h4>\n<ul>\n<li>N\u016f\u017e je vybaven <strong>odn\u00edmatelnou sponou<\/strong> pro <strong>bezpe\u010dn\u00e9 no\u0161en\u00ed na oble\u010den\u00ed nebo v\u00fdbav\u011b<\/strong>, co\u017e usnad\u0148uje <strong>p\u0159enos<\/strong> no\u017ee b\u011bhem ka\u017edodenn\u00edch aktivit nebo v t\u011b\u017ek\u00fdch pracovn\u00edch podm\u00ednk\u00e1ch. K tomu v\u0161emu je sou\u010d\u00e1st\u00ed <strong>omezen\u00e1 do\u017eivotn\u00ed z\u00e1ruka CRKT<\/strong>, kter\u00e1 garantuje kvalitu a spolehlivost v\u00fdrobku.<\/li>\n<\/ul>\n<h3><strong>Specifikace:<\/strong><\/h3>\n<ul>\n<li><strong>D\u00e9lka \u010depele:<\/strong> 3,13&#8243; (79,38 mm)<\/li>\n<li><strong>Ost\u0159\u00ed \u010depele:<\/strong> Prost\u00fd<\/li>\n<li><strong>\u010cepel ocel:<\/strong> 8Cr13MoV<\/li>\n<li><strong>Povrchov\u00e1 \u00faprava \u010depele:<\/strong> EDP (\u010dern\u00fd povrch)<\/li>\n<li><strong>Tlou\u0161\u0165ka \u010depele:<\/strong> 0,03&#8243; (2,03 mm)<\/li>\n<li><strong>Celkov\u00e1 d\u00e9lka:<\/strong> 7,13&#8243; (180,98 mm)<\/li>\n<li><strong>Zav\u0159en\u00e1 d\u00e9lka:<\/strong> 4,00&#8243; (101,60 mm)<\/li>\n<li><strong>Hmotnost:<\/strong> 2,30 oz. (65,20 g)<\/li>\n<li><strong>Rukoje\u0165:<\/strong> Sklen\u011bn\u00fd nylon vyztu\u017een\u00fd plasty<\/li>\n<li><strong>Styl:<\/strong> Skl\u00e1dac\u00ed n\u016f\u017e s r\u00e1mov\u00fdm z\u00e1mkem a automatickou bezpe\u010dnost\u00ed vlo\u017eky<\/li>\n<\/ul>\n<h3><strong>Vyu\u017eit\u00ed:<\/strong><\/h3>\n<ul>\n<li><strong>Pracovn\u00ed n\u016f\u017e:<\/strong> <strong>CRKT M16-01KZ<\/strong> je ide\u00e1ln\u00ed pro ka\u017edodenn\u00ed <strong>pracovn\u00ed \u00fakoly<\/strong> v <strong>n\u00e1ro\u010dn\u00fdch podm\u00ednk\u00e1ch<\/strong>, jako je pr\u00e1ce na staveni\u0161ti, v d\u00edln\u011b nebo v ter\u00e9nu. <strong>Odoln\u00fd r\u00e1m<\/strong> a <strong>skv\u011bl\u00fd z\u00e1mek<\/strong> d\u011blaj\u00ed tento n\u016f\u017e ide\u00e1ln\u00edm pro pr\u00e1ci v tvrd\u0161\u00edch prost\u0159ed\u00edch, kde je vy\u017eadov\u00e1na spolehlivost.<\/li>\n<li><strong>Taktick\u00e9 pou\u017eit\u00ed:<\/strong> D\u00edky <strong>taktick\u00e9mu \u010dern\u00e9mu proveden\u00ed<\/strong> a <strong>n\u00edzk\u00e9mu profilu<\/strong> je tento n\u016f\u017e tak\u00e9 vhodn\u00fd pro <strong>pohotovostn\u00ed<\/strong> nebo <strong>taktick\u00e9 sc\u00e9n\u00e1\u0159e<\/strong>, kde je d\u016fle\u017eit\u00e1 <strong>diskr\u00e9tnost<\/strong> a <strong>rychlost<\/strong> pou\u017eit\u00ed.<\/li>\n<li><strong>Outdoor a kempov\u00e1n\u00ed:<\/strong> Tento n\u016f\u017e je skv\u011bl\u00fd pro v\u0161echny, kte\u0159\u00ed hledaj\u00ed <strong>spolehliv\u00fd n\u016f\u017e pro kempov\u00e1n\u00ed<\/strong>, <strong>turistiku<\/strong>, nebo <strong>no\u0161en\u00ed p\u0159i outdoorov\u00fdch aktivit\u00e1ch<\/strong>.<\/li>\n<\/ul>\n<h3><strong>Z\u00e1v\u011br:<\/strong><\/h3>\n<p><strong>CRKT M16-01KZ<\/strong> je <strong>cenov\u011b dostupn\u00fd<\/strong>, <strong>spolehliv\u00fd<\/strong> a <strong>vysokov\u00fdkonn\u00fd n\u016f\u017e<\/strong>, kter\u00fd je navr\u017een pro <strong>pracovn\u00ed i taktick\u00e9 \u00fa\u010dely<\/strong>. Kombinace <strong>skv\u011bl\u00e9 konstrukce<\/strong>, <strong>odoln\u00e9ho materi\u00e1lu<\/strong>, a <strong>pokro\u010dil\u00fdch bezpe\u010dnostn\u00edch funkc\u00ed<\/strong> \u010din\u00ed tento n\u016f\u017e vynikaj\u00edc\u00edm \u0159e\u0161en\u00edm pro ty, kte\u0159\u00ed hledaj\u00ed kvalitn\u00ed <strong>EDC n\u016f\u017e<\/strong>. A\u0165 u\u017e jde o <strong>ka\u017edodenn\u00ed no\u0161en\u00ed<\/strong>, <strong>taktick\u00e9 pou\u017eit\u00ed<\/strong> nebo <strong>pracovn\u00ed nasazen\u00ed<\/strong>, M16-01KZ se nezklame.<\/p>\n<\/div>\n<\/div>\n<\/div>\n<\/div>\n<div class=\"mb-2 flex gap-3 empty:hidden -ml-2\">\n<div class=\"items-center justify-start rounded-xl p-1 flex\">\n<div class=\"flex items-center\"><\/div>\n<\/div>\n<\/div>\n<div class=\"pr-2 lg:pr-0\"><\/div>\n<\/div>\n<\/div>\n<\/div>\n<\/div>\n<\/article>\n<\/div>\n<\/div>\n<\/div>\n<\/div>\n<\/div>\n<p><iframe title=\"M16-01KZ EDC Knife | by Kit Carson\" width=\"800\" height=\"450\" src=\"https:\/\/www.youtube.com\/embed\/LEYJQ9xC1IQ?feature=oembed\" frameborder=\"0\" allow=\"accelerometer; autoplay; clipboard-write; encrypted-media; gyroscope; picture-in-picture; web-share\" referrerpolicy=\"strict-origin-when-cross-origin\" allowfullscreen><\/iframe><\/p>\n<p>&nbsp;<\/p>\n<div class=\"product_view_bullet\">\n<p>&nbsp;<\/p>\n<\/div>\n","protected":false},"excerpt":{"rendered":"<div class=\"flex max-w-full flex-col flex-grow\">\n<div class=\"min-h-8 text-message flex w-full flex-col items-end gap-2 whitespace-normal break-words text-start [.text-message+&amp;]:mt-5\" dir=\"auto\" data-message-author-role=\"assistant\" data-message-id=\"37a6cd98-9c53-47a4-a510-384fc7066abb\" data-message-model-slug=\"gpt-4o-mini\">\n<div class=\"flex w-full flex-col gap-1 empty:hidden first:pt-[3px]\">\n<div class=\"markdown prose w-full break-words dark:prose-invert light\">\n<p><strong>CRKT M16-01KZ je cenov\u011b dostupn\u00fd, spolehliv\u00fd a vysokov\u00fdkonn\u00fd n\u016f\u017e, kter\u00fd je navr\u017een pro pracovn\u00ed i taktick\u00e9 \u00fa\u010dely. Kombinace skv\u011bl\u00e9 konstrukce, odoln\u00e9ho materi\u00e1lu, a pokro\u010dil\u00fdch bezpe\u010dnostn\u00edch funkc\u00ed \u010din\u00ed tento n\u016f\u017e vynikaj\u00edc\u00edm \u0159e\u0161en\u00edm pro ty, kte\u0159\u00ed hledaj\u00ed kvalitn\u00ed EDC n\u016f\u017e. A\u0165 u\u017e jde o ka\u017edodenn\u00ed no\u0161en\u00ed, taktick\u00e9 pou\u017eit\u00ed nebo pracovn\u00ed nasazen\u00ed, M16-01KZ se nezklame.<\/strong><\/p>\n<\/div>\n<\/div>\n<\/div>\n<\/div>\n<div class=\"mb-2 flex gap-3 empty:hidden -ml-2\">\n<div class=\"items-center justify-start rounded-xl p-1 flex\">\n<div class=\"flex items-center\"><\/div>\n<\/div>\n<\/div>\n","protected":false},"featured_media":201287,"comment_status":"open","ping_status":"closed","template":"","meta":[],"pwb-brand":[209],"product_brand":[],"product_cat":[22,17],"product_tag":[3667],"class_list":{"0":"post-201286","1":"product","2":"type-product","3":"status-publish","4":"has-post-thumbnail","6":"pwb-brand-crkt","7":"product_cat-zaviraci-noze","8":"product_cat-noze","9":"product_tag-b2b","11":"first","12":"instock","13":"taxable","14":"shipping-taxable","15":"purchasable","16":"product-type-simple"},"brands":[{"id":209,"name":"CRKT","slug":"crkt"}],"_links":{"self":[{"href":"https:\/\/www.moskito.cz\/sk\/wp-json\/wp\/v2\/product\/201286","targetHints":{"allow":["GET"]}}],"collection":[{"href":"https:\/\/www.moskito.cz\/sk\/wp-json\/wp\/v2\/product"}],"about":[{"href":"https:\/\/www.moskito.cz\/sk\/wp-json\/wp\/v2\/types\/product"}],"replies":[{"embeddable":true,"href":"https:\/\/www.moskito.cz\/sk\/wp-json\/wp\/v2\/comments?post=201286"}],"wp:featuredmedia":[{"embeddable":true,"href":"https:\/\/www.moskito.cz\/sk\/wp-json\/wp\/v2\/media\/201287"}],"wp:attachment":[{"href":"https:\/\/www.moskito.cz\/sk\/wp-json\/wp\/v2\/media?parent=201286"}],"wp:term":[{"taxonomy":"pwb-brand","embeddable":true,"href":"https:\/\/www.moskito.cz\/sk\/wp-json\/wp\/v2\/pwb-brand?post=201286"},{"taxonomy":"product_brand","embeddable":true,"href":"https:\/\/www.moskito.cz\/sk\/wp-json\/wp\/v2\/product_brand?post=201286"},{"taxonomy":"product_cat","embeddable":true,"href":"https:\/\/www.moskito.cz\/sk\/wp-json\/wp\/v2\/product_cat?post=201286"},{"taxonomy":"product_tag","embeddable":true,"href":"https:\/\/www.moskito.cz\/sk\/wp-json\/wp\/v2\/product_tag?post=201286"}],"curies":[{"name":"wp","href":"https:\/\/api.w.org\/{rel}","templated":true}]}}