{"id":201571,"date":"2021-07-31T21:06:29","date_gmt":"2021-07-31T20:06:29","guid":{"rendered":"https:\/\/www.moskito.cz\/?post_type=product&#038;p=201571"},"modified":"2025-05-07T10:35:13","modified_gmt":"2025-05-07T09:35:13","slug":"zaviraci-nuz-crkt-jettison","status":"publish","type":"product","link":"https:\/\/www.moskito.cz\/sk\/produkt\/zaviraci-nuz-crkt-jettison\/","title":{"rendered":"Zav\u00edrac\u00ed N\u016f\u017e CRKT JETTISON"},"content":{"rendered":"<div class=\"flex-1 overflow-hidden @container\/thread\">\n<div class=\"h-full\">\n<div class=\"react-scroll-to-bottom--css-vxybp-79elbk h-full\">\n<div class=\"react-scroll-to-bottom--css-vxybp-1n7m0yu\">\n<div class=\"flex flex-col text-sm md:pb-9\">\n<article class=\"w-full scroll-mb-[var(--thread-trailing-height,150px)] text-token-text-primary focus-visible:outline-2 focus-visible:outline-offset-[-4px]\" dir=\"auto\" data-testid=\"conversation-turn-425\" data-scroll-anchor=\"true\">\n<div class=\"m-auto text-base py-[18px] px-3 md:px-4 w-full md:px-5 lg:px-4 xl:px-5\">\n<div class=\"mx-auto flex flex-1 gap-4 text-base md:gap-5 lg:gap-6 md:max-w-3xl\">\n<div class=\"group\/conversation-turn relative flex w-full min-w-0 flex-col agent-turn\">\n<div class=\"flex-col gap-1 md:gap-3\">\n<div class=\"flex max-w-full flex-col flex-grow\">\n<div class=\"min-h-8 text-message flex w-full flex-col items-end gap-2 whitespace-normal break-words text-start [.text-message+&amp;]:mt-5\" dir=\"auto\" data-message-author-role=\"assistant\" data-message-id=\"f4acfdce-6e00-4eba-b9b1-7fb13a354f23\" data-message-model-slug=\"gpt-4o-mini\">\n<div class=\"flex w-full flex-col gap-1 empty:hidden first:pt-[3px]\">\n<div class=\"markdown prose w-full break-words dark:prose-invert light\">\n<p><strong>Zav\u00edrac\u00ed N\u016f\u017e CRKT Jettison<\/strong> je <strong>elegantn\u00ed a v\u00fdkonn\u00fd<\/strong> n\u00e1stroj pro ka\u017edodenn\u00ed no\u0161en\u00ed (EDC), kter\u00fd je navr\u017een tak, aby spolehliv\u011b slou\u017eil v ka\u017edodenn\u00edm \u017eivot\u011b, a p\u0159itom m\u011bl <strong>siln\u00e9 d\u011bdictv\u00ed<\/strong> v tradi\u010dn\u00edm no\u017e\u00e1\u0159sk\u00e9m \u0159emesle. Tento n\u016f\u017e je od sv\u00e9ho designu a\u017e po konstrukci zt\u011blesn\u011bn\u00edm <strong>efektivity, kvality a stylu<\/strong>.<\/p>\n<h3><strong>Vlastnosti a V\u00fdhody:<\/strong><\/h3>\n<h4><strong>1. Design a Ergonomie:<\/strong><\/h4>\n<ul>\n<li><strong>R\u00e1mov\u00fd z\u00e1mek (Frame Lock):<\/strong> Tento n\u016f\u017e je vybaven <strong>r\u00e1mov\u00fdm z\u00e1mkem<\/strong>, co\u017e je jeden z nejbezpe\u010dn\u011bj\u0161\u00edch a nejodoln\u011bj\u0161\u00edch z\u00e1mkov\u00fdch mechanism\u016f u skl\u00e1dac\u00edch no\u017e\u016f. Udr\u017euje \u010depel pevn\u011b na m\u00edst\u011b, kdy\u017e je otev\u0159en\u00e1, a poskytuje vysokou \u00farove\u0148 <strong>bezpe\u010dnosti<\/strong> p\u0159i pou\u017e\u00edv\u00e1n\u00ed.<\/li>\n<li><strong>Ergonomick\u00fd design:<\/strong> Rukoje\u0165 je navr\u017eena tak, aby poskytovala <strong>komfortn\u00ed uchopen\u00ed<\/strong>, i p\u0159i del\u0161\u00edm pou\u017e\u00edv\u00e1n\u00ed. Je vyroben\u00e1 z <strong>nerezov\u00e9 oceli<\/strong> s <strong>stonewash povrchovou \u00fapravou<\/strong>, kter\u00e1 nejen\u017ee zaji\u0161\u0165uje <strong>vysokou odolnost<\/strong> proti po\u0161kr\u00e1b\u00e1n\u00ed, ale tak\u00e9 dod\u00e1v\u00e1 no\u017ei <strong>estetick\u00fd vzhled<\/strong>, kter\u00fd je odoln\u00fd proti opot\u0159eben\u00ed.<\/li>\n<\/ul>\n<h4><strong>2. Mechanismus a Otev\u00edr\u00e1n\u00ed:<\/strong><\/h4>\n<ul>\n<li><strong>Snadn\u00e9 otev\u0159en\u00ed:<\/strong> Tento n\u016f\u017e m\u00e1 <strong>flipper<\/strong>, co\u017e umo\u017e\u0148uje rychl\u00e9 otev\u0159en\u00ed no\u017ee jednou rukou. Je to pohodln\u00e9 pro ty, kte\u0159\u00ed pot\u0159ebuj\u00ed n\u016f\u017e okam\u017eit\u011b, bez zbyte\u010dn\u00e9ho zdr\u017eov\u00e1n\u00ed.<\/li>\n<li><strong>R\u00e1mov\u00fd z\u00e1mek pro stabilitu:<\/strong> R\u00e1mov\u00fd z\u00e1mek (frame lock) zaji\u0161\u0165uje, \u017ee \u010depel je b\u011bhem pou\u017e\u00edv\u00e1n\u00ed bezpe\u010dn\u011b uzam\u010dena. Tento syst\u00e9m je zn\u00e1m\u00fd pro svou <strong>spolehlivost<\/strong> a <strong>trvanlivost<\/strong>.<\/li>\n<\/ul>\n<h4><strong>3. \u010cepel a Jej\u00ed V\u00fdkon:<\/strong><\/h4>\n<ul>\n<li><strong>Sheepsfoot \u010cepel:<\/strong> \u010cepel ve stylu <strong>sheepsfoot<\/strong> je ide\u00e1ln\u00ed pro p\u0159esn\u00e9 \u0159ez\u00e1n\u00ed a pou\u017e\u00edv\u00e1 se na \u00fakoly, kter\u00e9 vy\u017eaduj\u00ed kontrolovan\u00e9 a stabiln\u00ed \u0159ez\u00e1n\u00ed bez rizika bodnut\u00ed. Tento tvar je obl\u00edben\u00fd pro \u0159ez\u00e1n\u00ed obal\u016f, pap\u00edru nebo pro <strong>precizn\u00ed \u0159ez\u00e1n\u00ed<\/strong> v t\u011bsn\u00fdch prostor\u00e1ch.<\/li>\n<li><strong>Ocel 8Cr13MoV:<\/strong> \u010cepel je vyrobena z <strong>nerezov\u00e9 oceli 8Cr13MoV<\/strong>, kter\u00e1 je zn\u00e1m\u00e1 pro svou vyv\u00e1\u017eenost mezi <strong>tvrdost\u00ed<\/strong>, <strong>odolnost\u00ed v\u016f\u010di korozi<\/strong> a schopnost\u00ed <strong>udr\u017eet ost\u0159\u00ed<\/strong>. Tato ocel je ide\u00e1ln\u00ed pro ka\u017edodenn\u00ed pou\u017eit\u00ed, snadno se brous\u00ed a je <strong>odoln\u00e1 proti opot\u0159eben\u00ed<\/strong>.<\/li>\n<li><strong>Sat\u00e9nov\u00e9 dokon\u010den\u00ed:<\/strong> \u010cepel je pokryta <strong>sat\u00e9nov\u00fdm povrchem<\/strong>, kter\u00fd j\u00ed dod\u00e1v\u00e1 elegantn\u00ed vzhled, zat\u00edmco z\u00e1rove\u0148 zaji\u0161\u0165uje, \u017ee \u010depel bude odoln\u00e1 v\u016f\u010di korozi a po\u0161kr\u00e1b\u00e1n\u00ed. Tento povrch je tak\u00e9 <strong>snadno udr\u017eovateln\u00fd<\/strong>.<\/li>\n<\/ul>\n<h4><strong>4. Lehkost a Odolnost:<\/strong><\/h4>\n<ul>\n<li><strong>Stabiln\u00ed, ale lehk\u00fd:<\/strong> I kdy\u017e je tento n\u016f\u017e postaven\u00fd z odoln\u00fdch materi\u00e1l\u016f, v\u00e1\u017e\u00ed pouze <strong>4,50 oz (127,57 g)<\/strong>, co\u017e z n\u011bj \u010din\u00ed <strong>relativn\u011b lehk\u00fd n\u016f\u017e<\/strong>, vhodn\u00fd pro no\u0161en\u00ed v kapse bez toho, aby p\u016fsobil t\u011b\u017ekop\u00e1dn\u011b nebo neprakticky.<\/li>\n<li><strong>Odolnost:<\/strong> Rukoje\u0165 z <strong>nerezov\u00e9 oceli<\/strong> je odoln\u00e1 a m\u00e1 dlouhou \u017eivotnost. <strong>Stonewash \u00faprava<\/strong> zaji\u0161\u0165uje, \u017ee n\u016f\u017e je chr\u00e1n\u011bn p\u0159ed po\u0161kr\u00e1b\u00e1n\u00edm a z\u016fst\u00e1v\u00e1 <strong>funk\u010dn\u00ed i p\u0159i \u010dast\u00e9m pou\u017e\u00edv\u00e1n\u00ed<\/strong>.<\/li>\n<\/ul>\n<h4><strong>5. Mo\u017enosti No\u0161en\u00ed:<\/strong><\/h4>\n<ul>\n<li><strong>Komfortn\u00ed p\u0159enos:<\/strong> N\u016f\u017e je vhodn\u00fd pro ka\u017edodenn\u00ed no\u0161en\u00ed a lze jej pohodln\u011b nosit v kapse nebo p\u0159ipevnit na opasek d\u00edky designu a rozm\u011br\u016fm, kter\u00e9 umo\u017e\u0148uj\u00ed snadnou manipulaci.<\/li>\n<\/ul>\n<h3><strong>Specifikace:<\/strong><\/h3>\n<ul>\n<li><strong>D\u00e9lka \u010depele:<\/strong> 3,26 palce (82,80 mm)<\/li>\n<li><strong>Celkov\u00e1 d\u00e9lka:<\/strong> 7,75 palce (196,85 mm)<\/li>\n<li><strong>Zav\u0159en\u00e1 d\u00e9lka:<\/strong> 4,52 palce (114,83 mm)<\/li>\n<li><strong>Tlou\u0161\u0165ka \u010depele:<\/strong> 0,20 palce (3,20 mm)<\/li>\n<li><strong>Ocel:<\/strong> 8Cr13MoV<\/li>\n<li><strong>Dokon\u010den\u00ed \u010depele:<\/strong> Sat\u00e9n<\/li>\n<li><strong>Hmotnost:<\/strong> 4,50 oz (127,57 g)<\/li>\n<li><strong>Rukoje\u0165:<\/strong> Nerezov\u00e1 ocel s Stonewash \u00fapravou<\/li>\n<li><strong>Styl:<\/strong> Skl\u00e1dac\u00ed n\u016f\u017e s r\u00e1mov\u00fdm z\u00e1mkem<\/li>\n<li>D\u00edky sv\u00e9 kompaktn\u00ed velikosti, robustn\u00ed \u010depeli a bezpe\u010dn\u00e9mu z\u00e1mku je tento n\u016f\u017e univerz\u00e1ln\u00edm n\u00e1strojem, kter\u00fd m\u016f\u017ee slou\u017eit v \u0161irok\u00e9m spektru situac\u00ed. Zde je n\u011bkolik p\u0159\u00edklad\u016f, na co se d\u00e1 pou\u017e\u00edt:\n<p>1. Otev\u00edr\u00e1n\u00ed obal\u016f a krabic:<br \/>\nD\u00edky sv\u00e9 sheepsfoot \u010depeli je Jettison ide\u00e1ln\u00ed pro \u0159ez\u00e1n\u00ed obalov\u00fdch materi\u00e1l\u016f, jako jsou plastov\u00e9 obaly, kartonov\u00e9 krabice, bublinkov\u00e1 folie a jin\u00e9 podobn\u00e9 materi\u00e1ly. Tento tvar \u010depele zaji\u0161\u0165uje, \u017ee \u0159ez\u00e1n\u00ed je precizn\u00ed a bezpe\u010dn\u00e9, bez rizika ne\u00famysln\u00e9ho bodnut\u00ed do obsahu obalu.<\/p>\n<p>2. \u0158ez\u00e1n\u00ed prov\u00e1zk\u016f, p\u00e1sk\u016f a kabel\u016f:<br \/>\nTento n\u016f\u017e se hod\u00ed na \u0159ez\u00e1n\u00ed r\u016fzn\u00fdch materi\u00e1l\u016f, jako jsou prov\u00e1zky, lanka, p\u00e1sky a podobn\u00e9 p\u0159edm\u011bty. Je tak\u00e9 skv\u00e9l\u00e9 pro odstra\u0148ov\u00e1n\u00ed zbyte\u010dn\u00fdch \u010d\u00e1st\u00ed na balen\u00fdch produktech nebo p\u0159i \u00fadr\u017eb\u011b vybaven\u00ed.<\/p>\n<p>3. P\u0159\u00edprava j\u00eddla:<br \/>\nA\u010dkoliv tento n\u016f\u017e nen\u00ed ur\u010den pro v\u00e1\u017en\u00e9 kucha\u0159sk\u00e9 \u00fakoly, d\u00edky ostr\u00e9 \u010depeli m\u016f\u017ee b\u00fdt u\u017eite\u010dn\u00fd p\u0159i p\u0159\u00edprav\u011b j\u00eddla na venkovn\u00edch akc\u00edch, nap\u0159. kr\u00e1jen\u00ed ovoce, otv\u00edr\u00e1n\u00ed plechovek nebo \u0159ez\u00e1n\u00ed sal\u00e1m\u016f na pikniku.<\/p>\n<p>4. Opravy a \u00fadr\u017eba:<br \/>\nPokud prov\u00e1d\u00edte men\u0161\u00ed opravy nebo \u00fadr\u017ebu v ter\u00e9nu, tento n\u016f\u017e v\u00e1m pom\u016f\u017ee s \u0159e\u017ebou kabel\u016f, st\u0159\u00edh\u00e1n\u00edm textili\u00ed, nebo i s z\u00e1kladn\u00edmi \u0159ezac\u00edmi \u00fakony p\u0159i pr\u00e1ci s r\u016fzn\u00fdmi materi\u00e1ly.<\/p>\n<p>5. \u0158ez\u00e1n\u00ed pap\u00edru a plast\u016f:<br \/>\n\u010cepel tohoto no\u017ee je ide\u00e1ln\u00ed na \u0159ez\u00e1n\u00ed pap\u00edru, plastov\u00fdch f\u00f3li\u00ed, etiket nebo plastov\u00fdch obal\u016f. Je to n\u00e1stroj, kter\u00fd m\u016f\u017ee b\u00fdt u\u017eite\u010dn\u00fd nap\u0159\u00edklad p\u0159i pr\u00e1ci v kancel\u00e1\u0159i nebo p\u0159i pr\u00e1ci s produkty, kter\u00e9 maj\u00ed plastov\u00e9 nebo pap\u00edrov\u00e9 obaly.<\/p>\n<p>6. Sb\u011br a \u00fadr\u017eba vybaven\u00ed:<br \/>\nPokud se nach\u00e1z\u00edte v p\u0159\u00edrod\u011b nebo na kempov\u00e1n\u00ed, m\u016f\u017ee b\u00fdt n\u016f\u017e u\u017eite\u010dn\u00fd na o\u0159ez\u00e1v\u00e1n\u00ed v\u011btvi\u010dek, kr\u00e1jen\u00ed mal\u00fdch kus\u016f d\u0159eva pro ohe\u0148 nebo \u00fadr\u017ebu va\u0161eho vybaven\u00ed (nap\u0159. nastaven\u00ed stan\u016f nebo \u00faprava drobn\u00fdch sou\u010d\u00e1st\u00ed vybaven\u00ed).<\/p>\n<p>7. Nouzov\u00e9 situace:<br \/>\nI kdy\u017e nen\u00ed prim\u00e1rn\u011b ur\u010den pro taktick\u00e9 nebo z\u00e1chrann\u00e9 \u00fa\u010dely, n\u016f\u017e m\u016f\u017ee b\u00fdt u\u017eite\u010dn\u00fd v nouzov\u00fdch situac\u00edch k \u0159ez\u00e1n\u00ed bezpe\u010dnostn\u00edch p\u00e1s\u016f, otev\u0159en\u00ed kryt\u00ed v p\u0159\u00edpad\u011b nehody nebo pro p\u0159\u00edstup k zape\u010det\u011bn\u00fdm oblastem (nap\u0159. pokud je pot\u0159eba rychle dostat k d\u016fle\u017eit\u00fdm dokument\u016fm nebo p\u0159edm\u011bt\u016fm).<\/p>\n<p>8. Oprava a \u00fadr\u017eba auta:<br \/>\nN\u016f\u017e m\u016f\u017ee b\u00fdt u\u017eite\u010dn\u00fd i p\u0159i \u00fadr\u017eb\u011b auta nebo men\u0161\u00edch opravn\u00fdch prac\u00edch, nap\u0159. \u0159ez\u00e1n\u00ed gumy, od\u0159ez\u00e1v\u00e1n\u00ed kabel\u016f nebo st\u0159\u00edh\u00e1n\u00ed izola\u010dn\u00ed p\u00e1sky.<\/p>\n<p>Pro\u010d je CRKT Jettison skv\u011blou volbou pro EDC?<br \/>\nKompaktn\u00ed velikost: Vzhledem k tomu, \u017ee m\u00e1 kompaktn\u00ed a lehkou konstrukci, n\u016f\u017e je ide\u00e1ln\u00ed pro ka\u017edodenn\u00ed no\u0161en\u00ed, ani\u017e by byl p\u0159\u00edli\u0161 t\u011b\u017ek\u00fd nebo objemn\u00fd.<br \/>\nBezpe\u010dnost: R\u00e1mov\u00fd z\u00e1mek a sheepsfoot \u010depel zaji\u0161\u0165uj\u00ed bezpe\u010dn\u00e9 a efektivn\u00ed pou\u017eit\u00ed.<br \/>\nV\u0161estrannost: D\u00edky \u0161irok\u00e9mu spektru pou\u017eit\u00ed je skv\u00e9l\u00e9 pro ka\u017ed\u00e9ho, kdo hled\u00e1 spolehliv\u00fd n\u00e1stroj pro ka\u017edodenn\u00ed \u00fakoly.<\/li>\n<\/ul>\n<h3><strong>Z\u00e1v\u011br:<\/strong><\/h3>\n<p><strong>CRKT Jettison<\/strong> je <strong>elegantn\u00ed a v\u00fdkonn\u00fd<\/strong> n\u016f\u017e, kter\u00fd nab\u00edz\u00ed <strong>vysokou kvalitu<\/strong>, <strong>bezpe\u010dnost<\/strong> a <strong>kompaktn\u00ed design<\/strong> pro ka\u017edodenn\u00ed pou\u017eit\u00ed. Jeho <strong>r\u00e1mov\u00fd z\u00e1mek<\/strong>, <strong>sheepsfoot \u010depel<\/strong> a <strong>odoln\u00e9 materi\u00e1ly<\/strong> z n\u011bj \u010din\u00ed ide\u00e1ln\u00ed volbu pro ty, kte\u0159\u00ed hledaj\u00ed <strong>spolehliv\u00fd n\u00e1stroj<\/strong> pro \u0159ez\u00e1n\u00ed, otev\u00edr\u00e1n\u00ed obal\u016f nebo jin\u00e9 b\u011b\u017en\u00e9 \u00fakoly. D\u00edky <strong>lehk\u00e9 v\u00e1ze<\/strong> a <strong>kompaktn\u00edm rozm\u011br\u016fm<\/strong> je tento n\u016f\u017e skv\u011bl\u00fd pro ka\u017edodenn\u00ed no\u0161en\u00ed, ani\u017e by byl t\u011b\u017ekop\u00e1dn\u00fd.<\/p>\n<p>Pokud hled\u00e1te <strong>elegantn\u00ed<\/strong>, ale <strong>siln\u00fd<\/strong> n\u016f\u017e pro ka\u017edodenn\u00ed pou\u017eit\u00ed s <strong>vysokou bezpe\u010dnost\u00ed<\/strong> a <strong>snadnou \u00fadr\u017ebou<\/strong>, <strong>CRKT Jettison<\/strong> je vynikaj\u00edc\u00ed volbou.<\/p>\n<\/div>\n<\/div>\n<\/div>\n<\/div>\n<\/div>\n<div class=\"absolute\">\n<div class=\"flex items-center justify-center\"><\/div>\n<\/div>\n<\/div>\n<\/div>\n<\/div>\n<\/article>\n<\/div>\n<\/div>\n<\/div>\n<\/div>\n<\/div>\n<div class=\"md:pt-0 dark:border-white\/20 md:border-transparent md:dark:border-transparent w-full\">\n<div>\n<div class=\"m-auto text-base px-3 md:px-4 w-full md:px-5 lg:px-4 xl:px-5\">\n<div class=\"mx-auto flex flex-1 gap-4 text-base md:gap-5 lg:gap-6 md:max-w-3xl\">\n<form class=\"w-full\" aria-haspopup=\"dialog\" aria-expanded=\"false\" aria-controls=\"radix-:r10e:\" data-state=\"closed\">\n<div class=\"relative flex h-full max-w-full flex-1 flex-col\">\n<div class=\"group relative flex w-full items-center\">\n<div class=\"w-full\">\n<div id=\"composer-background\" class=\"flex w-full cursor-text flex-col rounded-3xl px-2.5 py-1 transition-colors contain-inline-size bg-[#f4f4f4] dark:bg-token-main-surface-secondary\">\n<div class=\"flex min-h-[44px] items-start pl-2\">\n<div class=\"min-w-0 max-w-full flex-1\">\n<div class=\"_prosemirror-parent_cy42l_1 text-token-text-primary max-h-[25dvh] max-h-52 overflow-auto default-browser\">\n<div id=\"prompt-textarea\" class=\"ProseMirror\" contenteditable=\"true\" translate=\"no\" data-virtualkeyboard=\"true\"><\/div>\n<\/div>\n<\/div>\n<\/div>\n<\/div>\n<\/div>\n<\/div>\n<\/div>\n<\/form>\n<\/div>\n<\/div>\n<\/div>\n<\/div>\n","protected":false},"excerpt":{"rendered":"<p><strong>CRKT Jettison je elegantn\u00ed a v\u00fdkonn\u00fd n\u016f\u017e, kter\u00fd nab\u00edz\u00ed vysokou kvalitu, bezpe\u010dnost a kompaktn\u00ed design pro ka\u017edodenn\u00ed pou\u017eit\u00ed. Jeho r\u00e1mov\u00fd z\u00e1mek, sheepsfoot \u010depel a odoln\u00e9 materi\u00e1ly z n\u011bj \u010din\u00ed ide\u00e1ln\u00ed volbu pro ty, kte\u0159\u00ed hledaj\u00ed spolehliv\u00fd n\u00e1stroj pro \u0159ez\u00e1n\u00ed, otev\u00edr\u00e1n\u00ed obal\u016f nebo jin\u00e9 b\u011b\u017en\u00e9 \u00fakoly. D\u00edky lehk\u00e9 v\u00e1ze a kompaktn\u00edm rozm\u011br\u016fm je tento n\u016f\u017e skv\u011bl\u00fd pro ka\u017edodenn\u00ed no\u0161en\u00ed, ani\u017e by byl t\u011b\u017ekop\u00e1dn\u00fd.<\/strong><\/p>\n<p><strong>Pokud hled\u00e1te elegantn\u00ed, ale siln\u00fd n\u016f\u017e pro ka\u017edodenn\u00ed pou\u017eit\u00ed s vysokou bezpe\u010dnost\u00ed a snadnou \u00fadr\u017ebou, CRKT Jettison je vynikaj\u00edc\u00ed volbou.<\/strong><\/p>\n","protected":false},"featured_media":201572,"comment_status":"open","ping_status":"closed","template":"","meta":[],"pwb-brand":[209],"product_brand":[],"product_cat":[22,17],"product_tag":[3667],"class_list":{"0":"post-201571","1":"product","2":"type-product","3":"status-publish","4":"has-post-thumbnail","6":"pwb-brand-crkt","7":"product_cat-zaviraci-noze","8":"product_cat-noze","9":"product_tag-b2b","11":"first","12":"instock","13":"taxable","14":"shipping-taxable","15":"purchasable","16":"product-type-simple"},"brands":[{"id":209,"name":"CRKT","slug":"crkt"}],"_links":{"self":[{"href":"https:\/\/www.moskito.cz\/sk\/wp-json\/wp\/v2\/product\/201571","targetHints":{"allow":["GET"]}}],"collection":[{"href":"https:\/\/www.moskito.cz\/sk\/wp-json\/wp\/v2\/product"}],"about":[{"href":"https:\/\/www.moskito.cz\/sk\/wp-json\/wp\/v2\/types\/product"}],"replies":[{"embeddable":true,"href":"https:\/\/www.moskito.cz\/sk\/wp-json\/wp\/v2\/comments?post=201571"}],"wp:featuredmedia":[{"embeddable":true,"href":"https:\/\/www.moskito.cz\/sk\/wp-json\/wp\/v2\/media\/201572"}],"wp:attachment":[{"href":"https:\/\/www.moskito.cz\/sk\/wp-json\/wp\/v2\/media?parent=201571"}],"wp:term":[{"taxonomy":"pwb-brand","embeddable":true,"href":"https:\/\/www.moskito.cz\/sk\/wp-json\/wp\/v2\/pwb-brand?post=201571"},{"taxonomy":"product_brand","embeddable":true,"href":"https:\/\/www.moskito.cz\/sk\/wp-json\/wp\/v2\/product_brand?post=201571"},{"taxonomy":"product_cat","embeddable":true,"href":"https:\/\/www.moskito.cz\/sk\/wp-json\/wp\/v2\/product_cat?post=201571"},{"taxonomy":"product_tag","embeddable":true,"href":"https:\/\/www.moskito.cz\/sk\/wp-json\/wp\/v2\/product_tag?post=201571"}],"curies":[{"name":"wp","href":"https:\/\/api.w.org\/{rel}","templated":true}]}}