{"id":201767,"date":"2021-08-02T21:19:27","date_gmt":"2021-08-02T20:19:27","guid":{"rendered":"https:\/\/www.moskito.cz\/?post_type=product&#038;p=201767"},"modified":"2025-05-07T10:35:16","modified_gmt":"2025-05-07T09:35:16","slug":"zaviraci-nuz-mtech-xtreme-karambit-hawkbill","status":"publish","type":"product","link":"https:\/\/www.moskito.cz\/sk\/produkt\/zaviraci-nuz-mtech-xtreme-karambit-hawkbill\/","title":{"rendered":"Zav\u00edrac\u00ed N\u016f\u017e MTech Xtreme Karambit Hawkbill"},"content":{"rendered":"<p>Zav\u00edrac\u00ed N\u016f\u017e <strong>MTech Xtreme<\/strong> Karambit Hawkbill.<\/p>\n<pre id=\"tw-target-text\" class=\"tw-data-text tw-text-large XcVN5d tw-ta\" dir=\"ltr\" data-placeholder=\"P\u0159eklad\"><span class=\"Y2IQFc\" lang=\"cs\">Dvoubarevn\u00e1 povrchov\u00e1 \u00faprava \u010d\u00e1ste\u010dn\u011b zoubkovan\u00e1 nerezov\u00e1 \u010depele 440C.<\/span><\/pre>\n<p>D\u00e9lka \u010depele je 9 cm,kapesn\u00ed klip.<\/p>\n<p>&nbsp;<\/p>\n","protected":false},"excerpt":{"rendered":"<p>Zav\u00edrac\u00ed n\u016f\u017e s pojistkou a klipem na no\u0161en\u00ed.<\/p>\n","protected":false},"featured_media":201768,"comment_status":"open","ping_status":"closed","template":"","meta":[],"pwb-brand":[458],"product_brand":[],"product_cat":[2062,17],"product_tag":[],"class_list":{"0":"post-201767","1":"product","2":"type-product","3":"status-publish","4":"has-post-thumbnail","6":"pwb-brand-mtech-xtreme","7":"product_cat-karambity","8":"product_cat-noze","10":"first","11":"outofstock","12":"taxable","13":"shipping-taxable","14":"purchasable","15":"product-type-simple"},"brands":[{"id":458,"name":"MTech Xtreme","slug":"mtech-xtreme"}],"_links":{"self":[{"href":"https:\/\/www.moskito.cz\/sk\/wp-json\/wp\/v2\/product\/201767","targetHints":{"allow":["GET"]}}],"collection":[{"href":"https:\/\/www.moskito.cz\/sk\/wp-json\/wp\/v2\/product"}],"about":[{"href":"https:\/\/www.moskito.cz\/sk\/wp-json\/wp\/v2\/types\/product"}],"replies":[{"embeddable":true,"href":"https:\/\/www.moskito.cz\/sk\/wp-json\/wp\/v2\/comments?post=201767"}],"wp:featuredmedia":[{"embeddable":true,"href":"https:\/\/www.moskito.cz\/sk\/wp-json\/wp\/v2\/media\/201768"}],"wp:attachment":[{"href":"https:\/\/www.moskito.cz\/sk\/wp-json\/wp\/v2\/media?parent=201767"}],"wp:term":[{"taxonomy":"pwb-brand","embeddable":true,"href":"https:\/\/www.moskito.cz\/sk\/wp-json\/wp\/v2\/pwb-brand?post=201767"},{"taxonomy":"product_brand","embeddable":true,"href":"https:\/\/www.moskito.cz\/sk\/wp-json\/wp\/v2\/product_brand?post=201767"},{"taxonomy":"product_cat","embeddable":true,"href":"https:\/\/www.moskito.cz\/sk\/wp-json\/wp\/v2\/product_cat?post=201767"},{"taxonomy":"product_tag","embeddable":true,"href":"https:\/\/www.moskito.cz\/sk\/wp-json\/wp\/v2\/product_tag?post=201767"}],"curies":[{"name":"wp","href":"https:\/\/api.w.org\/{rel}","templated":true}]}}