{"id":203144,"date":"2021-08-11T20:27:28","date_gmt":"2021-08-11T19:27:28","guid":{"rendered":"https:\/\/www.moskito.cz\/?post_type=product&#038;p=203144"},"modified":"2025-05-07T10:35:31","modified_gmt":"2025-05-07T09:35:31","slug":"pevny-nuz-weknife-reazio-2","status":"publish","type":"product","link":"https:\/\/www.moskito.cz\/sk\/produkt\/pevny-nuz-weknife-reazio-2\/","title":{"rendered":"Pevn\u00fd N\u016f\u017e WEKNIFE Reazio"},"content":{"rendered":"<p>Pevn\u00fd N\u016f\u017e <strong>WEKNIFE<\/strong> Reazio.<\/p>\n<p>Celkov\u00e1 d\u00e9lka: 8,76 &#8222;(222,5 mm)<\/p>\n<p>D\u00e9lka \u010depele: 4,15 &#8222;(105,3 mm)<\/p>\n<p>Tlou\u0161\u0165ka \u010depele: 0,16 palce (4 mm)<\/p>\n<p>Materi\u00e1l \u010depele: CPM 20CV<\/p>\n<p>Tvrdost \u010depele: HRC59-61<\/p>\n<p>Blade Grind: Compound<\/p>\n<p>Povrchov\u00e1 \u00faprava \u010depele: Black Stonewashed<\/p>\n<p>D\u00e9lka rukojeti: 4,61 \u201d(117,2 mm)<\/p>\n<p>Celkov\u00e1 tlou\u0161\u0165ka rukojeti: 0,47 \u201d(12 mm)<\/p>\n<p>Materi\u00e1l rukojeti: drcen\u00e9 uhl\u00edkov\u00e9 vl\u00e1kno<\/p>\n<p>\u0160rouby: 6AL4V titan<\/p>\n<p>Pl\u00e1\u0161\u0165: \u010cern\u00fd pl\u00e1\u0161\u0165 Kydex<\/p>\n<p>Klip: Tek Lock<\/p>\n<p>Hmotnost: 104,5 g \/ 3,69 oz<\/p>\n<p>Navrhl Toni Tietzel<\/p>\n<p>Spole\u010dnost\u00a0<strong>WE Knife<\/strong>\u00a0Co., Ltd. (WE), byla zalo\u017een\u00e1 v roce 2000, aby poskytovala OEM v\u00fdrobn\u00ed slu\u017eby n\u011bkter\u00fdm z p\u0159edn\u00edch jmen v no\u017e\u00ed\u0159sk\u00e9m pr\u016fmyslu, se brzy rozrostla v jednoho z nejv\u011bt\u0161\u00edch \u010d\u00ednsk\u00fdch v\u00fdrobc\u016f kvalitn\u00edch no\u017e\u016f a n\u00e1stroj\u016f.<\/p>\n<p>S vyu\u017eit\u00edm na\u0161ich znalost\u00ed a zku\u0161enost\u00ed OEM s na\u0161\u00ed histori\u00ed a pov\u011bst\u00ed p\u0159i poskytov\u00e1n\u00ed vysoce kvalitn\u00edch produkt\u016f byla zna\u010dka a produktov\u00e1 \u0159ada WE Knife p\u016fvodn\u011b uvedena na trh v roce 2016 a pot\u00e9 n\u00e1sledovala nep\u0159etr\u017eit\u00fd a st\u00e1l\u00fd proud \u010derstv\u00fdch a inovativn\u00edch design\u016f.<\/p>\n<p>A\u0165 u\u017e je generov\u00e1n na\u0161\u00edm intern\u00edm t\u00fdmem v\u00fdzkumu a v\u00fdvoje nebo spole\u010dn\u00fdm \u00fasil\u00edm s pr\u016fmyslovou ikonou, ka\u017ed\u00fd design WE Knife je vyroben ze \u0161pi\u010dkov\u00fdch materi\u00e1l\u016f, nejnov\u011bj\u0161\u00ed v\u00fdrobn\u00ed technologie a pe\u010dliv\u00e9 a nekompromisn\u00ed kontroly kvality.<\/p>\n<p>Filozofie WE v\u017edy kladla kvalitu produkt\u016f jako \u017eivot zna\u010dky a inovace designu jako hnac\u00ed s\u00edlu jej\u00edho r\u016fstu. Na\u0161\u00edm c\u00edlem je poskytnout na\u0161im z\u00e1kazn\u00edk\u016fm hodnotu a hrdost na vlastnictv\u00ed produkt\u016f, kter\u00e9 dob\u0159e vypadaj\u00ed, dob\u0159e funguj\u00ed a je radost je pou\u017e\u00edvat.<\/p>\n<p>Na\u0161i filozofii, c\u00edl a pov\u011bst lze nejl\u00e9pe popsat a shrnout podle hesla spole\u010dnosti WE:\u201c<strong>MADE BETTER<\/strong>\u201d.<\/p>\n","protected":false},"excerpt":{"rendered":"<p>Spole\u010dnost\u00a0<strong>WE Knife<\/strong>\u00a0p\u016fsob\u00ed na trhu ji\u017e v\u00edce ne\u017e 20 let a po celou dobu vyr\u00e1b\u00ed nejkvalitn\u011bj\u0161\u00ed a nejrozmanit\u011bj\u0161\u00ed no\u017ee.<\/p>\n","protected":false},"featured_media":203145,"comment_status":"open","ping_status":"closed","template":"","meta":[],"pwb-brand":[1819],"product_brand":[],"product_cat":[23,17],"product_tag":[],"class_list":{"0":"post-203144","1":"product","2":"type-product","3":"status-publish","4":"has-post-thumbnail","6":"pwb-brand-we-knife","7":"product_cat-pevne-noze","8":"product_cat-noze","10":"first","11":"instock","12":"taxable","13":"shipping-taxable","14":"purchasable","15":"product-type-simple"},"brands":[{"id":1819,"name":"WE Knife","slug":"we-knife"}],"_links":{"self":[{"href":"https:\/\/www.moskito.cz\/sk\/wp-json\/wp\/v2\/product\/203144","targetHints":{"allow":["GET"]}}],"collection":[{"href":"https:\/\/www.moskito.cz\/sk\/wp-json\/wp\/v2\/product"}],"about":[{"href":"https:\/\/www.moskito.cz\/sk\/wp-json\/wp\/v2\/types\/product"}],"replies":[{"embeddable":true,"href":"https:\/\/www.moskito.cz\/sk\/wp-json\/wp\/v2\/comments?post=203144"}],"wp:featuredmedia":[{"embeddable":true,"href":"https:\/\/www.moskito.cz\/sk\/wp-json\/wp\/v2\/media\/203145"}],"wp:attachment":[{"href":"https:\/\/www.moskito.cz\/sk\/wp-json\/wp\/v2\/media?parent=203144"}],"wp:term":[{"taxonomy":"pwb-brand","embeddable":true,"href":"https:\/\/www.moskito.cz\/sk\/wp-json\/wp\/v2\/pwb-brand?post=203144"},{"taxonomy":"product_brand","embeddable":true,"href":"https:\/\/www.moskito.cz\/sk\/wp-json\/wp\/v2\/product_brand?post=203144"},{"taxonomy":"product_cat","embeddable":true,"href":"https:\/\/www.moskito.cz\/sk\/wp-json\/wp\/v2\/product_cat?post=203144"},{"taxonomy":"product_tag","embeddable":true,"href":"https:\/\/www.moskito.cz\/sk\/wp-json\/wp\/v2\/product_tag?post=203144"}],"curies":[{"name":"wp","href":"https:\/\/api.w.org\/{rel}","templated":true}]}}