{"id":206284,"date":"2021-10-02T14:44:06","date_gmt":"2021-10-02T13:44:06","guid":{"rendered":"https:\/\/www.moskito.cz\/?post_type=product&#038;p=206284"},"modified":"2026-02-04T11:42:25","modified_gmt":"2026-02-04T10:42:25","slug":"zaviraci-nuz-wenger","status":"publish","type":"product","link":"https:\/\/www.moskito.cz\/sk\/produkt\/zaviraci-nuz-wenger\/","title":{"rendered":"Zav\u00edrac\u00ed N\u016f\u017e Wenger 1 97 01"},"content":{"rendered":"<p>\u0160v\u00fdcarsk\u00e9 no\u017ee WENGER<br \/>\n\u0160v\u00fdcarsk\u00e9 no\u017ee WENGER se za\u010daly vyr\u00e1b\u011bt v roce 1893 v Court\u00e9telle. Hlavn\u00ed \u010d\u00e1st produkce firmy tvo\u0159\u00ed kapesn\u00ed no\u017ee WENGER, kter\u00e9 jsou na prvn\u00ed pohled podobn\u00e9 no\u017e\u016fm VICTORINOX a p\u0159ece odli\u0161n\u00e9. V\u0161echny \u0161v\u00fdcarsk\u00e9 no\u017ee Wenger spojuje excelentn\u00ed d\u00edlensk\u00e9 zpracov\u00e1n\u00ed za pou\u017eit\u00ed jen t\u011bch nejmodern\u011bj\u0161\u00edch a nejkvalitn\u011bj\u0161\u00edch materi\u00e1l\u016f, klasick\u00fd, nest\u00e1rnouc\u00ed vzhled a v\u00fdborn\u00e1 funk\u010dnost. V nab\u00eddce WENGERA m\u016f\u017eeme naj\u00edt no\u017ee WENGER pro ryb\u00e1\u0159e, jachta\u0159e horolezce, turisty, hr\u00e1\u010de golfu, managery, ly\u017ea\u0159e, automobilisty i cyklisty, kter\u00e9 krom\u011b z\u00e1kladn\u00edho vybaven\u00ed obsahuj\u00ed i p\u0159\u00edslu\u0161n\u00e9 speci\u00e1ln\u00ed vybaven\u00ed.<\/p>\n<p>Popis produktu:<br \/>\nn\u016f\u017e s laserov\u00fdm ukazov\u00e1tkem<br \/>\nmultifunk\u010dn\u00ed n\u00e1stroj (ploch\u00fd \u0161roubov\u00e1k, otv\u00edr\u00e1k na lahve, oh\u00fdba\u010d dr\u00e1t\u016f a stahova\u010d izolace)<br \/>\notv\u00edr\u00e1k na konzervy<br \/>\npiln\u00edk na nehty<br \/>\nv\u00fdvrtka<br \/>\nbodec<br \/>\npinzeta<br \/>\np\u00e1r\u00e1tko<br \/>\n\u0159et\u00edzek s krou\u017ekem pro zav\u011b\u0161en\u00ed<br \/>\ndoporu\u010den\u00fd typ pouzdra: 6.068.019.000 (kordura), P-02H (hladk\u00e9 ko\u017een\u00e9), P-02Z (zdoben\u00e9 ko\u017een\u00e9)<br \/>\n\u010cepel 440; 65 mm<\/p>\n<p>St\u0159enka plast; 85 mm<\/p>\n<p>Funkce 14<\/p>\n<p>Barva \u010derven\u00e1<\/p>\n<p>S\u00e9rie<\/p>\n<p>Laser pointer<\/p>\n<p>Baterie 2 x AAAA alkalicka E96 LR61 1,5V<\/p>\n<p>Obsahuje 9 n\u00e1stroj\u016f<\/p>\n","protected":false},"excerpt":{"rendered":"<p>\u0160v\u00fdcarsk\u00fd n\u016f\u017e <strong>WENGER<\/strong>.<\/p>\n","protected":false},"featured_media":206285,"comment_status":"open","ping_status":"closed","template":"","meta":[],"pwb-brand":[698],"product_brand":[],"product_cat":[22,17],"product_tag":[],"class_list":{"0":"post-206284","1":"product","2":"type-product","3":"status-publish","4":"has-post-thumbnail","6":"pwb-brand-wenger","7":"product_cat-zaviraci-noze","8":"product_cat-noze","10":"first","11":"outofstock","12":"taxable","13":"shipping-taxable","14":"purchasable","15":"product-type-simple"},"brands":[{"id":698,"name":"Wenger","slug":"wenger"}],"_links":{"self":[{"href":"https:\/\/www.moskito.cz\/sk\/wp-json\/wp\/v2\/product\/206284","targetHints":{"allow":["GET"]}}],"collection":[{"href":"https:\/\/www.moskito.cz\/sk\/wp-json\/wp\/v2\/product"}],"about":[{"href":"https:\/\/www.moskito.cz\/sk\/wp-json\/wp\/v2\/types\/product"}],"replies":[{"embeddable":true,"href":"https:\/\/www.moskito.cz\/sk\/wp-json\/wp\/v2\/comments?post=206284"}],"wp:featuredmedia":[{"embeddable":true,"href":"https:\/\/www.moskito.cz\/sk\/wp-json\/wp\/v2\/media\/206285"}],"wp:attachment":[{"href":"https:\/\/www.moskito.cz\/sk\/wp-json\/wp\/v2\/media?parent=206284"}],"wp:term":[{"taxonomy":"pwb-brand","embeddable":true,"href":"https:\/\/www.moskito.cz\/sk\/wp-json\/wp\/v2\/pwb-brand?post=206284"},{"taxonomy":"product_brand","embeddable":true,"href":"https:\/\/www.moskito.cz\/sk\/wp-json\/wp\/v2\/product_brand?post=206284"},{"taxonomy":"product_cat","embeddable":true,"href":"https:\/\/www.moskito.cz\/sk\/wp-json\/wp\/v2\/product_cat?post=206284"},{"taxonomy":"product_tag","embeddable":true,"href":"https:\/\/www.moskito.cz\/sk\/wp-json\/wp\/v2\/product_tag?post=206284"}],"curies":[{"name":"wp","href":"https:\/\/api.w.org\/{rel}","templated":true}]}}