{"id":207824,"date":"2021-11-01T15:33:21","date_gmt":"2021-11-01T14:33:21","guid":{"rendered":"https:\/\/www.moskito.cz\/?post_type=product&#038;p=207824"},"modified":"2025-05-07T10:36:10","modified_gmt":"2025-05-07T09:36:10","slug":"vystrelovaci-nuz-templar-knife-premium-lightweight-anodized-bronze","status":"publish","type":"product","link":"https:\/\/www.moskito.cz\/sk\/produkt\/vystrelovaci-nuz-templar-knife-premium-lightweight-anodized-bronze\/","title":{"rendered":"Vyst\u0159elovac\u00ed N\u016f\u017e Templar Knife Premium Lightweight Anodized Bronze"},"content":{"rendered":"<p>Odpov\u011b\u010f je ano, to jsou no\u017ee, kter\u00e9 hled\u00e1te. Kapesn\u00ed n\u016f\u017e je u\u017eite\u010dn\u00fd n\u00e1stroj, kter\u00fd by mohl b\u00fdt \u017eivotaschopn\u00fd v situac\u00edch sebeobrany, situace p\u0159e\u017eit\u00ed, situace prvn\u00ed pomoci nebo n\u011b\u010deho tak jednoduch\u00e9ho, jako je otev\u0159en\u00ed bal\u00ed\u010dku UPS na prahu dve\u0159\u00ed. Pravdou je, \u017ee v\u0161ichni bychom m\u011bli nosit n\u016f\u017e a nic nen\u00ed prakti\u010dt\u011bj\u0161\u00ed ne\u017e Templ\u00e1\u0159sk\u00fd n\u016f\u017e. Kdy\u017e stisknu tla\u010d\u00edtko pro uvoln\u011bn\u00ed \u010depele a sleduji, jak dob\u0159e vyroben\u00e1 \u010depel okam\u017eit\u011b zas\u00e1hne, p\u0159ipad\u00e1m si jako Jedi. Nejen, \u017ee je to praktick\u00e9 a cool, ale je to i bezpe\u010dn\u00e9. No\u017ee maj\u00ed bezpe\u010dnostn\u00ed prvky, kter\u00e9 zabr\u00e1n\u00ed tomu, aby \u010depel po\u0159ezala v\u00e1s nebo jin\u00e9 p\u0159edm\u011bty, pokud je p\u0159i uvoln\u011bn\u00ed p\u0159ek\u00e1\u017ekou. Jsou to skv\u011bl\u00e9 no\u017ee, v\u0159ele doporu\u010duji si jeden po\u0159\u00eddit.<br \/>\nDaniel Burnett, b\u00fdval\u00fd velitel t\u00fdmu, 75th Ranger Regiment, americk\u00e1 arm\u00e1da.<\/p>\n<p><strong>Premium Lightweight<\/strong> Series Large\/Small<br \/>\nTemplar Knife s hrdost\u00ed p\u0159edstavuje na\u0161i novou pr\u00e9miovou \u0159adu OTF. \u0158ada Premium Lightweight m\u00e1 p\u0159epracovan\u00e9 vnit\u0159ky, aby v\u00e1m poskytla plynulej\u0161\u00ed a spolehliv\u011bj\u0161\u00ed akci. Rukoje\u0165 je vyrobena z 6061-T6 (st\u00e1rnut\u00e9ho) hlin\u00edku, kter\u00fd je vyroben z masivn\u00edho sochoru s lep\u0161\u00edmi tolerancemi. Templ\u00e1\u0159sk\u00e9 vroubkov\u00e1n\u00ed na horn\u00ed a spodn\u00ed stran\u011b rukojeti p\u0159isp\u00edv\u00e1 k lep\u0161\u00edmu uchopen\u00ed.<\/p>\n<p>Vnit\u0159n\u00ed d\u00edly jsou v\u0161echny CNC, aby dopl\u0148ovaly p\u0159esnost a poskytovaly nejhlad\u0161\u00ed chod v na\u0161em cenov\u00e9m rozp\u011bt\u00ed. \u0158ada Premium je standardn\u011b dod\u00e1v\u00e1na s Powdered D2 \u010depel\u00ed, kter\u00e1 je upgradem od b\u011b\u017en\u00e9 D2. \u0158ada Premium je podpo\u0159ena na\u0161\u00ed do\u017eivotn\u00ed z\u00e1rukou a skv\u011bl\u00fdm z\u00e1kaznick\u00fdm servisem, stejn\u011b jako si na\u0161i z\u00e1kazn\u00edci zvykli u na\u0161\u00ed \u0159ady Gen2.<br \/>\nMateri\u00e1l rukojeti: T 6061 Star\u0161\u00ed hlin\u00edk<br \/>\nCNC uvnit\u0159 i vn\u011b masivn\u00edho bloku<br \/>\nMateri\u00e1l \u010depele: Black Oxide Stonewashed Powder D2<br \/>\nDod\u00e1v\u00e1 se s mo\u017enost\u00ed velikosti velk\u00e9 nebo mal\u00e9 rukojeti<\/p>\n<p>Vyst\u0159elovac\u00ed N\u016f\u017e <strong>Templar Knife<\/strong> Premium Lightweight Anodized Bronze.<\/p>\n<p>N\u016f\u017e se vyst\u0159eluje a zav\u00edr\u00e1 pomoc\u00ed posuvn\u00e9ho jezdce, kter\u00fd na h\u0159betu rukojeti. N\u016f\u017e m\u00e1 klip pro snadn\u00e9 no\u0161en\u00ed a hrot na konci st\u0159enky, kter\u00fd slou\u017e\u00ed na rozbit\u00ed skla. Sou\u010d\u00e1st\u00ed no\u017ee je \u010dern\u00e9 nylonov\u00e9 pouzdro.<\/p>\n<p>Hmotnost: 4,8 oz<br \/>\nD\u00e9lka \u010depele: 9 cm<br \/>\nD\u00e9lka rukojeti: 13 cm<br \/>\nCelkov\u00e1 d\u00e9lka: 22 cm<\/p>\n<p>&nbsp;<\/p>\n<p><strong>Premium Lightweight<\/strong> Series Large\/Small<br \/>\nTemplar Knife is proud to introduce our new Premium Line of OTF\u2019s. The Premium Lightweight series has internals re-engineered to give you a smoother dependable action. The Handle is made of 6061-T6 (Aged) Aluminum which are machined out of a solid billet giving better tolerances. The Templar Knurling on the top and bottom of the handle adds to a better grip.<\/p>\n<p>The internal parts are all CNC\u2019d to complement the precision giving the smoothest action in our price range. The Premium line comes standard with a Powdered D2 blade which is an upgrade from regular D2. The Premium Line is backed by our Lifetime warranty and great customer service, just like our customers are have grown accustom to with our Gen2 line.<br \/>\nHandle Material: T 6061 Aged Aluminum<br \/>\nCNC&#8217;d inside and out of a Solid Billet<br \/>\nBlade Material: Black Oxide Stonewashed Powder D2<br \/>\nComes in a Large or Small Handle Size Option<\/p>\n<p><strong>Templar Knife<\/strong> Premium Lightweight Anodized Bronze<\/p>\n<p>Handle Material: T 6061 Aged Aluminum<br \/>\nCNC&#8217;d inside and out of a Solid Billet<br \/>\nBlade Material: Black Oxide Stonewashed Powder D2<br \/>\nComes in a Large or Small Handle Size Option<br \/>\nLarge:<\/p>\n<p>Large Weight: 4.8 oz<br \/>\nBlade Length: 3.55&#8243;<br \/>\nHandle Length: 5.25<br \/>\nOverall Length: 8.75&#8243;<\/p>\n","protected":false},"excerpt":{"rendered":"<div class=\"elementor-element elementor-element-8cbcbcd elementor-widget elementor-widget-woocommerce-product-title elementor-page-title elementor-widget-heading\" data-id=\"8cbcbcd\" data-element_type=\"widget\" data-widget_type=\"woocommerce-product-title.default\">\n<div class=\"elementor-widget-container\">\n<p><strong>Templar Knife<\/strong> s hrdost\u00ed p\u0159edstavuje novou pr\u00e9miovou \u0159adu <strong>Lightweight<\/strong> OTF.<\/p>\n<p><strong>Do\u017eivotn\u00ed z\u00e1ruka.<\/strong><\/p>\n<p><strong>Doprava zdarma.<\/strong><\/p>\n<\/div>\n<\/div>\n","protected":false},"featured_media":207825,"comment_status":"open","ping_status":"closed","template":"","meta":[],"pwb-brand":[3220],"product_brand":[],"product_cat":[2019,17],"product_tag":[],"class_list":{"0":"post-207824","1":"product","2":"type-product","3":"status-publish","4":"has-post-thumbnail","6":"pwb-brand-templar-knife","7":"product_cat-vystrelovaci-noze","8":"product_cat-noze","10":"first","11":"outofstock","12":"taxable","13":"shipping-taxable","14":"purchasable","15":"product-type-simple"},"brands":[{"id":3220,"name":"Templar Knife","slug":"templar-knife"}],"_links":{"self":[{"href":"https:\/\/www.moskito.cz\/sk\/wp-json\/wp\/v2\/product\/207824","targetHints":{"allow":["GET"]}}],"collection":[{"href":"https:\/\/www.moskito.cz\/sk\/wp-json\/wp\/v2\/product"}],"about":[{"href":"https:\/\/www.moskito.cz\/sk\/wp-json\/wp\/v2\/types\/product"}],"replies":[{"embeddable":true,"href":"https:\/\/www.moskito.cz\/sk\/wp-json\/wp\/v2\/comments?post=207824"}],"wp:featuredmedia":[{"embeddable":true,"href":"https:\/\/www.moskito.cz\/sk\/wp-json\/wp\/v2\/media\/207825"}],"wp:attachment":[{"href":"https:\/\/www.moskito.cz\/sk\/wp-json\/wp\/v2\/media?parent=207824"}],"wp:term":[{"taxonomy":"pwb-brand","embeddable":true,"href":"https:\/\/www.moskito.cz\/sk\/wp-json\/wp\/v2\/pwb-brand?post=207824"},{"taxonomy":"product_brand","embeddable":true,"href":"https:\/\/www.moskito.cz\/sk\/wp-json\/wp\/v2\/product_brand?post=207824"},{"taxonomy":"product_cat","embeddable":true,"href":"https:\/\/www.moskito.cz\/sk\/wp-json\/wp\/v2\/product_cat?post=207824"},{"taxonomy":"product_tag","embeddable":true,"href":"https:\/\/www.moskito.cz\/sk\/wp-json\/wp\/v2\/product_tag?post=207824"}],"curies":[{"name":"wp","href":"https:\/\/api.w.org\/{rel}","templated":true}]}}