{"id":208179,"date":"2021-10-31T09:56:42","date_gmt":"2021-10-31T08:56:42","guid":{"rendered":"https:\/\/www.moskito.cz\/produkt\/pevny-noz-microtech-socom-alpha-mini-stonewashed-113m-11\/"},"modified":"2025-05-07T10:36:11","modified_gmt":"2025-05-07T09:36:11","slug":"pevny-noz-microtech-socom-alpha-mini-stonewashed-113m-11","status":"publish","type":"product","link":"https:\/\/www.moskito.cz\/sk\/produkt\/pevny-noz-microtech-socom-alpha-mini-stonewashed-113m-11\/","title":{"rendered":"Pevn\u00fd N\u00f4\u017e Microtech Socom Alpha Mini Stonewashed 113M-11"},"content":{"rendered":"<p>Pevn\u00fd N\u00f4\u017e <strong>Microtech<\/strong> Socom Alpha Mini Stonewashed 113M-11.<\/p>\n<p>Socom Alpha Mini je elitn\u00e1 pevn\u00e1 \u010depe\u013e zalo\u017een\u00e1 na ob\u013e\u00fabenom Socome. Rukov\u00e4\u0165 je zhruba rovnako ve\u013ek\u00e1, ale pevn\u00e1 \u010depe\u013e Socom Alpha m\u00e1 o nie\u010do krat\u0161iu \u010depe\u013e a vytv\u00e1ra tak dokonale vyv\u00e1\u017een\u00fd n\u00f4\u017e. Je navrhnut\u00e1 pre taktick\u00fdch u\u017e\u00edvate\u013eov, zberate\u013eov a kohoko\u013evek, kto ocen\u00ed \u010depe\u013e najvy\u0161\u0161ej kvality.<\/p>\n<p>Tento full tang design sa vyzna\u010duje lemovan\u00edm po celej rukov\u00e4ti, aby v\u00e1m poskytol najbezpe\u010dnej\u0161iu mo\u017en\u00fa manipul\u00e1ciu s touto taktickou pevnou \u010depe\u013eou. Fr\u00e9zovan\u00e9 r\u00fa\u010dky G10 maj\u00fa tvarovan\u00fd tvar pre maxim\u00e1lne ergonomick\u00fd \u00fachop a vytv\u00e1raj\u00fa dokonal\u00fa harm\u00f3niu medzi u\u017e\u00edvate\u013eom a n\u00e1strojom. \u010cepe\u013e Clip Point je br\u00fasen\u00e1 so zaoblen\u00fdm chrbtom a drsn\u00fdm kamenn\u00fdm povrchom. Socom Alpha mini vy\u017earuje auru \u0161pi\u010dkov\u00e9ho pou\u017e\u00edvate\u013ea ako taktick\u00e1 aj \u00fa\u017eitkov\u00e1 pevn\u00e1 \u010depe\u013e. Vyr\u00e1ba sa s dokonale tesn\u00fdmi toleranciami, tak\u017ee viete, \u017ee zvl\u00e1dne v\u0161etko, \u010do na\u0148 m\u00f4\u017eete hodi\u0165. Dod\u00e1va sa s po\u0161vou z Kydexu s povrchovou \u00fapravou z uhl\u00edkov\u00fdch vl\u00e1kien s MOLLE LOK pre viac mo\u017enost\u00ed nosenia, aby vyhovovali ich \u0161pecifick\u00fdm preferenci\u00e1m.<\/p>\n<p>\u0160pecifik\u00e1cia<br \/>\nD\u013a\u017eka \u010depele: 9.3 cm<br \/>\nCelkov\u00e1 d\u013a\u017eka: 20.5 cm<br \/>\nOce\u013e: 390<br \/>\n\u0160t\u00fdl \u010depele: Clip Point<br \/>\nBr\u00fasenie \u010depele: Ploch\u00e9<br \/>\nPovrchov\u00e1 \u00faprava \u010depele: Stonewash<br \/>\nMateri\u00e1l rukov\u00e4te: \u010dierna G10<br \/>\nMateri\u00e1l pl\u00e1\u0161\u0165a: Carbon Fiber Finish Kydex<br \/>\nHmotnos\u0165: 6,4 oz.<br \/>\nHmotnos\u0165 s puzdrom: 9,9 oz.<br \/>\nDizajn\u00e9r: Tony Marfione<br \/>\nVyroben\u00e9 v USA<\/p>\n<p><iframe title=\"Microtech Combat Troodon Torture Test\" width=\"800\" height=\"450\" src=\"https:\/\/www.youtube.com\/embed\/xE9TeOFYEjg?feature=oembed\" frameborder=\"0\" allow=\"accelerometer; autoplay; clipboard-write; encrypted-media; gyroscope; picture-in-picture; web-share\" allowfullscreen><\/iframe><\/p>\n<p>&nbsp;<\/p>\n<p><strong>Microtech<\/strong> 113M-11 Socom Alpha Mini Fixed Blade Knife 3.72&#8243; Stonewashed Clip Point Combo, G10 Handles, Kydex Sheath<\/p>\n<p>Socom Alpha Mini je elite fixovan\u00fd blade na z\u00e1klade popularn\u00e9ho Socom folder. Handle je roughly ten ist\u00fd, ale fixovan\u00e9 \u010depele Socom Alpha m\u00e1 a slightly shorter blade vytv\u00e1ranie a perfektne balanced n\u00f4\u017e. It&#8217;s designed pre tactical users, collectors, a ka\u017ed\u00fd z nich appreciates a top quality blade.<\/p>\n<p>Tento \u00fapln\u00fd tangov\u00fd dizajn features imping po celom obvode rukov\u00e4\u0165 je uskuto\u010dnen\u00fd pre v\u00e1s s bezpe\u010dnou rukov\u00e4\u0165ou pre tento takticky fixovan\u00fd blade. Milled G10 v\u00e1hy feature a contoured shape for a supremely ergonomick\u00fd grip, tvoriv\u00e9 perfektn\u00e9 harmony medzi pou\u017e\u00edvate\u013eom a n\u00e1strojom. Clip bod blade is flat ground with rounded spine a rugged stonewashed finish. Socom Alpha mini dr\u017e\u00ed mimo aura pri top tier pou\u017e\u00edvate\u013ea ako both a taktick\u00e9 a utility fixovan\u00e9 blade. It&#8217;s manufactured with impeccably tight tolerance so you know it can handle anything you can throw at it. Comes with carbon fiber finish Kydex sheath with MOLLE LOKs pre viacer\u00e9 carry options to oblek ich \u0161pecifick\u00e9 preferencie.<\/p>\n<p>Specifications<br \/>\nBlade Length: 3,72&#8243;<br \/>\nCutting Edge: 3.65&#8243;<br \/>\nHandle Length: 4.4&#8243;<br \/>\nOverall Length: 8.17&#8243;<br \/>\nPlease note, blade steel cannot m\u00f4\u017ee by\u0165 \u0161pecifikovan\u00fd ako to m\u00f4\u017ee by\u0165 alternat\u00edva (information from Microtech)<br \/>\nBlade Thickness: 0.157&#8243;<br \/>\nBlade Style: Clip Point<br \/>\nBlade Grind: Flat<br \/>\nBlade Finish: Stonewash<br \/>\nHandle Material: Black G10<br \/>\nHandle Thickness: 0.67&#8243;<br \/>\nSheath Material: Carbon Fiber Finish Kydex<br \/>\nWeight: 6.4 oz.<br \/>\nWeight with Sheath: 9.9 oz.<br \/>\nDesigner: Tony Marfione<br \/>\nMade in the USA<\/p>\n<p>&nbsp;<\/p>\n","protected":false},"excerpt":{"rendered":"<p>V priebehu rokov M <strong>icrotech\u00ae Knives<\/strong> naplnil v\u00e1\u0161\u0148ou a zru\u010dnos\u0165ou v\u00fdrobu no\u017eov, a\u017e z nich vytvoril takmer umeleck\u00e9 diela, ktor\u00e9 s\u00fa vrcholom funk\u010dnosti. V\u0161etky diely s\u00fa vyroben\u00e9 v USA.<br \/>\n<strong>Na v\u0161etky no\u017ee Microtech je do\u017eivotn\u00e1 z\u00e1ruka.<\/strong><\/p>\n<p><strong>Doprava zadarmo.<\/strong><\/p>\n","protected":false},"featured_media":207780,"comment_status":"open","ping_status":"closed","template":"","meta":[],"pwb-brand":[3200],"product_brand":[],"product_cat":[3186,3187],"product_tag":[3668],"class_list":{"0":"post-208179","1":"product","2":"type-product","3":"status-publish","4":"has-post-thumbnail","6":"pwb-brand-microtech-sk","7":"product_cat-noze-sk","8":"product_cat-pevne-noze-sk","9":"product_tag-b2b-sk","11":"first","12":"instock","13":"taxable","14":"shipping-taxable","15":"purchasable","16":"product-type-simple"},"brands":[{"id":3200,"name":"Microtech","slug":"microtech-sk"}],"_links":{"self":[{"href":"https:\/\/www.moskito.cz\/sk\/wp-json\/wp\/v2\/product\/208179","targetHints":{"allow":["GET"]}}],"collection":[{"href":"https:\/\/www.moskito.cz\/sk\/wp-json\/wp\/v2\/product"}],"about":[{"href":"https:\/\/www.moskito.cz\/sk\/wp-json\/wp\/v2\/types\/product"}],"replies":[{"embeddable":true,"href":"https:\/\/www.moskito.cz\/sk\/wp-json\/wp\/v2\/comments?post=208179"}],"wp:featuredmedia":[{"embeddable":true,"href":"https:\/\/www.moskito.cz\/sk\/wp-json\/wp\/v2\/media\/207780"}],"wp:attachment":[{"href":"https:\/\/www.moskito.cz\/sk\/wp-json\/wp\/v2\/media?parent=208179"}],"wp:term":[{"taxonomy":"pwb-brand","embeddable":true,"href":"https:\/\/www.moskito.cz\/sk\/wp-json\/wp\/v2\/pwb-brand?post=208179"},{"taxonomy":"product_brand","embeddable":true,"href":"https:\/\/www.moskito.cz\/sk\/wp-json\/wp\/v2\/product_brand?post=208179"},{"taxonomy":"product_cat","embeddable":true,"href":"https:\/\/www.moskito.cz\/sk\/wp-json\/wp\/v2\/product_cat?post=208179"},{"taxonomy":"product_tag","embeddable":true,"href":"https:\/\/www.moskito.cz\/sk\/wp-json\/wp\/v2\/product_tag?post=208179"}],"curies":[{"name":"wp","href":"https:\/\/api.w.org\/{rel}","templated":true}]}}