{"id":208186,"date":"2021-10-26T16:44:23","date_gmt":"2021-10-26T15:44:23","guid":{"rendered":"https:\/\/www.moskito.cz\/produkt\/vystrelovaci-noz-microtech-ultratech-satin-121-5\/"},"modified":"2025-05-07T10:36:12","modified_gmt":"2025-05-07T09:36:12","slug":"vystrelovaci-noz-microtech-ultratech-satin-121-5","status":"publish","type":"product","link":"https:\/\/www.moskito.cz\/sk\/produkt\/vystrelovaci-noz-microtech-ultratech-satin-121-5\/","title":{"rendered":"Vystre\u013eovac\u00ed N\u00f4\u017e Microtech Ultratech Satin 121-5"},"content":{"rendered":"<p>Vystre\u013eovac\u00ed N\u00f4\u017e <strong>Microtech<\/strong> Ultratech Satin 121-5.<\/p>\n<p>Ultratech nav\u017edy nastav\u00ed \u0161tandard pre v\u0161etky predn\u00e9 no\u017ee. Ultratech je origin\u00e1lny dvoj\u010dinn\u00fd predn\u00fd n\u00f4\u017e Microtech a bol z\u00e1kladom cel\u00e9ho n\u00e1\u0161ho radu OTF. V priebehu rokov pre\u0161iel nieko\u013ek\u00fdmi \u00fapravami, zaka\u017ed\u00fdm sa stal \u00fa\u010dinnej\u0161\u00edm a spo\u013eahlivej\u0161\u00edm. Pru\u017eina Ultratechu zost\u00e1va v \u201ek\u013eudovej\u201c polohe po cel\u00fa dobu, s v\u00fdnimkou roztiahnutia. T\u00fdm je zaisten\u00e9, \u017ee sa stla\u010den\u00e1 pru\u017eina neunav\u00ed, \u010do pou\u017e\u00edvate\u013eom zais\u0165uje, \u017ee ke\u010f je n\u00f4\u017e vystrelen\u00fd, bude fungova\u0165 efekt\u00edvne. Ultratech m\u00f4\u017ee ma\u0165 mnoho r\u00f4znych pod\u00f4b; m\u00f4\u017ee by\u0165 zakon\u010den\u00e1 \u0161tandardnou opracovanou hlin\u00edkovou doskou alebo k\u00faskom uhl\u00edkov\u00fdch vl\u00e1kien. N\u00edzka hmotnos\u0165 Ultratech, otv\u00e1ranie a zatv\u00e1ranie jednou rukou, \u0161t\u00edhly tvar a ostr\u00e1 \u010depe\u013e na skalpel z neho robia jedine\u010dn\u00fd n\u00f4\u017e, ktor\u00fd je dostupn\u00fd iba u Microtech. Tento n\u00f4\u017e znova a znova preuk\u00e1zal, \u017ee odol\u00e1 akejko\u013evek prek\u00e1\u017eke. A\u017e \u010das uk\u00e1\u017ee, ak\u00fd bude \u010fal\u0161\u00ed krok pre rad Ultratech.<\/p>\n<p>\u0160pecifik\u00e1cia<br \/>\nAutomatick\u00e9 otv\u00e1ranie\/zatv\u00e1ranie &#8211; predn\u00e9 otv\u00e1ranie<br \/>\nAkcia: Duel Action &#8211; Auto Fire\/Retract<br \/>\nD\u013a\u017eka \u010depele: 8.6 cm<br \/>\n\u0160t\u00fdl \u010depele: Single Edge, Combo Edge<br \/>\nMateri\u00e1l rukov\u00e4te: 6061-T6 hlin\u00edk Mil-Spec Hard Coat Elox<br \/>\nCelkov\u00e1 d\u013a\u017eka: 22 cm<br \/>\nMateri\u00e1l vreckov\u00e9 spony: 301 Stainless Full Hard<br \/>\n\u0160tandardn\u00e9 horn\u00e9: 6061-T6 AL zliatina<br \/>\nSp\u00fa\u0161\u0165: 303 Nerez<br \/>\nOce\u013e: M390<br \/>\nVyroben\u00e9 v USA<\/p>\n<p><iframe title=\"Microtech Combat Troodon Torture Test\" width=\"800\" height=\"450\" src=\"https:\/\/www.youtube.com\/embed\/xE9TeOFYEjg?feature=oembed\" frameborder=\"0\" allow=\"accelerometer; autoplay; clipboard-write; encrypted-media; gyroscope; picture-in-picture; web-share\" allowfullscreen><\/iframe><\/p>\n<p>&nbsp;<\/p>\n<p>The Ultratech, bude forever nastavi\u0165 \u0161tandard pre v\u0161etky out-the-front knives. Ultratech je s <strong>Microtech&#8217;s<\/strong> origin\u00e1lny dual akcia out-the-front n\u00f4\u017e, a m\u00e1 by\u0165 foundation of entire OTF line. Over na roky, to je gone cez sever\u00e1lne modifik\u00e1cie, ka\u017ed\u00fd \u010das prejde viac efekt\u00edvny a reliable. Ultratech&#8217;s jarn\u00e9 remains v &#8222;a zvy\u0161ok&#8220; poz\u00edcie na v\u0161etky \u010dasy except pri deployed. Tieto n\u00e1nosy, ktor\u00e9 s\u00fa navrhnut\u00e9 na jar, nie s\u00fa fatiguedn\u00e9, dok\u00e1\u017eu pou\u017e\u00edvate\u013eov, ke\u010f pri no\u017ei\u010dke je ohnut\u00fd, to bude efekt\u00edvne fungova\u0165. Ultratech m\u00f4\u017ee tie\u017e ve\u013ea r\u00f4znych foriem; it m\u00f4\u017ee by\u0165 topped with \u0161tandardn\u00e9 aluminum top alebo piece of carbon fiber. Ultratech&#8217;s light weight, jeden ru\u010dne otv\u00e1ran\u00fd a zav\u0155\u0161en\u00fd akcia, \u0161t\u00edhly tvar, a scalpel sharp blade make it a jeden z druhov n\u00f4\u017e, only available through Microtech. T\u00e1to n\u00f4\u017e ha proven time and again that it can withstand any obstacle. Only time will tell what the next step will be for the Ultratech s\u00e9rie.<\/p>\n<p>Specifications<br \/>\nAutomatic Opening\/Closing &#8211; Front Opener<br \/>\nAction: Duel Action &#8211; Auto Fire\/Retract<br \/>\nBlade Thickness: 0.125&#8243; Thick<br \/>\nBlade Length: 3,46&#8243;<br \/>\nBlade Style: Single Edge, Combo Edge<br \/>\nHandle Thickness: 0.640&#8243;<br \/>\nHandle Material: 6061-T6 Aluminum Mil-Spec Hard Coat Anodize<br \/>\nLength Closed: 4.84&#8243;<br \/>\nLength Open: 8.30&#8243;<br \/>\nPocket Clip Material: 301 Stainless Full Hard<br \/>\n\u0160tandard Top: 6061-T6 AL Alloy<br \/>\nTrigger: 303 Stainless<br \/>\nPlease note, blade steel cannot m\u00f4\u017ee by\u0165 \u0161pecifikovan\u00fd ako to m\u00f4\u017ee by\u0165 alternat\u00edva (information from Microtech)<br \/>\nMade in the USA<\/p>\n","protected":false},"excerpt":{"rendered":"<p>V priebehu rokov <strong>Microtech\u00ae Knives<\/strong> naplnil v\u00e1\u0161\u0148ou a zru\u010dnos\u0165ou v\u00fdrobu no\u017eov, a\u017e z nich vytvoril takmer umeleck\u00e9 diela, ktor\u00e9 s\u00fa vrcholom funk\u010dnosti. V\u0161etky diely s\u00fa vyroden\u00e9 v USA.<br \/>\n<strong>Na v\u0161etky no\u017ee Microtech je do\u017eivotn\u00e1 z\u00e1ruka.<\/strong><\/p>\n","protected":false},"featured_media":207164,"comment_status":"open","ping_status":"closed","template":"","meta":[],"pwb-brand":[3200],"product_brand":[],"product_cat":[3197,3186],"product_tag":[3668],"class_list":{"0":"post-208186","1":"product","2":"type-product","3":"status-publish","4":"has-post-thumbnail","6":"pwb-brand-microtech-sk","7":"product_cat-vystrelovacie-noze-sk","8":"product_cat-noze-sk","9":"product_tag-b2b-sk","11":"first","12":"instock","13":"taxable","14":"shipping-taxable","15":"purchasable","16":"product-type-simple"},"brands":[{"id":3200,"name":"Microtech","slug":"microtech-sk"}],"_links":{"self":[{"href":"https:\/\/www.moskito.cz\/sk\/wp-json\/wp\/v2\/product\/208186","targetHints":{"allow":["GET"]}}],"collection":[{"href":"https:\/\/www.moskito.cz\/sk\/wp-json\/wp\/v2\/product"}],"about":[{"href":"https:\/\/www.moskito.cz\/sk\/wp-json\/wp\/v2\/types\/product"}],"replies":[{"embeddable":true,"href":"https:\/\/www.moskito.cz\/sk\/wp-json\/wp\/v2\/comments?post=208186"}],"wp:featuredmedia":[{"embeddable":true,"href":"https:\/\/www.moskito.cz\/sk\/wp-json\/wp\/v2\/media\/207164"}],"wp:attachment":[{"href":"https:\/\/www.moskito.cz\/sk\/wp-json\/wp\/v2\/media?parent=208186"}],"wp:term":[{"taxonomy":"pwb-brand","embeddable":true,"href":"https:\/\/www.moskito.cz\/sk\/wp-json\/wp\/v2\/pwb-brand?post=208186"},{"taxonomy":"product_brand","embeddable":true,"href":"https:\/\/www.moskito.cz\/sk\/wp-json\/wp\/v2\/product_brand?post=208186"},{"taxonomy":"product_cat","embeddable":true,"href":"https:\/\/www.moskito.cz\/sk\/wp-json\/wp\/v2\/product_cat?post=208186"},{"taxonomy":"product_tag","embeddable":true,"href":"https:\/\/www.moskito.cz\/sk\/wp-json\/wp\/v2\/product_tag?post=208186"}],"curies":[{"name":"wp","href":"https:\/\/api.w.org\/{rel}","templated":true}]}}