{"id":208187,"date":"2021-10-26T16:20:01","date_gmt":"2021-10-26T15:20:01","guid":{"rendered":"https:\/\/www.moskito.cz\/produkt\/vystrelovaci-noz-microtech-ultratech-apocalyptic-stonewash-121-11ap\/"},"modified":"2025-05-07T10:36:12","modified_gmt":"2025-05-07T09:36:12","slug":"vystrelovaci-noz-microtech-ultratech-apocalyptic-stonewash-121-11ap","status":"publish","type":"product","link":"https:\/\/www.moskito.cz\/sk\/produkt\/vystrelovaci-noz-microtech-ultratech-apocalyptic-stonewash-121-11ap\/","title":{"rendered":"Vystre\u013eovac\u00ed N\u00f4\u017e Microtech ULTRATECH APOCALYPTIC STONEWASH 121-11AP"},"content":{"rendered":"<p>Vystre\u013eovac\u00ed N\u00f4\u017e <strong>Microtech<\/strong> ULTRATECH APOCALYPTIC STONEWASH 121-11AP.<\/p>\n<p>Ultratech je bezpochyby vlajkovou lo\u010fou <strong>Microtechu<\/strong> medzi predn\u00fdm auto no\u017eom od jeho uvedenia v roku 1999. Ned\u00e1vno pre\u0161iel estetick\u00fdm prepracovan\u00edm a recenzie s\u00fa len pozit\u00edvne. Zatia\u013e \u010do rozmery Ultratech zost\u00e1vaj\u00fa nezmenen\u00e9, rukov\u00e4\u0165 pre\u0161la gener\u00e1lnou opravou \u201etri-grip\u201c, ktor\u00e1 pon\u00faka exponenci\u00e1lne v\u00e4\u010d\u0161iu bezpe\u010dnos\u0165 uchopenia. Medzi \u010fal\u0161ie vylep\u0161enia patr\u00ed trojuholn\u00edkov\u00fd hardv\u00e9r, prepracovan\u00fd palcov\u00fd posuvn\u00edk a rozb\u00edja\u010d skla, ktor\u00fd teraz obsahuje lisovan\u00e9 guli\u010dkov\u00e9 lo\u017eisko pre pohodlnej\u0161\u00ed, ale st\u00e1le funk\u010dn\u00fd pou\u017e\u00edvate\u013esk\u00fd z\u00e1\u017eitok. Ka\u017ed\u00fd n\u00f4\u017e Microtech OTF m\u00e1 extr\u00e9mne sofistikovan\u00e9 vn\u00fatorn\u00e9 mechanizmy, ktor\u00e9 zlep\u0161uj\u00fa celkov\u00fa prev\u00e1dzkov\u00fa funk\u010dnos\u0165 a spo\u013eahlivos\u0165. Tento model, 121-11AP, m\u00e1 \u010diernu rukov\u00e4\u0165 s kompletn\u00fdm \u0161tandardn\u00fdm hardv\u00e9rom a integrovanou funkciou rozb\u00edjania skla spolu s \u010depe\u013eou typu drop point, ktor\u00e1 je \u010diasto\u010dne z\u00fabkovan\u00e1, v apokalyptickom preveden\u00ed stonewash. Vyroben\u00e9 v USA.<\/p>\n<p>Pozn\u00e1mka: Materi\u00e1l \u010depele sa m\u00f4\u017ee zmeni\u0165 bez predch\u00e1dzaj\u00faceho upozornenia<\/p>\n<p>\u0160PECIFIK\u00c1CIA:<\/p>\n<p>D\u013a\u017eka \u010depele: 8.5 cm<br \/>\nCelkov\u00e1 d\u013a\u017eka: 21 cm<br \/>\nMateri\u00e1l \u010depele: Elmax<br \/>\nPovrchov\u00e1 \u00faprava \u010depele: Apocalyptic Stonewash<br \/>\nMateri\u00e1l rukov\u00e4te: 6061-T6 hlin\u00edk<br \/>\nHmotnos\u0165: 3,2 oz.<\/p>\n<p><iframe title=\"Microtech Combat Troodon Torture Test\" width=\"800\" height=\"450\" src=\"https:\/\/www.youtube.com\/embed\/xE9TeOFYEjg?feature=oembed\" frameborder=\"0\" allow=\"accelerometer; autoplay; clipboard-write; encrypted-media; gyroscope; picture-in-picture; web-share\" allowfullscreen><\/iframe><\/p>\n<p>&nbsp;<\/p>\n<p>Ultratech bez ot\u00e1zky m\u00e1 by\u0165 mikrotech vlajka z prednej auto n\u00f4\u017e since jeho induction v roku 1999. Recently it has gone through aesthetic redesign and reviews have been nothing but positive. Ke\u010f dimensiony ultratech remain unchanged, rukov\u00e4\u0165 m\u00e1 by\u0165 obvinen\u00fd a &#8222;tri-grip&#8220; overhaul pon\u00faka exponentially viac gripping security. Additional improvements zah\u0155\u0148a tri-angle hardv\u00e9r, redesigned palec slide a sklenen\u00e9 breaker, ktor\u00e9 teraz zah\u0155\u0148aj\u00fa presn\u00e9 fitted gu\u013e\u00f4\u010dok pre viac komfortn\u00e9, ale st\u00e1le funk\u010dn\u00e9, pou\u017e\u00edvate\u013esk\u00e9 sk\u00fasenosti. Each Microtech OTF n\u00f4\u017e m\u00e1 extr\u00e9mne sophisticated internal mechanizmus, ktor\u00e9 improve overall operational functionality and reliability. Tento model, 121-11AP, features a black handle complete s \u0161tandardn\u00fdm hardv\u00e9rom a integrovan\u00e9 sklo prest\u00e1vka funkcia pozd\u013a\u017e s kapac\u00edm bodom blade, ktor\u00fd je partly serrated, v apokalyptickej kamenn\u00e9 koniec. Made in the USA.<\/p>\n<p>Pozn\u00e1mka: Blade material subject to change without notice<\/p>\n<p>SPECIFICATIONS:<\/p>\n<p>Blade Length: 3.375&#8243;<br \/>\nOverall Length: 8.375&#8243;<br \/>\nBlade Material: Elmax<br \/>\nBlade Finish: Apocalyptic Stonewash<br \/>\nHandle Length: 5&#8243;<br \/>\nHandle Material: 6061-T6 Aluminum<br \/>\nWeight: 3.2 oz.<\/p>\n","protected":false},"excerpt":{"rendered":"<p>V priebehu rokov <strong>Microtech\u00ae Knives<\/strong> naplnil v\u00e1\u0161\u0148ou a zru\u010dnos\u0165ou v\u00fdrobu no\u017eov, a\u017e z nich vytvoril takmer umeleck\u00e9 diela, ktor\u00e9 s\u00fa vrcholom funk\u010dnosti. V\u0161etky diely s\u00fa vyroden\u00e9 v USA.<br \/>\n<strong>Na v\u0161etky no\u017ee Microtech je do\u017eivotn\u00e1 z\u00e1ruka.<\/strong><\/p>\n<p><strong>Doprava zdrama.<\/strong><\/p>\n","protected":false},"featured_media":207155,"comment_status":"open","ping_status":"closed","template":"","meta":[],"pwb-brand":[3200],"product_brand":[],"product_cat":[3197,3186],"product_tag":[3668],"class_list":{"0":"post-208187","1":"product","2":"type-product","3":"status-publish","4":"has-post-thumbnail","6":"pwb-brand-microtech-sk","7":"product_cat-vystrelovacie-noze-sk","8":"product_cat-noze-sk","9":"product_tag-b2b-sk","11":"first","12":"instock","13":"taxable","14":"shipping-taxable","15":"purchasable","16":"product-type-simple"},"brands":[{"id":3200,"name":"Microtech","slug":"microtech-sk"}],"_links":{"self":[{"href":"https:\/\/www.moskito.cz\/sk\/wp-json\/wp\/v2\/product\/208187","targetHints":{"allow":["GET"]}}],"collection":[{"href":"https:\/\/www.moskito.cz\/sk\/wp-json\/wp\/v2\/product"}],"about":[{"href":"https:\/\/www.moskito.cz\/sk\/wp-json\/wp\/v2\/types\/product"}],"replies":[{"embeddable":true,"href":"https:\/\/www.moskito.cz\/sk\/wp-json\/wp\/v2\/comments?post=208187"}],"wp:featuredmedia":[{"embeddable":true,"href":"https:\/\/www.moskito.cz\/sk\/wp-json\/wp\/v2\/media\/207155"}],"wp:attachment":[{"href":"https:\/\/www.moskito.cz\/sk\/wp-json\/wp\/v2\/media?parent=208187"}],"wp:term":[{"taxonomy":"pwb-brand","embeddable":true,"href":"https:\/\/www.moskito.cz\/sk\/wp-json\/wp\/v2\/pwb-brand?post=208187"},{"taxonomy":"product_brand","embeddable":true,"href":"https:\/\/www.moskito.cz\/sk\/wp-json\/wp\/v2\/product_brand?post=208187"},{"taxonomy":"product_cat","embeddable":true,"href":"https:\/\/www.moskito.cz\/sk\/wp-json\/wp\/v2\/product_cat?post=208187"},{"taxonomy":"product_tag","embeddable":true,"href":"https:\/\/www.moskito.cz\/sk\/wp-json\/wp\/v2\/product_tag?post=208187"}],"curies":[{"name":"wp","href":"https:\/\/api.w.org\/{rel}","templated":true}]}}