{"id":208190,"date":"2021-10-12T20:50:14","date_gmt":"2021-10-12T19:50:14","guid":{"rendered":"https:\/\/www.moskito.cz\/produkt\/vystrelovaci-noz-microtech-exocet-stormtrooper-white-157-1st\/"},"modified":"2025-05-07T10:36:13","modified_gmt":"2025-05-07T09:36:13","slug":"vystrelovaci-noz-microtech-exocet-stormtrooper-white-157-1st","status":"publish","type":"product","link":"https:\/\/www.moskito.cz\/sk\/produkt\/vystrelovaci-noz-microtech-exocet-stormtrooper-white-157-1st\/","title":{"rendered":"Vystre\u013eovac\u00ed N\u00f4\u017e Microtech Exocet Stormtrooper White 157-1ST"},"content":{"rendered":"<p>Vystre\u013eovac\u00ed N\u00f4\u017e <strong>Microtech<\/strong> Exocet Stormtrooper White 157-1ST.<\/p>\n<p>Hviezda radu Microtech pre rok 2019, Exocet sp\u00e1ja u\u017eito\u010dnos\u0165 a ka\u017edodenn\u00fa praktickos\u0165 dohromady v jednom jedine\u010dnom bal\u00ed\u010dku. Tento automatick\u00fd OTF je inovat\u00edvny a prv\u00fd svojho druhu v sebe ukr\u00fdva subpalcov\u00fa \u010depe\u013e leg\u00e1lnu pre Kaliforniu a sl\u00fa\u017ei aj ako spona na peniaze, tak\u017ee je ide\u00e1lny pre ka\u017edodenn\u00e9 nosenie. Jeho vzh\u013ead v\u00e1s m\u00f4\u017ee prekvapi\u0165, ke\u010f ho prv\u00fdkr\u00e1t uvid\u00edte, ale pocity \u00fazkosti zmizn\u00fa pri prvom spusten\u00ed. Tento n\u00f4\u017e strie\u013ea r\u00fdchlej\u0161ie a \u013eah\u0161ie ako ak\u00fdko\u013evek in\u00fd Microtech OTF, tak\u017ee je to perfektn\u00fd dar\u010dek pre va\u0161u drah\u00fa polovi\u010dku alebo pre v\u00e1s. T\u00e1to verzia m\u00e1 bielo dokon\u010den\u00fa \u010depe\u013e a rukov\u00e4te, ktor\u00e9 dabuj\u00fa tento model Stormtrooper. Na vreckovom klipe je tie\u017e ve\u013emi cool logo Imperial Crest, \u010do bol \u0161es\u0165ramenn\u00fd symbol galaktickej r\u00ed\u0161e Sheev Palpatine.<\/p>\n<p>Celkov\u00e1 d\u013a\u017eka: 5,6\u2033 (142 mm)<br \/>\nD\u013a\u017eka \u010depele: 1,97\u201d (50 mm)<br \/>\nD\u013a\u017eka reznej hrany: 1,89 palca (48 mm)<br \/>\nHr\u00fabka \u010depele: 0,079 palca (2 mm)<br \/>\nPovrchov\u00e1 \u00faprava \u010depele: biela<br \/>\nMateri\u00e1l rukov\u00e4te: biely hlin\u00edk<br \/>\nHr\u00fabka rukov\u00e4te: 0,36 palca (9 mm)<br \/>\nVreckov\u00fd klip: hrot dole<br \/>\nHmotnos\u0165: 3,0 oz (85,05 g)<br \/>\nKrajina p\u00f4vodu: USA<\/p>\n<p><iframe title=\"Microtech Combat Troodon Torture Test\" width=\"800\" height=\"450\" src=\"https:\/\/www.youtube.com\/embed\/xE9TeOFYEjg?feature=oembed\" frameborder=\"0\" allow=\"accelerometer; autoplay; clipboard-write; encrypted-media; gyroscope; picture-in-picture; web-share\" allowfullscreen><\/iframe><\/p>\n<p>&nbsp;<\/p>\n<p>Star Microtech 2019 lineup, Exocet marries utility a daily praktickosti spolu v jednom unique Package. Inovat\u00edvna a najprv jej druh, tento automatick\u00fd OTF konceals a sub-two-inch Kalifornia-legal blade a doubles ako peniaze klip, vytv\u00e1ra\u0165 to perfektn\u00e9 pre daily carry. Ich appearance m\u00f4\u017ee by\u0165 tak\u00e1, \u017ee budete prekvapi\u0165, \u017ee prv\u00fd \u010das budete potrebova\u0165, aby sa \u0161\u00edrili trepid\u00e1ciu, aby sa uskuto\u010dnila pri prvej actuation. T\u00e1to n\u00f4\u017e fires faster a easier sa len o jednom z in\u00fdch Microtech OTF m\u00e1 to perfektn\u00fd dar\u010dek pre v\u00e1\u0161 signifikant other alebo yourself. T\u00e1to verzia m\u00e1 bielu finished blade and handles, dubbing tento model Stormtrooper. It also features a ve\u013emi cool Imperial Crest logo na pocket klip, ktor\u00fd bol \u0161es\u0165-spoked symbol Sheev Palpatine&#8217;s Galactic Empire.<\/p>\n<p>Specifications<br \/>\nBlade Length: 1,98&#8243;<br \/>\nCutting Edge: 1.875&#8243;<br \/>\nClosed Length: 3.62&#8243;<br \/>\nOverall Length: 5.60&#8243;<br \/>\nBlade Material: Blade steel pre tento rok bude Carpenter CTS-204P &#8211; k\u00fdm metal supplies last, blades can also be M390 or Elmax<br \/>\nBlade Thickness: 0.067&#8243;<br \/>\nBlade Style: Double Edge Dagger<br \/>\nBlade Grind: Flat<br \/>\nBlade Finish: White<br \/>\nHandle Material: White 6061-T6 Aluminum<br \/>\nHandle Thickness: 0.35&#8243;<br \/>\nLocking Mechanism: Slide<br \/>\nPocket Clip: Stainless Steel (Tip-Down, Right\/Left Carry)<br \/>\nWeight: 3.0 oz.<br \/>\nDesigner: Tony Marfione<br \/>\nMade in the USA<\/p>\n","protected":false},"excerpt":{"rendered":"<p>V priebehu rokov <strong>Microtech\u00ae Knives<\/strong> naplnil v\u00e1\u0161\u0148ou a zru\u010dnos\u0165ou v\u00fdrobu no\u017eov, a\u017e z nich vytvoril takmer umeleck\u00e9 diela, ktor\u00e9 s\u00fa vrcholom funk\u010dnosti. V\u0161etky diely s\u00fa vyroden\u00e9 v USA.<br \/>\n<strong>Na v\u0161etky no\u017ee Microtech je do\u017eivotn\u00e1 z\u00e1ruka.<\/strong><\/p>\n<p><strong>Doprava zadarmo.<\/strong><\/p>\n","protected":false},"featured_media":206537,"comment_status":"open","ping_status":"closed","template":"","meta":[],"pwb-brand":[3200],"product_brand":[],"product_cat":[3186,3197],"product_tag":[3668],"class_list":{"0":"post-208190","1":"product","2":"type-product","3":"status-publish","4":"has-post-thumbnail","6":"pwb-brand-microtech-sk","7":"product_cat-noze-sk","8":"product_cat-vystrelovacie-noze-sk","9":"product_tag-b2b-sk","11":"first","12":"instock","13":"taxable","14":"shipping-taxable","15":"purchasable","16":"product-type-simple"},"brands":[{"id":3200,"name":"Microtech","slug":"microtech-sk"}],"_links":{"self":[{"href":"https:\/\/www.moskito.cz\/sk\/wp-json\/wp\/v2\/product\/208190","targetHints":{"allow":["GET"]}}],"collection":[{"href":"https:\/\/www.moskito.cz\/sk\/wp-json\/wp\/v2\/product"}],"about":[{"href":"https:\/\/www.moskito.cz\/sk\/wp-json\/wp\/v2\/types\/product"}],"replies":[{"embeddable":true,"href":"https:\/\/www.moskito.cz\/sk\/wp-json\/wp\/v2\/comments?post=208190"}],"wp:featuredmedia":[{"embeddable":true,"href":"https:\/\/www.moskito.cz\/sk\/wp-json\/wp\/v2\/media\/206537"}],"wp:attachment":[{"href":"https:\/\/www.moskito.cz\/sk\/wp-json\/wp\/v2\/media?parent=208190"}],"wp:term":[{"taxonomy":"pwb-brand","embeddable":true,"href":"https:\/\/www.moskito.cz\/sk\/wp-json\/wp\/v2\/pwb-brand?post=208190"},{"taxonomy":"product_brand","embeddable":true,"href":"https:\/\/www.moskito.cz\/sk\/wp-json\/wp\/v2\/product_brand?post=208190"},{"taxonomy":"product_cat","embeddable":true,"href":"https:\/\/www.moskito.cz\/sk\/wp-json\/wp\/v2\/product_cat?post=208190"},{"taxonomy":"product_tag","embeddable":true,"href":"https:\/\/www.moskito.cz\/sk\/wp-json\/wp\/v2\/product_tag?post=208190"}],"curies":[{"name":"wp","href":"https:\/\/api.w.org\/{rel}","templated":true}]}}