{"id":208192,"date":"2021-10-11T21:14:27","date_gmt":"2021-10-11T20:14:27","guid":{"rendered":"https:\/\/www.moskito.cz\/produkt\/zatvaraci-noz-microtech-socom-elite-signature-bronze-160-13ss\/"},"modified":"2025-05-07T10:36:13","modified_gmt":"2025-05-07T09:36:13","slug":"zatvaraci-noz-microtech-socom-elite-signature-bronze-160-13ss","status":"publish","type":"product","link":"https:\/\/www.moskito.cz\/sk\/produkt\/zatvaraci-noz-microtech-socom-elite-signature-bronze-160-13ss\/","title":{"rendered":"Zatv\u00e1rac\u00ed N\u00f4\u017e Microtech Socom Elite SIGNATURE BRONZE 160-13SS"},"content":{"rendered":"<pre id=\"tw-target-text\" class=\"tw-data-text tw-text-large tw-ta\" dir=\"ltr\" data-placeholder=\"P\u0159eklad\"><span class=\"Y2IQFc\" lang=\"sk\">Zatv\u00e1rac\u00ed N\u00f4\u017e <strong>Microtech<\/strong> Socom Elite SIGNATURE BRONZE 160-13SS.\r\n\r\nZatia\u013e \u010do Socom Elite bol vyroben\u00fd u\u017e sk\u00f4r, tento model bol prepracovan\u00fd-teraz obsahuje vylep\u0161en\u00fd syst\u00e9m na rozbitie skla, okrem upraven\u00e9ho vreckov\u00e9ho klipu, vlastn\u00fdch di\u0161tan\u010dn\u00fdch podlo\u017eiek a dizajnu z\u00e1mku podr\u00e1mu. Od uvedenia debutov\u00fdch modelov v roku 1996 je rad Socom \u0161tandardom pre vym\u00e1hanie pr\u00e1va, vojensk\u00fd person\u00e1l aj civiln\u00fd sektor alebo pre kohoko\u013evek in\u00e9ho, \u200b\u200bkto h\u013ead\u00e1 pracanta. Tento model, ktor\u00fd je s\u00fa\u010das\u0165ou radu Signature, m\u00e1 \u010diernu eloxovan\u00fa hlin\u00edkov\u00fa rukov\u00e4\u0165 vhodn\u00fa pre lietadl\u00e1, kompletn\u00fa s vlo\u017ekami podporuj\u00facimi pri\u013enavos\u0165, \u0161tandardn\u00fd bronzov\u00fd hardv\u00e9r, \u010depe\u013e v \u0161t\u00fdle spear point, ktor\u00e1 sa p\u00fd\u0161i \u201e\u0161picat\u00fdm br\u00fasen\u00edm\u201c a logom paz\u00faru Microtech, vreckov\u00e1 spona je staticky navrhnut\u00e1 na nosenie \u0161pi\u010dkou dole iba na tradi\u010dnej strane dr\u017eadla. Vyroben\u00e9 v USA.\r\n\r\n\u0160PECIFIK\u00c1CIA:\r\n\r\nD\u013a\u017eka \u010depele: 10 cm\r\nCelkov\u00e1 d\u013a\u017eka: 24.5 cm\r\nMateri\u00e1l \u010depele: nerezov\u00e1 oce\u013e M390\r\nPovrchov\u00e1 \u00faprava \u010depele: Bronz\r\nMateri\u00e1l rukov\u00e4te: hlin\u00edk 7075-T611\r\nHmotnos\u0165: 5,25 oz.<\/span><\/pre>\n","protected":false},"excerpt":{"rendered":"<pre id=\"tw-target-text\" class=\"tw-data-text tw-text-large tw-ta\" dir=\"ltr\" data-placeholder=\"P\u0159eklad\"><span class=\"Y2IQFc\" lang=\"sk\">V priebehu rokov Microtech\u00ae Knives naplnil v\u00e1\u0161\u0148ou a zru\u010dnos\u0165ou v\u00fdrobu no\u017eov, a\u017e z nich vytvoril takmer umeleck\u00e9 diela, ktor\u00e9 s\u00fa vrcholom funk\u010dnosti. V\u0161etky diely s\u00fa vyroden\u00e9 v USA.\r\n<strong>Na v\u0161etky no\u017ee Microtech je do\u017eivotn\u00e1 z\u00e1ruka.<\/strong><\/span><\/pre>\n","protected":false},"featured_media":206503,"comment_status":"open","ping_status":"closed","template":"","meta":[],"pwb-brand":[3200],"product_brand":[],"product_cat":[3186,3197],"product_tag":[3668],"class_list":{"0":"post-208192","1":"product","2":"type-product","3":"status-publish","4":"has-post-thumbnail","6":"pwb-brand-microtech-sk","7":"product_cat-noze-sk","8":"product_cat-vystrelovacie-noze-sk","9":"product_tag-b2b-sk","11":"first","12":"outofstock","13":"taxable","14":"shipping-taxable","15":"purchasable","16":"product-type-simple"},"brands":[{"id":3200,"name":"Microtech","slug":"microtech-sk"}],"_links":{"self":[{"href":"https:\/\/www.moskito.cz\/sk\/wp-json\/wp\/v2\/product\/208192","targetHints":{"allow":["GET"]}}],"collection":[{"href":"https:\/\/www.moskito.cz\/sk\/wp-json\/wp\/v2\/product"}],"about":[{"href":"https:\/\/www.moskito.cz\/sk\/wp-json\/wp\/v2\/types\/product"}],"replies":[{"embeddable":true,"href":"https:\/\/www.moskito.cz\/sk\/wp-json\/wp\/v2\/comments?post=208192"}],"wp:featuredmedia":[{"embeddable":true,"href":"https:\/\/www.moskito.cz\/sk\/wp-json\/wp\/v2\/media\/206503"}],"wp:attachment":[{"href":"https:\/\/www.moskito.cz\/sk\/wp-json\/wp\/v2\/media?parent=208192"}],"wp:term":[{"taxonomy":"pwb-brand","embeddable":true,"href":"https:\/\/www.moskito.cz\/sk\/wp-json\/wp\/v2\/pwb-brand?post=208192"},{"taxonomy":"product_brand","embeddable":true,"href":"https:\/\/www.moskito.cz\/sk\/wp-json\/wp\/v2\/product_brand?post=208192"},{"taxonomy":"product_cat","embeddable":true,"href":"https:\/\/www.moskito.cz\/sk\/wp-json\/wp\/v2\/product_cat?post=208192"},{"taxonomy":"product_tag","embeddable":true,"href":"https:\/\/www.moskito.cz\/sk\/wp-json\/wp\/v2\/product_tag?post=208192"}],"curies":[{"name":"wp","href":"https:\/\/api.w.org\/{rel}","templated":true}]}}