{"id":208196,"date":"2021-10-05T21:05:23","date_gmt":"2021-10-05T20:05:23","guid":{"rendered":"https:\/\/www.moskito.cz\/produkt\/vystrelovaci-noz-microtech-mini-troodon-apocalyptic-240-10-ap\/"},"modified":"2025-05-07T10:36:13","modified_gmt":"2025-05-07T09:36:13","slug":"vystrelovaci-noz-microtech-mini-troodon-apocalyptic-240-10-ap","status":"publish","type":"product","link":"https:\/\/www.moskito.cz\/sk\/produkt\/vystrelovaci-noz-microtech-mini-troodon-apocalyptic-240-10-ap\/","title":{"rendered":"Vystre\u013eovac\u00ed N\u00f4\u017e Microtech Mini Troodon Apocalyptic 240-10 AP"},"content":{"rendered":"<pre id=\"tw-target-text\" class=\"tw-data-text tw-text-large tw-ta\" dir=\"ltr\" data-placeholder=\"P\u0159eklad\"><span class=\"Y2IQFc\" lang=\"sk\">Vystre\u013eovac\u00ed N\u00f4\u017e <strong>Microtech<\/strong> Mini Troodon Apocalyptic 240-10 AP.\r\n\r\nNa zlomok ve\u013ekosti dokonca aj be\u017en\u00e9ho Troodonu sa Troodon Mini vyzna\u010duje \u0161t\u00edhlym dizajnom, rukov\u00e4\u0165ou s tromi prstami a mechanizmom akcie, ktor\u00fd sa \u013eah\u0161ie vystre\u013euje. Dizajn vyhovuje \u0161ir\u0161iemu publiku, ktor\u00e9 potrebuje ka\u017edodenn\u00e9 nosenie utilit\u00e1rnej funk\u010dnosti OTF bez toho, aby sa museli stret\u00e1va\u0165 s Troodonom v plnej ve\u013ekosti. Je dokonca dos\u0165 mal\u00fd na to, aby bol klipom na peniaze, ale bol postaven\u00fd tak, aby v pr\u00edpade potreby fungoval ako Microtech.\r\n\r\n\u0160pecifik\u00e1cia\r\nD\u013a\u017eka \u010depele: 5 cm\r\nCelkov\u00e1 d\u013a\u017eka: 13.5 cm\r\nMateri\u00e1l \u010depele: Lopatkov\u00e1 oce\u013e pre tento rok bude Carpenter CTS-204P-k\u00fdm z\u00e1soby kovu vydr\u017eia, \u010depele m\u00f4\u017eu by\u0165 tie\u017e CTS-XHP, M390 alebo Elmax\r\n\u0160t\u00fdl \u010depele: Tanto\r\nPovrch \u010depele: Stonewash\r\nMateri\u00e1l rukov\u00e4te: \u010cierna 6061-T6 Hlin\u00edkov\u00e1\r\nZamykac\u00ed mechanizmus: Slide\r\nPocket Clip: Nerezov\u00e1 oce\u013e (hrot dole, doprava\/do\u013eava) )\r\nHmotnos\u0165: 1,8 oz.\r\nDizajn\u00e9r: Tony Marfione\r\nVyroben\u00e9 v USA<\/span><\/pre>\n","protected":false},"excerpt":{"rendered":"<pre id=\"tw-target-text\" class=\"tw-data-text tw-text-large tw-ta\" dir=\"ltr\" data-placeholder=\"P\u0159eklad\"><span class=\"Y2IQFc\" lang=\"sk\">V priebehu rokov Microtech\u00ae Knives naplnil v\u00e1\u0161\u0148ou a zru\u010dnos\u0165ou v\u00fdrobu no\u017eov, a\u017e z nich vytvoril takmer umeleck\u00e9 diela, ktor\u00e9 s\u00fa vrcholom funk\u010dnosti. V\u0161etky diely s\u00fa vyroden\u00e9 v USA.\r\n<strong>Na v\u0161etky no\u017ee Microtech je do\u017eivotn\u00e1 z\u00e1ruka.<\/strong><\/span><\/pre>\n","protected":false},"featured_media":206443,"comment_status":"open","ping_status":"closed","template":"","meta":[],"pwb-brand":[3200],"product_brand":[],"product_cat":[3186,3197],"product_tag":[3668],"class_list":{"0":"post-208196","1":"product","2":"type-product","3":"status-publish","4":"has-post-thumbnail","6":"pwb-brand-microtech-sk","7":"product_cat-noze-sk","8":"product_cat-vystrelovacie-noze-sk","9":"product_tag-b2b-sk","11":"first","12":"outofstock","13":"taxable","14":"shipping-taxable","15":"purchasable","16":"product-type-simple"},"brands":[{"id":3200,"name":"Microtech","slug":"microtech-sk"}],"_links":{"self":[{"href":"https:\/\/www.moskito.cz\/sk\/wp-json\/wp\/v2\/product\/208196","targetHints":{"allow":["GET"]}}],"collection":[{"href":"https:\/\/www.moskito.cz\/sk\/wp-json\/wp\/v2\/product"}],"about":[{"href":"https:\/\/www.moskito.cz\/sk\/wp-json\/wp\/v2\/types\/product"}],"replies":[{"embeddable":true,"href":"https:\/\/www.moskito.cz\/sk\/wp-json\/wp\/v2\/comments?post=208196"}],"wp:featuredmedia":[{"embeddable":true,"href":"https:\/\/www.moskito.cz\/sk\/wp-json\/wp\/v2\/media\/206443"}],"wp:attachment":[{"href":"https:\/\/www.moskito.cz\/sk\/wp-json\/wp\/v2\/media?parent=208196"}],"wp:term":[{"taxonomy":"pwb-brand","embeddable":true,"href":"https:\/\/www.moskito.cz\/sk\/wp-json\/wp\/v2\/pwb-brand?post=208196"},{"taxonomy":"product_brand","embeddable":true,"href":"https:\/\/www.moskito.cz\/sk\/wp-json\/wp\/v2\/product_brand?post=208196"},{"taxonomy":"product_cat","embeddable":true,"href":"https:\/\/www.moskito.cz\/sk\/wp-json\/wp\/v2\/product_cat?post=208196"},{"taxonomy":"product_tag","embeddable":true,"href":"https:\/\/www.moskito.cz\/sk\/wp-json\/wp\/v2\/product_tag?post=208196"}],"curies":[{"name":"wp","href":"https:\/\/api.w.org\/{rel}","templated":true}]}}