{"id":208211,"date":"2021-09-05T15:13:44","date_gmt":"2021-09-05T14:13:44","guid":{"rendered":"https:\/\/www.moskito.cz\/produkt\/vystrelovaci-noz-microtech-combat-troodon-bronze-apocalyptic-142-15apcfs\/"},"modified":"2025-05-07T10:36:18","modified_gmt":"2025-05-07T09:36:18","slug":"vystrelovaci-noz-microtech-combat-troodon-bronze-apocalyptic-142-15apcfs","status":"publish","type":"product","link":"https:\/\/www.moskito.cz\/sk\/produkt\/vystrelovaci-noz-microtech-combat-troodon-bronze-apocalyptic-142-15apcfs\/","title":{"rendered":"Vystre\u013eovac\u00ed N\u00f4\u017e Microtech Combat Troodon Bronze Apocalyptic 142-15APCFS"},"content":{"rendered":"<pre id=\"tw-target-text\" class=\"tw-data-text tw-text-large tw-ta\" dir=\"ltr\" data-placeholder=\"P\u0159eklad\"><span class=\"Y2IQFc\" lang=\"sk\">Vystre\u013eovac\u00ed N\u00f4\u017e <strong>Microtech<\/strong> Combat Troodon Bronze Apocalyptic 142-15APCFS.\r\n\r\nCombat Troodon, ob\u013e\u00faben\u00fd str\u00e1\u017ecovia z\u00e1kona, vojensk\u00fd person\u00e1l a z\u00e1chran\u00e1ri, je postaven\u00fd pre \u0161irok\u00e9 spektrum u\u017eito\u010dn\u00fdch a bojov\u00fdch situ\u00e1ci\u00ed na bl\u00edzko. V\u010faka kont\u00farovan\u00e9mu tvaru a radik\u00e1lnym dizajnov\u00fdm prvkom p\u00f4sob\u00ed tento k\u00fasok v\u00fdrazn\u00fdm dojmom, napriek tomu je vhodn\u00fd na ka\u017edodenn\u00e9 nosenie.\r\n\r\nCelkov\u00e1 d\u013a\u017eka: 9,53 \" (242 mm)\r\nD\u013a\u017eka v zatvorenom stave: 5.75\" (146 mm)\r\nD\u013a\u017eka \u010depele: 3,82\" (97 mm)\r\nD\u013a\u017eka reznej hrany: 3,82 palca (97 mm)\r\nHr\u00fabka \u010depele: 0,128 palca (3,23 mm)\r\nPovrchov\u00e1 \u00faprava \u010depele: Bronzov\u00e1 apokalyptika\r\n\u0160t\u00fdl hr\u00e1n: Vr\u00fabkovan\u00fd\r\nMateri\u00e1l rukov\u00e4te: uhl\u00edkov\u00e9 vl\u00e1kno\r\nHr\u00fabka rukov\u00e4te: 0,6 palca (15 mm)\r\nVreckov\u00fd klip: hrot dole\r\nHmotnos\u0165: 149,97 g\r\nV\u00fdrobca Ref. #: 142-15APCFS\r\nKrajina p\u00f4vodu: USA<\/span><\/pre>\n","protected":false},"excerpt":{"rendered":"<pre id=\"tw-target-text\" class=\"tw-data-text tw-text-large tw-ta\" dir=\"ltr\" data-placeholder=\"P\u0159eklad\"><span class=\"Y2IQFc\" lang=\"sk\">V priebehu rokov Microtech\u00ae Knives naplnil v\u00e1\u0161\u0148ou a zru\u010dnos\u0165ou v\u00fdrobu no\u017eov, a\u017e z nich vytvoril takmer umeleck\u00e9 diela, ktor\u00e9 s\u00fa vrcholom funk\u010dnosti. V\u0161etky diely s\u00fa vyroden\u00e9 v USA.\r\n<strong>Na v\u0161etky no\u017ee Microtech je do\u017eivotn\u00e1 z\u00e1ruka.<\/strong><\/span><\/pre>\n","protected":false},"featured_media":204986,"comment_status":"open","ping_status":"closed","template":"","meta":[],"pwb-brand":[3200],"product_brand":[],"product_cat":[3186,3197],"product_tag":[3668],"class_list":{"0":"post-208211","1":"product","2":"type-product","3":"status-publish","4":"has-post-thumbnail","6":"pwb-brand-microtech-sk","7":"product_cat-noze-sk","8":"product_cat-vystrelovacie-noze-sk","9":"product_tag-b2b-sk","11":"first","12":"outofstock","13":"taxable","14":"shipping-taxable","15":"purchasable","16":"product-type-simple"},"brands":[{"id":3200,"name":"Microtech","slug":"microtech-sk"}],"_links":{"self":[{"href":"https:\/\/www.moskito.cz\/sk\/wp-json\/wp\/v2\/product\/208211","targetHints":{"allow":["GET"]}}],"collection":[{"href":"https:\/\/www.moskito.cz\/sk\/wp-json\/wp\/v2\/product"}],"about":[{"href":"https:\/\/www.moskito.cz\/sk\/wp-json\/wp\/v2\/types\/product"}],"replies":[{"embeddable":true,"href":"https:\/\/www.moskito.cz\/sk\/wp-json\/wp\/v2\/comments?post=208211"}],"wp:featuredmedia":[{"embeddable":true,"href":"https:\/\/www.moskito.cz\/sk\/wp-json\/wp\/v2\/media\/204986"}],"wp:attachment":[{"href":"https:\/\/www.moskito.cz\/sk\/wp-json\/wp\/v2\/media?parent=208211"}],"wp:term":[{"taxonomy":"pwb-brand","embeddable":true,"href":"https:\/\/www.moskito.cz\/sk\/wp-json\/wp\/v2\/pwb-brand?post=208211"},{"taxonomy":"product_brand","embeddable":true,"href":"https:\/\/www.moskito.cz\/sk\/wp-json\/wp\/v2\/product_brand?post=208211"},{"taxonomy":"product_cat","embeddable":true,"href":"https:\/\/www.moskito.cz\/sk\/wp-json\/wp\/v2\/product_cat?post=208211"},{"taxonomy":"product_tag","embeddable":true,"href":"https:\/\/www.moskito.cz\/sk\/wp-json\/wp\/v2\/product_tag?post=208211"}],"curies":[{"name":"wp","href":"https:\/\/api.w.org\/{rel}","templated":true}]}}