{"id":208221,"date":"2021-08-21T18:01:57","date_gmt":"2021-08-21T17:01:57","guid":{"rendered":"https:\/\/www.moskito.cz\/produkt\/apokalypticke-nerezove-pero-microtech-siphon-ii-401-ss-ap\/"},"modified":"2025-05-07T10:36:20","modified_gmt":"2025-05-07T09:36:20","slug":"apokalypticke-nerezove-pero-microtech-siphon-ii-401-ss-ap","status":"publish","type":"product","link":"https:\/\/www.moskito.cz\/sk\/produkt\/apokalypticke-nerezove-pero-microtech-siphon-ii-401-ss-ap\/","title":{"rendered":"Apokalyptick\u00e9 Nerezov\u00e9 Pero Microtech Siphon II 401-SS-AP"},"content":{"rendered":"<pre id=\"tw-target-text\" class=\"tw-data-text tw-text-large tw-ta\" dir=\"ltr\" data-placeholder=\"P\u0159eklad\"><span class=\"Y2IQFc\" lang=\"sk\">Apokalyptick\u00e9 Nerezov\u00e9 Pero <strong>Microtech<\/strong> Siphon II 401-SS-AP.\r\n\r\nSiphon II od Microtech je vyroben\u00fd kompletne z nerezovej ocele 303, aby v\u00e1m poskytol maxim\u00e1lnu silu v dizajne. Je to elegantn\u00fd, \u013eahko prenosn\u00e9 a vyroben\u00e9 v USA. Za\u0165ahovac\u00ed hrot sa aktivuje p\u00e1\u010dkou. Pero je navrhnut\u00e9 tak, aby prij\u00edmalo atramentov\u00e9 n\u00e1plne Pilot G2 Mini, meria v otvorenom stave 14 cm av zatvorenom stave 9 cm.<\/span><\/pre>\n","protected":false},"excerpt":{"rendered":"<pre id=\"tw-target-text\" class=\"tw-data-text tw-text-large tw-ta\" dir=\"ltr\" data-placeholder=\"P\u0159eklad\"><span class=\"Y2IQFc\" lang=\"sk\">V priebehu rokov Microtech\u00ae Knives naplnil v\u00e1\u0161\u0148ou a zru\u010dnos\u0165ou v\u00fdrobu no\u017eov, a\u017e z nich vytvoril takmer umeleck\u00e9 diela, ktor\u00e9 s\u00fa vrcholom funk\u010dnosti. V\u0161etky diely s\u00fa vyroden\u00e9 v USA.\r\n<strong>Na v\u0161etky no\u017ee Microtech je do\u017eivotn\u00e1 z\u00e1ruka (min. 80 000 cyklov, otvorenie a zatvorenie)<\/strong>\r\n\r\nDoprava zadarmo.<\/span><\/pre>\n","protected":false},"featured_media":204678,"comment_status":"open","ping_status":"closed","template":"","meta":[],"pwb-brand":[3200],"product_brand":[],"product_cat":[3186,3197],"product_tag":[3668],"class_list":{"0":"post-208221","1":"product","2":"type-product","3":"status-publish","4":"has-post-thumbnail","6":"pwb-brand-microtech-sk","7":"product_cat-noze-sk","8":"product_cat-vystrelovacie-noze-sk","9":"product_tag-b2b-sk","11":"first","12":"instock","13":"taxable","14":"shipping-taxable","15":"purchasable","16":"product-type-simple"},"brands":[{"id":3200,"name":"Microtech","slug":"microtech-sk"}],"_links":{"self":[{"href":"https:\/\/www.moskito.cz\/sk\/wp-json\/wp\/v2\/product\/208221","targetHints":{"allow":["GET"]}}],"collection":[{"href":"https:\/\/www.moskito.cz\/sk\/wp-json\/wp\/v2\/product"}],"about":[{"href":"https:\/\/www.moskito.cz\/sk\/wp-json\/wp\/v2\/types\/product"}],"replies":[{"embeddable":true,"href":"https:\/\/www.moskito.cz\/sk\/wp-json\/wp\/v2\/comments?post=208221"}],"wp:featuredmedia":[{"embeddable":true,"href":"https:\/\/www.moskito.cz\/sk\/wp-json\/wp\/v2\/media\/204678"}],"wp:attachment":[{"href":"https:\/\/www.moskito.cz\/sk\/wp-json\/wp\/v2\/media?parent=208221"}],"wp:term":[{"taxonomy":"pwb-brand","embeddable":true,"href":"https:\/\/www.moskito.cz\/sk\/wp-json\/wp\/v2\/pwb-brand?post=208221"},{"taxonomy":"product_brand","embeddable":true,"href":"https:\/\/www.moskito.cz\/sk\/wp-json\/wp\/v2\/product_brand?post=208221"},{"taxonomy":"product_cat","embeddable":true,"href":"https:\/\/www.moskito.cz\/sk\/wp-json\/wp\/v2\/product_cat?post=208221"},{"taxonomy":"product_tag","embeddable":true,"href":"https:\/\/www.moskito.cz\/sk\/wp-json\/wp\/v2\/product_tag?post=208221"}],"curies":[{"name":"wp","href":"https:\/\/api.w.org\/{rel}","templated":true}]}}