{"id":208224,"date":"2021-08-21T17:16:19","date_gmt":"2021-08-21T16:16:19","guid":{"rendered":"https:\/\/www.moskito.cz\/produkt\/vystrelovaci-noz-microtech-exocet-white-handle-white-blade-157-3st\/"},"modified":"2025-05-07T10:36:20","modified_gmt":"2025-05-07T09:36:20","slug":"vystrelovaci-noz-microtech-exocet-white-handle-white-blade-157-3st","status":"publish","type":"product","link":"https:\/\/www.moskito.cz\/sk\/produkt\/vystrelovaci-noz-microtech-exocet-white-handle-white-blade-157-3st\/","title":{"rendered":"Vystre\u013eovac\u00ed N\u00f4\u017e Microtech Exocet White Handle &#8211; White Blade 157-3ST"},"content":{"rendered":"<pre id=\"tw-target-text\" class=\"tw-data-text tw-text-large tw-ta\" dir=\"ltr\" data-placeholder=\"P\u0159eklad\"><span class=\"Y2IQFc\" lang=\"sk\">Vystre\u013eovac\u00ed N\u00f4\u017e <strong>Microtech<\/strong> Exocet White Handle - White Blade 157-3ST.\r\n\r\nExocet sp\u00e1ja u\u017eito\u010dnos\u0165 a ka\u017edodenn\u00fa praktickos\u0165 dohromady v jednom unik\u00e1tnom balen\u00ed. Tento automatick\u00fd OTF je inovat\u00edvny a prv\u00fd svojho druhu v sebe ukr\u00fdva kalifornsk\u00fa leg\u00e1lnu \u010depe\u013e a sl\u00fa\u017ei ako spona na peniaze, tak\u017ee je ide\u00e1lny na ka\u017edodenn\u00e9 nosenie.\r\n\r\nCelkov\u00e1 d\u013a\u017eka: 5,6\" (142 mm)\r\nD\u013a\u017eka \u010depele: 1,97\" (50 mm)\r\nD\u013a\u017eka reznej hrany: 1,89 palca (48 mm)\r\nHr\u00fabka \u010depele: 0,079 palca (2 mm)\r\nPovrchov\u00e1 \u00faprava \u010depele: biela\r\n\u0160t\u00fdl hrany: \u010ciasto\u010dne vr\u00fabkovan\u00fd\r\nMateri\u00e1l rukov\u00e4te: biely hlin\u00edk\r\nHr\u00fabka rukov\u00e4te: 0,36 palca (9 mm)\r\nVreckov\u00fd klip: hrot dole\r\nHmotnos\u0165: 3,0 oz (85,05 g)\r\nV\u00fdrobca Ref. #: 157-3ST\r\nKrajina p\u00f4vodu: USA<\/span><\/pre>\n","protected":false},"excerpt":{"rendered":"<pre id=\"tw-target-text\" class=\"tw-data-text tw-text-large tw-ta\" dir=\"ltr\" data-placeholder=\"P\u0159eklad\"><span class=\"Y2IQFc\" lang=\"sk\">V priebehu rokov Microtech\u00ae Knives naplnil v\u00e1\u0161\u0148ou a zru\u010dnos\u0165ou v\u00fdrobu no\u017eov, a\u017e z nich vytvoril takmer umeleck\u00e9 diela, ktor\u00e9 s\u00fa vrcholom funk\u010dnosti. V\u0161etky diely s\u00fa vyroden\u00e9 v USA.\r\n<strong>Na v\u0161etky no\u017ee Microtech je do\u017eivotn\u00e1 z\u00e1ruka (min. 80 000 cyklov, otvorenie a zatvorenie)<\/strong>\r\n\r\nDoprava zadarmo.<\/span><\/pre>\n","protected":false},"featured_media":204647,"comment_status":"open","ping_status":"closed","template":"","meta":[],"pwb-brand":[3200],"product_brand":[],"product_cat":[3186,3197],"product_tag":[3668],"class_list":{"0":"post-208224","1":"product","2":"type-product","3":"status-publish","4":"has-post-thumbnail","6":"pwb-brand-microtech-sk","7":"product_cat-noze-sk","8":"product_cat-vystrelovacie-noze-sk","9":"product_tag-b2b-sk","11":"first","12":"instock","13":"taxable","14":"shipping-taxable","15":"purchasable","16":"product-type-simple"},"brands":[{"id":3200,"name":"Microtech","slug":"microtech-sk"}],"_links":{"self":[{"href":"https:\/\/www.moskito.cz\/sk\/wp-json\/wp\/v2\/product\/208224","targetHints":{"allow":["GET"]}}],"collection":[{"href":"https:\/\/www.moskito.cz\/sk\/wp-json\/wp\/v2\/product"}],"about":[{"href":"https:\/\/www.moskito.cz\/sk\/wp-json\/wp\/v2\/types\/product"}],"replies":[{"embeddable":true,"href":"https:\/\/www.moskito.cz\/sk\/wp-json\/wp\/v2\/comments?post=208224"}],"wp:featuredmedia":[{"embeddable":true,"href":"https:\/\/www.moskito.cz\/sk\/wp-json\/wp\/v2\/media\/204647"}],"wp:attachment":[{"href":"https:\/\/www.moskito.cz\/sk\/wp-json\/wp\/v2\/media?parent=208224"}],"wp:term":[{"taxonomy":"pwb-brand","embeddable":true,"href":"https:\/\/www.moskito.cz\/sk\/wp-json\/wp\/v2\/pwb-brand?post=208224"},{"taxonomy":"product_brand","embeddable":true,"href":"https:\/\/www.moskito.cz\/sk\/wp-json\/wp\/v2\/product_brand?post=208224"},{"taxonomy":"product_cat","embeddable":true,"href":"https:\/\/www.moskito.cz\/sk\/wp-json\/wp\/v2\/product_cat?post=208224"},{"taxonomy":"product_tag","embeddable":true,"href":"https:\/\/www.moskito.cz\/sk\/wp-json\/wp\/v2\/product_tag?post=208224"}],"curies":[{"name":"wp","href":"https:\/\/api.w.org\/{rel}","templated":true}]}}