{"id":208226,"date":"2021-08-21T16:44:21","date_gmt":"2021-08-21T15:44:21","guid":{"rendered":"https:\/\/www.moskito.cz\/produkt\/vystrelovaci-noz-microtech-troodon-titanium-grey-138-1tg\/"},"modified":"2025-05-07T10:36:20","modified_gmt":"2025-05-07T09:36:20","slug":"vystrelovaci-noz-microtech-troodon-titanium-grey-138-1tg","status":"publish","type":"product","link":"https:\/\/www.moskito.cz\/sk\/produkt\/vystrelovaci-noz-microtech-troodon-titanium-grey-138-1tg\/","title":{"rendered":"Vystre\u013eovac\u00ed N\u00f4\u017e Microtech Troodon Titanium Grey 138-1TG"},"content":{"rendered":"<pre id=\"tw-target-text\" class=\"tw-data-text tw-text-large tw-ta\" dir=\"ltr\" data-placeholder=\"P\u0159eklad\"><span class=\"Y2IQFc\" lang=\"sk\">Vystre\u013eovac\u00ed N\u00f4\u017e <strong>Microtech<\/strong> Troodon Titanium Grey 138-1TG.\r\n\r\nTento Troodon m\u00e1 \u010depe\u013e br\u00fasen\u00fa z oboch str\u00e1n. Rukov\u00e4\u0165 je \u010dierno eloxovan\u00fd hlin\u00edk T-6 s dr\u00e1\u017ekami pre v\u00e4\u010d\u0161iu pridr\u017eiavaciu schopnos\u0165. Poistka, vreckov\u00fd klip a rob\u00ed ja\u010d skla s\u00fa strieborn\u00e9.\r\n\r\nJednoduch\u00fd troodonov\u00fd n\u00f4\u017e od firmy Microtech je pomenovan\u00fd po dinosaure Troodon, tento n\u00f4\u017e bol vlajkov\u00fdm no\u017eom spolo\u010dnosti Microtech v roku 2006.\r\n\r\nCelkov\u00e1 d\u013a\u017eka: 19.2 cm\r\nD\u013a\u017eka \u010depele: 7.5 cm\r\nMateri\u00e1l \u010depele: M390\r\n\u0160t\u00fdl \u010depele: D\u00fdka\r\nBritov\u00e9 do\u0161ti\u010dky: Ploch\u00e9\r\nD\u013a\u017eka rukov\u00e4te: 10.63 cm\r\nHr\u00fabka rukov\u00e4te: 1.12 cm\r\nMateri\u00e1l rukov\u00e4te: hlin\u00edk\r\nHmotnos\u0165: 3,00 oz.\r\nU\u017e\u00edvate\u013e: Prav\u00e1 ruka\r\nPocket Clip: Tip-Down\r\nTyp no\u017ea: Automatick\u00fd\r\nOtv\u00e1ra\u010d: Thumb Slide\r\nZna\u010dka: Microtech\r\nModel: Troodon\r\nKrajina p\u00f4vodu: USA\r\nNajlep\u0161ie vyu\u017eitie: Taktick\u00e9<\/span><\/pre>\n","protected":false},"excerpt":{"rendered":"<pre id=\"tw-target-text\" class=\"tw-data-text tw-text-large tw-ta\" dir=\"ltr\" data-placeholder=\"P\u0159eklad\"><span class=\"Y2IQFc\" lang=\"sk\">V priebehu rokov Microtech\u00ae Knives naplnil v\u00e1\u0161\u0148ou a zru\u010dnos\u0165ou v\u00fdrobu no\u017eov, a\u017e z nich vytvoril takmer umeleck\u00e9 diela, ktor\u00e9 s\u00fa vrcholom funk\u010dnosti. V\u0161etky diely s\u00fa vyroden\u00e9 v USA.\r\n<strong>Na v\u0161etky no\u017ee Microtech je do\u017eivotn\u00e1 z\u00e1ruka (min. 80 000 cyklov, otvorenie a zatvorenie)<\/strong>\r\n\r\nDoprava zadarmo.<\/span><\/pre>\n","protected":false},"featured_media":204630,"comment_status":"open","ping_status":"closed","template":"","meta":[],"pwb-brand":[3200],"product_brand":[],"product_cat":[3186,3197],"product_tag":[3668],"class_list":{"0":"post-208226","1":"product","2":"type-product","3":"status-publish","4":"has-post-thumbnail","6":"pwb-brand-microtech-sk","7":"product_cat-noze-sk","8":"product_cat-vystrelovacie-noze-sk","9":"product_tag-b2b-sk","11":"first","12":"outofstock","13":"taxable","14":"shipping-taxable","15":"purchasable","16":"product-type-simple"},"brands":[{"id":3200,"name":"Microtech","slug":"microtech-sk"}],"_links":{"self":[{"href":"https:\/\/www.moskito.cz\/sk\/wp-json\/wp\/v2\/product\/208226","targetHints":{"allow":["GET"]}}],"collection":[{"href":"https:\/\/www.moskito.cz\/sk\/wp-json\/wp\/v2\/product"}],"about":[{"href":"https:\/\/www.moskito.cz\/sk\/wp-json\/wp\/v2\/types\/product"}],"replies":[{"embeddable":true,"href":"https:\/\/www.moskito.cz\/sk\/wp-json\/wp\/v2\/comments?post=208226"}],"wp:featuredmedia":[{"embeddable":true,"href":"https:\/\/www.moskito.cz\/sk\/wp-json\/wp\/v2\/media\/204630"}],"wp:attachment":[{"href":"https:\/\/www.moskito.cz\/sk\/wp-json\/wp\/v2\/media?parent=208226"}],"wp:term":[{"taxonomy":"pwb-brand","embeddable":true,"href":"https:\/\/www.moskito.cz\/sk\/wp-json\/wp\/v2\/pwb-brand?post=208226"},{"taxonomy":"product_brand","embeddable":true,"href":"https:\/\/www.moskito.cz\/sk\/wp-json\/wp\/v2\/product_brand?post=208226"},{"taxonomy":"product_cat","embeddable":true,"href":"https:\/\/www.moskito.cz\/sk\/wp-json\/wp\/v2\/product_cat?post=208226"},{"taxonomy":"product_tag","embeddable":true,"href":"https:\/\/www.moskito.cz\/sk\/wp-json\/wp\/v2\/product_tag?post=208226"}],"curies":[{"name":"wp","href":"https:\/\/api.w.org\/{rel}","templated":true}]}}