{"id":208231,"date":"2021-07-03T09:58:25","date_gmt":"2021-07-03T08:58:25","guid":{"rendered":"https:\/\/www.moskito.cz\/produkt\/vystrelovaci-noz-microtech-ultratech-120-10dta\/"},"modified":"2025-05-07T10:36:21","modified_gmt":"2025-05-07T09:36:21","slug":"vystrelovaci-noz-microtech-ultratech-120-10dta","status":"publish","type":"product","link":"https:\/\/www.moskito.cz\/sk\/produkt\/vystrelovaci-noz-microtech-ultratech-120-10dta\/","title":{"rendered":"Vystre\u013eovac\u00ed N\u00f4\u017e Microtech Ultratech 120-10DTA"},"content":{"rendered":"<pre id=\"tw-target-text\" class=\"tw-data-text tw-text-large tw-ta\" dir=\"ltr\" data-placeholder=\"P\u0159eklad\"><span class=\"Y2IQFc\" lang=\"sk\">Vystre\u013eovac\u00ed N\u00f4\u017e <strong>Microtech<\/strong> Ultratech 120-10DTA.\r\n\r\nSpredu vystre\u013eovac\u00ed n\u00f4\u017e.\r\n\r\nVystre\u013eovac\u00ed N\u00f4\u017e Microtech Ultratech 120-10 je vybaven\u00fd dvojitou \u010depe\u013eou s jednoduch\u00fdmi rezn\u00fdmi hranami. M\u00e1 tvarovan\u00fa hlin\u00edkov\u00fa rukov\u00e4\u0165 z eloxovan\u00e9ho hlin\u00edka 6061-T6 s \u010diernou farbou, rozb\u00edja\u010dom skla a nerezovou v\u00fdstuhou.\r\n\r\nMicrotech vybavil t\u00fato verziu st\u00e1le popul\u00e1rneho Ultratech D\/A OTF n\u00f4\u017e s hladk\u00fdm konturovan\u00fdm dizajnom rukov\u00e4te, ktor\u00fd zvy\u0161uje komfort pri pou\u017e\u00edvan\u00ed. Tento aktualizovan\u00fd model poskytuje rovnak\u00e9 rozmery, hardv\u00e9r a trvanlivos\u0165 pon\u00fakan\u00e9 variantom \u201eTri-Grip\u201c, ale ide jednoduch\u0161ie do ruky a do vrecka.\r\n\r\nPre t\u00fdch, ktor\u00ed nie s\u00fa obozn\u00e1men\u00ed s technol\u00f3giou Ultratech, je to plne automatick\u00fd n\u00f4\u017e s dvojit\u00fdm mechanizmom mimo prednej strany, \u010do znamen\u00e1, \u017ee \u010depe\u013e sa pomocou palca sa sklop\u00ed a zasunie. N\u00f4\u017e Ultratech spolo\u010dnosti Microtech nastavil latku pre v\u0161etky no\u017ee OTF.\r\n\r\nCelkov\u00e1 d\u013a\u017eka: 20.92 cm\r\nD\u013a\u017eka \u010depele: 8.42 cm\r\nRezn\u00e1 hrana: 7.8 cm\r\nHr\u00fabka \u010depele: 0,32 cm\r\nMateri\u00e1l \u010depele: CTS-204P\r\n\u0160t\u00fdl blade: Bayonet\r\nBritov\u00e9 do\u0161ti\u010dky: Ploch\u00e9\r\nTyp okraja: oby\u010dajn\u00fd\r\nD\u013a\u017eka rukov\u00e4te: 12.5 cm\r\nHr\u00fabka rukov\u00e4te: 1.17 cm\r\nMateri\u00e1l rukov\u00e4te: hlin\u00edk\r\nHmotnos\u0165: 3,37 oz.\r\nU\u017e\u00edvate\u013e: Prav\u00e1 ruka\r\nPocket Clip: Tip-Down\r\nTyp no\u017ea: Double-Action OTF Automatic\r\nOtv\u00e1ra\u010d: Thumb Slide\r\nZna\u010dka: Microtech\r\nModel: Ultratech\r\n\u010c\u00edslo modelu:120-10DTA\r\nKrajina p\u00f4vodu: USA\r\nNajlep\u0161ie pou\u017eitie: Ka\u017edodenn\u00e9<\/span><\/pre>\n","protected":false},"excerpt":{"rendered":"<pre id=\"tw-target-text\" class=\"tw-data-text tw-text-large tw-ta\" dir=\"ltr\" data-placeholder=\"P\u0159eklad\"><span class=\"Y2IQFc\" lang=\"sk\">V priebehu rokov Microtech\u00ae Knives naplnil v\u00e1\u0161\u0148ou a zru\u010dnos\u0165ou v\u00fdrobu no\u017eov, a\u017e z nich vytvoril takmer umeleck\u00e9 diela, ktor\u00e9 s\u00fa vrcholom funk\u010dnosti. V\u0161etky diely s\u00fa vyroden\u00e9 v USA.\r\n<strong>Na v\u0161etky no\u017ee Microtech je do\u017eivotn\u00e1 z\u00e1ruka (min. 80 000 cyklov, otvorenie a zatvorenie)<\/strong>\r\n\r\nDoprava zadarmo.<\/span><\/pre>\n","protected":false},"featured_media":200268,"comment_status":"open","ping_status":"closed","template":"","meta":[],"pwb-brand":[3200],"product_brand":[],"product_cat":[3186,3197],"product_tag":[3668],"class_list":{"0":"post-208231","1":"product","2":"type-product","3":"status-publish","4":"has-post-thumbnail","6":"pwb-brand-microtech-sk","7":"product_cat-noze-sk","8":"product_cat-vystrelovacie-noze-sk","9":"product_tag-b2b-sk","11":"first","12":"outofstock","13":"taxable","14":"shipping-taxable","15":"purchasable","16":"product-type-simple"},"brands":[{"id":3200,"name":"Microtech","slug":"microtech-sk"}],"_links":{"self":[{"href":"https:\/\/www.moskito.cz\/sk\/wp-json\/wp\/v2\/product\/208231","targetHints":{"allow":["GET"]}}],"collection":[{"href":"https:\/\/www.moskito.cz\/sk\/wp-json\/wp\/v2\/product"}],"about":[{"href":"https:\/\/www.moskito.cz\/sk\/wp-json\/wp\/v2\/types\/product"}],"replies":[{"embeddable":true,"href":"https:\/\/www.moskito.cz\/sk\/wp-json\/wp\/v2\/comments?post=208231"}],"wp:featuredmedia":[{"embeddable":true,"href":"https:\/\/www.moskito.cz\/sk\/wp-json\/wp\/v2\/media\/200268"}],"wp:attachment":[{"href":"https:\/\/www.moskito.cz\/sk\/wp-json\/wp\/v2\/media?parent=208231"}],"wp:term":[{"taxonomy":"pwb-brand","embeddable":true,"href":"https:\/\/www.moskito.cz\/sk\/wp-json\/wp\/v2\/pwb-brand?post=208231"},{"taxonomy":"product_brand","embeddable":true,"href":"https:\/\/www.moskito.cz\/sk\/wp-json\/wp\/v2\/product_brand?post=208231"},{"taxonomy":"product_cat","embeddable":true,"href":"https:\/\/www.moskito.cz\/sk\/wp-json\/wp\/v2\/product_cat?post=208231"},{"taxonomy":"product_tag","embeddable":true,"href":"https:\/\/www.moskito.cz\/sk\/wp-json\/wp\/v2\/product_tag?post=208231"}],"curies":[{"name":"wp","href":"https:\/\/api.w.org\/{rel}","templated":true}]}}