{"id":208235,"date":"2021-03-25T22:35:52","date_gmt":"2021-03-25T21:35:52","guid":{"rendered":"https:\/\/www.moskito.cz\/produkt\/pevny-noz-microtech-socom-alpha-114-10\/"},"modified":"2025-07-11T07:54:08","modified_gmt":"2025-07-11T06:54:08","slug":"pevny-noz-microtech-socom-alpha-114-10","status":"publish","type":"product","link":"https:\/\/www.moskito.cz\/sk\/produkt\/pevny-noz-microtech-socom-alpha-114-10\/","title":{"rendered":"Pevn\u00fd N\u00f4\u017e Microtech Socom Alpha 114-10"},"content":{"rendered":"<p>Pevn\u00fd N\u00f4\u017e <strong>Microtech<\/strong> Socom Alpha 114-10.<\/p>\n<p>Trvalo viac ako desa\u0165 rokov, k\u00fdm spolo\u010dnos\u0165 <strong>Microtech<\/strong> dodala pevn\u00fd Socom, Socom Alpha, ale na\u0161\u0165astie pre n\u00e1s mu bol Alpha Mini v p\u00e4t\u00e1ch. T\u00e1to verzia radu Signature je dod\u00e1van\u00e1 s \u010diernou povrchovou \u00fapravou, oce\u013eou CTS-204P, rukov\u00e4\u0165ou z uhl\u00edkov\u00fdch vl\u00e1kien.<\/p>\n<p>\u010cepe\u013e: \u010cepe\u013e so \u0161picat\u00fdm ostr\u00edm je vybr\u00fasen\u00e1 pre rovnov\u00e1hu sily a rezn\u00e9ho v\u00fdkonu, vybaven\u00e1 odoln\u00fdm karb\u00f3nov\u00fdm povrchom typu Diamond. Odol\u00e1va tak lep\u0161ie opotrebovaniu a kor\u00f3zii a je diskr\u00e9tne nereflexn\u00e1. Vysok\u00fd v\u00fdkon, CTS-204P poskytuje \u0161pi\u010dkov\u00fa odolnos\u0165 proti kor\u00f3zii a retenciu hr\u00e1n pre optim\u00e1lny v\u00fdkon.<\/p>\n<p>Rukov\u00e4\u0165: Je z uhl\u00edkov\u00fdch vl\u00e1kien, ktor\u00e9 s\u00fa bezpe\u010dne pripevnen\u00e9 k patentovan\u00e9mu hardv\u00e9ru potiahnut\u00e9mu DLC. Otvor na konci hlavice umo\u017e\u0148uje pripevnenie na krk.<\/p>\n<p>Puzdro: Nos\u00ed sa pomocou tvarovan\u00e9ho puzdra z Kydexu so zais\u0165ovacou sponou na opasok DOTS.<\/p>\n<p>CTS-204P: CTS-204P z nerezovej ocele s pr\u00e1\u0161kovou metalurgiou, vysoko odolnou proti opotrebeniu, m\u00e1 jedny z najvy\u0161\u0161\u00edch dostupn\u00fdch retenci\u00ed hr\u00e1n a odolnos\u0165 proti kor\u00f3zii. CTS-204P je v\u00fdkonovo podobn\u00fd CPM-20CV a Bohlerovu M390.<\/p>\n<p>Microtech Socom Alpha T\/E 114-10 Stonewash Finish<\/p>\n<p><strong>Microtech<\/strong> v\u00fdroba SOCOM Alpha fixed blade features a dizajn popularizoval by samej n\u00e1zov folding n\u00f4\u017e s\u00e9rie z pasce v\u00fdrobcov kombinovan\u00fd s viacer\u00fdmi aktu\u00e1lnymi custom shop productions. Also includes carbon fiber laminated kydex belt sheath with bladetech clip system.<\/p>\n<p><b>Features<\/b><br \/>\nOverall Length: 10&#8243;<br \/>\nBlade Length: 5&#8243;<br \/>\nBlade Material: CTS-204P<br \/>\nBlade Thickness: 0.20&#8243;<br \/>\nHandle Material: G10<br \/>\nWeight: 8.25oz<br \/>\nClosed Length: 5.25&#8243;<br \/>\nKnife Category: Fixed Blade<br \/>\nBlade Style: T\/E (Tanto Edge)<br \/>\nCountry of Origin: USA<\/p>\n<p>&nbsp;<\/p>\n<p>&nbsp;<\/p>\n","protected":false},"excerpt":{"rendered":"<p>V priebehu rokov <strong>Microtech\u00ae<\/strong> Knives naplnil v\u00e1\u0161\u0148ou a zru\u010dnos\u0165ou v\u00fdrobu no\u017eov, a\u017e z nich vytvoril takmer umeleck\u00e9 diela, ktor\u00e9 s\u00fa vrcholom funk\u010dnosti. V\u0161etky diely s\u00fa vyroden\u00e9 v USA.<\/p>\n","protected":false},"featured_media":341643,"comment_status":"open","ping_status":"closed","template":"","meta":[],"pwb-brand":[3200],"product_brand":[],"product_cat":[3186,3187],"product_tag":[3668],"class_list":{"0":"post-208235","1":"product","2":"type-product","3":"status-publish","4":"has-post-thumbnail","6":"pwb-brand-microtech-sk","7":"product_cat-noze-sk","8":"product_cat-pevne-noze-sk","9":"product_tag-b2b-sk","11":"first","12":"instock","13":"taxable","14":"shipping-taxable","15":"purchasable","16":"product-type-simple"},"brands":[{"id":3200,"name":"Microtech","slug":"microtech-sk"}],"_links":{"self":[{"href":"https:\/\/www.moskito.cz\/sk\/wp-json\/wp\/v2\/product\/208235","targetHints":{"allow":["GET"]}}],"collection":[{"href":"https:\/\/www.moskito.cz\/sk\/wp-json\/wp\/v2\/product"}],"about":[{"href":"https:\/\/www.moskito.cz\/sk\/wp-json\/wp\/v2\/types\/product"}],"replies":[{"embeddable":true,"href":"https:\/\/www.moskito.cz\/sk\/wp-json\/wp\/v2\/comments?post=208235"}],"wp:featuredmedia":[{"embeddable":true,"href":"https:\/\/www.moskito.cz\/sk\/wp-json\/wp\/v2\/media\/341643"}],"wp:attachment":[{"href":"https:\/\/www.moskito.cz\/sk\/wp-json\/wp\/v2\/media?parent=208235"}],"wp:term":[{"taxonomy":"pwb-brand","embeddable":true,"href":"https:\/\/www.moskito.cz\/sk\/wp-json\/wp\/v2\/pwb-brand?post=208235"},{"taxonomy":"product_brand","embeddable":true,"href":"https:\/\/www.moskito.cz\/sk\/wp-json\/wp\/v2\/product_brand?post=208235"},{"taxonomy":"product_cat","embeddable":true,"href":"https:\/\/www.moskito.cz\/sk\/wp-json\/wp\/v2\/product_cat?post=208235"},{"taxonomy":"product_tag","embeddable":true,"href":"https:\/\/www.moskito.cz\/sk\/wp-json\/wp\/v2\/product_tag?post=208235"}],"curies":[{"name":"wp","href":"https:\/\/api.w.org\/{rel}","templated":true}]}}