{"id":208252,"date":"2021-03-24T22:14:28","date_gmt":"2021-03-24T21:14:28","guid":{"rendered":"https:\/\/www.moskito.cz\/produkt\/vystrelovaci-noz-microtech-combat-troodon-142-1-bl\/"},"modified":"2025-07-11T07:54:01","modified_gmt":"2025-07-11T06:54:01","slug":"vystrelovaci-noz-microtech-combat-troodon-142-1-bl","status":"publish","type":"product","link":"https:\/\/www.moskito.cz\/sk\/produkt\/vystrelovaci-noz-microtech-combat-troodon-142-1-bl\/","title":{"rendered":"Vystre\u013eovac\u00ed N\u00f4\u017e Microtech Combat Troodon 142-1 BL"},"content":{"rendered":"<pre id=\"tw-target-text\" class=\"tw-data-text tw-text-large tw-ta\" dir=\"ltr\" data-placeholder=\"P\u0159eklad\"><span class=\"Y2IQFc\" lang=\"sk\">V priebehu rokov <strong>Microtech\u00ae<\/strong> Knives naplnil v\u00e1\u0161\u0148ou a zru\u010dnos\u0165ou v\u00fdrobu no\u017eov, a\u017e z nich vytvoril takmer umeleck\u00e9 diela, ktor\u00e9 s\u00fa vrcholom funk\u010dnosti. Aj na\u010falej pos\u00fava hranice a zlep\u0161uje to,\r\n\u010do u\u017e vie, \u017ee funguje. V roku 2020 sa Microtech\u00ae Knives rozr\u00e1stol na predn\u00fa no\u017eiarsku\r\nzna\u010dku, ktor\u00e1 sa neust\u00e1le vyv\u00edja a pohybuje vpred pomocou najnov\u0161\u00edch technol\u00f3gi\u00ed,\r\nstarod\u00e1vnych z\u00e1sad pri v\u00fdrobe \u010depel\u00ed a maxim\u00e1lneho testovania v ter\u00e9ne, tak aby nekompromitovali kvalitu.\r\n\r\nSpredu vystre\u013eovac\u00ed n\u00f4\u017e.\r\n\r\nVystre\u013eovac\u00ed N\u00f4\u017e Microtech Combat Troodon m\u00e1 \u010diernu \u010depe\u013e z nerezovej ocele s hladkou hranou. Hlin\u00edkov\u00e1 rukov\u00e4\u0165 s guli\u010dkov\u00fdm hrotom na rozbitie skla je z u\u0161\u013eachtilej ocele.\r\nNajv\u00e4\u010d\u0161\u00ed v\u00fdrobn\u00fd n\u00f4\u017e OTF firmy Microtech je pomenovan\u00fd po dinosaure Troodon. Combat Troodon je skuto\u010dne ve\u013ek\u00e1 verzia popul\u00e1rneho Troodonu. Napriek ve\u013ekosti je rukov\u00e4\u0165 \u0161t\u00edhla a pohodln\u00e1.\r\n\r\nCelkov\u00e1 d\u013a\u017eka: 23.75 cm\r\nD\u013a\u017eka \u010depele: 9.5 cm\r\nMateri\u00e1l \u010depele: 204P\r\n\u0160t\u00fdl \u010depele: D\u00fdka\r\nBritov\u00e9 do\u0161ti\u010dky: Ploch\u00e9\r\nTyp okraja: oby\u010dajn\u00fd\r\nD\u013a\u017eka rukov\u00e4te: 14.37 cm\r\nHr\u00fabka rukov\u00e4te: 1.37 cm\r\nMateri\u00e1l rukov\u00e4te: hlin\u00edk\r\nHmotnos\u0165: 5,35 oz.\r\nU\u017e\u00edvate\u013e: Prav\u00e1 ruka\r\nPocket Clip: Tip-Down\r\nTyp no\u017ea: Double-Action OTF Automatic\r\nOtv\u00e1ra\u010d: Thumb Slide\r\nZna\u010dka: Microtech\r\nModel: Combat Troodon\r\n\u010c\u00edslo modelu: 142-1 BL\r\nKrajina p\u00f4vodu: USA\r\nNajlep\u0161ie vyu\u017eitie: Taktick\u00e9<\/span><\/pre>\n","protected":false},"excerpt":{"rendered":"<pre id=\"tw-target-text\" class=\"tw-data-text tw-text-large tw-ta\" dir=\"ltr\" data-placeholder=\"P\u0159eklad\"><span class=\"Y2IQFc\" lang=\"sk\">V priebehu rokov Microtech\u00ae Knives naplnil v\u00e1\u0161\u0148ou a zru\u010dnos\u0165ou v\u00fdrobu no\u017eov, a\u017e z nich vytvoril takmer umeleck\u00e9 diela, ktor\u00e9 s\u00fa vrcholom funk\u010dnosti. V\u0161etky diely s\u00fa vyroden\u00e9 v USA.\r\n<strong>Na v\u0161etky no\u017ee Microtech je do\u017eivotn\u00e1 z\u00e1ruka (min. 80 000 cyklov, otvorenie a zatvorenie)<\/strong>\r\n\r\nDoprava zadarmo.<\/span><\/pre>\n","protected":false},"featured_media":208253,"comment_status":"open","ping_status":"closed","template":"","meta":[],"pwb-brand":[3200],"product_brand":[],"product_cat":[3186,3197],"product_tag":[3668],"class_list":{"0":"post-208252","1":"product","2":"type-product","3":"status-publish","4":"has-post-thumbnail","6":"pwb-brand-microtech-sk","7":"product_cat-noze-sk","8":"product_cat-vystrelovacie-noze-sk","9":"product_tag-b2b-sk","11":"first","12":"outofstock","13":"taxable","14":"shipping-taxable","15":"purchasable","16":"product-type-simple"},"brands":[{"id":3200,"name":"Microtech","slug":"microtech-sk"}],"_links":{"self":[{"href":"https:\/\/www.moskito.cz\/sk\/wp-json\/wp\/v2\/product\/208252","targetHints":{"allow":["GET"]}}],"collection":[{"href":"https:\/\/www.moskito.cz\/sk\/wp-json\/wp\/v2\/product"}],"about":[{"href":"https:\/\/www.moskito.cz\/sk\/wp-json\/wp\/v2\/types\/product"}],"replies":[{"embeddable":true,"href":"https:\/\/www.moskito.cz\/sk\/wp-json\/wp\/v2\/comments?post=208252"}],"wp:featuredmedia":[{"embeddable":true,"href":"https:\/\/www.moskito.cz\/sk\/wp-json\/wp\/v2\/media\/208253"}],"wp:attachment":[{"href":"https:\/\/www.moskito.cz\/sk\/wp-json\/wp\/v2\/media?parent=208252"}],"wp:term":[{"taxonomy":"pwb-brand","embeddable":true,"href":"https:\/\/www.moskito.cz\/sk\/wp-json\/wp\/v2\/pwb-brand?post=208252"},{"taxonomy":"product_brand","embeddable":true,"href":"https:\/\/www.moskito.cz\/sk\/wp-json\/wp\/v2\/product_brand?post=208252"},{"taxonomy":"product_cat","embeddable":true,"href":"https:\/\/www.moskito.cz\/sk\/wp-json\/wp\/v2\/product_cat?post=208252"},{"taxonomy":"product_tag","embeddable":true,"href":"https:\/\/www.moskito.cz\/sk\/wp-json\/wp\/v2\/product_tag?post=208252"}],"curies":[{"name":"wp","href":"https:\/\/api.w.org\/{rel}","templated":true}]}}