{"id":208267,"date":"2021-03-22T21:33:01","date_gmt":"2021-03-22T20:33:01","guid":{"rendered":"https:\/\/www.moskito.cz\/produkt\/vystrelovaci-noz-microtech-utx-70-ca148-10\/"},"modified":"2025-07-11T07:53:46","modified_gmt":"2025-07-11T06:53:46","slug":"vystrelovaci-noz-microtech-utx-70-ca148-10","status":"publish","type":"product","link":"https:\/\/www.moskito.cz\/sk\/produkt\/vystrelovaci-noz-microtech-utx-70-ca148-10\/","title":{"rendered":"Vystre\u013eovac\u00ed N\u00f4\u017e Microtech UTX-70 CA148-10"},"content":{"rendered":"<p>Vystre\u013eovac\u00ed N\u00f4\u017e <strong>Microtech<\/strong> UTX-70 CA148-10.<\/p>\n<p><strong>UTX-70<\/strong> je perfektnou kombin\u00e1ciou kompaktnej ve\u013ekosti a ve\u013ek\u00e9ho v\u00fdkonu. <strong>UTX-70<\/strong> je vyroben\u00fd z rovnak\u00e9ho materi\u00e1lu, na rovnak\u00fdch strojoch as rovnakou vynaliezavos\u0165ou ako jeho predchodca. <strong>UTX-70<\/strong> je dokonal\u00fdm no\u017eom pre v\u0161etky situ\u00e1cie, bez oh\u013eadu na to, ak\u00e1 bude va\u0161a rezacia \u00faloha a bude hladko zapada\u0165 do v\u00e1\u0161ho \u017eivotn\u00e9ho \u0161t\u00fdlu. V\u010faka r\u00fdchlemu jednoru\u010dn\u00e9mu otv\u00e1raniu a zatv\u00e1raniu vykon\u00e1 pr\u00e1cu za p\u00e1r sek\u00fand. UTX-70 m\u00e1 mnoho dostupn\u00fdch mo\u017enost\u00ed, ako s\u00fa \u0161t\u00fdly s jednou hranou, dvojitou hranou alebo tanto. N\u00f4\u017e je vybaven\u00fd obojstrannou sponou do vrecka kompaktnou ve\u013ekos\u0165ou, \u010do je ide\u00e1lna vo\u013eba pre ka\u017edodenn\u00e9 pou\u017eitie a nosenie.<\/p>\n<p>Celkov\u00e1 d\u013a\u017eka: 13 cm<br \/>\nD\u013a\u017eka \u010depele: 4.9 cm<br \/>\nHr\u00fabka \u010depele: 0,2 cm<br \/>\nMateri\u00e1l \u010depele: Bohler M390<br \/>\nTvrdos\u0165: 59-60 \u00b0 C<br \/>\n\u0160t\u00fdl \u010depel\u00ed: Drop Point<br \/>\nBritov\u00e9 do\u0161ti\u010dky: Ploch\u00e9<br \/>\nTyp okraja: oby\u010dajn\u00fd<br \/>\nD\u013a\u017eka rukov\u00e4te: 8.05 cm<br \/>\nHr\u00fabka rukov\u00e4te: 0,8 cm<br \/>\nMateri\u00e1l rukov\u00e4te: hlin\u00edk<br \/>\nHmotnos\u0165: 1,24 oz.<br \/>\nU\u017e\u00edvate\u013e: Prav\u00e1 ruka<br \/>\nPocket Clip: Tip-Down<br \/>\nTyp no\u017ea: Double-Action OTF Automatic<br \/>\nOtv\u00e1ra\u010d: Thumb Slide<br \/>\nZna\u010dka: Microtech<br \/>\nModel: UTX-70<br \/>\n\u010c\u00edslo modelu: CAS148-10<br \/>\nKrajina p\u00f4vodu: USA<br \/>\nNajlep\u0161ie vyu\u017eitie: ka\u017edodenn\u00e9 nosenie, taktick\u00e9<\/p>\n<div class=\"description\">\n<p>UTX-70 je perfektnou kombin\u00e1ciou kompaktn\u00fdch rozmerov a ve\u013ek\u00fdch v\u00fdkonov. Na frakcii ve\u013ekosti <a href=\"https:\/\/www.knifecenter.com\/kc_new\/store_store.html?ttl=Microtech%20Ultratech%20OTF%20Knives&amp;srch=eqCATE%20CODEdatarq%3Dmt%26waDESCRIPTIONdatarq%3Dultratech\" target=\"_blank\" rel=\"noopener\">Ultratech<\/a> , UTX-70 je manufactured s t\u00fdm ist\u00fdm materi\u00e1lom, na t\u00fdch ist\u00fdch strojoch, as t\u00fdm ist\u00fdm ingenuitou, as jeho predecessor. UTX-70 je perfektn\u00e1 n\u00f4\u017e pre v\u0161etky situ\u00e1cie, ale matka, \u010do va\u0161e rezanie task it bude mesh bezprobl\u00e9movo s va\u0161im \u017eivotn\u00fdm \u0161t\u00fdlom. S jeho r\u00fdchlym one-handed open and close action, get gets job done in seconds. Equipped with ambidextrous pocket klip, a kompaktn\u00fd rozmer, tento je perfektn\u00fd v\u00fdber pre ka\u017ed\u00fa aplik\u00e1ciu a carry<\/p>\n<\/div>\n<div class=\"specifications\">\n<div class=\"specs\">\n<h3 class=\"specificationsPDP\">Specifications<\/h3>\n<ul>\n<li>Action: Double Action &#8211; Auto Fire\/Auto Retract<\/li>\n<li>Blade Length: 1.9&#8243;<\/li>\n<li>Blade Style: Drop Point<\/li>\n<li>Chassis: 6061-T6 AL Alloy Mil-Spec Hard Coat Anodized<\/li>\n<li>Handle Thickness: 0.31&#8243;<\/li>\n<li>Closed Length: 3,35&#8243;<\/li>\n<li>Overall Length: 5.25&#8243;<\/li>\n<li>Pocket Clip: 301 Full Hard Stainless Steel<\/li>\n<li>\u0160tandard Top: 6061-T6 AL Alloy<\/li>\n<li>Trigger: 303 Stainless Steel<\/li>\n<li>Weight: 1.1 oz.<\/li>\n<li><strong>Please note, blade steel cannot m\u00f4\u017ee by\u0165 \u0161pecifikovan\u00fd ako to m\u00f4\u017ee by\u0165 alternat\u00edva (information from Microtech)<\/strong><\/li>\n<li>Made in the USA<\/li>\n<\/ul>\n<\/div>\n<\/div>\n","protected":false},"excerpt":{"rendered":"<p>V priebehu rokov <strong>Microtech\u00ae Knives<\/strong> naplnil v\u00e1\u0161\u0148ou a zru\u010dnos\u0165ou v\u00fdrobu no\u017eov, a\u017e z nich vytvoril takmer umeleck\u00e9 diela, ktor\u00e9 s\u00fa vrcholom funk\u010dnosti. V\u0161etky diely s\u00fa vyroden\u00e9 v USA.<br \/>\n<strong>Na v\u0161etky no\u017ee Microtech je do\u017eivotn\u00e1 z\u00e1ruka.<\/strong><\/p>\n","protected":false},"featured_media":208268,"comment_status":"open","ping_status":"closed","template":"","meta":[],"pwb-brand":[3200],"product_brand":[],"product_cat":[3186,3197],"product_tag":[3668],"class_list":{"0":"post-208267","1":"product","2":"type-product","3":"status-publish","4":"has-post-thumbnail","6":"pwb-brand-microtech-sk","7":"product_cat-noze-sk","8":"product_cat-vystrelovacie-noze-sk","9":"product_tag-b2b-sk","11":"first","12":"outofstock","13":"taxable","14":"shipping-taxable","15":"purchasable","16":"product-type-simple"},"brands":[{"id":3200,"name":"Microtech","slug":"microtech-sk"}],"_links":{"self":[{"href":"https:\/\/www.moskito.cz\/sk\/wp-json\/wp\/v2\/product\/208267","targetHints":{"allow":["GET"]}}],"collection":[{"href":"https:\/\/www.moskito.cz\/sk\/wp-json\/wp\/v2\/product"}],"about":[{"href":"https:\/\/www.moskito.cz\/sk\/wp-json\/wp\/v2\/types\/product"}],"replies":[{"embeddable":true,"href":"https:\/\/www.moskito.cz\/sk\/wp-json\/wp\/v2\/comments?post=208267"}],"wp:featuredmedia":[{"embeddable":true,"href":"https:\/\/www.moskito.cz\/sk\/wp-json\/wp\/v2\/media\/208268"}],"wp:attachment":[{"href":"https:\/\/www.moskito.cz\/sk\/wp-json\/wp\/v2\/media?parent=208267"}],"wp:term":[{"taxonomy":"pwb-brand","embeddable":true,"href":"https:\/\/www.moskito.cz\/sk\/wp-json\/wp\/v2\/pwb-brand?post=208267"},{"taxonomy":"product_brand","embeddable":true,"href":"https:\/\/www.moskito.cz\/sk\/wp-json\/wp\/v2\/product_brand?post=208267"},{"taxonomy":"product_cat","embeddable":true,"href":"https:\/\/www.moskito.cz\/sk\/wp-json\/wp\/v2\/product_cat?post=208267"},{"taxonomy":"product_tag","embeddable":true,"href":"https:\/\/www.moskito.cz\/sk\/wp-json\/wp\/v2\/product_tag?post=208267"}],"curies":[{"name":"wp","href":"https:\/\/api.w.org\/{rel}","templated":true}]}}