{"id":208273,"date":"2021-03-24T21:23:24","date_gmt":"2021-03-24T20:23:24","guid":{"rendered":"https:\/\/www.moskito.cz\/produkt\/vystrelovaci-noz-microtech-ultratech-123-10-bh\/"},"modified":"2025-07-11T07:53:57","modified_gmt":"2025-07-11T06:53:57","slug":"vystrelovaci-noz-microtech-ultratech-123-10-bh","status":"publish","type":"product","link":"https:\/\/www.moskito.cz\/sk\/produkt\/vystrelovaci-noz-microtech-ultratech-123-10-bh\/","title":{"rendered":"Vystre\u013eovac\u00ed N\u00f4\u017e Microtech Ultratech Bounty Hunter Apocalyptic 123-10BH"},"content":{"rendered":"<p>Vystre\u013eovac\u00ed N\u00f4\u017e <strong>Microtech<\/strong> Ultratech Bounty Hunter Apocalyptic 123-10BH<\/p>\n<p>Ultratech od <strong>Microtech<\/strong> je jedn\u00fdm z ich najob\u013e\u00fabenej\u0161\u00edch modelov, rozhodne poskytuje najv\u00e4\u010d\u0161iu ranu za peniaze. Nav\u017edy nastav\u00ed \u0161tandard pre v\u0161etky vystre\u013eovacie no\u017ee. <strong>Ultratech<\/strong> je origin\u00e1lny dvoj\u010dinn\u00fd predn\u00fd n\u00f4\u017e Microtech a bol z\u00e1kladom cel\u00e9ho radu OTF. V priebehu rokov pre\u0161iel nieko\u013ek\u00fdmi \u00fapravami, zaka\u017ed\u00fdm sa stal \u00fa\u010dinnej\u0161\u00edm a spo\u013eahlivej\u0161\u00edm. Pru\u017eina Ultratechu zost\u00e1va v \u201ek\u013eudovej\u201c polohe po cel\u00fa dobu, s v\u00fdnimkou roztiahnutia. T\u00fdm je zaisten\u00e9, \u017ee sa stla\u010den\u00e1 pru\u017eina neunav\u00ed, \u010do pou\u017e\u00edvate\u013eom zais\u0165uje, \u017ee ke\u010f je n\u00f4\u017e vystrelen\u00fd, bude fungova\u0165 efekt\u00edvne. \u013dahk\u00fd n\u00f4\u017e Ultratech s mo\u017enos\u0165ou otv\u00e1rania a zatv\u00e1rania jednou rukou, tenk\u00fd tvar a ostr\u00e1 \u010depe\u013e na skalpel z neho robia jedine\u010dn\u00fd n\u00f4\u017e!<\/p>\n<p>Tento model z limitovanej ed\u00edcie <strong>Star Wars Bounty Hunter<\/strong> m\u00e1 bojovo opotrebovan\u00fa rukov\u00e4\u0165 z nosen\u00e9ho a Bounty Hunter v \u0161t\u00fdle zelen\u00e9ho eloxovan\u00e9ho hlin\u00edka 6061-T6. Dvojfarebn\u00e1 \u010depe\u013e z nerezovej ocele M390 s apokalyptickou\/sat\u00e9novou \u00fapravou so \u0161tandardn\u00fdm ostr\u00edm. Bojov\u00fd opotrebovan\u00fd \u010derven\u00fd hardv\u00e9r a hrot na rozb\u00edjanie skla. Vreckov\u00fd klip je apokalypticky dokon\u010den\u00fd a ozna\u010den\u00fd s\u00e9riov\u00fdm \u010d\u00edslom, d\u00e1tumom v\u00fdroby, BH pre Bounty Hunter, \u017elt\u00fdm logom Mandalorian Skull Star Wars a logom <strong>Microtech<\/strong> . <strong>Tieto sa v\u017edy r\u00fdchlo vypredaj\u00fa, nepreme\u0161kajte svoju \u0161ancu!<\/strong><\/p>\n<p>Celkov\u00e1 d\u013a\u017eka: 22 cm<br \/>\nD\u013a\u017eka \u010depele: 8.6 cm<br \/>\nMateri\u00e1l \u010depele: Bohler M390<br \/>\n\u0160t\u00fdl \u010depele: Tanto<br \/>\nBritov\u00e9 do\u0161ti\u010dky: Ploch\u00e9<br \/>\nTyp okraja: oby\u010dajn\u00fd<br \/>\nMateri\u00e1l rukov\u00e4te: hlin\u00edk<br \/>\nHmotnos\u0165: 3,60 oz.<br \/>\nU\u017e\u00edvate\u013e: Prav\u00e1 ruka<br \/>\nPocket Clip: Tip-Down<br \/>\nTyp no\u017ea: Double-Action OTF Automatic<br \/>\nOtv\u00e1ra\u010d: Thumb Slide<br \/>\nZna\u010dka: Microtech<br \/>\nModel: Ultratech<br \/>\n\u010c\u00edslo modelu: 123-10 BH<br \/>\nKrajina p\u00f4vodu: USA<br \/>\nNajlep\u0161ie pou\u017eitie: Ka\u017edodenn\u00e9<\/p>\n<div class=\"description\">\n<p>The Ultratech bude forever nastavi\u0165 \u0161tandard pre v\u0161etky out-the-front knives. Ultratech je Microtech s origin\u00e1lnym dual-action z frontu n\u00f4\u017e a m\u00e1 by\u0165 zhroma\u017eden\u00fd svoj\u00edm entirom OTF line. Over na roky, to je gone cez sever\u00e1lne modifik\u00e1cie, ka\u017ed\u00fd \u010das prejde viac efekt\u00edvny a reliable. T\u00e1to verzia m\u00e1 improved tri-grip text\u00faru na palec sn\u00edmok pre viac pozit\u00edvne n\u00e1kupy a apokalyptickej zelenej finish handle s \u010derven\u00fdm hardv\u00e9rom, dubbing tento model Bounty Hunter aka Boba Fett. It also features a very cool Mythosaur logo na pocket klip, ktor\u00fd bol zmazan\u00fd lebka symbol true Mandalorians. Ultratech&#8217;s jarn\u00e9 remains v &#8222;a zvy\u0161ok&#8220; poz\u00edcie na v\u0161etky \u010dasy except pri deployed. Tieto n\u00e1nosy, ktor\u00e9 s\u00fa navrhnut\u00e9 na jar, nie s\u00fa fatiguedn\u00e9, dok\u00e1\u017eu pou\u017e\u00edvate\u013eov, ke\u010f pri no\u017ei\u010dke je ohnut\u00fd, to bude efekt\u00edvne fungova\u0165. Ultratech&#8217;s light weight, jeden handed open and close action, slim shape a scalpel sharp, drop point blade make it a one-of-a-kind n\u00f4\u017e, only available through <strong>Microtech<\/strong> . T\u00e1to n\u00f4\u017e ha str\u00e1vi\u0165 \u010das a proti tomu, \u017ee sa m\u00f4\u017ee sta\u0165 ist\u00fdm obstaklom a tento jeden je most desirable of Star Wars line <strong>Ultratechs<\/strong> v na\u0161ej ot\u00e1zke.<\/p>\n<div class=\"clearfix\"><\/div>\n<\/div>\n<div class=\"specifications\">\n<div class=\"features\">Specifications<br \/>\nAutomatic Opening\/Closing &#8211; Front Opener<br \/>\nAction: Dual Action &#8211; Auto Fire\/Retract<br \/>\nBlade Steel: Stainless Steel<br \/>\nBlade Length: 3,46&#8243;<br \/>\nBlade Style: Single Edge Tanto<br \/>\nHandle Thickness: 0.640&#8243;<br \/>\nHandle Material: 6061-T6 Aluminum with Green Apocalyptic Mil-Spec Hard Coat Anodizing<br \/>\nLength Closed: 4.84&#8243;<br \/>\nLength Open: 8.30&#8243;<br \/>\nPocket Clip Material: 301 Stainless<br \/>\n\u0160tandard Top: 6061-T6 AL Alloy<br \/>\nTrigger: 303 Stainless<br \/>\nWindow Breaker<br \/>\nMade in the USA<\/div>\n<div class=\"specs\">\n<p>&nbsp;<\/p>\n<\/div>\n<\/div>\n","protected":false},"excerpt":{"rendered":"<p><strong>V priebehu rokov Microtech\u00ae Knives naplnil v\u00e1\u0161\u0148ou a zru\u010dnos\u0165ou v\u00fdrobu no\u017eov, a\u017e z nich vytvoril takmer umeleck\u00e9 diela, ktor\u00e9 s\u00fa vrcholom funk\u010dnosti. V\u0161etky diely s\u00fa vyroben\u00e9 v USA.<\/strong><br \/>\n<strong>Na v\u0161etky no\u017ee Microtech je do\u017eivotn\u00e1 z\u00e1ruka (min. 80 000 cyklov, otvorenie a zatvorenie)<\/strong><\/p>\n<p><strong>Doprava zadarmo.<\/strong><\/p>\n","protected":false},"featured_media":208274,"comment_status":"open","ping_status":"closed","template":"","meta":[],"pwb-brand":[3200],"product_brand":[],"product_cat":[3186,3197],"product_tag":[3668],"class_list":{"0":"post-208273","1":"product","2":"type-product","3":"status-publish","4":"has-post-thumbnail","6":"pwb-brand-microtech-sk","7":"product_cat-noze-sk","8":"product_cat-vystrelovacie-noze-sk","9":"product_tag-b2b-sk","11":"first","12":"outofstock","13":"taxable","14":"shipping-taxable","15":"purchasable","16":"product-type-simple"},"brands":[{"id":3200,"name":"Microtech","slug":"microtech-sk"}],"_links":{"self":[{"href":"https:\/\/www.moskito.cz\/sk\/wp-json\/wp\/v2\/product\/208273","targetHints":{"allow":["GET"]}}],"collection":[{"href":"https:\/\/www.moskito.cz\/sk\/wp-json\/wp\/v2\/product"}],"about":[{"href":"https:\/\/www.moskito.cz\/sk\/wp-json\/wp\/v2\/types\/product"}],"replies":[{"embeddable":true,"href":"https:\/\/www.moskito.cz\/sk\/wp-json\/wp\/v2\/comments?post=208273"}],"wp:featuredmedia":[{"embeddable":true,"href":"https:\/\/www.moskito.cz\/sk\/wp-json\/wp\/v2\/media\/208274"}],"wp:attachment":[{"href":"https:\/\/www.moskito.cz\/sk\/wp-json\/wp\/v2\/media?parent=208273"}],"wp:term":[{"taxonomy":"pwb-brand","embeddable":true,"href":"https:\/\/www.moskito.cz\/sk\/wp-json\/wp\/v2\/pwb-brand?post=208273"},{"taxonomy":"product_brand","embeddable":true,"href":"https:\/\/www.moskito.cz\/sk\/wp-json\/wp\/v2\/product_brand?post=208273"},{"taxonomy":"product_cat","embeddable":true,"href":"https:\/\/www.moskito.cz\/sk\/wp-json\/wp\/v2\/product_cat?post=208273"},{"taxonomy":"product_tag","embeddable":true,"href":"https:\/\/www.moskito.cz\/sk\/wp-json\/wp\/v2\/product_tag?post=208273"}],"curies":[{"name":"wp","href":"https:\/\/api.w.org\/{rel}","templated":true}]}}