{"id":208279,"date":"2021-03-22T22:13:37","date_gmt":"2021-03-22T21:13:37","guid":{"rendered":"https:\/\/www.moskito.cz\/produkt\/vystrelovaci-noz-microtech-socom-elite-161a-1-t\/"},"modified":"2025-07-11T07:53:49","modified_gmt":"2025-07-11T06:53:49","slug":"vystrelovaci-noz-microtech-socom-elite-161a-1-t","status":"publish","type":"product","link":"https:\/\/www.moskito.cz\/sk\/produkt\/vystrelovaci-noz-microtech-socom-elite-161a-1-t\/","title":{"rendered":"Vystre\u013eovac\u00ed N\u00f4\u017e Microtech Socom Elite 161A-1 T"},"content":{"rendered":"<p>Vystre\u013eovac\u00ed N\u00f4\u017e <strong>Microtech<\/strong> Socom Elite 161A-1 T.  <span lang=\"cs\">V priebehu rokov <strong>Microtech\u00ae Knives<\/strong> naplnil v\u00e1\u0161\u0148ou a zru\u010dnos\u0165ou v\u00fdrobu no\u017eov, a\u017e z nich vytvoril takmer umeleck\u00e9 diela, ktor\u00e9 s\u00fa vrcholom funk\u010dnosti. Aj na\u010falej pos\u00fava hranice a zlep\u0161uje to, \u010do u\u017e vie, \u017ee funguje. V roku 2020 sa <strong>Microtech\u00ae Knives<\/strong> rozr\u00e1stol na predn\u00fa no\u017eiarsku zna\u010dku, ktor\u00e1 sa neust\u00e1le vyv\u00edja a pohybuje vpred pomocou najnov\u0161\u00edch technol\u00f3gi\u00ed, starod\u00e1vnych z\u00e1sad pri v\u00fdrobe \u010depel\u00ed a maxim\u00e1lneho testovania v ter\u00e9ne, tak aby nekompromitovali kvalitu.  <\/span>  Od zalo\u017eenia origin\u00e1lu <strong>Microtech\u00ae Socom<\/strong> nastavuje \u0161tandard pre taktick\u00e9 no\u017ee. Sokom Elite stavia na tomto dizajne, aby sa prisp\u00f4sobil r\u00f4znym prostrediam. Jeho rukov\u00e4\u0165 m\u00e1 \u0161portov\u00fd grip a jedine\u010dn\u00fd tvar, pre pohodln\u00e9 a bezpe\u010dn\u00e9 uchopenie po cel\u00fa dobu. Celkov\u00e1 d\u013a\u017eka: 22.5 cm D\u013a\u017eka \u010depele: 10 cm Rezn\u00e1 hrana: 9.37 cm \u0160\u00edrka \u010depele: 2.8 cm Hr\u00fabka \u010depele: 0,47 cm Materi\u00e1l \u010depele: Bohler M390 Britov\u00e9 do\u0161ti\u010dky: Ploch\u00e9 D\u013a\u017eka rukov\u00e4te: 12.5 cm rukov\u00e4te: 1.37 Materi\u00e1l rukov\u00e4te: hlin\u00edk Hmotnos\u0165: 4,58 oz. U\u017e\u00edvate\u013e: Prav\u00e1 ruka Pocket Clip: Tip-Down Typ no\u017ea: Automatick\u00fd Otv\u00e1ra\u010d: Tla\u010didlo Typ z\u00e1mku: Blokovac\u00ed z\u00e1mok Zna\u010dka: Microtech Model: Socom Elite \u010c\u00edslo modelu: 161A-1 T Krajina p\u00f4vodu: USA Najlep\u0161ie vyu\u017eitie: Taktick\u00e9   <\/p>\n<div class=\"description\">  <strong>Socom<\/strong> Elite obsahuje vysoko \u0161tandardn\u00e9 pre tactical\/utility cutlery <strong>.<\/strong> to r\u00f4zne environments. a unique handle shape that molds to your hand. the handle and large stud that allows easy opening with a love adds to ich impressive stature.        <\/div>\n<div class=\"specifications\">\n<div class=\"specs\">\n<h3 class=\"specificationsPDP\">Specifications<\/h3>\n<ul>\n<li>Blade Length: 4.05&#8243;<\/li>\n<li>Cutting Edge: 3.75&#8243;<\/li>\n<li>Closed Length: 5.06&#8243;<\/li>\n<li>Overall Length: 9.11&#8243;<\/li>\n<li><strong>Please note, blade steel cannot m\u00f4\u017ee by\u0165 \u0161pecifikovan\u00fd ako to m\u00f4\u017ee by\u0165 alternat\u00edva (information from Microtech)<\/strong><\/li>\n<li>Blade Style: Tanto<\/li>\n<li>Blade Grind: Flat<\/li>\n<li>Blade Finish: Black Two-Tone<\/li>\n<li>Handle Material: Aluminum with Textured Inserts<\/li>\n<li>Locking Mechanism: Push Button<\/li>\n<li>Pocket Clip: Stainless Steel (Tip-Down, Right Carry)<\/li>\n<li>Weight: 5.6 oz.<\/li>\n<li>Designer: Tony Marfione<\/li>\n<li>Made in the USA<\/li>\n<\/ul>\n<\/div>\n<\/div>\n","protected":false},"excerpt":{"rendered":"<p>V priebehu rokov <strong>Microtech\u00ae Knives<\/strong> naplnil v\u00e1\u0161\u0148ou a zru\u010dnos\u0165ou v\u00fdrobu no\u017eov, a\u017e z nich vytvoril takmer umeleck\u00e9 diela, ktor\u00e9 s\u00fa vrcholom funk\u010dnosti. V\u0161etky diely s\u00fa vyroden\u00e9 v USA.  <strong>Na v\u0161etky no\u017ee Microtech je do\u017eivotn\u00e1 z\u00e1ruka.<\/strong><\/p>\n","protected":false},"featured_media":208280,"comment_status":"open","ping_status":"closed","template":"","meta":[],"pwb-brand":[3200],"product_brand":[],"product_cat":[3197,3186],"product_tag":[3668],"class_list":{"0":"post-208279","1":"product","2":"type-product","3":"status-publish","4":"has-post-thumbnail","6":"pwb-brand-microtech-sk","7":"product_cat-vystrelovacie-noze-sk","8":"product_cat-noze-sk","9":"product_tag-b2b-sk","11":"first","12":"instock","13":"taxable","14":"shipping-taxable","15":"purchasable","16":"product-type-simple"},"brands":[{"id":3200,"name":"Microtech","slug":"microtech-sk"}],"_links":{"self":[{"href":"https:\/\/www.moskito.cz\/sk\/wp-json\/wp\/v2\/product\/208279","targetHints":{"allow":["GET"]}}],"collection":[{"href":"https:\/\/www.moskito.cz\/sk\/wp-json\/wp\/v2\/product"}],"about":[{"href":"https:\/\/www.moskito.cz\/sk\/wp-json\/wp\/v2\/types\/product"}],"replies":[{"embeddable":true,"href":"https:\/\/www.moskito.cz\/sk\/wp-json\/wp\/v2\/comments?post=208279"}],"wp:featuredmedia":[{"embeddable":true,"href":"https:\/\/www.moskito.cz\/sk\/wp-json\/wp\/v2\/media\/208280"}],"wp:attachment":[{"href":"https:\/\/www.moskito.cz\/sk\/wp-json\/wp\/v2\/media?parent=208279"}],"wp:term":[{"taxonomy":"pwb-brand","embeddable":true,"href":"https:\/\/www.moskito.cz\/sk\/wp-json\/wp\/v2\/pwb-brand?post=208279"},{"taxonomy":"product_brand","embeddable":true,"href":"https:\/\/www.moskito.cz\/sk\/wp-json\/wp\/v2\/product_brand?post=208279"},{"taxonomy":"product_cat","embeddable":true,"href":"https:\/\/www.moskito.cz\/sk\/wp-json\/wp\/v2\/product_cat?post=208279"},{"taxonomy":"product_tag","embeddable":true,"href":"https:\/\/www.moskito.cz\/sk\/wp-json\/wp\/v2\/product_tag?post=208279"}],"curies":[{"name":"wp","href":"https:\/\/api.w.org\/{rel}","templated":true}]}}