{"id":208402,"date":"2020-10-09T14:07:04","date_gmt":"2020-10-09T13:07:04","guid":{"rendered":"https:\/\/www.moskito.cz\/produkt\/vystrelovaci-noz-microtech-ultratech-jade-green-122-1-gtjg\/"},"modified":"2025-07-11T07:52:45","modified_gmt":"2025-07-11T06:52:45","slug":"vystrelovaci-noz-microtech-ultratech-jade-green-122-1-gtjg","status":"publish","type":"product","link":"https:\/\/www.moskito.cz\/sk\/produkt\/vystrelovaci-noz-microtech-ultratech-jade-green-122-1-gtjg\/","title":{"rendered":"Vystre\u013eovac\u00ed N\u00f4\u017e Microtech Ultratech Jade Green 122-1 GTJG"},"content":{"rendered":"<pre id=\"tw-target-text\" class=\"tw-data-text tw-text-large tw-ta\" dir=\"ltr\" data-placeholder=\"P\u0159eklad\"><span class=\"Y2IQFc\" lang=\"sk\">Vystre\u013eovac\u00ed N\u00f4\u017e <strong>Microtech<\/strong> Ultratech Jade Green 122-1 GTJG.\r\nTento Exkluz\u00edvny Ultratech je vybaven\u00fd prirodzenou hornou rukov\u00e4\u0165ou G-10, ktor\u00e1 poskytuje fascinuj\u00faci poh\u013ead na \u010darodejn\u00edctvo pod krytom!\r\n\r\nTento Ultratech je vybaven\u00fd d\u00fdkou s dvojit\u00fdm ostr\u00edm s \u010diernym povrchom a hladk\u00fdmi rezn\u00fdmi hranami. M\u00e1 tvarovan\u00fa \u010dierno eloxovan\u00fa hlin\u00edkov\u00fa rukov\u00e4\u0165 6061-T6 s \u010diernou hotovou sponou, rozb\u00edja\u010d skla a hardv\u00e9r z nerezovej ocele.\r\n\r\nSpolo\u010dnos\u0165 Microtech vybavila t\u00fato verziu st\u00e1le popul\u00e1rnej\u0161ieho no\u017ea Ultratech D\/A OTF hladk\u00fdm tvarovan\u00fdm dizajnom rukov\u00e4te, ktor\u00fd podporuje zv\u00fd\u0161en\u00e9 pohodlie pri pou\u017e\u00edvan\u00ed. Tento aktualizovan\u00fd model poskytuje rovnak\u00e9 rozmery, hardv\u00e9r a odolnos\u0165, ak\u00e9 pon\u00faka variant \u201eTri-Grip\u201c, ale ide \u013eah\u0161ie na ruky a vreck\u00e1.\r\n\r\nPre t\u00fdch, ktor\u00ed Ultratech nepoznaj\u00fa, je to plne automatick\u00fd n\u00f4\u017e s dvoj\u010dinn\u00fdm mechanizmom vpredu, \u010do znamen\u00e1, \u017ee posuvn\u00fd palec nasad\u00ed \u010depe\u013e a aj ju zasunie. N\u00f4\u017e Ultratech od spolo\u010dnosti Microtech nastavil latku pre v\u0161etky no\u017ee OTF.\r\nCelkov\u00e1 d\u013a\u017eka: 22 cm\r\nD\u013a\u017eka \u010depele: 8.6 cm\r\nMateri\u00e1l \u010depele: 204P\r\n\u0160t\u00fdl \u010depele: D\u00fdka\r\nBritov\u00e9 do\u0161ti\u010dky: Ploch\u00e9\r\nTyp okraja: oby\u010dajn\u00fd\r\nMateri\u00e1l rukov\u00e4te: hlin\u00edk\r\nHmotnos\u0165: 3,60 oz.\r\nU\u017e\u00edvate\u013e: Prav\u00e1 ruka\r\nPocket Clip: Tip-Down\r\nTyp no\u017ea: Double-Action OTF Automatic\r\nOtv\u00e1ra\u010d: Thumb Slide\r\nZna\u010dka: Microtech\r\nModel: Ultratech\r\n\u010c\u00edslo modelu: 122-1 GTJG\r\nKrajina p\u00f4vodu: USA\r\nNajlep\u0161ie pou\u017eitie: Ka\u017edodenn\u00e9<\/span><\/pre>\n","protected":false},"excerpt":{"rendered":"<pre id=\"tw-target-text\" class=\"tw-data-text tw-text-large tw-ta\" dir=\"ltr\" data-placeholder=\"P\u0159eklad\"><span class=\"Y2IQFc\" lang=\"sk\">V priebehu rokov Microtech\u00ae Knives naplnil v\u00e1\u0161\u0148ou a zru\u010dnos\u0165ou v\u00fdrobu no\u017eov, a\u017e z nich vytvoril takmer umeleck\u00e9 diela, ktor\u00e9 s\u00fa vrcholom funk\u010dnosti. V\u0161etky diely s\u00fa vyroden\u00e9 v USA.\r\n<strong>Na v\u0161etky no\u017ee Microtech je do\u017eivotn\u00e1 z\u00e1ruka (min. 80 000 cyklov, otvorenie a zatvorenie)<\/strong>\r\n\r\nDoprava zadarmo.<\/span><\/pre>\n","protected":false},"featured_media":194908,"comment_status":"open","ping_status":"closed","template":"","meta":[],"pwb-brand":[3200],"product_brand":[],"product_cat":[3186,3197],"product_tag":[],"class_list":{"0":"post-208402","1":"product","2":"type-product","3":"status-publish","4":"has-post-thumbnail","6":"pwb-brand-microtech-sk","7":"product_cat-noze-sk","8":"product_cat-vystrelovacie-noze-sk","10":"first","11":"outofstock","12":"taxable","13":"shipping-taxable","14":"purchasable","15":"product-type-simple"},"brands":[{"id":3200,"name":"Microtech","slug":"microtech-sk"}],"_links":{"self":[{"href":"https:\/\/www.moskito.cz\/sk\/wp-json\/wp\/v2\/product\/208402","targetHints":{"allow":["GET"]}}],"collection":[{"href":"https:\/\/www.moskito.cz\/sk\/wp-json\/wp\/v2\/product"}],"about":[{"href":"https:\/\/www.moskito.cz\/sk\/wp-json\/wp\/v2\/types\/product"}],"replies":[{"embeddable":true,"href":"https:\/\/www.moskito.cz\/sk\/wp-json\/wp\/v2\/comments?post=208402"}],"wp:featuredmedia":[{"embeddable":true,"href":"https:\/\/www.moskito.cz\/sk\/wp-json\/wp\/v2\/media\/194908"}],"wp:attachment":[{"href":"https:\/\/www.moskito.cz\/sk\/wp-json\/wp\/v2\/media?parent=208402"}],"wp:term":[{"taxonomy":"pwb-brand","embeddable":true,"href":"https:\/\/www.moskito.cz\/sk\/wp-json\/wp\/v2\/pwb-brand?post=208402"},{"taxonomy":"product_brand","embeddable":true,"href":"https:\/\/www.moskito.cz\/sk\/wp-json\/wp\/v2\/product_brand?post=208402"},{"taxonomy":"product_cat","embeddable":true,"href":"https:\/\/www.moskito.cz\/sk\/wp-json\/wp\/v2\/product_cat?post=208402"},{"taxonomy":"product_tag","embeddable":true,"href":"https:\/\/www.moskito.cz\/sk\/wp-json\/wp\/v2\/product_tag?post=208402"}],"curies":[{"name":"wp","href":"https:\/\/api.w.org\/{rel}","templated":true}]}}