{"id":208491,"date":"2020-08-31T20:56:28","date_gmt":"2020-08-31T19:56:28","guid":{"rendered":"https:\/\/www.moskito.cz\/produkt\/vystrelovaci-noz-microtech-ultratech-zombie-122-1-z\/"},"modified":"2025-07-11T07:52:13","modified_gmt":"2025-07-11T06:52:13","slug":"vystrelovaci-noz-microtech-ultratech-zombie-122-1-z","status":"publish","type":"product","link":"https:\/\/www.moskito.cz\/sk\/produkt\/vystrelovaci-noz-microtech-ultratech-zombie-122-1-z\/","title":{"rendered":"Vystre\u013eovac\u00ed N\u00f4\u017e Microtech Ultratech Zombie 122-1 Z"},"content":{"rendered":"<pre id=\"tw-target-text\" class=\"tw-data-text tw-text-large tw-ta\" dir=\"ltr\" data-placeholder=\"P\u0159eklad\"><span class=\"Y2IQFc\" lang=\"sk\">Vystre\u013eovac\u00ed N\u00f4\u017e <strong>Microtech<\/strong> Ultratech Zombie 122-1 Z.\r\n\r\nUltratech je bezpochyby vlajkovou lo\u010fou spolo\u010dnosti Microtech od jej uvedenia na trh v roku 1999. V poslednej dobe pre\u0161lo \u010fal\u0161\u00edm estetick\u00fdm prepracovan\u00edm po ohromuj\u00facom \u00faspechu a chv\u00e1le tradi\u010dn\u00e9ho \u0161t\u00fdlu. Zatia\u013e \u010do rozmery Ultratechu zost\u00e1vaj\u00fa nezmenen\u00e9, rukov\u00e4\u0165 bola stiahnut\u00e1 sp\u00e4\u0165 dole do svojich p\u00f4vodn\u00fdch kore\u0148ov \u2013 teraz pon\u00faka hladk\u00fd tvarovan\u00fd r\u00e1m, av\u0161ak st\u00e1le sa m\u00f4\u017ee pochv\u00e1li\u0165 trojuhlov\u00fdm hardv\u00e9rom, prepracovanou poistkou a rozb\u00edja\u010dom skla, ktor\u00e9 teraz zah\u0155\u0148a lisovan\u00e9 guli\u010dkov\u00e9 lo\u017eisko pre pohodlnej\u0161ie, ale st\u00e1le funk\u010dn\u00e9 u\u017e\u00edvate\u013esk\u00e9 z\u00e1\u017eitky . Ka\u017ed\u00fd n\u00f4\u017e Microtech OTF m\u00e1 ve\u013emi sofistikovan\u00e9 vn\u00fatorn\u00e9 mechanizmy, ktor\u00e9 zlep\u0161uj\u00fa celkov\u00fa prev\u00e1dzkov\u00fa funk\u010dnos\u0165 a spo\u013eahlivos\u0165. Tento \u0161peci\u00e1lny model Zombie Tech sa vyzna\u010duje tvarovanou zombie zelenou rukov\u00e4\u0165ou doplnenou jedine\u010dn\u00fdm vzorom postriekaj\u00facej \u010dervenej krvi, \u0161tandardn\u00fdm hardv\u00e9rom a integrovanou funkciou rozb\u00edjania skla spolu s d\u00fdkou v \u0161t\u00fdle d\u00fdky s povrchovou \u00fapravou kame\u0148a. Klip je ozna\u010den\u00fd \u201eZombie Tech\u201c a logom Microtech. Vyroben\u00e9 v USA.\r\n\r\nCelkov\u00e1 d\u013a\u017eka: 22 cm\r\nD\u013a\u017eka \u010depele: 8.6 cm\r\nMateri\u00e1l \u010depele: Bohler M390\r\n\u0160t\u00fdl \u010depele: D\u00fdka\r\nBritov\u00e9 do\u0161ti\u010dky: Ploch\u00e9\r\nMateri\u00e1l rukov\u00e4te: hlin\u00edk\r\nHmotnos\u0165: 3,60 oz.\r\nU\u017e\u00edvate\u013e: Prav\u00e1 ruka\r\nPocket Clip: Tip-Down\r\nTyp no\u017ea: Double-Action OTF Automatic\r\nOtv\u00e1ra\u010d: Thumb Slide\r\nZna\u010dka: Microtech\r\nModel: Ultratech\r\n\u010c\u00edslo modelu: 122-1 Z\r\nKrajina p\u00f4vodu: USA\r\nNajlep\u0161ie pou\u017eitie: Ka\u017edodenn\u00e9<\/span><\/pre>\n","protected":false},"excerpt":{"rendered":"<pre id=\"tw-target-text\" class=\"tw-data-text tw-text-large tw-ta\" dir=\"ltr\" data-placeholder=\"P\u0159eklad\"><span class=\"Y2IQFc\" lang=\"sk\">V priebehu rokov Microtech\u00ae Knives naplnil v\u00e1\u0161\u0148ou a zru\u010dnos\u0165ou v\u00fdrobu no\u017eov, a\u017e z nich vytvoril takmer umeleck\u00e9 diela, ktor\u00e9 s\u00fa vrcholom funk\u010dnosti. V\u0161etky diely s\u00fa vyroden\u00e9 v USA.\r\n<strong>Na v\u0161etky no\u017ee Microtech je do\u017eivotn\u00e1 z\u00e1ruka (min. 80 000 cyklov, otvorenie a zatvorenie)<\/strong>\r\n\r\nDoprava zadarmo.<\/span><\/pre>\n","protected":false},"featured_media":177275,"comment_status":"open","ping_status":"closed","template":"","meta":[],"pwb-brand":[3200],"product_brand":[],"product_cat":[3186,3197],"product_tag":[],"class_list":{"0":"post-208491","1":"product","2":"type-product","3":"status-publish","4":"has-post-thumbnail","6":"pwb-brand-microtech-sk","7":"product_cat-noze-sk","8":"product_cat-vystrelovacie-noze-sk","10":"first","11":"outofstock","12":"taxable","13":"shipping-taxable","14":"purchasable","15":"product-type-simple"},"brands":[{"id":3200,"name":"Microtech","slug":"microtech-sk"}],"_links":{"self":[{"href":"https:\/\/www.moskito.cz\/sk\/wp-json\/wp\/v2\/product\/208491","targetHints":{"allow":["GET"]}}],"collection":[{"href":"https:\/\/www.moskito.cz\/sk\/wp-json\/wp\/v2\/product"}],"about":[{"href":"https:\/\/www.moskito.cz\/sk\/wp-json\/wp\/v2\/types\/product"}],"replies":[{"embeddable":true,"href":"https:\/\/www.moskito.cz\/sk\/wp-json\/wp\/v2\/comments?post=208491"}],"wp:featuredmedia":[{"embeddable":true,"href":"https:\/\/www.moskito.cz\/sk\/wp-json\/wp\/v2\/media\/177275"}],"wp:attachment":[{"href":"https:\/\/www.moskito.cz\/sk\/wp-json\/wp\/v2\/media?parent=208491"}],"wp:term":[{"taxonomy":"pwb-brand","embeddable":true,"href":"https:\/\/www.moskito.cz\/sk\/wp-json\/wp\/v2\/pwb-brand?post=208491"},{"taxonomy":"product_brand","embeddable":true,"href":"https:\/\/www.moskito.cz\/sk\/wp-json\/wp\/v2\/product_brand?post=208491"},{"taxonomy":"product_cat","embeddable":true,"href":"https:\/\/www.moskito.cz\/sk\/wp-json\/wp\/v2\/product_cat?post=208491"},{"taxonomy":"product_tag","embeddable":true,"href":"https:\/\/www.moskito.cz\/sk\/wp-json\/wp\/v2\/product_tag?post=208491"}],"curies":[{"name":"wp","href":"https:\/\/api.w.org\/{rel}","templated":true}]}}