{"id":208497,"date":"2020-08-06T09:09:30","date_gmt":"2020-08-06T08:09:30","guid":{"rendered":"https:\/\/www.moskito.cz\/produkt\/vystrelovaci-noz-microtech-ultratech-green-122-2-od\/"},"modified":"2025-07-11T07:52:09","modified_gmt":"2025-07-11T06:52:09","slug":"vystrelovaci-noz-microtech-ultratech-green-122-2-od","status":"publish","type":"product","link":"https:\/\/www.moskito.cz\/sk\/produkt\/vystrelovaci-noz-microtech-ultratech-green-122-2-od\/","title":{"rendered":"Vystre\u013eovac\u00ed N\u00f4\u017e Microtech Ultratech Green 122-2 OD"},"content":{"rendered":"<p>Vystre\u013eovac\u00ed N\u00f4\u017e <strong>Microtech<\/strong> Ultratech Green 122-2 OD.<br \/>\nSpredu vystre\u013eovac\u00ed \u010diasto\u010dne z\u00fabkovan\u00fd n\u00f4\u017e z oboch str\u00e1n.<\/p>\n<p>Ultratech je vybaven\u00fd dvojitou \u010depe\u013eou s \u010diernou povrchovou \u00fapravou a jednoduch\u00fdmi rezn\u00fdmi hranami. M\u00e1 tvarovan\u00fa hlin\u00edkov\u00fa rukov\u00e4\u0165 z eloxovan\u00e9ho hlin\u00edka 6061-T6 s \u010diernou farbou, poistkou a nerezovou v\u00fdstuhou.<\/p>\n<p>Vystre\u013eovac\u00ed N\u00f4\u017e <strong>Microtech<\/strong> Ultratech 122-2 OD vybavil t\u00fato verziu st\u00e1le popul\u00e1rneho Ultratech D\/A OTF n\u00f4\u017e s hladk\u00fdm kont\u00farovan\u00fdm dizajnom rukov\u00e4te, ktor\u00fd zvy\u0161uje komfort pri pou\u017e\u00edvan\u00ed. Tento aktualizovan\u00fd model poskytuje rovnak\u00e9 rozmery, hardv\u00e9r a trvanlivos\u0165 pon\u00fakan\u00e9 variantom \u201eTri-Grip\u201c, ale ide jednoduch\u0161ie do ruky a do vrecka.<\/p>\n<p>Pre t\u00fdch, ktor\u00ed nie s\u00fa obozn\u00e1men\u00ed s technol\u00f3giou Ultratech, je to plne automatick\u00fd n\u00f4\u017e s dvojit\u00fdm mechanizmom mimo prednej strany, \u010do znamen\u00e1, \u017ee \u010depe\u013e sa pomocou palca sa sklop\u00ed a zasunie. N\u00f4\u017e Ultratech spolo\u010dnosti <strong>Microtech<\/strong> nastavil latku pre v\u0161etky no\u017ee OTF.<\/p>\n<p>Celkov\u00e1 d\u013a\u017eka: 22 cm<br \/>\nD\u013a\u017eka \u010depele: 8.6 cm<br \/>\nMateri\u00e1l \u010depele: Bohler M390<br \/>\n\u0160t\u00fdl \u010depele: D\u00fdka<br \/>\nBritov\u00e9 do\u0161ti\u010dky: Ploch\u00e9<br \/>\nFarba: \u010cierna<br \/>\nTyp okraja: oby\u010dajn\u00fd<br \/>\nMateri\u00e1l rukov\u00e4te: hlin\u00edk<br \/>\nHmotnos\u0165: 3,60 oz.<br \/>\nU\u017e\u00edvate\u013e: Prav\u00e1 ruka<br \/>\nPocket Clip: Tip-Down<br \/>\nTyp no\u017ea: Double-Action OTF Automatic<br \/>\nOtv\u00e1ra\u010d: Thumb Slide<br \/>\nZna\u010dka: Microtech<br \/>\nModel: Ultratech<br \/>\n\u010c\u00edslo modelu: 122-2 OD<br \/>\nKrajina p\u00f4vodu: USA<br \/>\nNajlep\u0161ie pou\u017eitie: Ka\u017edodenn\u00e9<\/p>\n<p><iframe title=\"Microtech Combat Troodon Torture Test\" width=\"800\" height=\"450\" src=\"https:\/\/www.youtube.com\/embed\/xE9TeOFYEjg?feature=oembed\" frameborder=\"0\" allow=\"accelerometer; autoplay; clipboard-write; encrypted-media; gyroscope; picture-in-picture; web-share\" allowfullscreen><\/iframe><\/p>\n<p>&nbsp;<\/p>\n","protected":false},"excerpt":{"rendered":"<p><strong>V priebehu rokov Microtech\u00ae Knives naplnil v\u00e1\u0161\u0148ou a zru\u010dnos\u0165ou v\u00fdrobu no\u017eov, a\u017e z nich vytvoril takmer umeleck\u00e9 diela, ktor\u00e9 s\u00fa vrcholom funk\u010dnosti. V\u0161etky diely s\u00fa vyroben\u00e9 v USA.<\/strong><br \/>\n<strong>Na v\u0161etky no\u017ee Microtech je do\u017eivotn\u00e1 z\u00e1ruka.<\/strong><\/p>\n<p><strong>  Doprava zadarmo.<\/strong><\/p>\n","protected":false},"featured_media":177301,"comment_status":"open","ping_status":"closed","template":"","meta":[],"pwb-brand":[3200],"product_brand":[],"product_cat":[3186,3197],"product_tag":[3668],"class_list":{"0":"post-208497","1":"product","2":"type-product","3":"status-publish","4":"has-post-thumbnail","6":"pwb-brand-microtech-sk","7":"product_cat-noze-sk","8":"product_cat-vystrelovacie-noze-sk","9":"product_tag-b2b-sk","11":"first","12":"instock","13":"taxable","14":"shipping-taxable","15":"purchasable","16":"product-type-simple"},"brands":[{"id":3200,"name":"Microtech","slug":"microtech-sk"}],"_links":{"self":[{"href":"https:\/\/www.moskito.cz\/sk\/wp-json\/wp\/v2\/product\/208497","targetHints":{"allow":["GET"]}}],"collection":[{"href":"https:\/\/www.moskito.cz\/sk\/wp-json\/wp\/v2\/product"}],"about":[{"href":"https:\/\/www.moskito.cz\/sk\/wp-json\/wp\/v2\/types\/product"}],"replies":[{"embeddable":true,"href":"https:\/\/www.moskito.cz\/sk\/wp-json\/wp\/v2\/comments?post=208497"}],"wp:featuredmedia":[{"embeddable":true,"href":"https:\/\/www.moskito.cz\/sk\/wp-json\/wp\/v2\/media\/177301"}],"wp:attachment":[{"href":"https:\/\/www.moskito.cz\/sk\/wp-json\/wp\/v2\/media?parent=208497"}],"wp:term":[{"taxonomy":"pwb-brand","embeddable":true,"href":"https:\/\/www.moskito.cz\/sk\/wp-json\/wp\/v2\/pwb-brand?post=208497"},{"taxonomy":"product_brand","embeddable":true,"href":"https:\/\/www.moskito.cz\/sk\/wp-json\/wp\/v2\/product_brand?post=208497"},{"taxonomy":"product_cat","embeddable":true,"href":"https:\/\/www.moskito.cz\/sk\/wp-json\/wp\/v2\/product_cat?post=208497"},{"taxonomy":"product_tag","embeddable":true,"href":"https:\/\/www.moskito.cz\/sk\/wp-json\/wp\/v2\/product_tag?post=208497"}],"curies":[{"name":"wp","href":"https:\/\/api.w.org\/{rel}","templated":true}]}}