{"id":208554,"date":"2020-02-29T21:09:37","date_gmt":"2020-02-29T20:09:37","guid":{"rendered":"https:\/\/www.moskito.cz\/produkt\/vystrelovaci-noz-microtech-utx-85-233-1-t\/"},"modified":"2025-07-11T07:50:58","modified_gmt":"2025-07-11T06:50:58","slug":"vystrelovaci-noz-microtech-utx-85-233-1-t","status":"publish","type":"product","link":"https:\/\/www.moskito.cz\/sk\/produkt\/vystrelovaci-noz-microtech-utx-85-233-1-t\/","title":{"rendered":"Vystre\u013eovac\u00ed N\u00f4\u017e Microtech UTX-85 233-1 T"},"content":{"rendered":"<p>Vystre\u013eovac\u00ed N\u00f4\u017e <strong>Microtech<\/strong> UTX-85 233-1 T.<\/p>\n<p>Tento fantastick\u00fd dvoj\u010dinn\u00fd n\u00f4\u017e OTF m\u00e1 perfektn\u00fa ve\u013ekos\u0165 a ako n\u00e1zov ukazuje, je z 85% vlajkov\u00fdm modelom Microtech &#8211; Ultratech. Novo prepracovan\u00fd UTX-85 sa vyzna\u010duje novou tvarovanou rukov\u00e4\u0165ou, aktualizovan\u00fdm trojuholn\u00edkov\u00fdm hardv\u00e9rom, prepracovan\u00fdm posuvn\u00fdm palcom a rozb\u00edja\u010d skla obsahuje zalisovan\u00e9 guli\u010dkov\u00e9 lo\u017eisko. Ka\u017ed\u00fd n\u00f4\u017e Microtech OTF m\u00e1 extr\u00e9mne sofistikovan\u00e9 vn\u00fatorn\u00e9 mechanizmy, ktor\u00e9 zlep\u0161uj\u00fa celkov\u00fa prev\u00e1dzkov\u00fa funk\u010dnos\u0165 a spo\u013eahlivos\u0165 a jeho schopnos\u0165 ovl\u00e1dania iba jednou rukou ho rob\u00ed praktickej\u0161\u00edm. Vyroben\u00e9 v USA. Tento model sa m\u00f4\u017ee pochv\u00e1li\u0165 \u010diernou eloxovanou rukov\u00e4\u0165ou s kompletn\u00fdm \u010diernym hardv\u00e9rom a integrovanou funkciou rozb\u00edjania skla spolu s \u010depe\u013eou v \u0161t\u00fdle tanto v \u010diernom preveden\u00ed v spojen\u00ed so sat\u00e9nov\u00fdm povrchom.<\/p>\n<p>Vyroben\u00e9 v USA.<\/p>\n<p><span class=\"tlid-translation translation\"><span class=\"\" title=\"\">Celkov\u00e1 d\u013a\u017eka: 18.75 cm<\/span><br \/>\n<span class=\"\" title=\"\">D\u013a\u017eka \u010depele: 7.81 cm<\/span><br \/>\n<span class=\"\" title=\"\">Rezn\u00e1 hrana: 7.17 cm<\/span><\/span><\/p>\n<p><span class=\"tlid-translation translation\"><span class=\"\" title=\"\">Hr\u00fabka \u010depele: 0.32cm<\/span><br \/>\n<span class=\"\" title=\"\">Materi\u00e1l \u010depele: Bohler M390<\/span><br \/>\n<span title=\"\">\u0160t\u00fdl \u010depele: Tanto<\/span><br \/>\n<span title=\"\">Britov\u00e9 do\u0161ti\u010dky: Ploch\u00e9<\/span><br \/>\n<span title=\"\">Typ okraja: oby\u010dajn\u00fd<\/span><br \/>\n<span title=\"\">D\u013a\u017eka rukov\u00e4te: 10.92 cm<\/span><br \/>\n<span class=\"\" title=\"\">Hr\u00fabka rukov\u00e4te: 1.17 cm<\/span><br \/>\n<span title=\"\">Materi\u00e1l rukov\u00e4te: hlin\u00edk<\/span><br \/>\n<span title=\"\">Hmotnos\u0165: 3,06 oz.<\/span><br \/>\n<span title=\"\">U\u017e\u00edvate\u013e: Prav\u00e1 ruka<\/span><br \/>\n<span title=\"\">Pocket Clip: Tip-Down<\/span><br \/>\n<span title=\"\">Typ no\u017ea: Double-Action OTF Automatic<\/span><br \/>\n<span title=\"\">Otv\u00e1ra\u010d: Thumb Slide<\/span><br \/>\n<span title=\"\">Zna\u010dka: Microtech<\/span><br \/>\n<span title=\"\">Model: UTX-85<\/span><br \/>\n<span title=\"\">\u010c\u00edslo modelu:<\/span> 233-1 T<br \/>\n<span title=\"\">Krajina p\u00f4vodu: USA<\/span><br \/>\n<span title=\"\">Najlep\u0161ie vyu\u017eitie: Taktick\u00e9<\/span><\/span><\/p>\n<p><iframe title=\"Microtech Combat Troodon Torture Test\" width=\"800\" height=\"450\" src=\"https:\/\/www.youtube.com\/embed\/xE9TeOFYEjg?feature=oembed\" frameborder=\"0\" allow=\"accelerometer; autoplay; clipboard-write; encrypted-media; gyroscope; picture-in-picture; web-share\" allowfullscreen><\/iframe><\/p>\n<p>&nbsp;<\/p>\n<div class=\"std\">\n<p>&nbsp;<\/p>\n<\/div>\n","protected":false},"excerpt":{"rendered":"<p>V roku 2020 sa <strong>Microtech\u00ae Knives<\/strong> rozr\u00e1stol na predn\u00fa no\u017eiarsku zna\u010dku, ktor\u00e1 sa neust\u00e1le vyv\u00edja a pohybuje vpred pomocou najnov\u0161\u00edch technol\u00f3gi\u00ed. V\u0161etky diely s\u00fa vyroben\u00e9 v USA.<br \/>\n<strong>Na v\u0161etky no\u017ee Microtech je do\u017eivotn\u00e1 z\u00e1ruka.<\/strong><\/p>\n","protected":false},"featured_media":227275,"comment_status":"open","ping_status":"closed","template":"","meta":[],"pwb-brand":[3200],"product_brand":[],"product_cat":[3186,3197],"product_tag":[3668],"class_list":{"0":"post-208554","1":"product","2":"type-product","3":"status-publish","4":"has-post-thumbnail","6":"pwb-brand-microtech-sk","7":"product_cat-noze-sk","8":"product_cat-vystrelovacie-noze-sk","9":"product_tag-b2b-sk","11":"first","12":"outofstock","13":"taxable","14":"shipping-taxable","15":"purchasable","16":"product-type-simple"},"brands":[{"id":3200,"name":"Microtech","slug":"microtech-sk"}],"_links":{"self":[{"href":"https:\/\/www.moskito.cz\/sk\/wp-json\/wp\/v2\/product\/208554","targetHints":{"allow":["GET"]}}],"collection":[{"href":"https:\/\/www.moskito.cz\/sk\/wp-json\/wp\/v2\/product"}],"about":[{"href":"https:\/\/www.moskito.cz\/sk\/wp-json\/wp\/v2\/types\/product"}],"replies":[{"embeddable":true,"href":"https:\/\/www.moskito.cz\/sk\/wp-json\/wp\/v2\/comments?post=208554"}],"wp:featuredmedia":[{"embeddable":true,"href":"https:\/\/www.moskito.cz\/sk\/wp-json\/wp\/v2\/media\/227275"}],"wp:attachment":[{"href":"https:\/\/www.moskito.cz\/sk\/wp-json\/wp\/v2\/media?parent=208554"}],"wp:term":[{"taxonomy":"pwb-brand","embeddable":true,"href":"https:\/\/www.moskito.cz\/sk\/wp-json\/wp\/v2\/pwb-brand?post=208554"},{"taxonomy":"product_brand","embeddable":true,"href":"https:\/\/www.moskito.cz\/sk\/wp-json\/wp\/v2\/product_brand?post=208554"},{"taxonomy":"product_cat","embeddable":true,"href":"https:\/\/www.moskito.cz\/sk\/wp-json\/wp\/v2\/product_cat?post=208554"},{"taxonomy":"product_tag","embeddable":true,"href":"https:\/\/www.moskito.cz\/sk\/wp-json\/wp\/v2\/product_tag?post=208554"}],"curies":[{"name":"wp","href":"https:\/\/api.w.org\/{rel}","templated":true}]}}