{"id":208581,"date":"2020-02-05T11:04:29","date_gmt":"2020-02-05T10:04:29","guid":{"rendered":"https:\/\/www.moskito.cz\/produkt\/vystrelovaci-noz-microtech-socom-elite-160a-10rd\/"},"modified":"2025-07-11T07:50:46","modified_gmt":"2025-07-11T06:50:46","slug":"vystrelovaci-noz-microtech-socom-elite-160a-10rd","status":"publish","type":"product","link":"https:\/\/www.moskito.cz\/sk\/produkt\/vystrelovaci-noz-microtech-socom-elite-160a-10rd\/","title":{"rendered":"Vystre\u013eovac\u00ed N\u00f4\u017e Microtech Socom Elite 160A-10RD"},"content":{"rendered":"<pre id=\"tw-target-text\" class=\"tw-data-text tw-text-large tw-ta\" dir=\"ltr\" data-placeholder=\"P\u0159eklad\"><span class=\"Y2IQFc\" lang=\"sk\">Vystre\u013eovac\u00ed N\u00f4\u017e <strong>Microtech<\/strong> Socom Elite 160A-10RD.\r\n\r\nV priebehu rokov Microtech\u00ae Knives naplnil v\u00e1\u0161\u0148ou a zru\u010dnos\u0165ou v\u00fdrobu no\u017eov, a\u017e z nich vytvoril takmer umeleck\u00e9 diela, ktor\u00e9 s\u00fa vrcholom funk\u010dnosti. Aj na\u010falej pos\u00fava hranice a zlep\u0161uje to,\r\n\u010do u\u017e vie, \u017ee funguje. V roku 2020 sa Microtech\u00ae Knives rozr\u00e1stol na predn\u00fa no\u017eiarsku\r\nzna\u010dku, ktor\u00e1 sa neust\u00e1le vyv\u00edja a pohybuje vpred pomocou najnov\u0161\u00edch technol\u00f3gi\u00ed,\r\nstarod\u00e1vnych z\u00e1sad pri v\u00fdrobe \u010depel\u00ed a maxim\u00e1lneho testovania v ter\u00e9ne, tak aby nekompromitovali kvalitu.\r\n\r\nOd zalo\u017eenia origin\u00e1lu Microtech Socom nastavuje \u0161tandard pre taktick\u00e9 no\u017ee. Socom Elite stavia na tomto dizajne, aby sa prisp\u00f4sobil r\u00f4znym prostrediam. Jeho rukov\u00e4\u0165 m\u00e1 \u0161portov\u00fd grip a jedine\u010dn\u00fd tvar, pre pohodln\u00e9 a bezpe\u010dn\u00e9 uchopenie po cel\u00fa dobu.\r\n\r\nCelkov\u00e1 d\u013a\u017eka: 22.5 cm\r\nD\u013a\u017eka \u010depele: 10 cm\r\nRezn\u00e1 hrana: 9.37 cm\r\n\u0160\u00edrka \u010depele: 2.8 cm\r\nHr\u00fabka \u010depele: 0,47 cm\r\nMateri\u00e1l \u010depele: Bohler M390\r\nBritov\u00e9 do\u0161ti\u010dky: Ploch\u00e9\r\nTyp okraja: oby\u010dajn\u00fd\r\nD\u013a\u017eka rukov\u00e4te: 12.5 cm\r\n\u0160\u00edrka rukov\u00e4te: 3.42\r\nHr\u00fabka rukov\u00e4te: 1.37\r\nMateri\u00e1l rukov\u00e4te: hlin\u00edk\r\nHmotnos\u0165: 4,58 oz.\r\nU\u017e\u00edvate\u013e: Prav\u00e1 ruka\r\nPocket Clip: Tip-Down\r\nTyp no\u017ea: Automatick\u00fd\r\nOtv\u00e1ra\u010d: Tla\u010didlo\r\nTyp z\u00e1mku: Blokovac\u00ed z\u00e1mok\r\nZna\u010dka: Microtech\r\nModel: Socom Elite\r\n\u010c\u00edslo modelu: 160A-10RD\r\nKrajina p\u00f4vodu: USA\r\nNajlep\u0161ie vyu\u017eitie: Taktick\u00e9<\/span><\/pre>\n","protected":false},"excerpt":{"rendered":"<pre id=\"tw-target-text\" class=\"tw-data-text tw-text-large tw-ta\" dir=\"ltr\" data-placeholder=\"P\u0159eklad\"><span class=\"Y2IQFc\" lang=\"sk\">V priebehu rokov Microtech\u00ae Knives naplnil v\u00e1\u0161\u0148ou a zru\u010dnos\u0165ou v\u00fdrobu no\u017eov, a\u017e z nich vytvoril takmer umeleck\u00e9 diela, ktor\u00e9 s\u00fa vrcholom funk\u010dnosti. V\u0161etky diely s\u00fa vyroden\u00e9 v USA.\r\n<strong>Na v\u0161etky no\u017ee Microtech je do\u017eivotn\u00e1 z\u00e1ruka (min. 80 000 cyklov, otvorenie a zatvorenie)<\/strong>\r\n\r\nDoprava zadarmo.<\/span><\/pre>\n","protected":false},"featured_media":395690,"comment_status":"open","ping_status":"closed","template":"","meta":[],"pwb-brand":[3200],"product_brand":[],"product_cat":[3186,3197],"product_tag":[],"class_list":{"0":"post-208581","1":"product","2":"type-product","3":"status-publish","4":"has-post-thumbnail","6":"pwb-brand-microtech-sk","7":"product_cat-noze-sk","8":"product_cat-vystrelovacie-noze-sk","10":"first","11":"instock","12":"taxable","13":"shipping-taxable","14":"purchasable","15":"product-type-simple"},"brands":[{"id":3200,"name":"Microtech","slug":"microtech-sk"}],"_links":{"self":[{"href":"https:\/\/www.moskito.cz\/sk\/wp-json\/wp\/v2\/product\/208581","targetHints":{"allow":["GET"]}}],"collection":[{"href":"https:\/\/www.moskito.cz\/sk\/wp-json\/wp\/v2\/product"}],"about":[{"href":"https:\/\/www.moskito.cz\/sk\/wp-json\/wp\/v2\/types\/product"}],"replies":[{"embeddable":true,"href":"https:\/\/www.moskito.cz\/sk\/wp-json\/wp\/v2\/comments?post=208581"}],"wp:featuredmedia":[{"embeddable":true,"href":"https:\/\/www.moskito.cz\/sk\/wp-json\/wp\/v2\/media\/395690"}],"wp:attachment":[{"href":"https:\/\/www.moskito.cz\/sk\/wp-json\/wp\/v2\/media?parent=208581"}],"wp:term":[{"taxonomy":"pwb-brand","embeddable":true,"href":"https:\/\/www.moskito.cz\/sk\/wp-json\/wp\/v2\/pwb-brand?post=208581"},{"taxonomy":"product_brand","embeddable":true,"href":"https:\/\/www.moskito.cz\/sk\/wp-json\/wp\/v2\/product_brand?post=208581"},{"taxonomy":"product_cat","embeddable":true,"href":"https:\/\/www.moskito.cz\/sk\/wp-json\/wp\/v2\/product_cat?post=208581"},{"taxonomy":"product_tag","embeddable":true,"href":"https:\/\/www.moskito.cz\/sk\/wp-json\/wp\/v2\/product_tag?post=208581"}],"curies":[{"name":"wp","href":"https:\/\/api.w.org\/{rel}","templated":true}]}}