{"id":208664,"date":"2019-02-02T19:33:29","date_gmt":"2019-02-02T18:33:29","guid":{"rendered":"https:\/\/www.moskito.cz\/produkt\/vystrelovaci-noz-microtech-cypher-mk7-241m-1rdbk\/"},"modified":"2025-07-11T07:48:08","modified_gmt":"2025-07-11T06:48:08","slug":"vystrelovaci-noz-microtech-cypher-mk7-241m-1rdbk","status":"publish","type":"product","link":"https:\/\/www.moskito.cz\/sk\/produkt\/vystrelovaci-noz-microtech-cypher-mk7-241m-1rdbk\/","title":{"rendered":"Vystre\u013eovac\u00ed N\u00f4\u017e Microtech Cypher MK7 241M-1RDBK"},"content":{"rendered":"<pre id=\"tw-target-text\" class=\"tw-data-text tw-text-large tw-ta\" dir=\"ltr\" data-placeholder=\"P\u0159eklad\"><span class=\"Y2IQFc\" lang=\"sk\">Vystre\u013eovac\u00ed N\u00f4\u017e <strong>Microtech<\/strong> Cypher MK7 241M-1RDBK\r\n\r\nVystre\u013eovac\u00ed N\u00f4\u017e Microtech Cypher MK7 241M-1RDBK je vybaven\u00fd jednoramenn\u00fdm ostr\u00edm v \u010dervenej farbe a \u010diernym hlin\u00edkov\u00fdm dr\u017eadlom s \u010derven\u00fdm tit\u00e1nov\u00fdm koncom.\r\n\r\nMicrotech Cypher OTF je produk\u010dn\u00e1 verzia popul\u00e1rnej spolupr\u00e1ce A. Marfione \/ D.C. Munroe. \u0160tylizovan\u00e1 rukov\u00e4\u0165 je vyroben\u00e1 z \u013eahk\u00e9ho hlin\u00edka s \u010diernym eloxovan\u00fdm povrchom a fr\u00e9zovanou koncovkou z tit\u00e1nu.\r\n\r\nCelkov\u00e1 d\u013a\u017eka: 24.37 cm\r\nD\u013a\u017eka \u010depele: 10 cm\r\nRezn\u00e1 hrana: 9.37 cm\r\n\u0160\u00edrka \u010depele: 1.87 cm\r\nHr\u00fabka \u010depele: 0,32 cm\r\nMateri\u00e1l \u010depele: Bohler M390\r\n\u0160t\u00fdl \u010depele: Wharncliffe\r\nBritov\u00e9 do\u0161ti\u010dky: Ploch\u00e9\r\nFinish: \u010cerven\u00e1\r\nTyp okraja: oby\u010dajn\u00fd\r\nD\u013a\u017eka rukov\u00e4te: 14.37 cm\r\n\u0160\u00edrka rukov\u00e4te: 2.8 cm\r\nHr\u00fabka rukov\u00e4te: 1.17 cm\r\nMateri\u00e1l rukov\u00e4te: hlin\u00edk\r\n\u010cierna farba\r\nHmotnos\u0165: 4,33 oz.\r\nU\u017e\u00edvate\u013e: Prav\u00e1 ruka\r\nPocket Clip: Tip-Down\r\nTyp no\u017ea: Double-Action OTF Automatic\r\nOtv\u00e1ra\u010d: Thumb Slide\r\nZna\u010dka: Microtech\r\nModel: Cypher MK7\r\n\u010c\u00edslo modelu: 241M-1 RDBK\r\nKrajina p\u00f4vodu: USA\r\nNajlep\u0161ie vyu\u017eitie: Taktick\u00e9<\/span><\/pre>\n","protected":false},"excerpt":{"rendered":"<pre id=\"tw-target-text\" class=\"tw-data-text tw-text-large tw-ta\" dir=\"ltr\" data-placeholder=\"P\u0159eklad\"><span class=\"Y2IQFc\" lang=\"sk\">V priebehu rokov Microtech\u00ae Knives naplnil v\u00e1\u0161\u0148ou a zru\u010dnos\u0165ou v\u00fdrobu no\u017eov, a\u017e z nich vytvoril takmer umeleck\u00e9 diela, ktor\u00e9 s\u00fa vrcholom funk\u010dnosti. V\u0161etky diely s\u00fa vyroden\u00e9 v USA.\r\n<strong>Na v\u0161etky no\u017ee Microtech je do\u017eivotn\u00e1 z\u00e1ruka (min. 80 000 cyklov, otvorenie a zatvorenie)<\/strong>\r\n\r\nDoprava zadarmo.<\/span><\/pre>\n","protected":false},"featured_media":164293,"comment_status":"open","ping_status":"closed","template":"","meta":[],"pwb-brand":[3200],"product_brand":[],"product_cat":[3186,3197],"product_tag":[],"class_list":{"0":"post-208664","1":"product","2":"type-product","3":"status-publish","4":"has-post-thumbnail","6":"pwb-brand-microtech-sk","7":"product_cat-noze-sk","8":"product_cat-vystrelovacie-noze-sk","10":"first","11":"outofstock","12":"taxable","13":"shipping-taxable","14":"purchasable","15":"product-type-simple"},"brands":[{"id":3200,"name":"Microtech","slug":"microtech-sk"}],"_links":{"self":[{"href":"https:\/\/www.moskito.cz\/sk\/wp-json\/wp\/v2\/product\/208664","targetHints":{"allow":["GET"]}}],"collection":[{"href":"https:\/\/www.moskito.cz\/sk\/wp-json\/wp\/v2\/product"}],"about":[{"href":"https:\/\/www.moskito.cz\/sk\/wp-json\/wp\/v2\/types\/product"}],"replies":[{"embeddable":true,"href":"https:\/\/www.moskito.cz\/sk\/wp-json\/wp\/v2\/comments?post=208664"}],"wp:featuredmedia":[{"embeddable":true,"href":"https:\/\/www.moskito.cz\/sk\/wp-json\/wp\/v2\/media\/164293"}],"wp:attachment":[{"href":"https:\/\/www.moskito.cz\/sk\/wp-json\/wp\/v2\/media?parent=208664"}],"wp:term":[{"taxonomy":"pwb-brand","embeddable":true,"href":"https:\/\/www.moskito.cz\/sk\/wp-json\/wp\/v2\/pwb-brand?post=208664"},{"taxonomy":"product_brand","embeddable":true,"href":"https:\/\/www.moskito.cz\/sk\/wp-json\/wp\/v2\/product_brand?post=208664"},{"taxonomy":"product_cat","embeddable":true,"href":"https:\/\/www.moskito.cz\/sk\/wp-json\/wp\/v2\/product_cat?post=208664"},{"taxonomy":"product_tag","embeddable":true,"href":"https:\/\/www.moskito.cz\/sk\/wp-json\/wp\/v2\/product_tag?post=208664"}],"curies":[{"name":"wp","href":"https:\/\/api.w.org\/{rel}","templated":true}]}}