{"id":208990,"date":"2021-11-26T22:17:35","date_gmt":"2021-11-26T21:17:35","guid":{"rendered":"https:\/\/www.moskito.cz\/produkt\/zatvaraci-noz-rike-knife-rk802g-od-g\/"},"modified":"2025-05-07T10:36:40","modified_gmt":"2025-05-07T09:36:40","slug":"zatvaraci-noz-rike-knife-rk802g-od-g","status":"publish","type":"product","link":"https:\/\/www.moskito.cz\/sk\/produkt\/zatvaraci-noz-rike-knife-rk802g-od-g\/","title":{"rendered":"Zatv\u00e1rac\u00ed N\u00f4\u017e Rike Knife RK802G-OD\/G"},"content":{"rendered":"<p><strong>Rikeknife<\/strong> je origin\u00e1lna zna\u010dka navrhnut\u00e1 na\u0161\u00edm zakladate\u013eom Richardom Wu. Je dlhoro\u010dn\u00fdm nad\u0161encom do no\u017eov, m\u00e1 sk\u00fasenosti s mechanick\u00fdm dizajnom a v\u00fdrobou, neust\u00e1le sa usiluje o dokonalos\u0165 a detailn\u00fa dokonalos\u0165 vo v\u0161etk\u00fdch dizajnoch no\u017eov vyr\u00e1ban\u00fdch Rikeknife.<\/p>\n<p>N\u00e1zov zna\u010dky bol odvoden\u00fd od prv\u00fdch dvoch p\u00edsmen jeho mena, potom sa zmenil a pomenoval Rike. Rikeknife je novo vznikaj\u00faca origin\u00e1lna zna\u010dka no\u017eov, ktor\u00e1 je predstavite\u013eom vysoko kvalitnej \u010d\u00ednskej v\u00fdroby.<\/p>\n<p>Na\u0161a zna\u010dka je zalo\u017een\u00e1 v origin\u00e1lnom dizajne, pre ktor\u00fd m\u00e1me profesion\u00e1lny dizajn\u00e9rsky t\u00edm a vlastn\u00fa nez\u00e1visl\u00fa tov\u00e1re\u0148. Tr\u00fafame si sta\u0165 sa inov\u00e1tormi a spochybni\u0165 tradi\u010dn\u00e9 postupy tradi\u010dn\u00fdch aj modern\u00fdch zna\u010diek no\u017eov. V\u017edy sa budeme sna\u017ei\u0165 pou\u017e\u00edva\u0165 tie najlep\u0161ie materi\u00e1ly na v\u00fdrobu no\u017eov vynikaj\u00facej kvality pre z\u00e1kazn\u00edkov po celom svete.<\/p>\n<p>Model: RK802G Celkov\u00e1 d\u013a\u017eka: 8,67&#8243;\/(22cm) D\u013a\u017eka \u010depele:3,74&#8243;\/(9,5cm) Hr\u00fabka \u010depele: 0,15&#8243;\/(4mm) Materi\u00e1l \u010depele: 154CM Materi\u00e1l rukov\u00e4te: 6AL4V Titan + G10 Hmotnos\u0165 : 4,55oz.\/(129g ) Otv\u00e1ra\u010d: Flipper Lock<\/p>\n<p><strong>Rikeknife<\/strong> Co., Ltd sa nach\u00e1dza v Yangjiang, provincia Guangdong, \u010c\u00edna. Zameriavame sa na v\u00fdrobu vysoko kvalitn\u00fdch no\u017eov, od spracovania OEM\/ODM no\u017eov sme si postupne vytvorili vlastn\u00fa zna\u010dku Rikeknife. Na\u0161a tov\u00e1re\u0148 je vybaven\u00e1 najmodernej\u0161\u00edm v\u00fdrobn\u00fdm zariaden\u00edm, profesion\u00e1lnym a robustn\u00fdm v\u00fdrobn\u00fdm t\u00edmom a schopnos\u0165ami pre nez\u00e1visl\u00e9 inov\u00e1cie prostredn\u00edctvom v\u00fdskumu a v\u00fdvoja.<\/p>\n<p>Sme schopn\u00ed vyr\u00e1ba\u0165 no\u017ee najvy\u0161\u0161ej kvality pre ak\u00fdko\u013evek trh a na dosiahnutie tohto cie\u013ea pou\u017e\u00edvame iba to najlep\u0161ie profesion\u00e1lne v\u00fdrobn\u00e9 zariadenia. Ako; Presn\u00e9 rezanie dr\u00f4tom EDM, CNC vysokor\u00fdchlostn\u00e9 grav\u00edrovacie stroje, laserov\u00e9 grav\u00edrovanie, fr\u00e9zovacie oper\u00e1cie, CNC br\u00fasenie, n\u00edzkoteplotn\u00e9 temperovacie pece, z\u00e1kazkov\u00e9 ru\u010dn\u00e9 dokon\u010dovacie pr\u00e1ce, aby sme vymenovali aspo\u0148 niektor\u00e9. N\u00e1\u0161 mana\u017ement a produk\u010dn\u00e9 t\u00edmy sa skladaj\u00fa z ostrie\u013ean\u00fdch profesion\u00e1lov, ktor\u00ed maj\u00fa odborn\u00e9 znalosti na vykonanie pr\u00e1ce. Sme n\u00e1le\u017eite vybaven\u00ed na jemn\u00fa pr\u00e1cu, a\u017e po tie najn\u00e1ro\u010dnej\u0161ie v\u00fdrobn\u00e9 a v\u00fdrobn\u00e9 po\u017eiadavky. Dr\u017e\u00edme niektor\u00e9 z najpr\u00edsnej\u0161\u00edch toleranci\u00ed v no\u017eiarskom priemysle; vynikaj\u00fa na v\u0161etk\u00fdch \u00farovniach v\u00fdrobn\u00fdch projektov. V\u017edy sa zameriavame na dizajn a v\u00fdvoj nov\u00fdch produktov a z\u00e1rove\u0148 zost\u00e1vame vern\u00ed na\u0161im hlavn\u00fdm presved\u010deniam.<\/p>\n<p>V s\u00fa\u010dasnej dobe sa na\u0161e v\u00fdrobky pred\u00e1vaj\u00fa v Spojen\u00fdch \u0161t\u00e1toch, Eur\u00f3pe, Austr\u00e1lii, Rusku a \u010fal\u0161\u00edch krajin\u00e1ch po celom svete. Na\u0161i z\u00e1kazn\u00edci preferuj\u00fa na\u0161e no\u017ee pre ich prvotriedny design a prvotriednu kvalitu. Na\u0161\u00edm poslan\u00edm je poskytova\u0165 produkty, ktor\u00e9 maj\u00fa vysok\u00fa kvalitu, vynikaj\u00facu hodnotu a najlep\u0161ie vo svojej triede so z\u00e1kazn\u00edckym servisom, aby v\u00e1m priniesli 100% spokojnos\u0165. Z\u00e1rove\u0148 v\u00edtame my\u0161lienku spolupr\u00e1ce so z\u00e1kazn\u00edkmi po celom svete pri diskusii o spracovan\u00ed produktov a OEM\/ODM. \u00daprimne sa te\u0161\u00edme, \u017ee v\u010faka spolupr\u00e1ci s na\u0161imi s\u00fa\u010dasn\u00fdmi a bud\u00facimi z\u00e1kazn\u00edkmi prinesieme produkty Rikeknife na svetov\u00fa sc\u00e9nu pre lep\u0161iu spolo\u010dn\u00fa bud\u00facnos\u0165!<\/p>\n<p>&nbsp;<\/p>\n<p>&nbsp;<\/p>\n","protected":false},"excerpt":{"rendered":"<p><strong>Rikeknife<\/strong>\u00a0je origin\u00e1lna zna\u010dka navrhnut\u00e1 na\u0161\u00edm zakladate\u013eom Richardom Wu. Je dlhoro\u010dn\u00fdm nad\u0161encom do no\u017eov, m\u00e1 sk\u00fasenosti s mechanick\u00fdm dizajnom a v\u00fdrobou, neust\u00e1le sa usiluje o dokonalos\u0165 a detailn\u00fa dokonalos\u0165 vo v\u0161etk\u00fdch dizajnoch no\u017eov vyr\u00e1ban\u00fdch\u00a0<strong>Rikeknife<\/strong>.<\/p>\n","protected":false},"featured_media":208983,"comment_status":"open","ping_status":"closed","template":"","meta":[],"pwb-brand":[3222],"product_brand":[],"product_cat":[3186,3233],"product_tag":[],"class_list":{"0":"post-208990","1":"product","2":"type-product","3":"status-publish","4":"has-post-thumbnail","6":"pwb-brand-zatvaraci-noz-rike-knife-thor7-bo-cf","7":"product_cat-noze-sk","8":"product_cat-zatvaracie-noze","10":"first","11":"instock","12":"taxable","13":"shipping-taxable","14":"purchasable","15":"product-type-simple"},"brands":[{"id":3222,"name":"Zatv\u00e1rac\u00ed n\u00f4\u017e Rike Knife Thor7-BO\/CF","slug":"zatvaraci-noz-rike-knife-thor7-bo-cf"}],"_links":{"self":[{"href":"https:\/\/www.moskito.cz\/sk\/wp-json\/wp\/v2\/product\/208990","targetHints":{"allow":["GET"]}}],"collection":[{"href":"https:\/\/www.moskito.cz\/sk\/wp-json\/wp\/v2\/product"}],"about":[{"href":"https:\/\/www.moskito.cz\/sk\/wp-json\/wp\/v2\/types\/product"}],"replies":[{"embeddable":true,"href":"https:\/\/www.moskito.cz\/sk\/wp-json\/wp\/v2\/comments?post=208990"}],"wp:featuredmedia":[{"embeddable":true,"href":"https:\/\/www.moskito.cz\/sk\/wp-json\/wp\/v2\/media\/208983"}],"wp:attachment":[{"href":"https:\/\/www.moskito.cz\/sk\/wp-json\/wp\/v2\/media?parent=208990"}],"wp:term":[{"taxonomy":"pwb-brand","embeddable":true,"href":"https:\/\/www.moskito.cz\/sk\/wp-json\/wp\/v2\/pwb-brand?post=208990"},{"taxonomy":"product_brand","embeddable":true,"href":"https:\/\/www.moskito.cz\/sk\/wp-json\/wp\/v2\/product_brand?post=208990"},{"taxonomy":"product_cat","embeddable":true,"href":"https:\/\/www.moskito.cz\/sk\/wp-json\/wp\/v2\/product_cat?post=208990"},{"taxonomy":"product_tag","embeddable":true,"href":"https:\/\/www.moskito.cz\/sk\/wp-json\/wp\/v2\/product_tag?post=208990"}],"curies":[{"name":"wp","href":"https:\/\/api.w.org\/{rel}","templated":true}]}}