{"id":209638,"date":"2019-02-02T17:02:51","date_gmt":"2019-02-02T16:02:51","guid":{"rendered":"https:\/\/www.moskito.cz\/produkt\/vystrelovaci-noz-microtech-ultratech-bayonet-120-1t\/"},"modified":"2025-07-11T07:48:06","modified_gmt":"2025-07-11T06:48:06","slug":"vystrelovaci-noz-microtech-ultratech-bayonet-120-1t","status":"publish","type":"product","link":"https:\/\/www.moskito.cz\/sk\/produkt\/vystrelovaci-noz-microtech-ultratech-bayonet-120-1t\/","title":{"rendered":"Vystre\u013eovac\u00ed N\u00f4\u017e Microtech Ultratech Bayonet 120-1T"},"content":{"rendered":"<p><span class=\"tlid-translation translation\"><span class=\"\" title=\"\">Vystre\u013eovac\u00ed N\u00f4\u017e <strong>Microtech Ultratech<\/strong> Bayonet 120-1T<\/span><\/span><\/p>\n<p><span class=\"tlid-translation translation\"><span class=\"\" title=\"\">Spredu vystre\u013eovac\u00ed n\u00f4\u017e model Bayonet OTF.<br \/>\n<\/span><\/span><\/p>\n<p><span class=\"tlid-translation translation\"><span class=\"\" title=\"\">Vystre\u013eovac\u00ed N\u00f4\u017e <strong>Microtech<\/strong> Ultratech Bayonet 120-1T je vybaven\u00fd \u010depe\u013eou \u010diernou bajonetovou \u010depe\u013eou s hladk\u00fdm britom.<\/span> <span title=\"\">Rukov\u00e4\u0165 je kont\u00farovan\u00e1, \u010dierno eloxovan\u00e1 hlin\u00edkov\u00e1 6061-T6 s \u010diernym zakon\u010den\u00edm, rozb\u00edja\u010dom skla a nerezov\u00fdm klipom.<\/span><\/span><\/p>\n<p><span class=\"\" title=\"\"><strong>Microtech<\/strong> vybavil t\u00fato verziu st\u00e1le popul\u00e1rneho Ultratech D\/A OTF hladk\u00fdm kont\u00farovan\u00fdm dizajnom rukov\u00e4te, ktor\u00fd zvy\u0161uje komfort pri pou\u017e\u00edvan\u00ed.<\/span> <span class=\"\" title=\"\">Tento aktualizovan\u00fd model poskytuje rovnak\u00e9 rozmery, hardv\u00e9r a trvanlivos\u0165 pon\u00fakan\u00e9 variantom &#8222;Tri-Grip&#8220;, ale ide jednoduch\u0161ie do ruky aj do vrecka.<\/span><\/p>\n<p><span title=\"\">Pre t\u00fdch, ktor\u00ed nie s\u00fa obozn\u00e1men\u00ed s technol\u00f3giou Ultratech, je to plne automatick\u00fd n\u00f4\u017e s dvojit\u00fdm ak\u010dn\u00fdm mechanizmom, ktor\u00fd znamen\u00e1, \u017ee pomocou palca sa \u010depe\u013e sklop\u00ed a taktie\u017e zasunie.<\/span> <span title=\"\">N\u00f4\u017e Ultratech spolo\u010dnosti <strong>Microtech<\/strong> nastavil latku pre v\u0161etky no\u017ee OTF.<\/span><\/p>\n<p><span class=\"tlid-translation translation\"><span title=\"\">Celkov\u00e1 d\u013a\u017eka: 20.9 cm<\/span><br \/>\n<span class=\"\" title=\"\">D\u013a\u017eka \u010depele: 8.42 cm<\/span><br \/>\n<span title=\"\">Rezn\u00e1 hrana: 7.8 cm<\/span><br \/>\n<span title=\"\">Hr\u00fabka \u010depele: 0,32 cm<\/span><br \/>\n<span title=\"\">Materi\u00e1l \u010depele: Elmax<\/span><br \/>\n<span title=\"\">\u0160t\u00fdl blade: Bayonet<\/span><br \/>\n<span class=\"\" title=\"\">Britov\u00e9 do\u0161ti\u010dky: Ploch\u00e9<\/span><br \/>\n<span title=\"\">Dokon\u010denie: \u010cierna<\/span><br \/>\n<span title=\"\">Typ okraja: oby\u010dajn\u00fd<\/span><br \/>\n<span title=\"\">D\u013a\u017eka rukov\u00e4te: 12.5 cm<\/span><br \/>\n<span title=\"\">Hr\u00fabka rukov\u00e4te: 1.17 cm<\/span><br \/>\n<span class=\"\" title=\"\">Materi\u00e1l rukov\u00e4te: hlin\u00edk<\/span><br \/>\n<span title=\"\">\u010cierna farba<\/span><br \/>\n<span class=\"\" title=\"\">Hmotnos\u0165: 3,37 oz.<\/span><br \/>\n<span title=\"\">U\u017e\u00edvate\u013e: Prav\u00e1 ruka<\/span><br \/>\n<span title=\"\">Pocket Clip: Tip-Down<\/span><br \/>\n<span title=\"\">Typ no\u017ea: Double-Action OTF Automatic<\/span><br \/>\n<span title=\"\">Otv\u00e1ra\u010d: Thumb Slide<\/span><br \/>\n<span title=\"\">Zna\u010dka: Microtech<\/span><br \/>\n<span title=\"\">Model: Ultratech<\/span><br \/>\n<span title=\"\">\u010c\u00edslo modelu: 121-1TCC<\/span><br \/>\n<span title=\"\">Krajina p\u00f4vodu: USA<\/span><br \/>\n<span title=\"\">Najlep\u0161ie pou\u017eitie: Ka\u017edodenn\u00e9<\/span><\/span><\/p>\n<p><iframe title=\"Microtech Combat Troodon Torture Test\" width=\"800\" height=\"450\" src=\"https:\/\/www.youtube.com\/embed\/xE9TeOFYEjg?feature=oembed\" frameborder=\"0\" allow=\"accelerometer; autoplay; clipboard-write; encrypted-media; gyroscope; picture-in-picture; web-share\" allowfullscreen><\/iframe><\/p>\n<p>&nbsp;<\/p>\n","protected":false},"excerpt":{"rendered":"<p>V priebehu rokov <strong>Microtech\u00ae Knives<\/strong> naplnil v\u00e1\u0161\u0148ou a zru\u010dnos\u0165ou v\u00fdrobu no\u017eov, a\u017e z nich vytvoril takmer umeleck\u00e9 diela, ktor\u00e9 s\u00fa vrcholom funk\u010dnosti. V\u0161etky diely s\u00fa vyroden\u00e9 v USA.<br \/>\n<strong>Na v\u0161etky no\u017ee Microtech je do\u017eivotn\u00e1 z\u00e1ruka.<\/strong><\/p>\n","protected":false},"featured_media":209346,"comment_status":"open","ping_status":"closed","template":"","meta":[],"pwb-brand":[3200],"product_brand":[],"product_cat":[3186,3197],"product_tag":[3668],"class_list":{"0":"post-209638","1":"product","2":"type-product","3":"status-publish","4":"has-post-thumbnail","6":"pwb-brand-microtech-sk","7":"product_cat-noze-sk","8":"product_cat-vystrelovacie-noze-sk","9":"product_tag-b2b-sk","11":"first","12":"instock","13":"taxable","14":"shipping-taxable","15":"purchasable","16":"product-type-simple"},"brands":[{"id":3200,"name":"Microtech","slug":"microtech-sk"}],"_links":{"self":[{"href":"https:\/\/www.moskito.cz\/sk\/wp-json\/wp\/v2\/product\/209638","targetHints":{"allow":["GET"]}}],"collection":[{"href":"https:\/\/www.moskito.cz\/sk\/wp-json\/wp\/v2\/product"}],"about":[{"href":"https:\/\/www.moskito.cz\/sk\/wp-json\/wp\/v2\/types\/product"}],"replies":[{"embeddable":true,"href":"https:\/\/www.moskito.cz\/sk\/wp-json\/wp\/v2\/comments?post=209638"}],"wp:featuredmedia":[{"embeddable":true,"href":"https:\/\/www.moskito.cz\/sk\/wp-json\/wp\/v2\/media\/209346"}],"wp:attachment":[{"href":"https:\/\/www.moskito.cz\/sk\/wp-json\/wp\/v2\/media?parent=209638"}],"wp:term":[{"taxonomy":"pwb-brand","embeddable":true,"href":"https:\/\/www.moskito.cz\/sk\/wp-json\/wp\/v2\/pwb-brand?post=209638"},{"taxonomy":"product_brand","embeddable":true,"href":"https:\/\/www.moskito.cz\/sk\/wp-json\/wp\/v2\/product_brand?post=209638"},{"taxonomy":"product_cat","embeddable":true,"href":"https:\/\/www.moskito.cz\/sk\/wp-json\/wp\/v2\/product_cat?post=209638"},{"taxonomy":"product_tag","embeddable":true,"href":"https:\/\/www.moskito.cz\/sk\/wp-json\/wp\/v2\/product_tag?post=209638"}],"curies":[{"name":"wp","href":"https:\/\/api.w.org\/{rel}","templated":true}]}}