{"id":210301,"date":"2022-01-05T22:13:45","date_gmt":"2022-01-05T21:13:45","guid":{"rendered":"https:\/\/www.moskito.cz\/produkt\/vrhacie-sekery-sog-throwing-hawks-3-pack-nylon-sheath\/"},"modified":"2025-05-07T10:37:01","modified_gmt":"2025-05-07T09:37:01","slug":"vrhacie-sekery-sog-throwing-hawks-3-pack-nylon-sheath","status":"publish","type":"product","link":"https:\/\/www.moskito.cz\/sk\/produkt\/vrhacie-sekery-sog-throwing-hawks-3-pack-nylon-sheath\/","title":{"rendered":"Vrhacie Sekery SOG THROWING HAWKS &#8211; 3 PACK, NYLON SHEATH"},"content":{"rendered":"<p>Pozdvihnite h\u00e1dzanie na cie\u013e na \u010fal\u0161iu \u00farove\u0148 so sadou Throwing Hawk, trojbalen\u00edm jednodielnych oce\u013eov\u00fdch jastrabov s rukov\u00e4\u0165ou omotanou paracordom navrhnut\u00fdch pre h\u00e1dzanie na cie\u013e. Vyzvite svojich priate\u013eov o nadvl\u00e1du na dvore. Tieto \u0161tylizovan\u00e9 vrhacie jastraby nie s\u00fa len z\u00e1bavn\u00e9 pri plavbe vzduchom, s\u00fa tie\u017e praktick\u00e9. S\u00fa chr\u00e1nen\u00e9 tvrd\u00fdm \u010diernym povlakom SOG a s\u00fa extr\u00e9mne odoln\u00e9 proti po\u0161kriabaniu. Ich vyv\u00e1\u017eenos\u0165, aerodynamika a proporcie z nich robia skvel\u00e9 vrhacie jastraby. Z rovnak\u00fdch d\u00f4vodov taktie\u017e vytv\u00e1raj\u00fa skvel\u00e9 z\u00e1lo\u017en\u00e9 ter\u00e9nne n\u00e1stroje. Rukov\u00e4te s\u00fa omotan\u00e9 paracordom alebo pou\u017eite bez neho a m\u00e1te tri tomahawky za cenu jedn\u00e9ho! Obsahuje nylonov\u00e9 puzdro, ktor\u00e9 bezpe\u010dne unesie v\u0161etky tri.<\/p>\n<p>Vrhacie Sekery <strong>SOG<\/strong> THROWING HAWKS &#8211; 3 PACK, NYLON SHEATH<\/p>\n<p>CELKOV\u00c1 D\u0139\u017dKA: 27 cm<br \/>\nHMOTNOS\u0164 PRODUKTU: 25,40 oz<br \/>\nD\u0139\u017dKA \u010cEPELA: 4.5 cm<br \/>\nTVRDOS\u0164: Rc. 50-56<br \/>\nOCE\u013dOV\u00dd TYP \u010cEPE\u013dA: 3Cr13MoV<br \/>\nMATERI\u00c1L RUKOV\u00c4TI: Nylon vystu\u017een\u00fd sklom<br \/>\nFARBA RUKOV\u00c4TI: \u010cierna<br \/>\nVR\u00c1TANE P\u00daZDRA: \u00c1no<br \/>\nFARBA PL\u00c1\u0160TE: \u010cierna<br \/>\nMATERI\u00c1L PL\u00c1\u0160TA: Balistick\u00fd nylon<\/p>\n","protected":false},"excerpt":{"rendered":"<p><strong>IDE\u00c1LNE PRE LOV A KEMPOVANIE<\/strong><\/p>\n<p>\u010ci u\u017e chr\u00e1nite ostatn\u00fdch alebo vediete epick\u00fa loveck\u00fa exped\u00edciu, rie\u0161ite jednu z ka\u017edodenn\u00fdch \u017eivotn\u00fdch v\u00fdziev alebo sa stret\u00e1vate so svojimi doteraz najextr\u00e9mnej\u0161\u00edmi podmienkami, urobte si cestu so <strong>SOG<\/strong> .<\/p>\n<p><strong>Na v\u0161etky no\u017ee SOG d\u00e1vame do\u017eivotn\u00fa z\u00e1ruku!<\/strong><\/p>\n","protected":false},"featured_media":210291,"comment_status":"open","ping_status":"closed","template":"","meta":[],"pwb-brand":[],"product_brand":[],"product_cat":[3190],"product_tag":[3668],"class_list":{"0":"post-210301","1":"product","2":"type-product","3":"status-publish","4":"has-post-thumbnail","6":"product_cat-sekery-sk","7":"product_tag-b2b-sk","9":"first","10":"outofstock","11":"taxable","12":"shipping-taxable","13":"purchasable","14":"product-type-simple"},"brands":[],"_links":{"self":[{"href":"https:\/\/www.moskito.cz\/sk\/wp-json\/wp\/v2\/product\/210301","targetHints":{"allow":["GET"]}}],"collection":[{"href":"https:\/\/www.moskito.cz\/sk\/wp-json\/wp\/v2\/product"}],"about":[{"href":"https:\/\/www.moskito.cz\/sk\/wp-json\/wp\/v2\/types\/product"}],"replies":[{"embeddable":true,"href":"https:\/\/www.moskito.cz\/sk\/wp-json\/wp\/v2\/comments?post=210301"}],"wp:featuredmedia":[{"embeddable":true,"href":"https:\/\/www.moskito.cz\/sk\/wp-json\/wp\/v2\/media\/210291"}],"wp:attachment":[{"href":"https:\/\/www.moskito.cz\/sk\/wp-json\/wp\/v2\/media?parent=210301"}],"wp:term":[{"taxonomy":"pwb-brand","embeddable":true,"href":"https:\/\/www.moskito.cz\/sk\/wp-json\/wp\/v2\/pwb-brand?post=210301"},{"taxonomy":"product_brand","embeddable":true,"href":"https:\/\/www.moskito.cz\/sk\/wp-json\/wp\/v2\/product_brand?post=210301"},{"taxonomy":"product_cat","embeddable":true,"href":"https:\/\/www.moskito.cz\/sk\/wp-json\/wp\/v2\/product_cat?post=210301"},{"taxonomy":"product_tag","embeddable":true,"href":"https:\/\/www.moskito.cz\/sk\/wp-json\/wp\/v2\/product_tag?post=210301"}],"curies":[{"name":"wp","href":"https:\/\/api.w.org\/{rel}","templated":true}]}}