{"id":210406,"date":"2022-01-07T21:23:31","date_gmt":"2022-01-07T20:23:31","guid":{"rendered":"https:\/\/www.moskito.cz\/produkt\/sekera-sog-camp-axe\/"},"modified":"2025-05-07T10:37:03","modified_gmt":"2025-05-07T09:37:03","slug":"sekera-sog-camp-axe","status":"publish","type":"product","link":"https:\/\/www.moskito.cz\/sk\/produkt\/sekera-sog-camp-axe\/","title":{"rendered":"Sekera SOG CAMP AXE"},"content":{"rendered":"<p>T\u00e1to kompaktn\u00e1 sekera navrhnut\u00e1 na tl\u010denie a kosenie je skvel\u00fdm outdoorov\u00fdm n\u00e1strojom. Jeho n\u00edzka hmotnos\u0165 a mal\u00e9 rozmery umo\u017e\u0148uj\u00fa jednoduch\u00fa prepravu a ulo\u017eenie. Majte ho po ruke ako r\u00fdchly a v\u0161estrann\u00fd n\u00e1stroj na zakladanie po\u017eiarov, upratovanie kempov a zat\u013akanie kolov do stanu. Bez toho \u010faleko necho\u010f.<\/p>\n<p>Sekera SOG CAMP AXE.<\/p>\n<p>CELKOV\u00c1 D\u0139\u017dKA: 29 cm<br \/>\nHMOTNOS\u0164 PRODUKTU: 16,10 oz<br \/>\nD\u0139\u017dKA \u010cEPE\u013dA: 8 cm<br \/>\nDOKON\u010cENIE: Sat\u00e9n<\/p>\n<p>TVRDOS\u0164: Rc. 51-52<br \/>\nOCE\u013dOV\u00dd TYP \u010cEPE\u013dA: Nerezov\u00e1 oce\u013e<br \/>\nMATERI\u00c1L RUKOV\u00c4TI: Nylon vystu\u017een\u00fd sklom<br \/>\nFARBA RUKOV\u00c4TI: \u010cierna<br \/>\nVR\u00c1TANE P\u00daZDRA: \u00c1no<br \/>\nFARBA PL\u00c1\u0160TE: \u010cierna<br \/>\nMATERI\u00c1L PL\u00c1\u0160TE: Nylon vystu\u017een\u00fd sklom<\/p>\n","protected":false},"excerpt":{"rendered":"<pre id=\"tw-target-text\" class=\"tw-data-text tw-text-large tw-ta\" dir=\"ltr\" data-placeholder=\"P\u0159eklad\"><span class=\"Y2IQFc\" lang=\"sk\"><strong>IDE\u00c1LNE PRE LOV A KEMPOVANIE<\/strong>\r\n\r\n\u010ci u\u017e chr\u00e1nite ostatn\u00fdch alebo vediete epick\u00fa loveck\u00fa exped\u00edciu, rie\u0161ite jednu z ka\u017edodenn\u00fdch \u017eivotn\u00fdch v\u00fdziev alebo sa stret\u00e1vate so svojimi doteraz najextr\u00e9mnej\u0161\u00edmi podmienkami, urobte si cestu so SOG.\r\n\r\nNa v\u0161etky no\u017ee SOG d\u00e1vame do\u017eivotn\u00fa z\u00e1ruku!<\/span><\/pre>\n","protected":false},"featured_media":210403,"comment_status":"open","ping_status":"closed","template":"","meta":[],"pwb-brand":[3231],"product_brand":[],"product_cat":[3190],"product_tag":[3668],"class_list":{"0":"post-210406","1":"product","2":"type-product","3":"status-publish","4":"has-post-thumbnail","6":"pwb-brand-pevny-noz-sog-snarl","7":"product_cat-sekery-sk","8":"product_tag-b2b-sk","10":"first","11":"outofstock","12":"sale","13":"taxable","14":"shipping-taxable","15":"purchasable","16":"product-type-simple"},"brands":[{"id":3231,"name":"Pevn\u00fd N\u00f4\u017e SOG SNARL","slug":"pevny-noz-sog-snarl"}],"_links":{"self":[{"href":"https:\/\/www.moskito.cz\/sk\/wp-json\/wp\/v2\/product\/210406","targetHints":{"allow":["GET"]}}],"collection":[{"href":"https:\/\/www.moskito.cz\/sk\/wp-json\/wp\/v2\/product"}],"about":[{"href":"https:\/\/www.moskito.cz\/sk\/wp-json\/wp\/v2\/types\/product"}],"replies":[{"embeddable":true,"href":"https:\/\/www.moskito.cz\/sk\/wp-json\/wp\/v2\/comments?post=210406"}],"wp:featuredmedia":[{"embeddable":true,"href":"https:\/\/www.moskito.cz\/sk\/wp-json\/wp\/v2\/media\/210403"}],"wp:attachment":[{"href":"https:\/\/www.moskito.cz\/sk\/wp-json\/wp\/v2\/media?parent=210406"}],"wp:term":[{"taxonomy":"pwb-brand","embeddable":true,"href":"https:\/\/www.moskito.cz\/sk\/wp-json\/wp\/v2\/pwb-brand?post=210406"},{"taxonomy":"product_brand","embeddable":true,"href":"https:\/\/www.moskito.cz\/sk\/wp-json\/wp\/v2\/product_brand?post=210406"},{"taxonomy":"product_cat","embeddable":true,"href":"https:\/\/www.moskito.cz\/sk\/wp-json\/wp\/v2\/product_cat?post=210406"},{"taxonomy":"product_tag","embeddable":true,"href":"https:\/\/www.moskito.cz\/sk\/wp-json\/wp\/v2\/product_tag?post=210406"}],"curies":[{"name":"wp","href":"https:\/\/api.w.org\/{rel}","templated":true}]}}