{"id":210421,"date":"2022-01-07T21:58:58","date_gmt":"2022-01-07T20:58:58","guid":{"rendered":"https:\/\/www.moskito.cz\/produkt\/sekera-sog-voodoo-hawk-mini-satin\/"},"modified":"2025-05-07T10:37:03","modified_gmt":"2025-05-07T09:37:03","slug":"sekera-sog-voodoo-hawk-mini-satin","status":"publish","type":"product","link":"https:\/\/www.moskito.cz\/sk\/produkt\/sekera-sog-voodoo-hawk-mini-satin\/","title":{"rendered":"Sekera SOG VOODOO HAWK MINI &#8211; SATIN"},"content":{"rendered":"<p>P\u00f4vodn\u00fd SOG Voodoo Hawk bol navrhnut\u00fd ako kombin\u00e1cia n\u00e1\u0161ho taktick\u00e9ho Tomahawku a FastHawku. Tento Voodoo Hawk Mini je men\u0161\u00ed a \u013eah\u0161\u00ed a pritom obsahuje rovnak\u00e9 komponenty; pred\u013a\u017een\u00e1 rezacia hlava, bodec pre piercing, kompaktn\u00e1 nylonov\u00e1 rukov\u00e4\u0165 vystu\u017een\u00e1 sklom a kovov\u00e1 hlavica. Voodoo Hawk Mini m\u00e1 v\u0161etko, \u010do m\u00e1 Voodoo Hawk, ale v men\u0161ej, kompaktnej podobe je skvel\u00e9 pre outdoorov\u00fdch cestovate\u013eov, ako s\u00fa bat\u00f4\u017ek\u00e1ri, turisti, lovci alebo vod\u00e1ci. Odoln\u00e1 nylonov\u00e1 rukov\u00e4\u0165 vystu\u017een\u00e1 sklom m\u00f4\u017ee znies\u0165 ranu a pritom zosta\u0165 pevn\u00e1. Skvel\u00fd n\u00e1stroj pre \u010doko\u013evek, \u010do na\u0148 m\u00f4\u017eete hodi\u0165. Obsahuje nylonov\u00e9 puzdro na pren\u00e1\u0161anie.<\/p>\n<p>Sekera <strong>SOG<\/strong> VOODOO HAWK MINI &#8211; SATIN<\/p>\n<p>CELKOV\u00c1 D\u0139\u017dKA: 31 cm<br \/>\nHMOTNOS\u0164 PRODUKTU: 23,10 oz<br \/>\nD\u0139\u017dKA \u010cEPELA: 7 cm<br \/>\nDOKON\u010cEN\u00cd: Sat\u00e9n<br \/>\nTVRDOS\u0164: Rc. 46-52<br \/>\nOCE\u013dOV\u00dd TYP \u010cEPE\u013dA: 3Cr13MoV<br \/>\nTYP OKRAJA: Rovn\u00fd<br \/>\nMATERI\u00c1L RUKOV\u00c4TI: Nylon vystu\u017een\u00fd sklom<br \/>\nFARBA RUKOV\u00c4TI: \u010cierna<br \/>\nVR\u00c1TANE P\u00daZDRA: \u00c1no<br \/>\nFARBA PL\u00c1\u0160TE: \u010cierna<br \/>\nMATERI\u00c1L PL\u00c1\u0160TA: Balistick\u00fd nylon<\/p>\n","protected":false},"excerpt":{"rendered":"<p><strong>IDE\u00c1LNE PRE LOV A KEMPOVANIE<\/strong><\/p>\n<p>\u010ci u\u017e chr\u00e1nite ostatn\u00fdch alebo vediete epick\u00fa loveck\u00fa exped\u00edciu, rie\u0161ite jednu z ka\u017edodenn\u00fdch \u017eivotn\u00fdch v\u00fdziev alebo sa stret\u00e1vate so svojimi doteraz najextr\u00e9mnej\u0161\u00edmi podmienkami, urobte si cestu so SOG.<\/p>\n<p><strong>Na v\u0161etky no\u017ee SOG d\u00e1vame do\u017eivotn\u00fa z\u00e1ruku!<\/strong><\/p>\n","protected":false},"featured_media":210411,"comment_status":"open","ping_status":"closed","template":"","meta":[],"pwb-brand":[3231],"product_brand":[],"product_cat":[3190],"product_tag":[3668],"class_list":{"0":"post-210421","1":"product","2":"type-product","3":"status-publish","4":"has-post-thumbnail","6":"pwb-brand-pevny-noz-sog-snarl","7":"product_cat-sekery-sk","8":"product_tag-b2b-sk","10":"first","11":"outofstock","12":"taxable","13":"shipping-taxable","14":"purchasable","15":"product-type-simple"},"brands":[{"id":3231,"name":"Pevn\u00fd N\u00f4\u017e SOG SNARL","slug":"pevny-noz-sog-snarl"}],"_links":{"self":[{"href":"https:\/\/www.moskito.cz\/sk\/wp-json\/wp\/v2\/product\/210421","targetHints":{"allow":["GET"]}}],"collection":[{"href":"https:\/\/www.moskito.cz\/sk\/wp-json\/wp\/v2\/product"}],"about":[{"href":"https:\/\/www.moskito.cz\/sk\/wp-json\/wp\/v2\/types\/product"}],"replies":[{"embeddable":true,"href":"https:\/\/www.moskito.cz\/sk\/wp-json\/wp\/v2\/comments?post=210421"}],"wp:featuredmedia":[{"embeddable":true,"href":"https:\/\/www.moskito.cz\/sk\/wp-json\/wp\/v2\/media\/210411"}],"wp:attachment":[{"href":"https:\/\/www.moskito.cz\/sk\/wp-json\/wp\/v2\/media?parent=210421"}],"wp:term":[{"taxonomy":"pwb-brand","embeddable":true,"href":"https:\/\/www.moskito.cz\/sk\/wp-json\/wp\/v2\/pwb-brand?post=210421"},{"taxonomy":"product_brand","embeddable":true,"href":"https:\/\/www.moskito.cz\/sk\/wp-json\/wp\/v2\/product_brand?post=210421"},{"taxonomy":"product_cat","embeddable":true,"href":"https:\/\/www.moskito.cz\/sk\/wp-json\/wp\/v2\/product_cat?post=210421"},{"taxonomy":"product_tag","embeddable":true,"href":"https:\/\/www.moskito.cz\/sk\/wp-json\/wp\/v2\/product_tag?post=210421"}],"curies":[{"name":"wp","href":"https:\/\/api.w.org\/{rel}","templated":true}]}}