{"id":210432,"date":"2022-01-08T07:03:59","date_gmt":"2022-01-08T06:03:59","guid":{"rendered":"https:\/\/www.moskito.cz\/produkt\/vystrelovaci-nuz-microtech-stitch-borka-blades-wharncliffe-stonewash-169-12\/"},"modified":"2025-05-07T10:37:04","modified_gmt":"2025-05-07T09:37:04","slug":"vystrelovaci-nuz-microtech-stitch-borka-blades-wharncliffe-stonewash-169-12","status":"publish","type":"product","link":"https:\/\/www.moskito.cz\/sk\/produkt\/vystrelovaci-nuz-microtech-stitch-borka-blades-wharncliffe-stonewash-169-12\/","title":{"rendered":"Vystre\u013eovac\u00ed N\u00f4\u017e Microtech Stitch Borka Blades WHARNCLIFFE STONEWASH 169-12"},"content":{"rendered":"<p>Vystre\u013eovac\u00ed N\u00f4\u017e <strong>Microtech<\/strong> Stitch Borka Blades WHARNCLIFFE STONEWASH 169-12<\/p>\n<p>Tento automatick\u00fd Stitch je kr\u00e1sna, taktick\u00e1 spolupr\u00e1ca medzi Tony <strong>Marfione<\/strong> a Sebastijanom Berenji, zn\u00e1mym tie\u017e ako Borka, \u00fa\u017easn\u00fd dizajn Sebastijan Stitch s \u00fa\u017easn\u00fdm automatick\u00fdm otv\u00e1rac\u00edm mechanizmom Tonyho, tvor\u00ed jednu z najlep\u0161\u00edch produk\u010dn\u00fdch spolupr\u00e1c roku 2017. \u010cepe\u013e 8.5 cm sa vyzna\u010duje ploch\u00fdm br\u00fasen\u00edm, apokalyptick\u00fdm povrchom. Rukov\u00e4\u0165 je z vysoko fr\u00e9zovan\u00e9ho hlin\u00edka s \u010diernym eloxovan\u00fdm povrchom Mil-Spec Hardcoat a hlin\u00edkov\u00fdm backspacerom. \u010cepe\u013e vystrel\u00ed ako raketa a pevne sa uzamkne, \u010do vzh\u013eadom na to, \u017ee sa jedn\u00e1 o AUTO, je p\u00f4sobiv\u00fd v\u00fdkon. Toto je dlho o\u010dak\u00e1van\u00fd v\u00fdrobn\u00fd model sl\u00e1vneho zvyku, tak\u017ee m\u00e1te \u0161ancu ma\u0165 n\u00f4\u017e Borka za zlomok ceny.<\/p>\n<p>Borka Design<br \/>\nHardv\u00e9r Torx<br \/>\nText\u00farovan\u00fd hlin\u00edkov\u00fd backspacer<br \/>\n\u0160pecifik\u00e1cia<br \/>\nD\u013a\u017eka \u010depele: 8,5 cm<br \/>\nD\u013a\u017eka rukov\u00e4te: 12.5 cm<br \/>\nCelkov\u00e1 d\u013a\u017eka: 21 cm<br \/>\nOce\u013e: M390<br \/>\n\u0160t\u00fdl \u010depele: Spear Point<br \/>\nBlade Grind: ploch\u00fd<br \/>\nPovrchov\u00e1 \u00faprava \u010depele: Stonewash<br \/>\nMateri\u00e1l rukov\u00e4te: mlet\u00fd hlin\u00edk, tvrd\u00fd povlak Mil-Spec, eloxovan\u00fd<br \/>\nMechanizmus zamykania: Tla\u010didlo<br \/>\nVreckov\u00e1 spona: nerezov\u00e1 oce\u013e (sklopn\u00e1, prav\u00e1)<br \/>\nHmotnos\u0165: 6,3 oz.<br \/>\nDizajn\u00e9ri: Sebastijan Berenji a Tony Marfione<br \/>\nVyroben\u00e9 v USA<\/p>\n<p><iframe title=\"Microtech Combat Troodon Torture Test\" width=\"800\" height=\"450\" src=\"https:\/\/www.youtube.com\/embed\/xE9TeOFYEjg?feature=oembed\" frameborder=\"0\" allow=\"accelerometer; autoplay; clipboard-write; encrypted-media; gyroscope; picture-in-picture; web-share\" allowfullscreen><\/iframe><\/p>\n","protected":false},"excerpt":{"rendered":"<p>V priebehu rokov <strong>Microtech\u00ae Knives<\/strong> naplnil v\u00e1\u0161\u0148ou a zru\u010dnos\u0165ou v\u00fdrobu no\u017eov, a\u017e z nich vytvoril takmer umeleck\u00e9 diela, ktor\u00e9 s\u00fa vrcholom funk\u010dnosti. V\u0161etky diely s\u00fa vyroben\u00e9 v USA.<br \/>\n<strong>Na v\u0161etky no\u017ee Microtech je do\u017eivotn\u00e1 z\u00e1ruka.<\/strong><\/p>\n<p><strong>Doprava zadarmo.<\/strong><\/p>\n","protected":false},"featured_media":210428,"comment_status":"open","ping_status":"closed","template":"","meta":[],"pwb-brand":[3200],"product_brand":[],"product_cat":[3186,3197],"product_tag":[3668],"class_list":{"0":"post-210432","1":"product","2":"type-product","3":"status-publish","4":"has-post-thumbnail","6":"pwb-brand-microtech-sk","7":"product_cat-noze-sk","8":"product_cat-vystrelovacie-noze-sk","9":"product_tag-b2b-sk","11":"first","12":"instock","13":"featured","14":"taxable","15":"shipping-taxable","16":"purchasable","17":"product-type-simple"},"brands":[{"id":3200,"name":"Microtech","slug":"microtech-sk"}],"_links":{"self":[{"href":"https:\/\/www.moskito.cz\/sk\/wp-json\/wp\/v2\/product\/210432","targetHints":{"allow":["GET"]}}],"collection":[{"href":"https:\/\/www.moskito.cz\/sk\/wp-json\/wp\/v2\/product"}],"about":[{"href":"https:\/\/www.moskito.cz\/sk\/wp-json\/wp\/v2\/types\/product"}],"replies":[{"embeddable":true,"href":"https:\/\/www.moskito.cz\/sk\/wp-json\/wp\/v2\/comments?post=210432"}],"wp:featuredmedia":[{"embeddable":true,"href":"https:\/\/www.moskito.cz\/sk\/wp-json\/wp\/v2\/media\/210428"}],"wp:attachment":[{"href":"https:\/\/www.moskito.cz\/sk\/wp-json\/wp\/v2\/media?parent=210432"}],"wp:term":[{"taxonomy":"pwb-brand","embeddable":true,"href":"https:\/\/www.moskito.cz\/sk\/wp-json\/wp\/v2\/pwb-brand?post=210432"},{"taxonomy":"product_brand","embeddable":true,"href":"https:\/\/www.moskito.cz\/sk\/wp-json\/wp\/v2\/product_brand?post=210432"},{"taxonomy":"product_cat","embeddable":true,"href":"https:\/\/www.moskito.cz\/sk\/wp-json\/wp\/v2\/product_cat?post=210432"},{"taxonomy":"product_tag","embeddable":true,"href":"https:\/\/www.moskito.cz\/sk\/wp-json\/wp\/v2\/product_tag?post=210432"}],"curies":[{"name":"wp","href":"https:\/\/api.w.org\/{rel}","templated":true}]}}