{"id":210781,"date":"2022-01-16T20:46:42","date_gmt":"2022-01-16T19:46:42","guid":{"rendered":"https:\/\/www.moskito.cz\/produkt\/vystrelovaci-noz-microtech-exocet-money-clip-apocalyptic-157-3obs\/"},"modified":"2025-05-07T10:37:13","modified_gmt":"2025-05-07T09:37:13","slug":"vystrelovaci-noz-microtech-exocet-money-clip-apocalyptic-157-3obs","status":"publish","type":"product","link":"https:\/\/www.moskito.cz\/sk\/produkt\/vystrelovaci-noz-microtech-exocet-money-clip-apocalyptic-157-3obs\/","title":{"rendered":"Vystre\u013eovac\u00ed N\u00f4\u017e Microtech Exocet Money Clip Apocalyptic 157-3OBS"},"content":{"rendered":"<p>Model Exocet m\u00e1 \u010depe\u013e v tvare d\u00fdky s eloxovanou hlin\u00edkovou rukov\u00e4\u0165ou.<\/p>\n<p>Exocet je robustn\u00fd automat Cali-Legal OTF od v\u00fdrobcu no\u017eov Microtech. N\u00f4\u017e m\u00e1 \u0161irok\u00fa \u010depe\u013e s dvojitou hranou a eloxovanou hlin\u00edkovou rukov\u00e4\u0165ou s palcovou poistkou. Z\u00edskajte v\u00fdkonn\u00fd Microtech v kompaktnom balen\u00ed Exocet. N\u00f4\u017e m\u00e1 ve\u013ek\u00fa \u0161irok\u00fa vreckov\u00fa sponu, tak\u017ee ju m\u00f4\u017eete ma\u0165 pripnut\u00fa vo vn\u00fatri vrecka alebo ju pou\u017ei\u0165 ako super cool sponu na peniaze. Pridajte tento v\u0161estrann\u00fd n\u00f4\u017e do svojej zbierky e\u0161te dnes!<\/p>\n<p>Vystre\u013eovac\u00ed N\u00f4\u017e Microtech Exocet Money Clip Apocalyptic 157-3OBS<\/p>\n<p>Hlin\u00edkov\u00e1 rukov\u00e4\u0165<br \/>\n\u010cepe\u013e z oce\u013eov\u00e9ho d\u00fdka CTS-204P.<br \/>\nOvl\u00e1danie jedn\u00fdm palcom<br \/>\nObojstrann\u00fd vreckov\u00fd klip, ktor\u00fd funguje ako klip na peniaze.<\/p>\n<p>D\u013a\u017eka \u010depele: 5 cm<br \/>\nCelkov\u00e1 d\u013a\u017eka no\u017ea: 13.5 cm<br \/>\nHr\u00fabka \u010depele: 0,15 cm<br \/>\nMateri\u00e1l \u010depele: CTS-204P<br \/>\n\u0160t\u00fdl \u010depele: D\u00fdka<\/p>\n","protected":false},"excerpt":{"rendered":"<p>V priebehu rokov <strong>Microtech\u00ae<\/strong> Knives naplnil v\u00e1\u0161\u0148ou a zru\u010dnos\u0165ou v\u00fdrobu no\u017eov, a\u017e z nich vytvoril takmer umeleck\u00e9 diela, ktor\u00e9 s\u00fa vrcholom funk\u010dnosti. Aj na\u010falej pos\u00fava hranice a vylep\u0161uje ich. V\u0161etky diely s\u00fa vyroden\u00e9 v USA.<br \/>\n<strong>Na v\u0161etky no\u017ee Microtech je do\u017eivotn\u00e1 z\u00e1ruka.<\/strong><\/p>\n<p><strong>Doprava zadarmo.<\/strong><\/p>\n","protected":false},"featured_media":210771,"comment_status":"open","ping_status":"closed","template":"","meta":[],"pwb-brand":[3200],"product_brand":[],"product_cat":[3186,3197],"product_tag":[3668],"class_list":{"0":"post-210781","1":"product","2":"type-product","3":"status-publish","4":"has-post-thumbnail","6":"pwb-brand-microtech-sk","7":"product_cat-noze-sk","8":"product_cat-vystrelovacie-noze-sk","9":"product_tag-b2b-sk","11":"first","12":"outofstock","13":"taxable","14":"shipping-taxable","15":"purchasable","16":"product-type-simple"},"brands":[{"id":3200,"name":"Microtech","slug":"microtech-sk"}],"_links":{"self":[{"href":"https:\/\/www.moskito.cz\/sk\/wp-json\/wp\/v2\/product\/210781","targetHints":{"allow":["GET"]}}],"collection":[{"href":"https:\/\/www.moskito.cz\/sk\/wp-json\/wp\/v2\/product"}],"about":[{"href":"https:\/\/www.moskito.cz\/sk\/wp-json\/wp\/v2\/types\/product"}],"replies":[{"embeddable":true,"href":"https:\/\/www.moskito.cz\/sk\/wp-json\/wp\/v2\/comments?post=210781"}],"wp:featuredmedia":[{"embeddable":true,"href":"https:\/\/www.moskito.cz\/sk\/wp-json\/wp\/v2\/media\/210771"}],"wp:attachment":[{"href":"https:\/\/www.moskito.cz\/sk\/wp-json\/wp\/v2\/media?parent=210781"}],"wp:term":[{"taxonomy":"pwb-brand","embeddable":true,"href":"https:\/\/www.moskito.cz\/sk\/wp-json\/wp\/v2\/pwb-brand?post=210781"},{"taxonomy":"product_brand","embeddable":true,"href":"https:\/\/www.moskito.cz\/sk\/wp-json\/wp\/v2\/product_brand?post=210781"},{"taxonomy":"product_cat","embeddable":true,"href":"https:\/\/www.moskito.cz\/sk\/wp-json\/wp\/v2\/product_cat?post=210781"},{"taxonomy":"product_tag","embeddable":true,"href":"https:\/\/www.moskito.cz\/sk\/wp-json\/wp\/v2\/product_tag?post=210781"}],"curies":[{"name":"wp","href":"https:\/\/api.w.org\/{rel}","templated":true}]}}